{"id":3376,"date":"2022-01-21T10:52:55","date_gmt":"2022-01-21T09:52:55","guid":{"rendered":"https:\/\/igfgas1stg.wpenginepowered.com\/gasklockor\/"},"modified":"2024-09-16T15:19:32","modified_gmt":"2024-09-16T13:19:32","slug":"gasbells","status":"publish","type":"page","link":"https:\/\/igfgas.se\/en\/products\/gasbells\/","title":{"rendered":"Gasholders"},"content":{"rendered":"<p>[et_pb_section fb_built=&#8221;1&#8243; module_class=&#8221;pa-custom-background-mask&#8221; _builder_version=&#8221;4.24.2&#8243; _module_preset=&#8221;default&#8221; background_image=&#8221;https:\/\/igfgas.se\/wp-content\/uploads\/2024\/03\/hero_gasglocka.jpg&#8221; background_enable_mask_style=&#8221;on&#8221; global_colors_info=&#8221;{}&#8221;][et_pb_row column_structure=&#8221;2_3,1_3&#8243; _builder_version=&#8221;4.24.2&#8243; _module_preset=&#8221;default&#8221; global_colors_info=&#8221;{}&#8221;][et_pb_column type=&#8221;2_3&#8243; _builder_version=&#8221;4.24.2&#8243; _module_preset=&#8221;default&#8221; global_colors_info=&#8221;{}&#8221;][et_pb_text _builder_version=&#8221;4.24.2&#8243; _module_preset=&#8221;default&#8221; background_layout=&#8221;dark&#8221; global_colors_info=&#8221;{}&#8221;]<\/p>\n<h1>Secure Storage with our Gasholders<\/h1>\n<p>For food producers, biogas represents not only a path towards more sustainable production but also an opportunity to streamline waste management and create economic value from byproducts. IGF Biogas offers expertise and solutions to facilitate the transition to biogas production, tailored to the specific needs of the food industry.<\/p>\n<p>[\/et_pb_text][\/et_pb_column][et_pb_column type=&#8221;1_3&#8243; _builder_version=&#8221;4.24.2&#8243; _module_preset=&#8221;default&#8221; z_index=&#8221;1&#8243; sticky_position=&#8221;top&#8221; sticky_position_tablet=&#8221;top&#8221; sticky_position_phone=&#8221;none&#8221; sticky_position_last_edited=&#8221;on|phone&#8221; global_colors_info=&#8221;{}&#8221;][et_pb_team_member name=&#8221;Magnus Cedfalck&#8221; position=&#8221;Selling Products&#8221; image_url=&#8221;https:\/\/igfgas.se\/wp-content\/uploads\/2024\/04\/magnus-cedfalck.jpg&#8221; admin_label=&#8221;CTA &#8211; Magnus Cedfalck&#8221; module_class=&#8221;kontaktperson&#8221; _builder_version=&#8221;4.25.0&#8243; _module_preset=&#8221;default&#8221; header_text_color=&#8221;#FFFFFF&#8221; header_font_size=&#8221;30px&#8221; body_text_color=&#8221;#FFFFFF&#8221; position_text_align=&#8221;center&#8221; position_text_color=&#8221;#FFFFFF&#8221; background_enable_color=&#8221;off&#8221; vertical_offset=&#8221;100px&#8221; horizontal_offset=&#8221;10%&#8221; text_orientation=&#8221;center&#8221; custom_padding=&#8221;20px|20px|20px|20px|false|false&#8221; global_module=&#8221;3665&#8243; saved_tabs=&#8221;all&#8221; locked=&#8221;off&#8221; global_colors_info=&#8221;{}&#8221;]<\/p>\n<p><img decoding=\"async\" src=\"https:\/\/igfgas.se\/wp-content\/uploads\/2024\/03\/phone.svg\" width=\"15\" \/> +46 (0)13-991 32 15<br \/>\n<img decoding=\"async\" src=\"https:\/\/igfgas.se\/wp-content\/uploads\/2024\/03\/mail.svg\" width=\"15\" \/> <a href=\"mailto:magnus.cedfalck@igfgas.se\">magnus.cedfalck@igfgas.se<\/a><\/p>\n<p>[\/et_pb_team_member][\/et_pb_column][\/et_pb_row][\/et_pb_section][et_pb_section fb_built=&#8221;1&#8243; admin_label=&#8221;section&#8221; _builder_version=&#8221;4.16&#8243; global_colors_info=&#8221;{}&#8221;][et_pb_row column_structure=&#8221;2_3,1_3&#8243; admin_label=&#8221;row&#8221; _builder_version=&#8221;4.16&#8243; background_size=&#8221;initial&#8221; background_position=&#8221;top_left&#8221; background_repeat=&#8221;repeat&#8221; global_colors_info=&#8221;{}&#8221;][et_pb_column type=&#8221;2_3&#8243; _builder_version=&#8221;4.16&#8243; custom_padding=&#8221;|||&#8221; global_colors_info=&#8221;{}&#8221; custom_padding__hover=&#8221;|||&#8221;][et_pb_text admin_label=&#8221;Text&#8221; _builder_version=&#8221;4.24.2&#8243; background_size=&#8221;initial&#8221; background_position=&#8221;top_left&#8221; background_repeat=&#8221;repeat&#8221; global_colors_info=&#8221;{}&#8221;]<\/p>\n<h2>Wide Range for Every Need<\/h2>\n<p>Our expertise and extensive experience in both supplying new gas holders and renovating existing systems make us a reliable partner for all types of biogas plants. Whether you need a robust steel cylinder for an industrial biogas facility, a flexible balloon for temporary storage, or a custom solution that complements your facility&#8217;s aesthetics, we can provide a solution that fits your specific needs.<\/p>\n<h2>Complete Solutions from the Expert<\/h2>\n<p>Every gasholder we deliver is designed to offer the highest possible safety, efficiency, and durability. We understand the importance of reliable gas storage in the biogas process and therefore strive to ensure that our products exceed your expectations. Our commitment extends beyond just delivery; we offer full support through installation, commissioning, and, if necessary, future maintenance and renovations to ensure that your investment is sustainable in the long term.<\/p>\n<h2>Experience That Makes a Difference<\/h2>\n<p>With decades of experience in the biogas industry, IGF Biogas has developed a deep understanding of the challenges and opportunities in efficient gas storage. This knowledge forms the basis of our ability to offer tailored and flexible solutions.<\/p>\n<p>[\/et_pb_text][\/et_pb_column][et_pb_column type=&#8221;1_3&#8243; _builder_version=&#8221;4.16&#8243; custom_padding=&#8221;|||&#8221; global_colors_info=&#8221;{}&#8221; custom_padding__hover=&#8221;|||&#8221;][\/et_pb_column][\/et_pb_row][\/et_pb_section][et_pb_section fb_built=&#8221;1&#8243; _builder_version=&#8221;4.24.2&#8243; _module_preset=&#8221;default&#8221; background_color=&#8221;#efefef&#8221; background_image=&#8221;https:\/\/igfgas.se\/wp-content\/uploads\/2024\/03\/dekorelement-color-1.svg&#8221; background_size=&#8221;contain&#8221; background_position=&#8221;center_left&#8221; z_index=&#8221;2&#8243; global_colors_info=&#8221;{}&#8221;][et_pb_row column_structure=&#8221;1_3,1_3,1_3&#8243; _builder_version=&#8221;4.24.2&#8243; _module_preset=&#8221;default&#8221; global_colors_info=&#8221;{}&#8221;][et_pb_column type=&#8221;1_3&#8243; _builder_version=&#8221;4.24.2&#8243; _module_preset=&#8221;default&#8221; global_colors_info=&#8221;{}&#8221;][et_pb_image src=&#8221;https:\/\/igfgas.se\/wp-content\/uploads\/2024\/03\/gasklocka_01.jpg&#8221; title_text=&#8221;gasklocka_01&#8243; _builder_version=&#8221;4.24.2&#8243; _module_preset=&#8221;default&#8221; global_colors_info=&#8221;{}&#8221;][\/et_pb_image][\/et_pb_column][et_pb_column type=&#8221;1_3&#8243; _builder_version=&#8221;4.24.2&#8243; _module_preset=&#8221;default&#8221; global_colors_info=&#8221;{}&#8221;][et_pb_image src=&#8221;https:\/\/igfgas.se\/wp-content\/uploads\/2024\/03\/gasklocka_02.jpg&#8221; title_text=&#8221;gasklocka_02&#8243; _builder_version=&#8221;4.24.2&#8243; _module_preset=&#8221;default&#8221; global_colors_info=&#8221;{}&#8221;][\/et_pb_image][\/et_pb_column][et_pb_column type=&#8221;1_3&#8243; _builder_version=&#8221;4.24.2&#8243; _module_preset=&#8221;default&#8221; global_colors_info=&#8221;{}&#8221;][et_pb_image src=&#8221;https:\/\/igfgas.se\/wp-content\/uploads\/2024\/03\/gasklocka_03.jpg&#8221; title_text=&#8221;gasklocka_03&#8243; _builder_version=&#8221;4.24.2&#8243; _module_preset=&#8221;default&#8221; global_colors_info=&#8221;{}&#8221;][\/et_pb_image][\/et_pb_column][\/et_pb_row][et_pb_row _builder_version=&#8221;4.24.2&#8243; _module_preset=&#8221;default&#8221; global_colors_info=&#8221;{}&#8221;][et_pb_column type=&#8221;4_4&#8243; _builder_version=&#8221;4.24.2&#8243; _module_preset=&#8221;default&#8221; global_colors_info=&#8221;{}&#8221;][et_pb_image src=&#8221;https:\/\/igfgas.se\/wp-content\/uploads\/2022\/01\/Eisenbrau-Heilbronn.jpg&#8221; title_text=&#8221;Eisenbrau-Heilbronn&#8221; align=&#8221;center&#8221; _builder_version=&#8221;4.24.2&#8243; _module_preset=&#8221;default&#8221; width=&#8221;25%&#8221; global_colors_info=&#8221;{}&#8221;][\/et_pb_image][\/et_pb_column][\/et_pb_row][\/et_pb_section]<\/p>\n","protected":false},"excerpt":{"rendered":"<p>Secure Storage with our Gasholders For food producers, biogas represents not only a path towards more sustainable production but also an opportunity to streamline waste management and create economic value from byproducts. IGF Biogas offers expertise and solutions to facilitate the transition to biogas production, tailored to the specific needs of the food industry. +46 [&hellip;]<\/p>\n","protected":false},"author":8,"featured_media":3319,"parent":3418,"menu_order":0,"comment_status":"closed","ping_status":"closed","template":"","meta":{"_acf_changed":false,"_et_pb_use_builder":"on","_et_pb_old_content":"<section id=\"\" class=\"fw-main-row  \">\r\n\t<div class=\"fw-container\">\r\n\t\t<div class=\"fw-row\">\r\n\t<div class=\"fw-col-xs-12 fw-col-sm-8\">\r\n\t<h2>Brett utbud av gasklockor<\/h2><p>Vi har ett brett utbud av gasklockor fr\u00e5n tv\u00e5 olika leverant\u00f6rer i olika utformningar. Klockorna levereras som kompletta st\u00e5lcylindrar, ballonger eller byggda hus och kan komma i storlekarna 10-1000 m3.<\/p><p>D\u00e5 vi har en l\u00e5ng erfarenhet att leverera nya klockor och renovera redan befintliga klockor kan vi som leverant\u00f6r ge er en komplett l\u00f6sning som \u00e4r anpassat just f\u00f6r era behov och utformning av klockan.<\/p><p><a href=\"https:\/\/www.eisenbau-heilbronn.de\/\"><img class=\"alignnone size-medium wp-image-92\" src=\"https:\/\/igfgas.se\/wp-content\/uploads\/2022\/01\/Eisenbrau-Heilbronn-300x81.jpg\" alt=\"\" width=\"300\" height=\"81\" \/><\/a><\/p><\/div>\r\n<div class=\"fw-col-xs-12 fw-col-sm-4\">\r\n\t<img src=\"\/\/igfgas.se\/wp-content\/uploads\/2023\/02\/square-gasklocka.jpg\" alt=\"\/\/igfgas.se\/wp-content\/uploads\/2023\/02\/square-gasklocka.jpg\" \/><\/div>\r\n<\/div>\r\n\r\n\t<\/div>\r\n<\/section>\r\n<section id=\"\" class=\"fw-main-row blue \">\r\n\t<div class=\"fw-container\">\r\n\t\t<div class=\"fw-row\">\r\n\t<div class=\"fw-col-xs-12 fw-col-sm-3\">\r\n\t<img src=\"\/\/igfgas.se\/wp-content\/uploads\/2022\/04\/03_Installation-vor-Ort_1-optimized.jpg\" alt=\"Gasklockor Sverige.\" \/><\/div>\r\n<div class=\"fw-col-xs-12 fw-col-sm-3\">\r\n\t<img src=\"\/\/igfgas.se\/wp-content\/uploads\/2022\/01\/01_Fertigung_2.jpg\" alt=\"\/\/igfgas.se\/wp-content\/uploads\/2022\/01\/01_Fertigung_2.jpg\" \/><\/div>\r\n<div class=\"fw-col-xs-12 fw-col-sm-3\">\r\n\t<img src=\"\/\/igfgas.se\/wp-content\/uploads\/2022\/01\/01_Fertigung_3.jpg\" alt=\"\/\/igfgas.se\/wp-content\/uploads\/2022\/01\/01_Fertigung_3.jpg\" \/><\/div>\r\n<div class=\"fw-col-xs-12 fw-col-sm-3\">\r\n\t<img src=\"\/\/igfgas.se\/wp-content\/uploads\/2022\/01\/IMG_1486.jpg\" alt=\"\/\/igfgas.se\/wp-content\/uploads\/2022\/01\/IMG_1486.jpg\" \/><\/div>\r\n<\/div>\r\n\r\n\t<\/div>\r\n<\/section>\r\n\r\n\r\n<!-- 00091f123aaf7a0dad2572b74ca5383a -->","_et_gb_content_width":"","inline_featured_image":false,"footnotes":""},"class_list":["post-3376","page","type-page","status-publish","has-post-thumbnail","hentry"],"acf":[],"yoast_head":"<!-- This site is optimized with the Yoast SEO plugin v27.3 - https:\/\/yoast.com\/product\/yoast-seo-wordpress\/ -->\n<title>Efficient Gas Locks for Biogas Storage \u2013 IGF Biogas<\/title>\n<meta name=\"description\" content=\"Gas locks of the highest quality for safe and efficient storage of biogas.\" \/>\n<meta name=\"robots\" content=\"index, follow, max-snippet:-1, max-image-preview:large, max-video-preview:-1\" \/>\n<link rel=\"canonical\" href=\"https:\/\/igfgas.se\/en\/products\/gasbells\/\" \/>\n<meta property=\"og:locale\" content=\"en_US\" \/>\n<meta property=\"og:type\" content=\"article\" \/>\n<meta property=\"og:title\" content=\"Efficient Gas Locks for Biogas Storage \u2013 IGF Biogas\" \/>\n<meta property=\"og:description\" content=\"Gas locks of the highest quality for safe and efficient storage of biogas.\" \/>\n<meta property=\"og:url\" content=\"https:\/\/igfgas.se\/en\/products\/gasbells\/\" \/>\n<meta property=\"og:site_name\" content=\"IGF Biogas\" \/>\n<meta property=\"article:modified_time\" content=\"2024-09-16T13:19:32+00:00\" \/>\n<meta property=\"og:image\" content=\"https:\/\/igfgas.se\/wp-content\/uploads\/2024\/03\/hero_gasglocka.jpg\" \/>\n\t<meta property=\"og:image:width\" content=\"1400\" \/>\n\t<meta property=\"og:image:height\" content=\"797\" \/>\n\t<meta property=\"og:image:type\" content=\"image\/jpeg\" \/>\n<meta name=\"twitter:card\" content=\"summary_large_image\" \/>\n<meta name=\"twitter:label1\" content=\"Est. reading time\" \/>\n\t<meta name=\"twitter:data1\" content=\"4 minutes\" \/>\n<script type=\"application\/ld+json\" class=\"yoast-schema-graph\">{\"@context\":\"https:\\\/\\\/schema.org\",\"@graph\":[{\"@type\":\"WebPage\",\"@id\":\"https:\\\/\\\/igfgas.se\\\/en\\\/products\\\/gasbells\\\/\",\"url\":\"https:\\\/\\\/igfgas.se\\\/en\\\/products\\\/gasbells\\\/\",\"name\":\"Efficient Gas Locks for Biogas Storage \u2013 IGF Biogas\",\"isPartOf\":{\"@id\":\"https:\\\/\\\/igfgas.se\\\/en\\\/#website\"},\"primaryImageOfPage\":{\"@id\":\"https:\\\/\\\/igfgas.se\\\/en\\\/products\\\/gasbells\\\/#primaryimage\"},\"image\":{\"@id\":\"https:\\\/\\\/igfgas.se\\\/en\\\/products\\\/gasbells\\\/#primaryimage\"},\"thumbnailUrl\":\"https:\\\/\\\/igfgas.se\\\/wp-content\\\/uploads\\\/2024\\\/03\\\/hero_gasglocka.jpg\",\"datePublished\":\"2022-01-21T09:52:55+00:00\",\"dateModified\":\"2024-09-16T13:19:32+00:00\",\"description\":\"Gas locks of the highest quality for safe and efficient storage of biogas.\",\"breadcrumb\":{\"@id\":\"https:\\\/\\\/igfgas.se\\\/en\\\/products\\\/gasbells\\\/#breadcrumb\"},\"inLanguage\":\"en-US\",\"potentialAction\":[{\"@type\":\"ReadAction\",\"target\":[\"https:\\\/\\\/igfgas.se\\\/en\\\/products\\\/gasbells\\\/\"]}]},{\"@type\":\"ImageObject\",\"inLanguage\":\"en-US\",\"@id\":\"https:\\\/\\\/igfgas.se\\\/en\\\/products\\\/gasbells\\\/#primaryimage\",\"url\":\"https:\\\/\\\/igfgas.se\\\/wp-content\\\/uploads\\\/2024\\\/03\\\/hero_gasglocka.jpg\",\"contentUrl\":\"https:\\\/\\\/igfgas.se\\\/wp-content\\\/uploads\\\/2024\\\/03\\\/hero_gasglocka.jpg\",\"width\":1400,\"height\":797},{\"@type\":\"BreadcrumbList\",\"@id\":\"https:\\\/\\\/igfgas.se\\\/en\\\/products\\\/gasbells\\\/#breadcrumb\",\"itemListElement\":[{\"@type\":\"ListItem\",\"position\":1,\"name\":\"Hem\",\"item\":\"https:\\\/\\\/igfgas.se\\\/en\\\/\"},{\"@type\":\"ListItem\",\"position\":2,\"name\":\"Biogas products\",\"item\":\"https:\\\/\\\/igfgas.se\\\/en\\\/products\\\/\"},{\"@type\":\"ListItem\",\"position\":3,\"name\":\"Gasholders\"}]},{\"@type\":\"WebSite\",\"@id\":\"https:\\\/\\\/igfgas.se\\\/en\\\/#website\",\"url\":\"https:\\\/\\\/igfgas.se\\\/en\\\/\",\"name\":\"IGF Biogas\",\"description\":\"Ledande inom biogasteknik sedan 1930\",\"potentialAction\":[{\"@type\":\"SearchAction\",\"target\":{\"@type\":\"EntryPoint\",\"urlTemplate\":\"https:\\\/\\\/igfgas.se\\\/en\\\/?s={search_term_string}\"},\"query-input\":{\"@type\":\"PropertyValueSpecification\",\"valueRequired\":true,\"valueName\":\"search_term_string\"}}],\"inLanguage\":\"en-US\"}]}<\/script>\n<!-- \/ Yoast SEO plugin. -->","yoast_head_json":{"title":"Efficient Gas Locks for Biogas Storage \u2013 IGF Biogas","description":"Gas locks of the highest quality for safe and efficient storage of biogas.","robots":{"index":"index","follow":"follow","max-snippet":"max-snippet:-1","max-image-preview":"max-image-preview:large","max-video-preview":"max-video-preview:-1"},"canonical":"https:\/\/igfgas.se\/en\/products\/gasbells\/","og_locale":"en_US","og_type":"article","og_title":"Efficient Gas Locks for Biogas Storage \u2013 IGF Biogas","og_description":"Gas locks of the highest quality for safe and efficient storage of biogas.","og_url":"https:\/\/igfgas.se\/en\/products\/gasbells\/","og_site_name":"IGF Biogas","article_modified_time":"2024-09-16T13:19:32+00:00","og_image":[{"width":1400,"height":797,"url":"https:\/\/igfgas.se\/wp-content\/uploads\/2024\/03\/hero_gasglocka.jpg","type":"image\/jpeg"}],"twitter_card":"summary_large_image","twitter_misc":{"Est. reading time":"4 minutes"},"schema":{"@context":"https:\/\/schema.org","@graph":[{"@type":"WebPage","@id":"https:\/\/igfgas.se\/en\/products\/gasbells\/","url":"https:\/\/igfgas.se\/en\/products\/gasbells\/","name":"Efficient Gas Locks for Biogas Storage \u2013 IGF Biogas","isPartOf":{"@id":"https:\/\/igfgas.se\/en\/#website"},"primaryImageOfPage":{"@id":"https:\/\/igfgas.se\/en\/products\/gasbells\/#primaryimage"},"image":{"@id":"https:\/\/igfgas.se\/en\/products\/gasbells\/#primaryimage"},"thumbnailUrl":"https:\/\/igfgas.se\/wp-content\/uploads\/2024\/03\/hero_gasglocka.jpg","datePublished":"2022-01-21T09:52:55+00:00","dateModified":"2024-09-16T13:19:32+00:00","description":"Gas locks of the highest quality for safe and efficient storage of biogas.","breadcrumb":{"@id":"https:\/\/igfgas.se\/en\/products\/gasbells\/#breadcrumb"},"inLanguage":"en-US","potentialAction":[{"@type":"ReadAction","target":["https:\/\/igfgas.se\/en\/products\/gasbells\/"]}]},{"@type":"ImageObject","inLanguage":"en-US","@id":"https:\/\/igfgas.se\/en\/products\/gasbells\/#primaryimage","url":"https:\/\/igfgas.se\/wp-content\/uploads\/2024\/03\/hero_gasglocka.jpg","contentUrl":"https:\/\/igfgas.se\/wp-content\/uploads\/2024\/03\/hero_gasglocka.jpg","width":1400,"height":797},{"@type":"BreadcrumbList","@id":"https:\/\/igfgas.se\/en\/products\/gasbells\/#breadcrumb","itemListElement":[{"@type":"ListItem","position":1,"name":"Hem","item":"https:\/\/igfgas.se\/en\/"},{"@type":"ListItem","position":2,"name":"Biogas products","item":"https:\/\/igfgas.se\/en\/products\/"},{"@type":"ListItem","position":3,"name":"Gasholders"}]},{"@type":"WebSite","@id":"https:\/\/igfgas.se\/en\/#website","url":"https:\/\/igfgas.se\/en\/","name":"IGF Biogas","description":"Ledande inom biogasteknik sedan 1930","potentialAction":[{"@type":"SearchAction","target":{"@type":"EntryPoint","urlTemplate":"https:\/\/igfgas.se\/en\/?s={search_term_string}"},"query-input":{"@type":"PropertyValueSpecification","valueRequired":true,"valueName":"search_term_string"}}],"inLanguage":"en-US"}]}},"_links":{"self":[{"href":"https:\/\/igfgas.se\/en\/wp-json\/wp\/v2\/pages\/3376","targetHints":{"allow":["GET"]}}],"collection":[{"href":"https:\/\/igfgas.se\/en\/wp-json\/wp\/v2\/pages"}],"about":[{"href":"https:\/\/igfgas.se\/en\/wp-json\/wp\/v2\/types\/page"}],"author":[{"embeddable":true,"href":"https:\/\/igfgas.se\/en\/wp-json\/wp\/v2\/users\/8"}],"replies":[{"embeddable":true,"href":"https:\/\/igfgas.se\/en\/wp-json\/wp\/v2\/comments?post=3376"}],"version-history":[{"count":0,"href":"https:\/\/igfgas.se\/en\/wp-json\/wp\/v2\/pages\/3376\/revisions"}],"up":[{"embeddable":true,"href":"https:\/\/igfgas.se\/en\/wp-json\/wp\/v2\/pages\/3418"}],"wp:featuredmedia":[{"embeddable":true,"href":"https:\/\/igfgas.se\/en\/wp-json\/wp\/v2\/media\/3319"}],"wp:attachment":[{"href":"https:\/\/igfgas.se\/en\/wp-json\/wp\/v2\/media?parent=3376"}],"curies":[{"name":"wp","href":"https:\/\/api.w.org\/{rel}","templated":true}]}}