{"id":3378,"date":"2022-01-21T10:55:31","date_gmt":"2022-01-21T09:55:31","guid":{"rendered":"https:\/\/igfgas1stg.wpenginepowered.com\/gasfacklor\/"},"modified":"2024-09-16T15:19:48","modified_gmt":"2024-09-16T13:19:48","slug":"gasflares","status":"publish","type":"page","link":"https:\/\/igfgas.se\/en\/products\/gasflares\/","title":{"rendered":"Gas Flares"},"content":{"rendered":"<p>[et_pb_section fb_built=&#8221;1&#8243; module_class=&#8221;pa-custom-background-mask&#8221; _builder_version=&#8221;4.24.2&#8243; _module_preset=&#8221;default&#8221; background_enable_image=&#8221;off&#8221; background_video_mp4=&#8221;https:\/\/igfgas.se\/wp-content\/uploads\/2022\/01\/IGF-Gasprodukter-Fackla-4-320-150.mp4&#8243; background_enable_mask_style=&#8221;on&#8221; global_colors_info=&#8221;{}&#8221;][et_pb_row column_structure=&#8221;2_3,1_3&#8243; _builder_version=&#8221;4.24.2&#8243; _module_preset=&#8221;default&#8221; global_colors_info=&#8221;{}&#8221;][et_pb_column type=&#8221;2_3&#8243; _builder_version=&#8221;4.24.2&#8243; _module_preset=&#8221;default&#8221; global_colors_info=&#8221;{}&#8221;][et_pb_text _builder_version=&#8221;4.24.2&#8243; _module_preset=&#8221;default&#8221; background_layout=&#8221;dark&#8221; global_colors_info=&#8221;{}&#8221;]<\/p>\n<h1>Gas Flares for Optimal Safety<\/h1>\n<p>At IGF Biogas, we take pride in offering a wide range of custom-made gas flares designed to meet various needs and specifications. Our gas flares are the result of decades of development and innovation, tailored to effectively handle excess gas in a safe and controlled manner. From simple pole-mounted flares to advanced high-temperature flares, we have the solution for your biogas plant.[\/et_pb_text][\/et_pb_column][et_pb_column type=&#8221;1_3&#8243; _builder_version=&#8221;4.24.2&#8243; _module_preset=&#8221;default&#8221; z_index=&#8221;1&#8243; sticky_position=&#8221;top&#8221; sticky_position_tablet=&#8221;top&#8221; sticky_position_phone=&#8221;none&#8221; sticky_position_last_edited=&#8221;on|phone&#8221; global_colors_info=&#8221;{}&#8221;][et_pb_team_member name=&#8221;Magnus Cedfalck&#8221; position=&#8221;Selling Products&#8221; image_url=&#8221;https:\/\/igfgas.se\/wp-content\/uploads\/2024\/04\/magnus-cedfalck.jpg&#8221; admin_label=&#8221;CTA &#8211; Magnus Cedfalck&#8221; module_class=&#8221;kontaktperson&#8221; _builder_version=&#8221;4.25.0&#8243; _module_preset=&#8221;default&#8221; header_text_color=&#8221;#FFFFFF&#8221; header_font_size=&#8221;30px&#8221; body_text_color=&#8221;#FFFFFF&#8221; position_text_align=&#8221;center&#8221; position_text_color=&#8221;#FFFFFF&#8221; background_enable_color=&#8221;off&#8221; vertical_offset=&#8221;100px&#8221; horizontal_offset=&#8221;10%&#8221; text_orientation=&#8221;center&#8221; custom_padding=&#8221;20px|20px|20px|20px|false|false&#8221; global_module=&#8221;3665&#8243; saved_tabs=&#8221;all&#8221; locked=&#8221;off&#8221; global_colors_info=&#8221;{}&#8221;]<\/p>\n<p><img decoding=\"async\" src=\"https:\/\/igfgas.se\/wp-content\/uploads\/2024\/03\/phone.svg\" width=\"15\" \/> +46 (0)13-991 32 15<br \/>\n<img decoding=\"async\" src=\"https:\/\/igfgas.se\/wp-content\/uploads\/2024\/03\/mail.svg\" width=\"15\" \/> <a href=\"mailto:magnus.cedfalck@igfgas.se\">magnus.cedfalck@igfgas.se<\/a><\/p>\n<p>[\/et_pb_team_member][\/et_pb_column][\/et_pb_row][\/et_pb_section][et_pb_section fb_built=&#8221;1&#8243; admin_label=&#8221;section&#8221; _builder_version=&#8221;4.16&#8243; global_colors_info=&#8221;{}&#8221;][et_pb_row column_structure=&#8221;2_3,1_3&#8243; admin_label=&#8221;row&#8221; _builder_version=&#8221;4.16&#8243; background_size=&#8221;initial&#8221; background_position=&#8221;top_left&#8221; background_repeat=&#8221;repeat&#8221; global_colors_info=&#8221;{}&#8221;][et_pb_column type=&#8221;2_3&#8243; _builder_version=&#8221;4.16&#8243; custom_padding=&#8221;|||&#8221; global_colors_info=&#8221;{}&#8221; custom_padding__hover=&#8221;|||&#8221;][et_pb_text admin_label=&#8221;Text&#8221; _builder_version=&#8221;4.24.2&#8243; background_size=&#8221;initial&#8221; background_position=&#8221;top_left&#8221; background_repeat=&#8221;repeat&#8221; global_colors_info=&#8221;{}&#8221;]<\/p>\n<h2>Wide Range for Every Need<\/h2>\n<p>We understand that needs vary greatly between different facilities, which is why our gas flares come in various designs and sizes. Whether you require a flare with semi-hidden flames for public spaces or prefer open flames for maximum efficiency, we can provide a solution that fits your specific requirements.<\/p>\n<h2>Complete Kits or Individual Components<\/h2>\n<p>Our gas flares can be delivered either as complete kits for easy installation or as individual components for more tailored installations. This flexibility allows you to choose the most cost-effective and practical solution for your situation.<\/p>\n<h2>Reliability in All Weather Conditions<\/h2>\n<p>Our gas flares are designed to withstand the challenges of the Swedish climate. With robust materials and thoughtful design, we guarantee a long lifespan and reliable performance for many years, even in the toughest conditions.<\/p>\n<h2>Comprehensive Solutions for Installation and Operation<\/h2>\n<p>IGF Biogas not only offers high-quality gas flares but also has an extensive network of partners across the country. Therefore, we can provide full support for assembly, commissioning, and training in flare management. Our goal is to ensure smooth and trouble-free installation and operation from day one.<\/p>\n<p>[\/et_pb_text][\/et_pb_column][et_pb_column type=&#8221;1_3&#8243; _builder_version=&#8221;4.16&#8243; custom_padding=&#8221;|||&#8221; global_colors_info=&#8221;{}&#8221; custom_padding__hover=&#8221;|||&#8221;][\/et_pb_column][\/et_pb_row][\/et_pb_section][et_pb_section fb_built=&#8221;1&#8243; _builder_version=&#8221;4.24.2&#8243; _module_preset=&#8221;default&#8221; background_color=&#8221;#efefef&#8221; background_image=&#8221;https:\/\/igfgas.se\/wp-content\/uploads\/2024\/03\/dekorelement-color-1.svg&#8221; background_size=&#8221;contain&#8221; background_position=&#8221;center_left&#8221; z_index=&#8221;2&#8243; global_colors_info=&#8221;{}&#8221;][et_pb_row column_structure=&#8221;1_3,1_3,1_3&#8243; _builder_version=&#8221;4.24.2&#8243; _module_preset=&#8221;default&#8221; global_colors_info=&#8221;{}&#8221;][et_pb_column type=&#8221;1_3&#8243; _builder_version=&#8221;4.24.2&#8243; _module_preset=&#8221;default&#8221; global_colors_info=&#8221;{}&#8221;][et_pb_image src=&#8221;https:\/\/igfgas.se\/wp-content\/uploads\/2024\/03\/gasfackla_01.jpg&#8221; title_text=&#8221;gasfackla_01&#8243; _builder_version=&#8221;4.24.2&#8243; _module_preset=&#8221;default&#8221; global_colors_info=&#8221;{}&#8221;][\/et_pb_image][\/et_pb_column][et_pb_column type=&#8221;1_3&#8243; _builder_version=&#8221;4.24.2&#8243; _module_preset=&#8221;default&#8221; global_colors_info=&#8221;{}&#8221;][et_pb_image src=&#8221;https:\/\/igfgas.se\/wp-content\/uploads\/2024\/03\/gasfackla_02.jpg&#8221; title_text=&#8221;gasfackla_02&#8243; _builder_version=&#8221;4.24.2&#8243; _module_preset=&#8221;default&#8221; global_colors_info=&#8221;{}&#8221;][\/et_pb_image][\/et_pb_column][et_pb_column type=&#8221;1_3&#8243; _builder_version=&#8221;4.24.2&#8243; _module_preset=&#8221;default&#8221; global_colors_info=&#8221;{}&#8221;][et_pb_image src=&#8221;https:\/\/igfgas.se\/wp-content\/uploads\/2024\/03\/gasfackla_03.jpg&#8221; title_text=&#8221;gasfackla_03&#8243; _builder_version=&#8221;4.24.2&#8243; _module_preset=&#8221;default&#8221; global_colors_info=&#8221;{}&#8221;][\/et_pb_image][\/et_pb_column][\/et_pb_row][\/et_pb_section]<\/p>\n","protected":false},"excerpt":{"rendered":"<p>Gas Flares for Optimal Safety At IGF Biogas, we take pride in offering a wide range of custom-made gas flares designed to meet various needs and specifications. Our gas flares are the result of decades of development and innovation, tailored to effectively handle excess gas in a safe and controlled manner. From simple pole-mounted flares [&hellip;]<\/p>\n","protected":false},"author":8,"featured_media":3324,"parent":3418,"menu_order":0,"comment_status":"closed","ping_status":"closed","template":"","meta":{"_acf_changed":false,"_et_pb_use_builder":"on","_et_pb_old_content":"<section id=\"\" class=\"fw-main-row  \">\r\n\t<div class=\"fw-container\">\r\n\t\t<div class=\"fw-row\">\r\n\t<div class=\"fw-col-xs-12 fw-col-sm-8\">\r\n\t<h2>Gasfackla - olika utformningar<\/h2><p>V\u00e5ra egentillverkade gasfacklor finns i olika utformningar och olika storlekar beroende p\u00e5 ert behov och efterfr\u00e5gan. Vi kan leverera facklor med halvdolda l\u00e5gor, f\u00f6r publika platser, samt \u00f6ppna l\u00e5gor.<\/p><p>Facklorna kan levereras i kompletta byggsatser samt \u00e4ven l\u00f6sa delar beroende p\u00e5 vad ni efterfr\u00e5gar. Vi har \u00e4ven goda samarbeten spritt \u00f6ver hela landet f\u00f6r montering, ink\u00f6rning och introduktion i hantering av facklorna. V\u00e5ra facklor har utvecklats internt under m\u00e5nga \u00e5r och \u00e4r idag framtagna att motst\u00e5 v\u00e5rt h\u00e5rda klimat under mycket l\u00e5ng tid.<\/p><p>Vi kan leverera allt fr\u00e5n enklare s\u00e5 kallade stolpfacklor till mer avancerade h\u00f6gtemperatursfacklor med isolerade br\u00e4nnarr\u00f6r.<\/p><\/div>\r\n<div class=\"fw-col-xs-12 fw-col-sm-4\">\r\n\t<img src=\"\/\/igfgas.se\/wp-content\/uploads\/2022\/01\/gasfackla.jpg\" alt=\"\/\/igfgas.se\/wp-content\/uploads\/2022\/01\/gasfackla.jpg\" \/><\/div>\r\n<\/div>\r\n\r\n\t<\/div>\r\n<\/section>\r\n<section id=\"\" class=\"fw-main-row blue \">\r\n\t<div class=\"fw-container\">\r\n\t\t<div class=\"fw-row\">\r\n\t<div class=\"fw-col-xs-12 fw-col-sm-3\">\r\n\t<img src=\"\/\/igfgas.se\/wp-content\/uploads\/2022\/01\/IMG_0811.jpg\" alt=\"\/\/igfgas.se\/wp-content\/uploads\/2022\/01\/IMG_0811.jpg\" \/><\/div>\r\n<div class=\"fw-col-xs-12 fw-col-sm-3\">\r\n\t<img src=\"\/\/igfgas.se\/wp-content\/uploads\/2022\/01\/IMG_0658.jpg\" alt=\"\/\/igfgas.se\/wp-content\/uploads\/2022\/01\/IMG_0658.jpg\" \/><\/div>\r\n<div class=\"fw-col-xs-12 fw-col-sm-3\">\r\n\t<img src=\"\/\/igfgas.se\/wp-content\/uploads\/2022\/01\/IMG_0076.jpg\" alt=\"\/\/igfgas.se\/wp-content\/uploads\/2022\/01\/IMG_0076.jpg\" \/><\/div>\r\n<div class=\"fw-col-xs-12 fw-col-sm-3\">\r\n\t<img src=\"\/\/igfgas.se\/wp-content\/uploads\/2022\/01\/IMG_1574.jpg\" alt=\"\/\/igfgas.se\/wp-content\/uploads\/2022\/01\/IMG_1574.jpg\" \/><\/div>\r\n<\/div>\r\n\r\n\t<\/div>\r\n<\/section>\r\n\r\n\r\n<!-- 16d926217629dc6f3ccc33520f365922 -->","_et_gb_content_width":"","inline_featured_image":false,"footnotes":""},"class_list":["post-3378","page","type-page","status-publish","has-post-thumbnail","hentry"],"acf":[],"yoast_head":"<!-- This site is optimized with the Yoast SEO plugin v27.3 - https:\/\/yoast.com\/product\/yoast-seo-wordpress\/ -->\n<title>Gas Flares: Important safety component in Biogas Plants<\/title>\n<meta name=\"description\" content=\"Gas flares designed to handle excess gas safely in your biogas plant. Complete solutions tailored to your needs.\" \/>\n<meta name=\"robots\" content=\"index, follow, max-snippet:-1, max-image-preview:large, max-video-preview:-1\" \/>\n<link rel=\"canonical\" href=\"https:\/\/igfgas.se\/en\/products\/gasflares\/\" \/>\n<meta property=\"og:locale\" content=\"en_US\" \/>\n<meta property=\"og:type\" content=\"article\" \/>\n<meta property=\"og:title\" content=\"Gas Flares: Important safety component in Biogas Plants\" \/>\n<meta property=\"og:description\" content=\"Gas flares designed to handle excess gas safely in your biogas plant. Complete solutions tailored to your needs.\" \/>\n<meta property=\"og:url\" content=\"https:\/\/igfgas.se\/en\/products\/gasflares\/\" \/>\n<meta property=\"og:site_name\" content=\"IGF Biogas\" \/>\n<meta property=\"article:modified_time\" content=\"2024-09-16T13:19:48+00:00\" \/>\n<meta property=\"og:image\" content=\"https:\/\/igfgas.se\/wp-content\/uploads\/2024\/03\/gasfackla_01.jpg\" \/>\n\t<meta property=\"og:image:width\" content=\"800\" \/>\n\t<meta property=\"og:image:height\" content=\"800\" \/>\n\t<meta property=\"og:image:type\" content=\"image\/jpeg\" \/>\n<meta name=\"twitter:card\" content=\"summary_large_image\" \/>\n<meta name=\"twitter:label1\" content=\"Est. reading time\" \/>\n\t<meta name=\"twitter:data1\" content=\"4 minutes\" \/>\n<script type=\"application\/ld+json\" class=\"yoast-schema-graph\">{\"@context\":\"https:\\\/\\\/schema.org\",\"@graph\":[{\"@type\":\"WebPage\",\"@id\":\"https:\\\/\\\/igfgas.se\\\/en\\\/products\\\/gasflares\\\/\",\"url\":\"https:\\\/\\\/igfgas.se\\\/en\\\/products\\\/gasflares\\\/\",\"name\":\"Gas Flares: Important safety component in Biogas Plants\",\"isPartOf\":{\"@id\":\"https:\\\/\\\/igfgas.se\\\/en\\\/#website\"},\"primaryImageOfPage\":{\"@id\":\"https:\\\/\\\/igfgas.se\\\/en\\\/products\\\/gasflares\\\/#primaryimage\"},\"image\":{\"@id\":\"https:\\\/\\\/igfgas.se\\\/en\\\/products\\\/gasflares\\\/#primaryimage\"},\"thumbnailUrl\":\"https:\\\/\\\/igfgas.se\\\/wp-content\\\/uploads\\\/2024\\\/03\\\/gasfackla_01.jpg\",\"datePublished\":\"2022-01-21T09:55:31+00:00\",\"dateModified\":\"2024-09-16T13:19:48+00:00\",\"description\":\"Gas flares designed to handle excess gas safely in your biogas plant. Complete solutions tailored to your needs.\",\"breadcrumb\":{\"@id\":\"https:\\\/\\\/igfgas.se\\\/en\\\/products\\\/gasflares\\\/#breadcrumb\"},\"inLanguage\":\"en-US\",\"potentialAction\":[{\"@type\":\"ReadAction\",\"target\":[\"https:\\\/\\\/igfgas.se\\\/en\\\/products\\\/gasflares\\\/\"]}]},{\"@type\":\"ImageObject\",\"inLanguage\":\"en-US\",\"@id\":\"https:\\\/\\\/igfgas.se\\\/en\\\/products\\\/gasflares\\\/#primaryimage\",\"url\":\"https:\\\/\\\/igfgas.se\\\/wp-content\\\/uploads\\\/2024\\\/03\\\/gasfackla_01.jpg\",\"contentUrl\":\"https:\\\/\\\/igfgas.se\\\/wp-content\\\/uploads\\\/2024\\\/03\\\/gasfackla_01.jpg\",\"width\":800,\"height\":800},{\"@type\":\"BreadcrumbList\",\"@id\":\"https:\\\/\\\/igfgas.se\\\/en\\\/products\\\/gasflares\\\/#breadcrumb\",\"itemListElement\":[{\"@type\":\"ListItem\",\"position\":1,\"name\":\"Hem\",\"item\":\"https:\\\/\\\/igfgas.se\\\/en\\\/\"},{\"@type\":\"ListItem\",\"position\":2,\"name\":\"Biogas products\",\"item\":\"https:\\\/\\\/igfgas.se\\\/en\\\/products\\\/\"},{\"@type\":\"ListItem\",\"position\":3,\"name\":\"Gas Flares\"}]},{\"@type\":\"WebSite\",\"@id\":\"https:\\\/\\\/igfgas.se\\\/en\\\/#website\",\"url\":\"https:\\\/\\\/igfgas.se\\\/en\\\/\",\"name\":\"IGF Biogas\",\"description\":\"Ledande inom biogasteknik sedan 1930\",\"potentialAction\":[{\"@type\":\"SearchAction\",\"target\":{\"@type\":\"EntryPoint\",\"urlTemplate\":\"https:\\\/\\\/igfgas.se\\\/en\\\/?s={search_term_string}\"},\"query-input\":{\"@type\":\"PropertyValueSpecification\",\"valueRequired\":true,\"valueName\":\"search_term_string\"}}],\"inLanguage\":\"en-US\"}]}<\/script>\n<!-- \/ Yoast SEO plugin. -->","yoast_head_json":{"title":"Gas Flares: Important safety component in Biogas Plants","description":"Gas flares designed to handle excess gas safely in your biogas plant. Complete solutions tailored to your needs.","robots":{"index":"index","follow":"follow","max-snippet":"max-snippet:-1","max-image-preview":"max-image-preview:large","max-video-preview":"max-video-preview:-1"},"canonical":"https:\/\/igfgas.se\/en\/products\/gasflares\/","og_locale":"en_US","og_type":"article","og_title":"Gas Flares: Important safety component in Biogas Plants","og_description":"Gas flares designed to handle excess gas safely in your biogas plant. Complete solutions tailored to your needs.","og_url":"https:\/\/igfgas.se\/en\/products\/gasflares\/","og_site_name":"IGF Biogas","article_modified_time":"2024-09-16T13:19:48+00:00","og_image":[{"width":800,"height":800,"url":"https:\/\/igfgas.se\/wp-content\/uploads\/2024\/03\/gasfackla_01.jpg","type":"image\/jpeg"}],"twitter_card":"summary_large_image","twitter_misc":{"Est. reading time":"4 minutes"},"schema":{"@context":"https:\/\/schema.org","@graph":[{"@type":"WebPage","@id":"https:\/\/igfgas.se\/en\/products\/gasflares\/","url":"https:\/\/igfgas.se\/en\/products\/gasflares\/","name":"Gas Flares: Important safety component in Biogas Plants","isPartOf":{"@id":"https:\/\/igfgas.se\/en\/#website"},"primaryImageOfPage":{"@id":"https:\/\/igfgas.se\/en\/products\/gasflares\/#primaryimage"},"image":{"@id":"https:\/\/igfgas.se\/en\/products\/gasflares\/#primaryimage"},"thumbnailUrl":"https:\/\/igfgas.se\/wp-content\/uploads\/2024\/03\/gasfackla_01.jpg","datePublished":"2022-01-21T09:55:31+00:00","dateModified":"2024-09-16T13:19:48+00:00","description":"Gas flares designed to handle excess gas safely in your biogas plant. Complete solutions tailored to your needs.","breadcrumb":{"@id":"https:\/\/igfgas.se\/en\/products\/gasflares\/#breadcrumb"},"inLanguage":"en-US","potentialAction":[{"@type":"ReadAction","target":["https:\/\/igfgas.se\/en\/products\/gasflares\/"]}]},{"@type":"ImageObject","inLanguage":"en-US","@id":"https:\/\/igfgas.se\/en\/products\/gasflares\/#primaryimage","url":"https:\/\/igfgas.se\/wp-content\/uploads\/2024\/03\/gasfackla_01.jpg","contentUrl":"https:\/\/igfgas.se\/wp-content\/uploads\/2024\/03\/gasfackla_01.jpg","width":800,"height":800},{"@type":"BreadcrumbList","@id":"https:\/\/igfgas.se\/en\/products\/gasflares\/#breadcrumb","itemListElement":[{"@type":"ListItem","position":1,"name":"Hem","item":"https:\/\/igfgas.se\/en\/"},{"@type":"ListItem","position":2,"name":"Biogas products","item":"https:\/\/igfgas.se\/en\/products\/"},{"@type":"ListItem","position":3,"name":"Gas Flares"}]},{"@type":"WebSite","@id":"https:\/\/igfgas.se\/en\/#website","url":"https:\/\/igfgas.se\/en\/","name":"IGF Biogas","description":"Ledande inom biogasteknik sedan 1930","potentialAction":[{"@type":"SearchAction","target":{"@type":"EntryPoint","urlTemplate":"https:\/\/igfgas.se\/en\/?s={search_term_string}"},"query-input":{"@type":"PropertyValueSpecification","valueRequired":true,"valueName":"search_term_string"}}],"inLanguage":"en-US"}]}},"_links":{"self":[{"href":"https:\/\/igfgas.se\/en\/wp-json\/wp\/v2\/pages\/3378","targetHints":{"allow":["GET"]}}],"collection":[{"href":"https:\/\/igfgas.se\/en\/wp-json\/wp\/v2\/pages"}],"about":[{"href":"https:\/\/igfgas.se\/en\/wp-json\/wp\/v2\/types\/page"}],"author":[{"embeddable":true,"href":"https:\/\/igfgas.se\/en\/wp-json\/wp\/v2\/users\/8"}],"replies":[{"embeddable":true,"href":"https:\/\/igfgas.se\/en\/wp-json\/wp\/v2\/comments?post=3378"}],"version-history":[{"count":0,"href":"https:\/\/igfgas.se\/en\/wp-json\/wp\/v2\/pages\/3378\/revisions"}],"up":[{"embeddable":true,"href":"https:\/\/igfgas.se\/en\/wp-json\/wp\/v2\/pages\/3418"}],"wp:featuredmedia":[{"embeddable":true,"href":"https:\/\/igfgas.se\/en\/wp-json\/wp\/v2\/media\/3324"}],"wp:attachment":[{"href":"https:\/\/igfgas.se\/en\/wp-json\/wp\/v2\/media?parent=3378"}],"curies":[{"name":"wp","href":"https:\/\/api.w.org\/{rel}","templated":true}]}}