{"id":3380,"date":"2022-01-21T10:56:36","date_gmt":"2022-01-21T09:56:36","guid":{"rendered":"https:\/\/igfgas1stg.wpenginepowered.com\/gasmotorer\/"},"modified":"2024-09-16T15:12:20","modified_gmt":"2024-09-16T13:12:20","slug":"gasengine","status":"publish","type":"page","link":"https:\/\/igfgas.se\/en\/products\/gasengine\/","title":{"rendered":"Gas engines"},"content":{"rendered":"<p>[et_pb_section fb_built=&#8221;1&#8243; module_class=&#8221;pa-custom-background-mask&#8221; _builder_version=&#8221;4.24.2&#8243; _module_preset=&#8221;default&#8221; background_image=&#8221;https:\/\/igfgas.se\/wp-content\/uploads\/2024\/03\/hero_gasmotor.jpg&#8221; background_enable_video_mp4=&#8221;off&#8221; background_enable_mask_style=&#8221;on&#8221; global_colors_info=&#8221;{}&#8221;][et_pb_row column_structure=&#8221;2_3,1_3&#8243; _builder_version=&#8221;4.24.2&#8243; _module_preset=&#8221;default&#8221; global_colors_info=&#8221;{}&#8221;][et_pb_column type=&#8221;2_3&#8243; _builder_version=&#8221;4.24.2&#8243; _module_preset=&#8221;default&#8221; global_colors_info=&#8221;{}&#8221;][et_pb_text _builder_version=&#8221;4.24.2&#8243; _module_preset=&#8221;default&#8221; background_layout=&#8221;dark&#8221; global_colors_info=&#8221;{}&#8221;]<\/p>\n<h1>Drive Your Future with Our Gas Engines<\/h1>\n<p>At IGF Biogas, we understand the importance of sustainable energy production, which is why we offer a wide range of gas engines suitable for various applications. Our expertise and experience extend to the delivery of gas engines in different sizes, tailored to efficiently convert biogas into electricity and\/or heat. Our main customer groups include wastewater treatment plants and farmers, but our solutions are flexible enough to meet a variety of needs.[\/et_pb_text][\/et_pb_column][et_pb_column type=&#8221;1_3&#8243; _builder_version=&#8221;4.24.2&#8243; _module_preset=&#8221;default&#8221; z_index=&#8221;1&#8243; sticky_position=&#8221;top&#8221; sticky_position_tablet=&#8221;top&#8221; sticky_position_phone=&#8221;none&#8221; sticky_position_last_edited=&#8221;on|phone&#8221; global_colors_info=&#8221;{}&#8221;][et_pb_team_member name=&#8221;Magnus Cedfalck&#8221; position=&#8221;Selling Products&#8221; image_url=&#8221;https:\/\/igfgas.se\/wp-content\/uploads\/2024\/04\/magnus-cedfalck.jpg&#8221; admin_label=&#8221;CTA &#8211; Magnus Cedfalck&#8221; module_class=&#8221;kontaktperson&#8221; _builder_version=&#8221;4.25.0&#8243; _module_preset=&#8221;default&#8221; header_text_color=&#8221;#FFFFFF&#8221; header_font_size=&#8221;30px&#8221; body_text_color=&#8221;#FFFFFF&#8221; position_text_align=&#8221;center&#8221; position_text_color=&#8221;#FFFFFF&#8221; background_enable_color=&#8221;off&#8221; vertical_offset=&#8221;100px&#8221; horizontal_offset=&#8221;10%&#8221; text_orientation=&#8221;center&#8221; custom_padding=&#8221;20px|20px|20px|20px|false|false&#8221; global_module=&#8221;3665&#8243; saved_tabs=&#8221;all&#8221; locked=&#8221;off&#8221; global_colors_info=&#8221;{}&#8221;]<\/p>\n<p><img decoding=\"async\" src=\"https:\/\/igfgas.se\/wp-content\/uploads\/2024\/03\/phone.svg\" width=\"15\" \/> +46 (0)13-991 32 15<br \/>\n<img decoding=\"async\" src=\"https:\/\/igfgas.se\/wp-content\/uploads\/2024\/03\/mail.svg\" width=\"15\" \/> <a href=\"mailto:magnus.cedfalck@igfgas.se\">magnus.cedfalck@igfgas.se<\/a><\/p>\n<p>[\/et_pb_team_member][\/et_pb_column][\/et_pb_row][\/et_pb_section][et_pb_section fb_built=&#8221;1&#8243; admin_label=&#8221;section&#8221; _builder_version=&#8221;4.16&#8243; global_colors_info=&#8221;{}&#8221;][et_pb_row column_structure=&#8221;2_3,1_3&#8243; admin_label=&#8221;row&#8221; _builder_version=&#8221;4.16&#8243; background_size=&#8221;initial&#8221; background_position=&#8221;top_left&#8221; background_repeat=&#8221;repeat&#8221; global_colors_info=&#8221;{}&#8221;][et_pb_column type=&#8221;2_3&#8243; _builder_version=&#8221;4.16&#8243; custom_padding=&#8221;|||&#8221; global_colors_info=&#8221;{}&#8221; custom_padding__hover=&#8221;|||&#8221;][et_pb_text admin_label=&#8221;Text&#8221; _builder_version=&#8221;4.24.2&#8243; background_size=&#8221;initial&#8221; background_position=&#8221;top_left&#8221; background_repeat=&#8221;repeat&#8221; global_colors_info=&#8221;{}&#8221;]<\/p>\n<h2>Customized Solutions for Every Need<\/h2>\n<p>Our range of gas engines is particularly valuable for wastewater treatment plants looking to harness biogas produced from digesters, as well as for farmers who see the potential in using livestock waste as a resource for energy production. By converting what was previously considered waste into valuable energy, our customers contribute to a more sustainable and circular economy.<\/p>\n<h2>Reliable and Dependable Engines<\/h2>\n<p>We only collaborate with leading and experienced suppliers to ensure that the gas engines we offer are of the highest quality. This ensures operational reliability and long-term performance, giving our customers confidence that their investment will efficiently generate energy for many years to come.<\/p>\n<h2>Service Agreements for Peace of Mind and Reliability<\/h2>\n<p>To further strengthen our customers&#8217; confidence and ensure optimal operation of the gas engines, IGF Biogas offers service agreements. These agreements are designed to provide you as a customer with complete peace of mind through regular maintenance services and support. With a service agreement from us, you can be sure that your gas engine always operates at its best, with minimal downtime.<\/p>\n<p>[\/et_pb_text][\/et_pb_column][et_pb_column type=&#8221;1_3&#8243; _builder_version=&#8221;4.16&#8243; custom_padding=&#8221;|||&#8221; global_colors_info=&#8221;{}&#8221; custom_padding__hover=&#8221;|||&#8221;][\/et_pb_column][\/et_pb_row][\/et_pb_section][et_pb_section fb_built=&#8221;1&#8243; admin_label=&#8221;TEDOM uppk\u00f6pta&#8221; _builder_version=&#8221;4.25.0&#8243; _module_preset=&#8221;default&#8221; background_color=&#8221;#263145&#8243; z_index=&#8221;2&#8243; saved_tabs=&#8221;all&#8221; global_colors_info=&#8221;{}&#8221; locked=&#8221;off&#8221; global_module=&#8221;3720&#8243;][et_pb_row column_structure=&#8221;1_2,1_2&#8243; make_equal=&#8221;on&#8221; _builder_version=&#8221;4.25.0&#8243; _module_preset=&#8221;default&#8221; global_colors_info=&#8221;{}&#8221; custom_css_main_element_last_edited=&#8221;on|desktop&#8221; custom_css_main_element_tablet=&#8221;display: flex; flex-wrap: wrap;&#8221; custom_css_main_element_phone=&#8221;display: flex; flex-wrap: wrap;&#8221;][et_pb_column type=&#8221;1_2&#8243; _builder_version=&#8221;4.25.0&#8243; _module_preset=&#8221;default&#8221; global_colors_info=&#8221;{}&#8221; custom_css_main_element_last_edited=&#8221;on|tablet&#8221; custom_css_main_element_tablet=&#8221;order:2;&#8221; custom_css_main_element_phone=&#8221;order:2;&#8221;][et_pb_text _builder_version=&#8221;4.27.0&#8243; _module_preset=&#8221;default&#8221; background_layout=&#8221;dark&#8221; hover_enabled=&#8221;0&#8243; global_colors_info=&#8221;{}&#8221; sticky_enabled=&#8221;0&#8243;]<\/p>\n<p style=\"padding-bottom: 0;\"><strong>Yanmar acquires TEDOM<\/strong><\/p>\n<h2>Our CHP solutions just got even better!<\/h2>\n<p>TEDOM, a leading player in cogeneration solutions (CHP), has been acquired by Yanmar, one of the world\u2019s largest manufacturers of engines and energy systems. This strategic collaboration means that TEDOM\u2019s expertise is now backed by Yanmar\u2019s global strength and innovative technology. For us, as resellers of TEDOM products in the Nordics, this results in a stronger position and expanded opportunities to offer our customers even more advanced and sustainable energy solutions.<\/p>\n<p><em>We look forward to sharing this journey with you!<\/em><\/p>\n<p><a class=\"et_pb_button\" style=\"margin-right: 20px;\" href=\"\/en\/contact-us\/\">Contact us<\/a> <a style=\"font-size: 16px; font-style: italic;\" href=\"\/en\/products\/gasengine\/#main-content\">Read more about our gas engines &gt;&gt;<\/a>[\/et_pb_text][\/et_pb_column][et_pb_column type=&#8221;1_2&#8243; _builder_version=&#8221;4.25.0&#8243; _module_preset=&#8221;default&#8221; global_colors_info=&#8221;{}&#8221; custom_css_main_element_last_edited=&#8221;off|tablet&#8221;][et_pb_image src=&#8221;https:\/\/igfgas.se\/wp-content\/uploads\/2024\/09\/mobile-kompozice-graf-4-KJ-modre-polep-2023_dohromady-e1692383134346.png&#8221; title_text=&#8221;mobile-kompozice-graf-4-KJ-modre-polep-2023_dohromady-e1692383134346&#8243; _builder_version=&#8221;4.25.0&#8243; _module_preset=&#8221;default&#8221; global_colors_info=&#8221;{}&#8221;][\/et_pb_image][\/et_pb_column][\/et_pb_row][\/et_pb_section][et_pb_section fb_built=&#8221;1&#8243; _builder_version=&#8221;4.24.2&#8243; _module_preset=&#8221;default&#8221; background_color=&#8221;#efefef&#8221; background_image=&#8221;https:\/\/igfgas.se\/wp-content\/uploads\/2024\/03\/dekorelement-color-1.svg&#8221; background_size=&#8221;contain&#8221; background_position=&#8221;center_left&#8221; z_index=&#8221;2&#8243; global_colors_info=&#8221;{}&#8221;][et_pb_row column_structure=&#8221;1_3,1_3,1_3&#8243; _builder_version=&#8221;4.24.2&#8243; _module_preset=&#8221;default&#8221; global_colors_info=&#8221;{}&#8221;][et_pb_column type=&#8221;1_3&#8243; _builder_version=&#8221;4.24.2&#8243; _module_preset=&#8221;default&#8221; global_colors_info=&#8221;{}&#8221;][et_pb_image src=&#8221;https:\/\/igfgas.se\/wp-content\/uploads\/2024\/03\/gasmotor_01.jpg&#8221; title_text=&#8221;gasmotor_01&#8243; _builder_version=&#8221;4.24.2&#8243; _module_preset=&#8221;default&#8221; global_colors_info=&#8221;{}&#8221;][\/et_pb_image][\/et_pb_column][et_pb_column type=&#8221;1_3&#8243; _builder_version=&#8221;4.24.2&#8243; _module_preset=&#8221;default&#8221; global_colors_info=&#8221;{}&#8221;][et_pb_image src=&#8221;https:\/\/igfgas.se\/wp-content\/uploads\/2024\/03\/gasmotor_02.jpg&#8221; title_text=&#8221;gasmotor_02&#8243; _builder_version=&#8221;4.24.2&#8243; _module_preset=&#8221;default&#8221; global_colors_info=&#8221;{}&#8221;][\/et_pb_image][\/et_pb_column][et_pb_column type=&#8221;1_3&#8243; _builder_version=&#8221;4.24.2&#8243; _module_preset=&#8221;default&#8221; global_colors_info=&#8221;{}&#8221;][et_pb_image src=&#8221;https:\/\/igfgas.se\/wp-content\/uploads\/2024\/03\/gasmotor_03.jpg&#8221; title_text=&#8221;gasmotor_03&#8243; _builder_version=&#8221;4.24.2&#8243; _module_preset=&#8221;default&#8221; global_colors_info=&#8221;{}&#8221;][\/et_pb_image][\/et_pb_column][\/et_pb_row][et_pb_row column_structure=&#8221;1_3,1_3,1_3&#8243; _builder_version=&#8221;4.24.2&#8243; _module_preset=&#8221;default&#8221; locked=&#8221;off&#8221; global_colors_info=&#8221;{}&#8221;][et_pb_column type=&#8221;1_3&#8243; _builder_version=&#8221;4.24.2&#8243; _module_preset=&#8221;default&#8221; global_colors_info=&#8221;{}&#8221;][et_pb_image src=&#8221;https:\/\/igfgas.se\/wp-content\/uploads\/2024\/08\/quanto.png&#8221; title_text=&#8221;quanto&#8221; _builder_version=&#8221;4.25.0&#8243; _module_preset=&#8221;default&#8221; global_colors_info=&#8221;{}&#8221;][\/et_pb_image][\/et_pb_column][et_pb_column type=&#8221;1_3&#8243; _builder_version=&#8221;4.24.2&#8243; _module_preset=&#8221;default&#8221; global_colors_info=&#8221;{}&#8221;][et_pb_image src=&#8221;https:\/\/igfgas.se\/wp-content\/uploads\/2024\/08\/cento.png&#8221; title_text=&#8221;cento&#8221; _builder_version=&#8221;4.25.0&#8243; _module_preset=&#8221;default&#8221; global_colors_info=&#8221;{}&#8221;][\/et_pb_image][\/et_pb_column][et_pb_column type=&#8221;1_3&#8243; _builder_version=&#8221;4.24.2&#8243; _module_preset=&#8221;default&#8221; global_colors_info=&#8221;{}&#8221;][et_pb_image src=&#8221;https:\/\/igfgas.se\/wp-content\/uploads\/2024\/08\/micro.png&#8221; title_text=&#8221;micro&#8221; _builder_version=&#8221;4.25.0&#8243; _module_preset=&#8221;default&#8221; global_colors_info=&#8221;{}&#8221;][\/et_pb_image][\/et_pb_column][\/et_pb_row][\/et_pb_section]<\/p>\n","protected":false},"excerpt":{"rendered":"<p>Drive Your Future with Our Gas Engines At IGF Biogas, we understand the importance of sustainable energy production, which is why we offer a wide range of gas engines suitable for various applications. Our expertise and experience extend to the delivery of gas engines in different sizes, tailored to efficiently convert biogas into electricity and\/or [&hellip;]<\/p>\n","protected":false},"author":8,"featured_media":3326,"parent":3418,"menu_order":0,"comment_status":"closed","ping_status":"closed","template":"","meta":{"_acf_changed":false,"_et_pb_use_builder":"on","_et_pb_old_content":"<section id=\"\" class=\"fw-main-row \"><div class=\"fw-container\"><div class=\"fw-row\"><div class=\"fw-col-xs-12 fw-col-sm-8\"><h2>Gasmotorer till ett flertal anv\u00e4ndningsomr\u00e5den<\/h2><p>Vi har erfarenhet av att leverera olika storlekar av gasmotorer till ett flertalet anv\u00e4ndningsomr\u00e5den. V\u00e5r st\u00f6rsta kundgrupp har varit reningsverk som vill utnyttja den gas som kan utvinnas ur de produkter som reningsverket kan omh\u00e4nderta i sina r\u00f6tkammare.<\/p><p>Men vi har \u00e4ven levererat till lantbrukare som velat utnyttja sina n\u00f6tkreaturs avfall som i normala fall blivit restprodukter men som nu kan anv\u00e4ndas som br\u00e4nsle till utvinnande av elektricitet och\/ eller v\u00e4rme.<\/p><p>Vi arbetar bara med st\u00f6rre och erfarna leverant\u00f6rer f\u00f6r att kunna garantera er drifts\u00e4kra och p\u00e5litliga motorer som genererar energi under m\u00e5nga \u00e5r fram\u00f6ver. Vi erbjuder ocks\u00e5 samtliga kunder serviceavtal s\u00e5 att ni som kund kan k\u00e4nna er helt trygga i ert k\u00f6p.<\/p><\/div><div class=\"fw-col-xs-12 fw-col-sm-4\"><img src=\"\/\/igfgas.se\/wp-content\/uploads\/2022\/01\/gasmotor.png\" alt=\"\/\/igfgas.se\/wp-content\/uploads\/2022\/01\/gasmotor.png\" \/><\/div><\/div><\/div><\/section><section id=\"\" class=\"fw-main-row blue \"><div class=\"fw-container\"><div class=\"fw-row\"><div class=\"fw-col-xs-12 fw-col-sm-3\"><img src=\"\/\/igfgas.se\/wp-content\/uploads\/2022\/01\/IMG_0137.jpg\" alt=\"\/\/igfgas.se\/wp-content\/uploads\/2022\/01\/IMG_0137.jpg\" \/><\/div><div class=\"fw-col-xs-12 fw-col-sm-3\"><img src=\"\/\/igfgas.se\/wp-content\/uploads\/2022\/01\/IMG_0150.jpg\" alt=\"\/\/igfgas.se\/wp-content\/uploads\/2022\/01\/IMG_0150.jpg\" \/><\/div><div class=\"fw-col-xs-12 fw-col-sm-3\"><img src=\"\/\/igfgas.se\/wp-content\/uploads\/2022\/04\/IMG_0148-optimized.jpg\" alt=\"Gasmotor till m\u00e5nga anv\u00e4ndningsomr\u00e5den.\" \/><\/div><div class=\"fw-col-xs-12 fw-col-sm-3\"><img src=\"\/\/igfgas.se\/wp-content\/uploads\/2022\/01\/IMG_5563.jpg\" alt=\"\/\/igfgas.se\/wp-content\/uploads\/2022\/01\/IMG_5563.jpg\" \/><\/div><\/div><\/div><\/section><p><!-- a92ca2eb77f21ae858ad777e84d3cc90 --><\/p>","_et_gb_content_width":"","inline_featured_image":false,"footnotes":""},"class_list":["post-3380","page","type-page","status-publish","has-post-thumbnail","hentry"],"acf":[],"yoast_head":"<!-- This site is optimized with the Yoast SEO plugin v27.3 - https:\/\/yoast.com\/product\/yoast-seo-wordpress\/ -->\n<title>Gas Engines for Efficient Electricity and Heat Production \u2013 IGF Biogas<\/title>\n<meta name=\"description\" content=\"Highly efficient gas engines adapted for various applications such as biogas, for sustainable electricity and heat production.\" \/>\n<meta name=\"robots\" content=\"index, follow, max-snippet:-1, max-image-preview:large, max-video-preview:-1\" \/>\n<link rel=\"canonical\" href=\"https:\/\/igfgas.se\/en\/products\/gasengine\/\" \/>\n<meta property=\"og:locale\" content=\"en_US\" \/>\n<meta property=\"og:type\" content=\"article\" \/>\n<meta property=\"og:title\" content=\"Gas Engines for Efficient Electricity and Heat Production \u2013 IGF Biogas\" \/>\n<meta property=\"og:description\" content=\"Highly efficient gas engines adapted for various applications such as biogas, for sustainable electricity and heat production.\" \/>\n<meta property=\"og:url\" content=\"https:\/\/igfgas.se\/en\/products\/gasengine\/\" \/>\n<meta property=\"og:site_name\" content=\"IGF Biogas\" \/>\n<meta property=\"article:modified_time\" content=\"2024-09-16T13:12:20+00:00\" \/>\n<meta property=\"og:image\" content=\"https:\/\/igfgas.se\/wp-content\/uploads\/2024\/03\/hero_gasmotor.jpg\" \/>\n\t<meta property=\"og:image:width\" content=\"1600\" \/>\n\t<meta property=\"og:image:height\" content=\"1600\" \/>\n\t<meta property=\"og:image:type\" content=\"image\/jpeg\" \/>\n<meta name=\"twitter:card\" content=\"summary_large_image\" \/>\n<meta name=\"twitter:label1\" content=\"Est. reading time\" \/>\n\t<meta name=\"twitter:data1\" content=\"5 minutes\" \/>\n<script type=\"application\/ld+json\" class=\"yoast-schema-graph\">{\"@context\":\"https:\\\/\\\/schema.org\",\"@graph\":[{\"@type\":\"WebPage\",\"@id\":\"https:\\\/\\\/igfgas.se\\\/en\\\/products\\\/gasengine\\\/\",\"url\":\"https:\\\/\\\/igfgas.se\\\/en\\\/products\\\/gasengine\\\/\",\"name\":\"Gas Engines for Efficient Electricity and Heat Production \u2013 IGF Biogas\",\"isPartOf\":{\"@id\":\"https:\\\/\\\/igfgas.se\\\/en\\\/#website\"},\"primaryImageOfPage\":{\"@id\":\"https:\\\/\\\/igfgas.se\\\/en\\\/products\\\/gasengine\\\/#primaryimage\"},\"image\":{\"@id\":\"https:\\\/\\\/igfgas.se\\\/en\\\/products\\\/gasengine\\\/#primaryimage\"},\"thumbnailUrl\":\"https:\\\/\\\/igfgas.se\\\/wp-content\\\/uploads\\\/2024\\\/03\\\/hero_gasmotor.jpg\",\"datePublished\":\"2022-01-21T09:56:36+00:00\",\"dateModified\":\"2024-09-16T13:12:20+00:00\",\"description\":\"Highly efficient gas engines adapted for various applications such as biogas, for sustainable electricity and heat production.\",\"breadcrumb\":{\"@id\":\"https:\\\/\\\/igfgas.se\\\/en\\\/products\\\/gasengine\\\/#breadcrumb\"},\"inLanguage\":\"en-US\",\"potentialAction\":[{\"@type\":\"ReadAction\",\"target\":[\"https:\\\/\\\/igfgas.se\\\/en\\\/products\\\/gasengine\\\/\"]}]},{\"@type\":\"ImageObject\",\"inLanguage\":\"en-US\",\"@id\":\"https:\\\/\\\/igfgas.se\\\/en\\\/products\\\/gasengine\\\/#primaryimage\",\"url\":\"https:\\\/\\\/igfgas.se\\\/wp-content\\\/uploads\\\/2024\\\/03\\\/hero_gasmotor.jpg\",\"contentUrl\":\"https:\\\/\\\/igfgas.se\\\/wp-content\\\/uploads\\\/2024\\\/03\\\/hero_gasmotor.jpg\",\"width\":1600,\"height\":1600},{\"@type\":\"BreadcrumbList\",\"@id\":\"https:\\\/\\\/igfgas.se\\\/en\\\/products\\\/gasengine\\\/#breadcrumb\",\"itemListElement\":[{\"@type\":\"ListItem\",\"position\":1,\"name\":\"Hem\",\"item\":\"https:\\\/\\\/igfgas.se\\\/en\\\/\"},{\"@type\":\"ListItem\",\"position\":2,\"name\":\"Biogas products\",\"item\":\"https:\\\/\\\/igfgas.se\\\/en\\\/products\\\/\"},{\"@type\":\"ListItem\",\"position\":3,\"name\":\"Gas engines\"}]},{\"@type\":\"WebSite\",\"@id\":\"https:\\\/\\\/igfgas.se\\\/en\\\/#website\",\"url\":\"https:\\\/\\\/igfgas.se\\\/en\\\/\",\"name\":\"IGF Biogas\",\"description\":\"Ledande inom biogasteknik sedan 1930\",\"potentialAction\":[{\"@type\":\"SearchAction\",\"target\":{\"@type\":\"EntryPoint\",\"urlTemplate\":\"https:\\\/\\\/igfgas.se\\\/en\\\/?s={search_term_string}\"},\"query-input\":{\"@type\":\"PropertyValueSpecification\",\"valueRequired\":true,\"valueName\":\"search_term_string\"}}],\"inLanguage\":\"en-US\"}]}<\/script>\n<!-- \/ Yoast SEO plugin. -->","yoast_head_json":{"title":"Gas Engines for Efficient Electricity and Heat Production \u2013 IGF Biogas","description":"Highly efficient gas engines adapted for various applications such as biogas, for sustainable electricity and heat production.","robots":{"index":"index","follow":"follow","max-snippet":"max-snippet:-1","max-image-preview":"max-image-preview:large","max-video-preview":"max-video-preview:-1"},"canonical":"https:\/\/igfgas.se\/en\/products\/gasengine\/","og_locale":"en_US","og_type":"article","og_title":"Gas Engines for Efficient Electricity and Heat Production \u2013 IGF Biogas","og_description":"Highly efficient gas engines adapted for various applications such as biogas, for sustainable electricity and heat production.","og_url":"https:\/\/igfgas.se\/en\/products\/gasengine\/","og_site_name":"IGF Biogas","article_modified_time":"2024-09-16T13:12:20+00:00","og_image":[{"width":1600,"height":1600,"url":"https:\/\/igfgas.se\/wp-content\/uploads\/2024\/03\/hero_gasmotor.jpg","type":"image\/jpeg"}],"twitter_card":"summary_large_image","twitter_misc":{"Est. reading time":"5 minutes"},"schema":{"@context":"https:\/\/schema.org","@graph":[{"@type":"WebPage","@id":"https:\/\/igfgas.se\/en\/products\/gasengine\/","url":"https:\/\/igfgas.se\/en\/products\/gasengine\/","name":"Gas Engines for Efficient Electricity and Heat Production \u2013 IGF Biogas","isPartOf":{"@id":"https:\/\/igfgas.se\/en\/#website"},"primaryImageOfPage":{"@id":"https:\/\/igfgas.se\/en\/products\/gasengine\/#primaryimage"},"image":{"@id":"https:\/\/igfgas.se\/en\/products\/gasengine\/#primaryimage"},"thumbnailUrl":"https:\/\/igfgas.se\/wp-content\/uploads\/2024\/03\/hero_gasmotor.jpg","datePublished":"2022-01-21T09:56:36+00:00","dateModified":"2024-09-16T13:12:20+00:00","description":"Highly efficient gas engines adapted for various applications such as biogas, for sustainable electricity and heat production.","breadcrumb":{"@id":"https:\/\/igfgas.se\/en\/products\/gasengine\/#breadcrumb"},"inLanguage":"en-US","potentialAction":[{"@type":"ReadAction","target":["https:\/\/igfgas.se\/en\/products\/gasengine\/"]}]},{"@type":"ImageObject","inLanguage":"en-US","@id":"https:\/\/igfgas.se\/en\/products\/gasengine\/#primaryimage","url":"https:\/\/igfgas.se\/wp-content\/uploads\/2024\/03\/hero_gasmotor.jpg","contentUrl":"https:\/\/igfgas.se\/wp-content\/uploads\/2024\/03\/hero_gasmotor.jpg","width":1600,"height":1600},{"@type":"BreadcrumbList","@id":"https:\/\/igfgas.se\/en\/products\/gasengine\/#breadcrumb","itemListElement":[{"@type":"ListItem","position":1,"name":"Hem","item":"https:\/\/igfgas.se\/en\/"},{"@type":"ListItem","position":2,"name":"Biogas products","item":"https:\/\/igfgas.se\/en\/products\/"},{"@type":"ListItem","position":3,"name":"Gas engines"}]},{"@type":"WebSite","@id":"https:\/\/igfgas.se\/en\/#website","url":"https:\/\/igfgas.se\/en\/","name":"IGF Biogas","description":"Ledande inom biogasteknik sedan 1930","potentialAction":[{"@type":"SearchAction","target":{"@type":"EntryPoint","urlTemplate":"https:\/\/igfgas.se\/en\/?s={search_term_string}"},"query-input":{"@type":"PropertyValueSpecification","valueRequired":true,"valueName":"search_term_string"}}],"inLanguage":"en-US"}]}},"_links":{"self":[{"href":"https:\/\/igfgas.se\/en\/wp-json\/wp\/v2\/pages\/3380","targetHints":{"allow":["GET"]}}],"collection":[{"href":"https:\/\/igfgas.se\/en\/wp-json\/wp\/v2\/pages"}],"about":[{"href":"https:\/\/igfgas.se\/en\/wp-json\/wp\/v2\/types\/page"}],"author":[{"embeddable":true,"href":"https:\/\/igfgas.se\/en\/wp-json\/wp\/v2\/users\/8"}],"replies":[{"embeddable":true,"href":"https:\/\/igfgas.se\/en\/wp-json\/wp\/v2\/comments?post=3380"}],"version-history":[{"count":0,"href":"https:\/\/igfgas.se\/en\/wp-json\/wp\/v2\/pages\/3380\/revisions"}],"up":[{"embeddable":true,"href":"https:\/\/igfgas.se\/en\/wp-json\/wp\/v2\/pages\/3418"}],"wp:featuredmedia":[{"embeddable":true,"href":"https:\/\/igfgas.se\/en\/wp-json\/wp\/v2\/media\/3326"}],"wp:attachment":[{"href":"https:\/\/igfgas.se\/en\/wp-json\/wp\/v2\/media?parent=3380"}],"curies":[{"name":"wp","href":"https:\/\/api.w.org\/{rel}","templated":true}]}}