{"id":3382,"date":"2023-04-03T14:43:54","date_gmt":"2023-04-03T12:43:54","guid":{"rendered":"https:\/\/igfgas1stg.wpenginepowered.com\/rotkammare\/"},"modified":"2024-09-16T15:19:48","modified_gmt":"2024-09-16T13:19:48","slug":"sludge-digester","status":"publish","type":"page","link":"https:\/\/igfgas.se\/en\/products\/sludge-digester\/","title":{"rendered":"Digesters and tanks"},"content":{"rendered":"<p>[et_pb_section fb_built=&#8221;1&#8243; module_class=&#8221;pa-custom-background-mask&#8221; _builder_version=&#8221;4.24.2&#8243; _module_preset=&#8221;default&#8221; background_image=&#8221;https:\/\/igfgas.se\/wp-content\/uploads\/2024\/03\/hero_rotkammare.jpg&#8221; background_enable_video_mp4=&#8221;off&#8221; background_enable_mask_style=&#8221;on&#8221; global_colors_info=&#8221;{}&#8221;][et_pb_row column_structure=&#8221;2_3,1_3&#8243; _builder_version=&#8221;4.24.2&#8243; _module_preset=&#8221;default&#8221; global_colors_info=&#8221;{}&#8221;][et_pb_column type=&#8221;2_3&#8243; _builder_version=&#8221;4.24.2&#8243; _module_preset=&#8221;default&#8221; global_colors_info=&#8221;{}&#8221;][et_pb_text _builder_version=&#8221;4.24.2&#8243; _module_preset=&#8221;default&#8221; background_layout=&#8221;dark&#8221; global_colors_info=&#8221;{}&#8221;]<\/p>\n<h1>Effective biogas production starts here<\/h1>\n<p>At IGF Biogas, we have a deep understanding of the importance of high-quality and efficient digesters in the process of biogas production. With our extensive experience in operating biogas facilities, we advocate for the use of digesters made of glass-lined steel plates. This choice of material ensures high quality, long lifespan, and optimal operating conditions for biogas production.[\/et_pb_text][\/et_pb_column][et_pb_column type=&#8221;1_3&#8243; _builder_version=&#8221;4.24.2&#8243; _module_preset=&#8221;default&#8221; z_index=&#8221;1&#8243; sticky_position=&#8221;top&#8221; sticky_position_tablet=&#8221;top&#8221; sticky_position_phone=&#8221;none&#8221; sticky_position_last_edited=&#8221;on|phone&#8221; global_colors_info=&#8221;{}&#8221;][et_pb_team_member name=&#8221;Magnus Cedfalck&#8221; position=&#8221;Selling Products&#8221; image_url=&#8221;https:\/\/igfgas.se\/wp-content\/uploads\/2024\/04\/magnus-cedfalck.jpg&#8221; admin_label=&#8221;CTA &#8211; Magnus Cedfalck&#8221; module_class=&#8221;kontaktperson&#8221; _builder_version=&#8221;4.25.0&#8243; _module_preset=&#8221;default&#8221; header_text_color=&#8221;#FFFFFF&#8221; header_font_size=&#8221;30px&#8221; body_text_color=&#8221;#FFFFFF&#8221; position_text_align=&#8221;center&#8221; position_text_color=&#8221;#FFFFFF&#8221; background_enable_color=&#8221;off&#8221; vertical_offset=&#8221;100px&#8221; horizontal_offset=&#8221;10%&#8221; text_orientation=&#8221;center&#8221; custom_padding=&#8221;20px|20px|20px|20px|false|false&#8221; global_module=&#8221;3665&#8243; saved_tabs=&#8221;all&#8221; locked=&#8221;off&#8221; global_colors_info=&#8221;{}&#8221;]<\/p>\n<p><img decoding=\"async\" src=\"https:\/\/igfgas.se\/wp-content\/uploads\/2024\/03\/phone.svg\" width=\"15\" \/> +46 (0)13-991 32 15<br \/>\n<img decoding=\"async\" src=\"https:\/\/igfgas.se\/wp-content\/uploads\/2024\/03\/mail.svg\" width=\"15\" \/> <a href=\"mailto:magnus.cedfalck@igfgas.se\">magnus.cedfalck@igfgas.se<\/a><\/p>\n<p>[\/et_pb_team_member][\/et_pb_column][\/et_pb_row][\/et_pb_section][et_pb_section fb_built=&#8221;1&#8243; admin_label=&#8221;section&#8221; _builder_version=&#8221;4.16&#8243; global_colors_info=&#8221;{}&#8221;][et_pb_row column_structure=&#8221;2_3,1_3&#8243; admin_label=&#8221;row&#8221; _builder_version=&#8221;4.16&#8243; background_size=&#8221;initial&#8221; background_position=&#8221;top_left&#8221; background_repeat=&#8221;repeat&#8221; global_colors_info=&#8221;{}&#8221;][et_pb_column type=&#8221;2_3&#8243; _builder_version=&#8221;4.16&#8243; custom_padding=&#8221;|||&#8221; global_colors_info=&#8221;{}&#8221; custom_padding__hover=&#8221;|||&#8221;][et_pb_text admin_label=&#8221;Text&#8221; _builder_version=&#8221;4.24.2&#8243; background_size=&#8221;initial&#8221; background_position=&#8221;top_left&#8221; background_repeat=&#8221;repeat&#8221; global_colors_info=&#8221;{}&#8221;]<\/p>\n<h4>Customized solutions for every facility&#8217;s needs<\/h4>\n<h2>Innovative design and technology<\/h2>\n<p>In collaboration with Neuero, we specialize in designing and delivering cost-effective solutions for digesters that meet specific needs and requirements. Our customers can choose between digesters with fixed steel roofs and top-mounted agitators, or alternatively digesters equipped with double-membrane roofs and side-mounted agitators. These configurations ensure efficient mixing and maximum gas extraction from the substrate.<\/p>\n<h2>Flexibility and customization<\/h2>\n<p>We understand that every biogas facility&#8217;s needs are unique, which is why we offer both tank delivery only and a complete equipped digester including sensor equipment and stirring system. Whether you need to upgrade an existing facility or build a new one, we can provide a solution that matches your specifications and budget.<\/p>\n<h4>More than just digesters<\/h4>\n<h2>Tanks and cisterns for every need<\/h2>\n<p>In addition to our range of digesters, we also offer a wide range of tanks and cisterns that can be used for various purposes within the biogas facility. Whether it&#8217;s storage of substrate, intermediates, or the finished biogas, we have the capacity to deliver customized solutions that meet your requirements for safety and efficiency.<\/p>\n<h4>Commitment to long-term success<\/h4>\n<h2>Reliable engines and service agreements<\/h2>\n<p>Choosing IGF Biogas means not only access to high-quality products but also assurance of reliability and operational safety. We work only with experienced and reputable suppliers to ensure that the engines and equipment we deliver generate energy efficiently for many years to come. Additionally, we offer comprehensive service agreements so that you as a customer can feel completely confident in your purchase, knowing that your facility will receive the care and maintenance it deserves.<\/p>\n<p>[\/et_pb_text][\/et_pb_column][et_pb_column type=&#8221;1_3&#8243; _builder_version=&#8221;4.16&#8243; custom_padding=&#8221;|||&#8221; global_colors_info=&#8221;{}&#8221; custom_padding__hover=&#8221;|||&#8221;][\/et_pb_column][\/et_pb_row][\/et_pb_section][et_pb_section fb_built=&#8221;1&#8243; _builder_version=&#8221;4.24.2&#8243; _module_preset=&#8221;default&#8221; background_color=&#8221;#efefef&#8221; background_image=&#8221;https:\/\/igfgas.se\/wp-content\/uploads\/2024\/03\/dekorelement-color-1.svg&#8221; background_size=&#8221;contain&#8221; background_position=&#8221;center_left&#8221; z_index=&#8221;2&#8243; global_colors_info=&#8221;{}&#8221;][et_pb_row column_structure=&#8221;1_3,1_3,1_3&#8243; _builder_version=&#8221;4.24.2&#8243; _module_preset=&#8221;default&#8221; global_colors_info=&#8221;{}&#8221;][et_pb_column type=&#8221;1_3&#8243; _builder_version=&#8221;4.24.2&#8243; _module_preset=&#8221;default&#8221; global_colors_info=&#8221;{}&#8221;][et_pb_image src=&#8221;https:\/\/igfgas.se\/wp-content\/uploads\/2024\/03\/rotkammare_01.jpg&#8221; title_text=&#8221;rotkammare_01&#8243; _builder_version=&#8221;4.24.2&#8243; _module_preset=&#8221;default&#8221; global_colors_info=&#8221;{}&#8221;][\/et_pb_image][\/et_pb_column][et_pb_column type=&#8221;1_3&#8243; _builder_version=&#8221;4.24.2&#8243; _module_preset=&#8221;default&#8221; global_colors_info=&#8221;{}&#8221;][et_pb_image src=&#8221;https:\/\/igfgas.se\/wp-content\/uploads\/2024\/03\/rotkammare_02.jpg&#8221; title_text=&#8221;rotkammare_02&#8243; _builder_version=&#8221;4.24.2&#8243; _module_preset=&#8221;default&#8221; global_colors_info=&#8221;{}&#8221;][\/et_pb_image][\/et_pb_column][et_pb_column type=&#8221;1_3&#8243; _builder_version=&#8221;4.24.2&#8243; _module_preset=&#8221;default&#8221; global_colors_info=&#8221;{}&#8221;][et_pb_image src=&#8221;https:\/\/igfgas.se\/wp-content\/uploads\/2024\/03\/rotkammare_03.jpg&#8221; title_text=&#8221;rotkammare_03&#8243; _builder_version=&#8221;4.24.2&#8243; _module_preset=&#8221;default&#8221; global_colors_info=&#8221;{}&#8221;][\/et_pb_image][\/et_pb_column][\/et_pb_row][\/et_pb_section]<\/p>\n","protected":false},"excerpt":{"rendered":"<p>Effective biogas production starts here At IGF Biogas, we have a deep understanding of the importance of high-quality and efficient digesters in the process of biogas production. With our extensive experience in operating biogas facilities, we advocate for the use of digesters made of glass-lined steel plates. This choice of material ensures high quality, long [&hellip;]<\/p>\n","protected":false},"author":8,"featured_media":3330,"parent":3418,"menu_order":0,"comment_status":"closed","ping_status":"closed","template":"","meta":{"_acf_changed":false,"_et_pb_use_builder":"on","_et_pb_old_content":"<section id=\"\" class=\"fw-main-row \"><div class=\"fw-container\"><div class=\"fw-row\"><div class=\"fw-col-xs-12 fw-col-sm-8\"><h2>Utveckla din anl\u00e4ggning<\/h2><p>Baserat p\u00e5 IGF Biogas l\u00e5nga drifterfarenhet av biogasanl\u00e4ggningar f\u00f6respr\u00e5kar vi r\u00f6tkammare i glasemaljerad st\u00e5lpl\u00e5t. Tillsammans med Neuero kan vi designa och leverera kostnadseffektiva l\u00f6sningar f\u00f6r r\u00f6tkammare med b\u00e5de fast st\u00e5ltak och toppmonterad omr\u00f6rare alternativt r\u00f6tkammare utrustad med dubbelmembrantak och sidomonterade omr\u00f6rare.<\/p><p>Beroende p\u00e5 \u00f6nskem\u00e5l kan vi leverera endast tank alternativt en komplett utrustad r\u00f6tkammare med givarutrustning och omr\u00f6rning.<\/p><p>Vi kan ocks\u00e5 erbjuda tankar och cisterner.<\/p><\/div><div class=\"fw-col-xs-12 fw-col-sm-4\"><img src=\"\/\/igfgas.se\/wp-content\/uploads\/2023\/04\/rotkammare.jpg\" alt=\"\/\/igfgas.se\/wp-content\/uploads\/2023\/04\/rotkammare.jpg\" \/><\/div><\/div><\/div><\/section><section id=\"\" class=\"fw-main-row blue \"><div class=\"fw-container\"><div class=\"fw-row\"><div class=\"fw-col-xs-12 fw-col-sm-3\"><img src=\"\/\/igfgas.se\/wp-content\/uploads\/2023\/04\/cistern.jpg\" alt=\"\/\/igfgas.se\/wp-content\/uploads\/2023\/04\/cistern.jpg\" \/><\/div><div class=\"fw-col-xs-12 fw-col-sm-3\"><img src=\"\/\/igfgas.se\/wp-content\/uploads\/2023\/04\/cister-2.jpg\" alt=\"\/\/igfgas.se\/wp-content\/uploads\/2023\/04\/cister-2.jpg\" \/><\/div><div class=\"fw-col-xs-12 fw-col-sm-3\"><img src=\"\/\/igfgas.se\/wp-content\/uploads\/2023\/04\/cister-3.jpg\" alt=\"\/\/igfgas.se\/wp-content\/uploads\/2023\/04\/cister-3.jpg\" \/><\/div><div class=\"fw-col-xs-12 fw-col-sm-3\"><img src=\"\/\/igfgas.se\/wp-content\/uploads\/2023\/04\/cister-5.jpg\" alt=\"\/\/igfgas.se\/wp-content\/uploads\/2023\/04\/cister-5.jpg\" \/><\/div><\/div><\/div><\/section><p><!-- ed511af767a5dfc2ecb01f4e31dee295 --><\/p>","_et_gb_content_width":"","inline_featured_image":false,"footnotes":""},"class_list":["post-3382","page","type-page","status-publish","has-post-thumbnail","hentry"],"acf":[],"yoast_head":"<!-- This site is optimized with the Yoast SEO plugin v27.3 - https:\/\/yoast.com\/product\/yoast-seo-wordpress\/ -->\n<title>Digesters and Tanks for Biogas Processing \u2013 IGF Biogas<\/title>\n<meta name=\"description\" content=\"Digesters and tanks designed for efficient biogas production and processing. Develop your facility today.\" \/>\n<meta name=\"robots\" content=\"index, follow, max-snippet:-1, max-image-preview:large, max-video-preview:-1\" \/>\n<link rel=\"canonical\" href=\"https:\/\/igfgas.se\/en\/products\/sludge-digester\/\" \/>\n<meta property=\"og:locale\" content=\"en_US\" \/>\n<meta property=\"og:type\" content=\"article\" \/>\n<meta property=\"og:title\" content=\"Digesters and Tanks for Biogas Processing \u2013 IGF Biogas\" \/>\n<meta property=\"og:description\" content=\"Digesters and tanks designed for efficient biogas production and processing. Develop your facility today.\" \/>\n<meta property=\"og:url\" content=\"https:\/\/igfgas.se\/en\/products\/sludge-digester\/\" \/>\n<meta property=\"og:site_name\" content=\"IGF Biogas\" \/>\n<meta property=\"article:modified_time\" content=\"2024-09-16T13:19:48+00:00\" \/>\n<meta property=\"og:image\" content=\"https:\/\/igfgas.se\/wp-content\/uploads\/2024\/03\/hero_rotkammare.jpg\" \/>\n\t<meta property=\"og:image:width\" content=\"2000\" \/>\n\t<meta property=\"og:image:height\" content=\"2000\" \/>\n\t<meta property=\"og:image:type\" content=\"image\/jpeg\" \/>\n<meta name=\"twitter:card\" content=\"summary_large_image\" \/>\n<meta name=\"twitter:label1\" content=\"Est. reading time\" \/>\n\t<meta name=\"twitter:data1\" content=\"3 minutes\" \/>\n<script type=\"application\/ld+json\" class=\"yoast-schema-graph\">{\"@context\":\"https:\\\/\\\/schema.org\",\"@graph\":[{\"@type\":\"WebPage\",\"@id\":\"https:\\\/\\\/igfgas.se\\\/en\\\/products\\\/sludge-digester\\\/\",\"url\":\"https:\\\/\\\/igfgas.se\\\/en\\\/products\\\/sludge-digester\\\/\",\"name\":\"Digesters and Tanks for Biogas Processing \u2013 IGF Biogas\",\"isPartOf\":{\"@id\":\"https:\\\/\\\/igfgas.se\\\/en\\\/#website\"},\"primaryImageOfPage\":{\"@id\":\"https:\\\/\\\/igfgas.se\\\/en\\\/products\\\/sludge-digester\\\/#primaryimage\"},\"image\":{\"@id\":\"https:\\\/\\\/igfgas.se\\\/en\\\/products\\\/sludge-digester\\\/#primaryimage\"},\"thumbnailUrl\":\"https:\\\/\\\/igfgas.se\\\/wp-content\\\/uploads\\\/2024\\\/03\\\/hero_rotkammare.jpg\",\"datePublished\":\"2023-04-03T12:43:54+00:00\",\"dateModified\":\"2024-09-16T13:19:48+00:00\",\"description\":\"Digesters and tanks designed for efficient biogas production and processing. Develop your facility today.\",\"breadcrumb\":{\"@id\":\"https:\\\/\\\/igfgas.se\\\/en\\\/products\\\/sludge-digester\\\/#breadcrumb\"},\"inLanguage\":\"en-US\",\"potentialAction\":[{\"@type\":\"ReadAction\",\"target\":[\"https:\\\/\\\/igfgas.se\\\/en\\\/products\\\/sludge-digester\\\/\"]}]},{\"@type\":\"ImageObject\",\"inLanguage\":\"en-US\",\"@id\":\"https:\\\/\\\/igfgas.se\\\/en\\\/products\\\/sludge-digester\\\/#primaryimage\",\"url\":\"https:\\\/\\\/igfgas.se\\\/wp-content\\\/uploads\\\/2024\\\/03\\\/hero_rotkammare.jpg\",\"contentUrl\":\"https:\\\/\\\/igfgas.se\\\/wp-content\\\/uploads\\\/2024\\\/03\\\/hero_rotkammare.jpg\",\"width\":2000,\"height\":2000},{\"@type\":\"BreadcrumbList\",\"@id\":\"https:\\\/\\\/igfgas.se\\\/en\\\/products\\\/sludge-digester\\\/#breadcrumb\",\"itemListElement\":[{\"@type\":\"ListItem\",\"position\":1,\"name\":\"Hem\",\"item\":\"https:\\\/\\\/igfgas.se\\\/en\\\/\"},{\"@type\":\"ListItem\",\"position\":2,\"name\":\"Biogas products\",\"item\":\"https:\\\/\\\/igfgas.se\\\/en\\\/products\\\/\"},{\"@type\":\"ListItem\",\"position\":3,\"name\":\"Digesters and tanks\"}]},{\"@type\":\"WebSite\",\"@id\":\"https:\\\/\\\/igfgas.se\\\/en\\\/#website\",\"url\":\"https:\\\/\\\/igfgas.se\\\/en\\\/\",\"name\":\"IGF Biogas\",\"description\":\"Ledande inom biogasteknik sedan 1930\",\"potentialAction\":[{\"@type\":\"SearchAction\",\"target\":{\"@type\":\"EntryPoint\",\"urlTemplate\":\"https:\\\/\\\/igfgas.se\\\/en\\\/?s={search_term_string}\"},\"query-input\":{\"@type\":\"PropertyValueSpecification\",\"valueRequired\":true,\"valueName\":\"search_term_string\"}}],\"inLanguage\":\"en-US\"}]}<\/script>\n<!-- \/ Yoast SEO plugin. -->","yoast_head_json":{"title":"Digesters and Tanks for Biogas Processing \u2013 IGF Biogas","description":"Digesters and tanks designed for efficient biogas production and processing. Develop your facility today.","robots":{"index":"index","follow":"follow","max-snippet":"max-snippet:-1","max-image-preview":"max-image-preview:large","max-video-preview":"max-video-preview:-1"},"canonical":"https:\/\/igfgas.se\/en\/products\/sludge-digester\/","og_locale":"en_US","og_type":"article","og_title":"Digesters and Tanks for Biogas Processing \u2013 IGF Biogas","og_description":"Digesters and tanks designed for efficient biogas production and processing. Develop your facility today.","og_url":"https:\/\/igfgas.se\/en\/products\/sludge-digester\/","og_site_name":"IGF Biogas","article_modified_time":"2024-09-16T13:19:48+00:00","og_image":[{"width":2000,"height":2000,"url":"https:\/\/igfgas.se\/wp-content\/uploads\/2024\/03\/hero_rotkammare.jpg","type":"image\/jpeg"}],"twitter_card":"summary_large_image","twitter_misc":{"Est. reading time":"3 minutes"},"schema":{"@context":"https:\/\/schema.org","@graph":[{"@type":"WebPage","@id":"https:\/\/igfgas.se\/en\/products\/sludge-digester\/","url":"https:\/\/igfgas.se\/en\/products\/sludge-digester\/","name":"Digesters and Tanks for Biogas Processing \u2013 IGF Biogas","isPartOf":{"@id":"https:\/\/igfgas.se\/en\/#website"},"primaryImageOfPage":{"@id":"https:\/\/igfgas.se\/en\/products\/sludge-digester\/#primaryimage"},"image":{"@id":"https:\/\/igfgas.se\/en\/products\/sludge-digester\/#primaryimage"},"thumbnailUrl":"https:\/\/igfgas.se\/wp-content\/uploads\/2024\/03\/hero_rotkammare.jpg","datePublished":"2023-04-03T12:43:54+00:00","dateModified":"2024-09-16T13:19:48+00:00","description":"Digesters and tanks designed for efficient biogas production and processing. Develop your facility today.","breadcrumb":{"@id":"https:\/\/igfgas.se\/en\/products\/sludge-digester\/#breadcrumb"},"inLanguage":"en-US","potentialAction":[{"@type":"ReadAction","target":["https:\/\/igfgas.se\/en\/products\/sludge-digester\/"]}]},{"@type":"ImageObject","inLanguage":"en-US","@id":"https:\/\/igfgas.se\/en\/products\/sludge-digester\/#primaryimage","url":"https:\/\/igfgas.se\/wp-content\/uploads\/2024\/03\/hero_rotkammare.jpg","contentUrl":"https:\/\/igfgas.se\/wp-content\/uploads\/2024\/03\/hero_rotkammare.jpg","width":2000,"height":2000},{"@type":"BreadcrumbList","@id":"https:\/\/igfgas.se\/en\/products\/sludge-digester\/#breadcrumb","itemListElement":[{"@type":"ListItem","position":1,"name":"Hem","item":"https:\/\/igfgas.se\/en\/"},{"@type":"ListItem","position":2,"name":"Biogas products","item":"https:\/\/igfgas.se\/en\/products\/"},{"@type":"ListItem","position":3,"name":"Digesters and tanks"}]},{"@type":"WebSite","@id":"https:\/\/igfgas.se\/en\/#website","url":"https:\/\/igfgas.se\/en\/","name":"IGF Biogas","description":"Ledande inom biogasteknik sedan 1930","potentialAction":[{"@type":"SearchAction","target":{"@type":"EntryPoint","urlTemplate":"https:\/\/igfgas.se\/en\/?s={search_term_string}"},"query-input":{"@type":"PropertyValueSpecification","valueRequired":true,"valueName":"search_term_string"}}],"inLanguage":"en-US"}]}},"_links":{"self":[{"href":"https:\/\/igfgas.se\/en\/wp-json\/wp\/v2\/pages\/3382","targetHints":{"allow":["GET"]}}],"collection":[{"href":"https:\/\/igfgas.se\/en\/wp-json\/wp\/v2\/pages"}],"about":[{"href":"https:\/\/igfgas.se\/en\/wp-json\/wp\/v2\/types\/page"}],"author":[{"embeddable":true,"href":"https:\/\/igfgas.se\/en\/wp-json\/wp\/v2\/users\/8"}],"replies":[{"embeddable":true,"href":"https:\/\/igfgas.se\/en\/wp-json\/wp\/v2\/comments?post=3382"}],"version-history":[{"count":0,"href":"https:\/\/igfgas.se\/en\/wp-json\/wp\/v2\/pages\/3382\/revisions"}],"up":[{"embeddable":true,"href":"https:\/\/igfgas.se\/en\/wp-json\/wp\/v2\/pages\/3418"}],"wp:featuredmedia":[{"embeddable":true,"href":"https:\/\/igfgas.se\/en\/wp-json\/wp\/v2\/media\/3330"}],"wp:attachment":[{"href":"https:\/\/igfgas.se\/en\/wp-json\/wp\/v2\/media?parent=3382"}],"curies":[{"name":"wp","href":"https:\/\/api.w.org\/{rel}","templated":true}]}}