{"id":3384,"date":"2023-05-25T09:51:29","date_gmt":"2023-05-25T07:51:29","guid":{"rendered":"https:\/\/igfgas1stg.wpenginepowered.com\/varmevaxlare-och-hygieniseringstankar\/"},"modified":"2024-09-16T15:19:52","modified_gmt":"2024-09-16T13:19:52","slug":"heat-exchangers-and-sanitization-tanks","status":"publish","type":"page","link":"https:\/\/igfgas.se\/en\/products\/heat-exchangers-and-sanitization-tanks\/","title":{"rendered":"Heat exchangers and sanitization tanks"},"content":{"rendered":"<p>[et_pb_section fb_built=&#8221;1&#8243; module_class=&#8221;pa-custom-background-mask&#8221; _builder_version=&#8221;4.24.2&#8243; _module_preset=&#8221;default&#8221; background_image=&#8221;https:\/\/igfgas.se\/wp-content\/uploads\/2024\/03\/hero_varmevaxlare.jpg&#8221; background_enable_video_mp4=&#8221;off&#8221; background_enable_mask_style=&#8221;on&#8221; global_colors_info=&#8221;{}&#8221;][et_pb_row column_structure=&#8221;2_3,1_3&#8243; _builder_version=&#8221;4.24.2&#8243; _module_preset=&#8221;default&#8221; global_colors_info=&#8221;{}&#8221;][et_pb_column type=&#8221;2_3&#8243; _builder_version=&#8221;4.24.2&#8243; _module_preset=&#8221;default&#8221; global_colors_info=&#8221;{}&#8221;][et_pb_text _builder_version=&#8221;4.24.2&#8243; _module_preset=&#8221;default&#8221; background_layout=&#8221;dark&#8221; global_colors_info=&#8221;{}&#8221;]<\/p>\n<h1>Maximum Efficiency and Safety<\/h1>\n<p>At IGF Biogas, we specialize in delivering solutions that not only streamline biogas production but also ensure that the process meets all environmental and safety standards. Our range of tubular heat exchangers and sanitization tanks is designed to meet these requirements by enhancing energy efficiency and ensuring that the digestate is safe and free from pathogens.<\/p>\n<p>[\/et_pb_text][\/et_pb_column][et_pb_column type=&#8221;1_3&#8243; _builder_version=&#8221;4.24.2&#8243; _module_preset=&#8221;default&#8221; z_index=&#8221;1&#8243; sticky_position=&#8221;top&#8221; sticky_position_tablet=&#8221;top&#8221; sticky_position_phone=&#8221;none&#8221; sticky_position_last_edited=&#8221;on|phone&#8221; global_colors_info=&#8221;{}&#8221;][et_pb_team_member name=&#8221;Magnus Cedfalck&#8221; position=&#8221;Selling Products&#8221; image_url=&#8221;https:\/\/igfgas.se\/wp-content\/uploads\/2024\/04\/magnus-cedfalck.jpg&#8221; admin_label=&#8221;CTA &#8211; Magnus Cedfalck&#8221; module_class=&#8221;kontaktperson&#8221; _builder_version=&#8221;4.25.0&#8243; _module_preset=&#8221;default&#8221; header_text_color=&#8221;#FFFFFF&#8221; header_font_size=&#8221;30px&#8221; body_text_color=&#8221;#FFFFFF&#8221; position_text_align=&#8221;center&#8221; position_text_color=&#8221;#FFFFFF&#8221; background_enable_color=&#8221;off&#8221; vertical_offset=&#8221;100px&#8221; horizontal_offset=&#8221;10%&#8221; text_orientation=&#8221;center&#8221; custom_padding=&#8221;20px|20px|20px|20px|false|false&#8221; global_module=&#8221;3665&#8243; saved_tabs=&#8221;all&#8221; locked=&#8221;off&#8221; global_colors_info=&#8221;{}&#8221;]<\/p>\n<p><img decoding=\"async\" src=\"https:\/\/igfgas.se\/wp-content\/uploads\/2024\/03\/phone.svg\" width=\"15\" \/> +46 (0)13-991 32 15<br \/>\n<img decoding=\"async\" src=\"https:\/\/igfgas.se\/wp-content\/uploads\/2024\/03\/mail.svg\" width=\"15\" \/> <a href=\"mailto:magnus.cedfalck@igfgas.se\">magnus.cedfalck@igfgas.se<\/a><\/p>\n<p>[\/et_pb_team_member][\/et_pb_column][\/et_pb_row][\/et_pb_section][et_pb_section fb_built=&#8221;1&#8243; admin_label=&#8221;section&#8221; _builder_version=&#8221;4.16&#8243; global_colors_info=&#8221;{}&#8221;][et_pb_row column_structure=&#8221;2_3,1_3&#8243; admin_label=&#8221;row&#8221; _builder_version=&#8221;4.16&#8243; background_size=&#8221;initial&#8221; background_position=&#8221;top_left&#8221; background_repeat=&#8221;repeat&#8221; global_colors_info=&#8221;{}&#8221;][et_pb_column type=&#8221;2_3&#8243; _builder_version=&#8221;4.16&#8243; custom_padding=&#8221;|||&#8221; global_colors_info=&#8221;{}&#8221; custom_padding__hover=&#8221;|||&#8221;][et_pb_text admin_label=&#8221;Text&#8221; _builder_version=&#8221;4.24.2&#8243; background_size=&#8221;initial&#8221; background_position=&#8221;top_left&#8221; background_repeat=&#8221;repeat&#8221; global_colors_info=&#8221;{}&#8221;]<\/p>\n<h4>Efficient Heat Recovery with Tubular Heat Exchangers<\/h4>\n<h2>Optimization through Preheating and Cooling<\/h2>\n<p>Our tubular heat exchangers are designed to recover heat by preheating incoming substrate and cooling the outgoing digestate. This process allows for a significant reduction in the heating requirements for the incoming feedstock, by up to 25% annually. By reusing thermal energy within the system, we can help biogas plants reduce their energy consumption and increase overall efficiency and profitability.<\/p>\n<h4>Sanitization Tanks for Safe Digestate<\/h4>\n<h2>Guaranteed Safety for Various Substrates<\/h2>\n<p>For biogas plants processing multiple types of substrates, including animal by-products, it&#8217;s crucial to ensure that the produced digestate is free from harmful microorganisms. Our sanitization tanks are designed to meet these needs by effectively eliminating pathogens and ensuring that the digestate is safe for agricultural use. By integrating these systems into your facility, you can ensure compliance with all applicable regulations and standards for digestate treatment.<\/p>\n<h4>Customized Solutions for Every Facility<\/h4>\n<h2>Expertise to Meet Your Specific Needs<\/h2>\n<p>At IGF Biogas, we understand that every biogas plant has its own unique challenges and requirements. That&#8217;s why we offer customized solutions tailored to your specific circumstances. Whether it&#8217;s selecting the most suitable heat exchanger or designing a sanitization system that effectively treats your specific substrates, our team is ready to provide expertise and support.<\/p>\n<p>[\/et_pb_text][\/et_pb_column][et_pb_column type=&#8221;1_3&#8243; _builder_version=&#8221;4.16&#8243; custom_padding=&#8221;|||&#8221; global_colors_info=&#8221;{}&#8221; custom_padding__hover=&#8221;|||&#8221;][\/et_pb_column][\/et_pb_row][\/et_pb_section]<\/p>\n","protected":false},"excerpt":{"rendered":"<p>Maximum Efficiency and Safety At IGF Biogas, we specialize in delivering solutions that not only streamline biogas production but also ensure that the process meets all environmental and safety standards. Our range of tubular heat exchangers and sanitization tanks is designed to meet these requirements by enhancing energy efficiency and ensuring that the digestate is [&hellip;]<\/p>\n","protected":false},"author":8,"featured_media":3334,"parent":3418,"menu_order":0,"comment_status":"closed","ping_status":"closed","template":"","meta":{"_acf_changed":false,"_et_pb_use_builder":"on","_et_pb_old_content":"<section id=\"\" class=\"fw-main-row \"><div class=\"fw-container\"><div class=\"fw-row\"><div class=\"fw-col-xs-12 fw-col-sm-8\"><h2>V\u00e4rme\u00e5tervinning f\u00f6r l\u00e4gre\u00a0 energikostnad<\/h2><p>Vi kan erbjuda tubv\u00e4rmev\u00e4xlare f\u00f6r v\u00e4rme\u00e5tervinning genom f\u00f6rv\u00e4rmning av inkommande substrat samt nedkylning av utg\u00e5ende biog\u00f6dsel. V\u00e4rme\u00e5tervinningen minskar uppv\u00e4rmningsbehovet f\u00f6r inkommande g\u00f6dsel med ungef\u00e4r 25% p\u00e5 \u00e5rsbasis.<\/p><p>I de fall det finns behov av ett hygieniseringssystem f\u00f6r biogasanl\u00e4ggningar som behandlar flera olika typer av substrat eller r\u00f6tar animaliska biprodukter s\u00e5 kan vi leverera utrustning f\u00f6r detta.<\/p><\/div><div class=\"fw-col-xs-12 fw-col-sm-4\"><img src=\"\/\/igfgas.se\/wp-content\/uploads\/2023\/05\/varmevaxlare-hygieniseringstankar.jpg\" alt=\"\/\/igfgas.se\/wp-content\/uploads\/2023\/05\/varmevaxlare-hygieniseringstankar.jpg\" \/><\/div><\/div><\/div><\/section><section id=\"\" class=\"fw-main-row blue \"><div class=\"fw-container\"><div class=\"fw-row\"><div class=\"fw-col-xs-12 fw-col-sm-3\"><img src=\"\/\/igfgas.se\/wp-content\/uploads\/2023\/05\/varmevaxlare.jpg\" alt=\"\/\/igfgas.se\/wp-content\/uploads\/2023\/05\/varmevaxlare.jpg\" \/><\/div><div class=\"fw-col-xs-12 fw-col-sm-3\">\u00a0<\/div><div class=\"fw-col-xs-12 fw-col-sm-3\">\u00a0<\/div><div class=\"fw-col-xs-12 fw-col-sm-3\">\u00a0<\/div><\/div><\/div><\/section><p><!-- 041d64ef6b516b9dad7d4bdb5832dfd6 --><\/p>","_et_gb_content_width":"","inline_featured_image":false,"footnotes":""},"class_list":["post-3384","page","type-page","status-publish","has-post-thumbnail","hentry"],"acf":[],"yoast_head":"<!-- This site is optimized with the Yoast SEO plugin v27.3 - https:\/\/yoast.com\/product\/yoast-seo-wordpress\/ -->\n<title>Heat Exchangers and Hygienization Tanks for Biogas \u2013 IGF Biogas<\/title>\n<meta name=\"description\" content=\"Optimize your biogas production with our heat exchangers and hygienization tanks. Heat recovery for lower energy costs.\" \/>\n<meta name=\"robots\" content=\"index, follow, max-snippet:-1, max-image-preview:large, max-video-preview:-1\" \/>\n<link rel=\"canonical\" href=\"https:\/\/igfgas.se\/en\/products\/heat-exchangers-and-sanitization-tanks\/\" \/>\n<meta property=\"og:locale\" content=\"en_US\" \/>\n<meta property=\"og:type\" content=\"article\" \/>\n<meta property=\"og:title\" content=\"Heat Exchangers and Hygienization Tanks for Biogas \u2013 IGF Biogas\" \/>\n<meta property=\"og:description\" content=\"Optimize your biogas production with our heat exchangers and hygienization tanks. Heat recovery for lower energy costs.\" \/>\n<meta property=\"og:url\" content=\"https:\/\/igfgas.se\/en\/products\/heat-exchangers-and-sanitization-tanks\/\" \/>\n<meta property=\"og:site_name\" content=\"IGF Biogas\" \/>\n<meta property=\"article:modified_time\" content=\"2024-09-16T13:19:52+00:00\" \/>\n<meta property=\"og:image\" content=\"https:\/\/igfgas.se\/wp-content\/uploads\/2024\/03\/hero_varmevaxlare.jpg\" \/>\n\t<meta property=\"og:image:width\" content=\"1920\" \/>\n\t<meta property=\"og:image:height\" content=\"1920\" \/>\n\t<meta property=\"og:image:type\" content=\"image\/jpeg\" \/>\n<meta name=\"twitter:card\" content=\"summary_large_image\" \/>\n<meta name=\"twitter:label1\" content=\"Est. reading time\" \/>\n\t<meta name=\"twitter:data1\" content=\"3 minutes\" \/>\n<script type=\"application\/ld+json\" class=\"yoast-schema-graph\">{\"@context\":\"https:\\\/\\\/schema.org\",\"@graph\":[{\"@type\":\"WebPage\",\"@id\":\"https:\\\/\\\/igfgas.se\\\/en\\\/products\\\/heat-exchangers-and-sanitization-tanks\\\/\",\"url\":\"https:\\\/\\\/igfgas.se\\\/en\\\/products\\\/heat-exchangers-and-sanitization-tanks\\\/\",\"name\":\"Heat Exchangers and Hygienization Tanks for Biogas \u2013 IGF Biogas\",\"isPartOf\":{\"@id\":\"https:\\\/\\\/igfgas.se\\\/en\\\/#website\"},\"primaryImageOfPage\":{\"@id\":\"https:\\\/\\\/igfgas.se\\\/en\\\/products\\\/heat-exchangers-and-sanitization-tanks\\\/#primaryimage\"},\"image\":{\"@id\":\"https:\\\/\\\/igfgas.se\\\/en\\\/products\\\/heat-exchangers-and-sanitization-tanks\\\/#primaryimage\"},\"thumbnailUrl\":\"https:\\\/\\\/igfgas.se\\\/wp-content\\\/uploads\\\/2024\\\/03\\\/hero_varmevaxlare.jpg\",\"datePublished\":\"2023-05-25T07:51:29+00:00\",\"dateModified\":\"2024-09-16T13:19:52+00:00\",\"description\":\"Optimize your biogas production with our heat exchangers and hygienization tanks. Heat recovery for lower energy costs.\",\"breadcrumb\":{\"@id\":\"https:\\\/\\\/igfgas.se\\\/en\\\/products\\\/heat-exchangers-and-sanitization-tanks\\\/#breadcrumb\"},\"inLanguage\":\"en-US\",\"potentialAction\":[{\"@type\":\"ReadAction\",\"target\":[\"https:\\\/\\\/igfgas.se\\\/en\\\/products\\\/heat-exchangers-and-sanitization-tanks\\\/\"]}]},{\"@type\":\"ImageObject\",\"inLanguage\":\"en-US\",\"@id\":\"https:\\\/\\\/igfgas.se\\\/en\\\/products\\\/heat-exchangers-and-sanitization-tanks\\\/#primaryimage\",\"url\":\"https:\\\/\\\/igfgas.se\\\/wp-content\\\/uploads\\\/2024\\\/03\\\/hero_varmevaxlare.jpg\",\"contentUrl\":\"https:\\\/\\\/igfgas.se\\\/wp-content\\\/uploads\\\/2024\\\/03\\\/hero_varmevaxlare.jpg\",\"width\":1920,\"height\":1920},{\"@type\":\"BreadcrumbList\",\"@id\":\"https:\\\/\\\/igfgas.se\\\/en\\\/products\\\/heat-exchangers-and-sanitization-tanks\\\/#breadcrumb\",\"itemListElement\":[{\"@type\":\"ListItem\",\"position\":1,\"name\":\"Hem\",\"item\":\"https:\\\/\\\/igfgas.se\\\/en\\\/\"},{\"@type\":\"ListItem\",\"position\":2,\"name\":\"Biogas products\",\"item\":\"https:\\\/\\\/igfgas.se\\\/en\\\/products\\\/\"},{\"@type\":\"ListItem\",\"position\":3,\"name\":\"Heat exchangers and sanitization tanks\"}]},{\"@type\":\"WebSite\",\"@id\":\"https:\\\/\\\/igfgas.se\\\/en\\\/#website\",\"url\":\"https:\\\/\\\/igfgas.se\\\/en\\\/\",\"name\":\"IGF Biogas\",\"description\":\"Ledande inom biogasteknik sedan 1930\",\"potentialAction\":[{\"@type\":\"SearchAction\",\"target\":{\"@type\":\"EntryPoint\",\"urlTemplate\":\"https:\\\/\\\/igfgas.se\\\/en\\\/?s={search_term_string}\"},\"query-input\":{\"@type\":\"PropertyValueSpecification\",\"valueRequired\":true,\"valueName\":\"search_term_string\"}}],\"inLanguage\":\"en-US\"}]}<\/script>\n<!-- \/ Yoast SEO plugin. -->","yoast_head_json":{"title":"Heat Exchangers and Hygienization Tanks for Biogas \u2013 IGF Biogas","description":"Optimize your biogas production with our heat exchangers and hygienization tanks. Heat recovery for lower energy costs.","robots":{"index":"index","follow":"follow","max-snippet":"max-snippet:-1","max-image-preview":"max-image-preview:large","max-video-preview":"max-video-preview:-1"},"canonical":"https:\/\/igfgas.se\/en\/products\/heat-exchangers-and-sanitization-tanks\/","og_locale":"en_US","og_type":"article","og_title":"Heat Exchangers and Hygienization Tanks for Biogas \u2013 IGF Biogas","og_description":"Optimize your biogas production with our heat exchangers and hygienization tanks. Heat recovery for lower energy costs.","og_url":"https:\/\/igfgas.se\/en\/products\/heat-exchangers-and-sanitization-tanks\/","og_site_name":"IGF Biogas","article_modified_time":"2024-09-16T13:19:52+00:00","og_image":[{"width":1920,"height":1920,"url":"https:\/\/igfgas.se\/wp-content\/uploads\/2024\/03\/hero_varmevaxlare.jpg","type":"image\/jpeg"}],"twitter_card":"summary_large_image","twitter_misc":{"Est. reading time":"3 minutes"},"schema":{"@context":"https:\/\/schema.org","@graph":[{"@type":"WebPage","@id":"https:\/\/igfgas.se\/en\/products\/heat-exchangers-and-sanitization-tanks\/","url":"https:\/\/igfgas.se\/en\/products\/heat-exchangers-and-sanitization-tanks\/","name":"Heat Exchangers and Hygienization Tanks for Biogas \u2013 IGF Biogas","isPartOf":{"@id":"https:\/\/igfgas.se\/en\/#website"},"primaryImageOfPage":{"@id":"https:\/\/igfgas.se\/en\/products\/heat-exchangers-and-sanitization-tanks\/#primaryimage"},"image":{"@id":"https:\/\/igfgas.se\/en\/products\/heat-exchangers-and-sanitization-tanks\/#primaryimage"},"thumbnailUrl":"https:\/\/igfgas.se\/wp-content\/uploads\/2024\/03\/hero_varmevaxlare.jpg","datePublished":"2023-05-25T07:51:29+00:00","dateModified":"2024-09-16T13:19:52+00:00","description":"Optimize your biogas production with our heat exchangers and hygienization tanks. Heat recovery for lower energy costs.","breadcrumb":{"@id":"https:\/\/igfgas.se\/en\/products\/heat-exchangers-and-sanitization-tanks\/#breadcrumb"},"inLanguage":"en-US","potentialAction":[{"@type":"ReadAction","target":["https:\/\/igfgas.se\/en\/products\/heat-exchangers-and-sanitization-tanks\/"]}]},{"@type":"ImageObject","inLanguage":"en-US","@id":"https:\/\/igfgas.se\/en\/products\/heat-exchangers-and-sanitization-tanks\/#primaryimage","url":"https:\/\/igfgas.se\/wp-content\/uploads\/2024\/03\/hero_varmevaxlare.jpg","contentUrl":"https:\/\/igfgas.se\/wp-content\/uploads\/2024\/03\/hero_varmevaxlare.jpg","width":1920,"height":1920},{"@type":"BreadcrumbList","@id":"https:\/\/igfgas.se\/en\/products\/heat-exchangers-and-sanitization-tanks\/#breadcrumb","itemListElement":[{"@type":"ListItem","position":1,"name":"Hem","item":"https:\/\/igfgas.se\/en\/"},{"@type":"ListItem","position":2,"name":"Biogas products","item":"https:\/\/igfgas.se\/en\/products\/"},{"@type":"ListItem","position":3,"name":"Heat exchangers and sanitization tanks"}]},{"@type":"WebSite","@id":"https:\/\/igfgas.se\/en\/#website","url":"https:\/\/igfgas.se\/en\/","name":"IGF Biogas","description":"Ledande inom biogasteknik sedan 1930","potentialAction":[{"@type":"SearchAction","target":{"@type":"EntryPoint","urlTemplate":"https:\/\/igfgas.se\/en\/?s={search_term_string}"},"query-input":{"@type":"PropertyValueSpecification","valueRequired":true,"valueName":"search_term_string"}}],"inLanguage":"en-US"}]}},"_links":{"self":[{"href":"https:\/\/igfgas.se\/en\/wp-json\/wp\/v2\/pages\/3384","targetHints":{"allow":["GET"]}}],"collection":[{"href":"https:\/\/igfgas.se\/en\/wp-json\/wp\/v2\/pages"}],"about":[{"href":"https:\/\/igfgas.se\/en\/wp-json\/wp\/v2\/types\/page"}],"author":[{"embeddable":true,"href":"https:\/\/igfgas.se\/en\/wp-json\/wp\/v2\/users\/8"}],"replies":[{"embeddable":true,"href":"https:\/\/igfgas.se\/en\/wp-json\/wp\/v2\/comments?post=3384"}],"version-history":[{"count":0,"href":"https:\/\/igfgas.se\/en\/wp-json\/wp\/v2\/pages\/3384\/revisions"}],"up":[{"embeddable":true,"href":"https:\/\/igfgas.se\/en\/wp-json\/wp\/v2\/pages\/3418"}],"wp:featuredmedia":[{"embeddable":true,"href":"https:\/\/igfgas.se\/en\/wp-json\/wp\/v2\/media\/3334"}],"wp:attachment":[{"href":"https:\/\/igfgas.se\/en\/wp-json\/wp\/v2\/media?parent=3384"}],"curies":[{"name":"wp","href":"https:\/\/api.w.org\/{rel}","templated":true}]}}