{"id":3826,"date":"2024-03-06T20:52:05","date_gmt":"2024-03-06T19:52:05","guid":{"rendered":"https:\/\/igfgas1stg.wpenginepowered.com\/biokaasulaitos\/starta-processen\/"},"modified":"2025-09-09T15:07:55","modified_gmt":"2025-09-09T13:07:55","slug":"kaynnista-prosessi","status":"publish","type":"page","link":"https:\/\/igfgas.se\/fi\/biokaasulaitos\/kaynnista-prosessi\/","title":{"rendered":"Aloita biokaasuprojektisi IGF Biogasin kanssa"},"content":{"rendered":"<p>[et_pb_section fb_built=&#8221;1&#8243; _builder_version=&#8221;4.24.2&#8243; _module_preset=&#8221;default&#8221; background_image=&#8221;https:\/\/igfgas.se\/wp-content\/uploads\/2024\/03\/header-biogas.jpg&#8221; global_colors_info=&#8221;{}&#8221;][et_pb_row column_structure=&#8221;2_3,1_3&#8243; _builder_version=&#8221;4.24.2&#8243; _module_preset=&#8221;default&#8221; global_colors_info=&#8221;{}&#8221;][et_pb_column type=&#8221;2_3&#8243; _builder_version=&#8221;4.24.2&#8243; _module_preset=&#8221;default&#8221; global_colors_info=&#8221;{}&#8221;][et_pb_text _builder_version=&#8221;4.27.4&#8243; _module_preset=&#8221;default&#8221; background_layout=&#8221;dark&#8221; global_colors_info=&#8221;{}&#8221;]<\/p>\n<h1>Oppaasi oman biokaasulaitoksen toteuttamiseen<\/h1>\n<p>Biokaasulaitoksen rakentaminen ja k\u00e4ytt\u00f6 on laaja prosessi, joka vaatii huolellista suunnittelua, asiantuntemusta ja sitoutumista. IGF Biogas toimii oppaanasi koko prosessin ajan, alkaen alkuper\u00e4isest\u00e4 suunnittelusta aina p\u00e4ivitt\u00e4iseen k\u00e4ytt\u00f6\u00f6n asti. Tavoitteenamme on tehd\u00e4 t\u00e4st\u00e4 matkasta asiakkaillemme mahdollisimman sujuva ja menestyksek\u00e4s.<\/p>\n<p>[\/et_pb_text][\/et_pb_column][et_pb_column type=&#8221;1_3&#8243; _builder_version=&#8221;4.24.2&#8243; _module_preset=&#8221;default&#8221; z_index=&#8221;1&#8243; sticky_position=&#8221;top&#8221; sticky_position_tablet=&#8221;top&#8221; sticky_position_phone=&#8221;none&#8221; sticky_position_last_edited=&#8221;on|phone&#8221; global_colors_info=&#8221;{}&#8221;][et_pb_team_member name=&#8221;Peter Sigefjord&#8221; position=&#8221;Biokaasulaitosten myynti&#8221; image_url=&#8221;https:\/\/igfgas.se\/wp-content\/uploads\/2024\/03\/peter-sigefjord.jpg&#8221; admin_label=&#8221;CTA &#8211; Peter Sigefjord&#8221; module_class=&#8221;kontaktperson&#8221; _builder_version=&#8221;4.27.4&#8243; _module_preset=&#8221;default&#8221; header_text_color=&#8221;#FFFFFF&#8221; header_font_size=&#8221;30px&#8221; body_text_color=&#8221;#FFFFFF&#8221; position_text_align=&#8221;center&#8221; position_text_color=&#8221;#FFFFFF&#8221; background_enable_color=&#8221;off&#8221; vertical_offset=&#8221;100px&#8221; horizontal_offset=&#8221;10%&#8221; text_orientation=&#8221;center&#8221; custom_padding=&#8221;20px|20px|20px|20px|false|false&#8221; saved_tabs=&#8221;all&#8221; global_colors_info=&#8221;{}&#8221; global_module=&#8221;3825&#8243; theme_builder_area=&#8221;post_content&#8221;]<\/p>\n<p><img decoding=\"async\" src=\"https:\/\/igfgas.se\/wp-content\/uploads\/2024\/03\/phone.svg\" width=\"15\" \/> 070-888 88 88<br \/><img decoding=\"async\" src=\"https:\/\/igfgas.se\/wp-content\/uploads\/2024\/03\/mail.svg\" width=\"15\" \/> <a href=\"mailto:peter.sigefjord@igfgas.se\">peter.sigefjord@igfgas.se<\/a><\/p>\n<p>[\/et_pb_team_member][\/et_pb_column][\/et_pb_row][\/et_pb_section][et_pb_section fb_built=&#8221;1&#8243; admin_label=&#8221;section&#8221; _builder_version=&#8221;4.16&#8243; global_colors_info=&#8221;{}&#8221;][et_pb_row column_structure=&#8221;2_3,1_3&#8243; admin_label=&#8221;row&#8221; _builder_version=&#8221;4.16&#8243; background_size=&#8221;initial&#8221; background_position=&#8221;top_left&#8221; background_repeat=&#8221;repeat&#8221; global_colors_info=&#8221;{}&#8221;][et_pb_column type=&#8221;2_3&#8243; _builder_version=&#8221;4.16&#8243; custom_padding=&#8221;|||&#8221; global_colors_info=&#8221;{}&#8221; custom_padding__hover=&#8221;|||&#8221;][et_pb_text admin_label=&#8221;Text&#8221; _builder_version=&#8221;4.27.4&#8243; background_size=&#8221;initial&#8221; background_position=&#8221;top_left&#8221; background_repeat=&#8221;repeat&#8221; global_colors_info=&#8221;{}&#8221;]<\/p>\n<h4>Menestyksen peruskivi<\/h4>\n<h2>Suunnittelu ja mitoitus<\/h2>\n<p>Jokainen menestyksek\u00e4s biokaasulaitos alkaa huolellisella suunnittelulla ja mitoituksella. T\u00e4ss\u00e4 vaiheessa tehd\u00e4\u00e4n perusteellinen analyysi tarpeistanne, k\u00e4ytett\u00e4viss\u00e4 olevista resursseista ja tavoitteista. Tutkimme erilaisia teknisi\u00e4 ratkaisuja ja r\u00e4\u00e4t\u00e4l\u00f6imme suunnittelun, jotta saavutetaan paras mahdollinen tehokkuus ja suorituskyky juuri teid\u00e4n toiminnassanne. Asiantuntijatiimimme ty\u00f6skentelee tiiviiss\u00e4 yhteisty\u00f6ss\u00e4 kanssanne suunnitellakseen laitoksen, joka t\u00e4ytt\u00e4\u00e4 nykyiset vaatimukset ja on valmiina mukautumaan tulevaisuuden tarpeisiin.<\/p>\n<h4>Piirustusp\u00f6yd\u00e4lt\u00e4 todellisuuteen<\/h4>\n<h2>Rakentaminen ja asennus<\/h2>\n<p>Kun suunnittelu on valmis, aloitetaan biokaasulaitoksen rakentaminen. IGF Biogas valvoo tarkasti jokaista ty\u00f6vaihetta varmistaakseen, ett\u00e4 kaikki toteutetaan suunnitelman mukaisesti ja t\u00e4ytt\u00e4\u00e4 sek\u00e4 tekniset ett\u00e4 ymp\u00e4rist\u00f6vaatimukset. Teemme yhteisty\u00f6t\u00e4 luotettavien toimittajien ja urakoitsijoiden kanssa varmistaaksemme materiaalien ja ty\u00f6n korkean laadun. Tavoitteenamme on toimittaa k\u00e4ytt\u00f6valmis laitos aikataulussa ja budjetissa.<\/p>\n<h4>Huipputehokas alusta alkaen<\/h4>\n<h2>K\u00e4ytt\u00f6\u00f6notto ja optimointi<\/h2>\n<p>Ennen laitoksen t\u00e4ysimittaista k\u00e4ytt\u00f6\u00f6nottoa suoritetaan kattava testaus ja k\u00e4ytt\u00f6\u00f6notto, jotta varmistetaan kaikkien j\u00e4rjestelmien toimivuus. IGF Biogas tarjoaa asiantuntemusta prosessien hienos\u00e4\u00e4t\u00f6\u00f6n ja biokaasun tuotannon maksimoimiseen. Tarjoamme my\u00f6s henkil\u00f6st\u00f6koulutusta, jotta laitosta voidaan k\u00e4ytt\u00e4\u00e4 ja huoltaa tehokkaasti.<\/p>\n<h4>Pitk\u00e4aikainen kumppanuus<\/h4>\n<h2>Jatkuva k\u00e4ytt\u00f6 ja huolto<\/h2>\n<p>Biokaasulaitoksen k\u00e4ytt\u00f6 on jatkuva prosessi, joka vaatii seurantaa ja sopeutumista. IGF Biogas on tukenanne my\u00f6s laitoksen k\u00e4ytt\u00f6\u00f6noton j\u00e4lkeen teknisen tuen, huoltopalveluiden ja p\u00e4ivitysten muodossa. Varmistamme, ett\u00e4 laitoksenne toimii jatkuvasti huipputasolla, ymp\u00e4rist\u00f6vaikutukset minimoiden ja taloudellisen hy\u00f6dyn maksimoiden.<\/p>\n<p>Biokaasulaitoksen perustaminen on merkitt\u00e4v\u00e4 investointi, joka tarjoaa suuria mahdollisuuksia kest\u00e4v\u00e4\u00e4n energiantuotantoon ja ymp\u00e4rist\u00f6hy\u00f6tyihin. IGF Biogasin kumppanina voitte olla varmoja koko prosessin sujuvuudesta \u2013 ideasta tehokkaaseen ja kannattavaan toimintaan. Ottakaa yhteytt\u00e4 jo t\u00e4n\u00e4\u00e4n ja ottakaa ensimm\u00e4inen askel kohti omaa biokaasulaitostanne.<\/p>\n<p>[\/et_pb_text][\/et_pb_column][et_pb_column type=&#8221;1_3&#8243; _builder_version=&#8221;4.16&#8243; custom_padding=&#8221;|||&#8221; global_colors_info=&#8221;{}&#8221; custom_padding__hover=&#8221;|||&#8221;][\/et_pb_column][\/et_pb_row][\/et_pb_section][et_pb_section fb_built=&#8221;1&#8243; disabled_on=&#8221;off|off|off&#8221; admin_label=&#8221;our facilities&#8221; _builder_version=&#8221;4.27.4&#8243; _module_preset=&#8221;default&#8221; background_color=&#8221;#efefef&#8221; background_image=&#8221;https:\/\/igfgas.se\/wp-content\/uploads\/2024\/03\/dekorelement-color-1.svg&#8221; background_size=&#8221;contain&#8221; background_position=&#8221;top_left&#8221; z_index=&#8221;9&#8243; background_last_edited=&#8221;on|desktop&#8221; background_enable_image_tablet=&#8221;off&#8221; background_enable_image_phone=&#8221;off&#8221; global_module=&#8221;3838&#8243; saved_tabs=&#8221;all&#8221; global_colors_info=&#8221;{}&#8221;][et_pb_row column_structure=&#8221;1_4,1_2,1_4&#8243; _builder_version=&#8221;4.24.2&#8243; _module_preset=&#8221;default&#8221; custom_padding=&#8221;0px||0px||false|false&#8221; global_colors_info=&#8221;{}&#8221;][et_pb_column type=&#8221;1_4&#8243; _builder_version=&#8221;4.24.2&#8243; _module_preset=&#8221;default&#8221; global_colors_info=&#8221;{}&#8221;][\/et_pb_column][et_pb_column type=&#8221;1_2&#8243; _builder_version=&#8221;4.24.2&#8243; _module_preset=&#8221;default&#8221; global_colors_info=&#8221;{}&#8221;][et_pb_text _builder_version=&#8221;4.27.4&#8243; _module_preset=&#8221;default&#8221; text_orientation=&#8221;center&#8221; global_colors_info=&#8221;{}&#8221;]<\/p>\n<h4>Biokaasulaitoksemme<\/h4>\n<h2>R\u00e4\u00e4t\u00e4l\u00f6ity kaikkiin tarpeisiin<\/h2>\n<p>IGF Biogas on erikoistunut biokaasulaitosten suunnitteluun ja toimitukseen, tarjoten laajan kokovalikoiman, joka mukautuu juuri sinun tarpeisiisi.<\/p>\n<p>[\/et_pb_text][\/et_pb_column][et_pb_column type=&#8221;1_4&#8243; _builder_version=&#8221;4.24.2&#8243; _module_preset=&#8221;default&#8221; global_colors_info=&#8221;{}&#8221;][\/et_pb_column][\/et_pb_row][et_pb_row column_structure=&#8221;1_3,1_3,1_3&#8243; make_equal=&#8221;on&#8221; _builder_version=&#8221;4.25.0&#8243; _module_preset=&#8221;default&#8221; height=&#8221;430px&#8221; height_tablet=&#8221;430px&#8221; height_phone=&#8221;auto&#8221; height_last_edited=&#8221;on|phone&#8221; global_colors_info=&#8221;{}&#8221;][et_pb_column type=&#8221;1_3&#8243; _builder_version=&#8221;4.25.0&#8243; _module_preset=&#8221;default&#8221; background_color=&#8221;#263145&#8243; background_image=&#8221;https:\/\/igfgas.se\/wp-content\/uploads\/2024\/06\/mindre-anlaggning-2024.png&#8221; background_size=&#8221;custom&#8221; background_position=&#8221;bottom_right&#8221; background_horizontal_offset=&#8221;8%&#8221; background_vertical_offset=&#8221;8%&#8221; custom_padding=&#8221;20px|20px|20px|20px|false|false&#8221; background_last_edited=&#8221;on|desktop&#8221; background_image_width_phone=&#8221;25%&#8221; custom_css_main_element=&#8221;display: flex;||flex-direction: column;&#8221; border_radii=&#8221;on|10px|10px|10px|10px&#8221; global_colors_info=&#8221;{}&#8221;][et_pb_text _builder_version=&#8221;4.27.4&#8243; _module_preset=&#8221;default&#8221; background_layout=&#8221;dark&#8221; global_colors_info=&#8221;{}&#8221;]<\/p>\n<p class=\"green\">1\u20133 GWh \/ vuosi<\/p>\n<h3>Pienet laitokset<\/h3>\n<p>Ihanteellisia pienimuotoisiin hankkeisiin, kaasumoottoreilla joiden asennettu s\u00e4hk\u00f6teho on 30\u2013100 kW.<\/p>\n<p>[\/et_pb_text][et_pb_button button_url=&#8221;#&#8221; button_text=&#8221;Lue lis\u00e4\u00e4&#8221; button_alignment=&#8221;left&#8221; module_class=&#8221;knapp-botten&#8221; _builder_version=&#8221;4.27.4&#8243; _module_preset=&#8221;default&#8221; custom_margin=&#8221;auto||||false|false&#8221; global_colors_info=&#8221;{}&#8221;][\/et_pb_button][\/et_pb_column][et_pb_column type=&#8221;1_3&#8243; _builder_version=&#8221;4.25.0&#8243; _module_preset=&#8221;default&#8221; background_color=&#8221;#263145&#8243; background_image=&#8221;https:\/\/igfgas.se\/wp-content\/uploads\/2024\/09\/Medelstora-anlaggningar.3.png&#8221; background_size=&#8221;custom&#8221; background_position=&#8221;bottom_right&#8221; background_horizontal_offset=&#8221;8%&#8221; background_vertical_offset=&#8221;8%&#8221; custom_padding=&#8221;20px|20px|20px|20px|false|false&#8221; background_last_edited=&#8221;on|desktop&#8221; background_image_tablet=&#8221;https:\/\/igfgas.se\/wp-content\/uploads\/2024\/09\/Medelstora-anlaggningar-2.png&#8221; background_enable_image_tablet=&#8221;on&#8221; background_size_phone=&#8221;custom&#8221; background_image_width_phone=&#8221;25%&#8221; custom_css_main_element=&#8221;display: flex;||flex-direction: column;&#8221; border_radii=&#8221;on|10px|10px|10px|10px&#8221; global_colors_info=&#8221;{}&#8221;][et_pb_text _builder_version=&#8221;4.27.4&#8243; _module_preset=&#8221;default&#8221; background_layout=&#8221;dark&#8221; global_colors_info=&#8221;{}&#8221;]<\/p>\n<p class=\"green\">3\u201315 GWh \/ vuosi<\/p>\n<h3>Keskikokoiset laitokset<\/h3>\n<p>T\u00e4ydellisi\u00e4 laajamittaisempaan toimintaan, mahdollistaen my\u00f6s ajoneuvopolttoaineen tuotannon.<\/p>\n<p>[\/et_pb_text][et_pb_button button_url=&#8221;#&#8221; button_text=&#8221;Lue lis\u00e4\u00e4&#8221; button_alignment=&#8221;left&#8221; _builder_version=&#8221;4.27.4&#8243; _module_preset=&#8221;default&#8221; custom_margin=&#8221;auto||||false|false&#8221; global_colors_info=&#8221;{}&#8221;][\/et_pb_button][\/et_pb_column][et_pb_column type=&#8221;1_3&#8243; _builder_version=&#8221;4.24.2&#8243; _module_preset=&#8221;default&#8221; background_color=&#8221;#263145&#8243; background_image=&#8221;https:\/\/igfgas.se\/wp-content\/uploads\/2024\/02\/Group-137.png&#8221; background_size=&#8221;initial&#8221; background_position=&#8221;bottom_right&#8221; background_horizontal_offset=&#8221;8%&#8221; background_vertical_offset=&#8221;8%&#8221; custom_padding=&#8221;20px|20px|20px|20px|false|false&#8221; background_last_edited=&#8221;on|phone&#8221; background_size_phone=&#8221;custom&#8221; background_image_width_phone=&#8221;40%&#8221; custom_css_main_element=&#8221;display: flex;||flex-direction: column;&#8221; border_radii=&#8221;on|10px|10px|10px|10px&#8221; global_colors_info=&#8221;{}&#8221;][et_pb_text _builder_version=&#8221;4.27.4&#8243; _module_preset=&#8221;default&#8221; background_layout=&#8221;dark&#8221; global_colors_info=&#8221;{}&#8221;]<\/p>\n<p class=\"green\">Jopa 40 GWh \/ vuosi<\/p>\n<h3>Yhteism\u00e4d\u00e4tys- ja teollisuuslaitokset<\/h3>\n<p>Niille, jotka tarvitsevat maksimaalista kapasiteettia ja joustavuutta sek\u00e4 kaasumoottoreille ett\u00e4 ajoneuvopolttoaineen tuotantoon.<\/p>\n<p>[\/et_pb_text][et_pb_button button_url=&#8221;#&#8221; button_text=&#8221;Lue lis\u00e4\u00e4&#8221; button_alignment=&#8221;left&#8221; module_class=&#8221;knapp-botten&#8221; _builder_version=&#8221;4.27.4&#8243; _module_preset=&#8221;default&#8221; custom_margin=&#8221;auto||||false|false&#8221; custom_padding=&#8221;||||false|false&#8221; global_colors_info=&#8221;{}&#8221;][\/et_pb_button][\/et_pb_column][\/et_pb_row][\/et_pb_section][et_pb_section fb_built=&#8221;1&#8243; admin_label=&#8221;TEDOM uppk\u00f6pta&#8221; _builder_version=&#8221;4.27.4&#8243; _module_preset=&#8221;default&#8221; background_color=&#8221;#263145&#8243; z_index=&#8221;2&#8243; global_module=&#8221;3837&#8243; saved_tabs=&#8221;all&#8221; global_colors_info=&#8221;{}&#8221;][et_pb_row column_structure=&#8221;1_2,1_2&#8243; make_equal=&#8221;on&#8221; _builder_version=&#8221;4.25.0&#8243; _module_preset=&#8221;default&#8221; global_colors_info=&#8221;{}&#8221; custom_css_main_element_last_edited=&#8221;on|desktop&#8221; custom_css_main_element_tablet=&#8221;display: flex; flex-wrap: wrap;&#8221; custom_css_main_element_phone=&#8221;display: flex; flex-wrap: wrap;&#8221;][et_pb_column type=&#8221;1_2&#8243; _builder_version=&#8221;4.25.0&#8243; _module_preset=&#8221;default&#8221; global_colors_info=&#8221;{}&#8221; custom_css_main_element_last_edited=&#8221;on|tablet&#8221; custom_css_main_element_tablet=&#8221;order:2;&#8221; custom_css_main_element_phone=&#8221;order:2;&#8221;][et_pb_text _builder_version=&#8221;4.27.4&#8243; _module_preset=&#8221;default&#8221; background_layout=&#8221;dark&#8221; global_colors_info=&#8221;{}&#8221;]<\/p>\n<p style=\"padding-bottom: 0;\"><strong>Yanmar ostaa TEDOMin<\/strong><\/p>\n<h2>CHP-ratkaisumme ovat nyt entist\u00e4 parempia!<\/h2>\n<p>TEDOM, yksi johtavista yhteistuotantoratkaisujen (CHP) toimittajista, on nyt osa Yanmaria \u2013 yht\u00e4 maailman suurimmista moottori- ja energiaj\u00e4rjestelmien valmistajista. T\u00e4m\u00e4 strateginen kumppanuus tarkoittaa, ett\u00e4 TEDOMin asiantuntemus saa tuekseen Yanmariin globaalin vahvuuden ja innovatiivisen teknologian. Meille TEDOM-tuotteiden j\u00e4lleenmyyjin\u00e4 Pohjoismaissa t\u00e4m\u00e4 merkitsee vahvempaa asemaa ja laajempia mahdollisuuksia tarjota asiakkaillemme entist\u00e4 kehittyneempi\u00e4 ja kest\u00e4v\u00e4mpi\u00e4 energiaratkaisuja.<\/p>\n<p><em>Odotamme innolla, ett\u00e4 saamme jakaa t\u00e4m\u00e4n matkan kanssanne!<\/em><\/p>\n<p><a class=\"et_pb_button\" style=\"margin-right: 20px;\" href=\"https:\/\/igfgas.se\/fi\/ota-yhteytta\/\">Ota yhteytt\u00e4<\/a> <a style=\"font-size: 16px; font-style: italic;\" href=\"https:\/\/igfgas.se\/fi\/kaasumoottorit\/#main-content\">Lue lis\u00e4\u00e4 kaasumoottoreistamme &gt;&gt;<\/a><\/p>\n<p>[\/et_pb_text][\/et_pb_column][et_pb_column type=&#8221;1_2&#8243; _builder_version=&#8221;4.25.0&#8243; _module_preset=&#8221;default&#8221; global_colors_info=&#8221;{}&#8221; custom_css_main_element_last_edited=&#8221;off|tablet&#8221;][et_pb_image src=&#8221;https:\/\/igfgas.se\/wp-content\/uploads\/2024\/09\/mobile-kompozice-graf-4-KJ-modre-polep-2023_dohromady-e1692383134346.png&#8221; title_text=&#8221;mobile-kompozice-graf-4-KJ-modre-polep-2023_dohromady-e1692383134346&#8243; _builder_version=&#8221;4.25.0&#8243; _module_preset=&#8221;default&#8221; global_colors_info=&#8221;{}&#8221;][\/et_pb_image][\/et_pb_column][\/et_pb_row][\/et_pb_section]<\/p>\n","protected":false},"excerpt":{"rendered":"<p>Oppaasi oman biokaasulaitoksen toteuttamiseen Biokaasulaitoksen rakentaminen ja k\u00e4ytt\u00f6 on laaja prosessi, joka vaatii huolellista suunnittelua, asiantuntemusta ja sitoutumista. IGF Biogas toimii oppaanasi koko prosessin ajan, alkaen alkuper\u00e4isest\u00e4 suunnittelusta aina p\u00e4ivitt\u00e4iseen k\u00e4ytt\u00f6\u00f6n asti. Tavoitteenamme on tehd\u00e4 t\u00e4st\u00e4 matkasta asiakkaillemme mahdollisimman sujuva ja menestyksek\u00e4s. 070-888 88 88 peter.sigefjord@igfgas.seMenestyksen peruskivi Suunnittelu ja mitoitus Jokainen menestyksek\u00e4s biokaasulaitos alkaa huolellisella [&hellip;]<\/p>\n","protected":false},"author":7,"featured_media":3827,"parent":3816,"menu_order":0,"comment_status":"closed","ping_status":"closed","template":"","meta":{"_acf_changed":false,"_et_pb_use_builder":"on","_et_pb_old_content":"<p>text<\/p>","_et_gb_content_width":"","inline_featured_image":false,"footnotes":""},"class_list":["post-3826","page","type-page","status-publish","has-post-thumbnail","hentry"],"acf":[],"yoast_head":"<!-- This site is optimized with the Yoast SEO plugin v27.3 - https:\/\/yoast.com\/product\/yoast-seo-wordpress\/ -->\n<title>Aloita biokaasuprojektisi IGF Biogasin kanssa - IGF Biogas<\/title>\n<meta name=\"description\" content=\"Opi, miten k\u00e4ynnist\u00e4t oman biokaasuprojektisi \u2013 ja miten IGF Biogas on kumppanisi koko matkalla. T\u00e4ydellinen opas ideasta toteutukseen.\" \/>\n<meta name=\"robots\" content=\"index, follow, max-snippet:-1, max-image-preview:large, max-video-preview:-1\" \/>\n<link rel=\"canonical\" href=\"https:\/\/igfgas.se\/fi\/biokaasulaitos\/kaynnista-prosessi\/\" \/>\n<meta property=\"og:locale\" content=\"fi_FI\" \/>\n<meta property=\"og:type\" content=\"article\" \/>\n<meta property=\"og:title\" content=\"Aloita biokaasuprojektisi IGF Biogasin kanssa - IGF Biogas\" \/>\n<meta property=\"og:description\" content=\"Opi, miten k\u00e4ynnist\u00e4t oman biokaasuprojektisi \u2013 ja miten IGF Biogas on kumppanisi koko matkalla. T\u00e4ydellinen opas ideasta toteutukseen.\" \/>\n<meta property=\"og:url\" content=\"https:\/\/igfgas.se\/fi\/biokaasulaitos\/kaynnista-prosessi\/\" \/>\n<meta property=\"og:site_name\" content=\"IGF Biogas\" \/>\n<meta property=\"article:modified_time\" content=\"2025-09-09T13:07:55+00:00\" \/>\n<meta property=\"og:image\" content=\"https:\/\/igfgas.se\/wp-content\/uploads\/2024\/03\/header-biogas.jpg\" \/>\n\t<meta property=\"og:image:width\" content=\"1600\" \/>\n\t<meta property=\"og:image:height\" content=\"953\" \/>\n\t<meta property=\"og:image:type\" content=\"image\/jpeg\" \/>\n<meta name=\"twitter:card\" content=\"summary_large_image\" \/>\n<meta name=\"twitter:label1\" content=\"Est. reading time\" \/>\n\t<meta name=\"twitter:data1\" content=\"4 minuuttia\" \/>\n<script type=\"application\/ld+json\" class=\"yoast-schema-graph\">{\"@context\":\"https:\\\/\\\/schema.org\",\"@graph\":[{\"@type\":\"WebPage\",\"@id\":\"https:\\\/\\\/igfgas.se\\\/fi\\\/biokaasulaitos\\\/kaynnista-prosessi\\\/\",\"url\":\"https:\\\/\\\/igfgas.se\\\/fi\\\/biokaasulaitos\\\/kaynnista-prosessi\\\/\",\"name\":\"Aloita biokaasuprojektisi IGF Biogasin kanssa - IGF Biogas\",\"isPartOf\":{\"@id\":\"https:\\\/\\\/igfgas.se\\\/fi\\\/#website\"},\"primaryImageOfPage\":{\"@id\":\"https:\\\/\\\/igfgas.se\\\/fi\\\/biokaasulaitos\\\/kaynnista-prosessi\\\/#primaryimage\"},\"image\":{\"@id\":\"https:\\\/\\\/igfgas.se\\\/fi\\\/biokaasulaitos\\\/kaynnista-prosessi\\\/#primaryimage\"},\"thumbnailUrl\":\"https:\\\/\\\/igfgas.se\\\/wp-content\\\/uploads\\\/2024\\\/03\\\/header-biogas.jpg\",\"datePublished\":\"2024-03-06T19:52:05+00:00\",\"dateModified\":\"2025-09-09T13:07:55+00:00\",\"description\":\"Opi, miten k\u00e4ynnist\u00e4t oman biokaasuprojektisi \u2013 ja miten IGF Biogas on kumppanisi koko matkalla. T\u00e4ydellinen opas ideasta toteutukseen.\",\"breadcrumb\":{\"@id\":\"https:\\\/\\\/igfgas.se\\\/fi\\\/biokaasulaitos\\\/kaynnista-prosessi\\\/#breadcrumb\"},\"inLanguage\":\"fi\",\"potentialAction\":[{\"@type\":\"ReadAction\",\"target\":[\"https:\\\/\\\/igfgas.se\\\/fi\\\/biokaasulaitos\\\/kaynnista-prosessi\\\/\"]}]},{\"@type\":\"ImageObject\",\"inLanguage\":\"fi\",\"@id\":\"https:\\\/\\\/igfgas.se\\\/fi\\\/biokaasulaitos\\\/kaynnista-prosessi\\\/#primaryimage\",\"url\":\"https:\\\/\\\/igfgas.se\\\/wp-content\\\/uploads\\\/2024\\\/03\\\/header-biogas.jpg\",\"contentUrl\":\"https:\\\/\\\/igfgas.se\\\/wp-content\\\/uploads\\\/2024\\\/03\\\/header-biogas.jpg\",\"width\":1600,\"height\":953},{\"@type\":\"BreadcrumbList\",\"@id\":\"https:\\\/\\\/igfgas.se\\\/fi\\\/biokaasulaitos\\\/kaynnista-prosessi\\\/#breadcrumb\",\"itemListElement\":[{\"@type\":\"ListItem\",\"position\":1,\"name\":\"Hem\",\"item\":\"https:\\\/\\\/igfgas.se\\\/fi\\\/\"},{\"@type\":\"ListItem\",\"position\":2,\"name\":\"R\u00e4\u00e4t\u00e4l\u00f6idyt biokaasulaitokset \u2013 IGF Biogas\",\"item\":\"https:\\\/\\\/igfgas.se\\\/fi\\\/biokaasulaitos\\\/\"},{\"@type\":\"ListItem\",\"position\":3,\"name\":\"Aloita biokaasuprojektisi IGF Biogasin kanssa\"}]},{\"@type\":\"WebSite\",\"@id\":\"https:\\\/\\\/igfgas.se\\\/fi\\\/#website\",\"url\":\"https:\\\/\\\/igfgas.se\\\/fi\\\/\",\"name\":\"IGF Biogas\",\"description\":\"Ledande inom biogasteknik sedan 1930\",\"potentialAction\":[{\"@type\":\"SearchAction\",\"target\":{\"@type\":\"EntryPoint\",\"urlTemplate\":\"https:\\\/\\\/igfgas.se\\\/fi\\\/?s={search_term_string}\"},\"query-input\":{\"@type\":\"PropertyValueSpecification\",\"valueRequired\":true,\"valueName\":\"search_term_string\"}}],\"inLanguage\":\"fi\"}]}<\/script>\n<!-- \/ Yoast SEO plugin. -->","yoast_head_json":{"title":"Aloita biokaasuprojektisi IGF Biogasin kanssa - IGF Biogas","description":"Opi, miten k\u00e4ynnist\u00e4t oman biokaasuprojektisi \u2013 ja miten IGF Biogas on kumppanisi koko matkalla. T\u00e4ydellinen opas ideasta toteutukseen.","robots":{"index":"index","follow":"follow","max-snippet":"max-snippet:-1","max-image-preview":"max-image-preview:large","max-video-preview":"max-video-preview:-1"},"canonical":"https:\/\/igfgas.se\/fi\/biokaasulaitos\/kaynnista-prosessi\/","og_locale":"fi_FI","og_type":"article","og_title":"Aloita biokaasuprojektisi IGF Biogasin kanssa - IGF Biogas","og_description":"Opi, miten k\u00e4ynnist\u00e4t oman biokaasuprojektisi \u2013 ja miten IGF Biogas on kumppanisi koko matkalla. T\u00e4ydellinen opas ideasta toteutukseen.","og_url":"https:\/\/igfgas.se\/fi\/biokaasulaitos\/kaynnista-prosessi\/","og_site_name":"IGF Biogas","article_modified_time":"2025-09-09T13:07:55+00:00","og_image":[{"width":1600,"height":953,"url":"https:\/\/igfgas.se\/wp-content\/uploads\/2024\/03\/header-biogas.jpg","type":"image\/jpeg"}],"twitter_card":"summary_large_image","twitter_misc":{"Est. reading time":"4 minuuttia"},"schema":{"@context":"https:\/\/schema.org","@graph":[{"@type":"WebPage","@id":"https:\/\/igfgas.se\/fi\/biokaasulaitos\/kaynnista-prosessi\/","url":"https:\/\/igfgas.se\/fi\/biokaasulaitos\/kaynnista-prosessi\/","name":"Aloita biokaasuprojektisi IGF Biogasin kanssa - IGF Biogas","isPartOf":{"@id":"https:\/\/igfgas.se\/fi\/#website"},"primaryImageOfPage":{"@id":"https:\/\/igfgas.se\/fi\/biokaasulaitos\/kaynnista-prosessi\/#primaryimage"},"image":{"@id":"https:\/\/igfgas.se\/fi\/biokaasulaitos\/kaynnista-prosessi\/#primaryimage"},"thumbnailUrl":"https:\/\/igfgas.se\/wp-content\/uploads\/2024\/03\/header-biogas.jpg","datePublished":"2024-03-06T19:52:05+00:00","dateModified":"2025-09-09T13:07:55+00:00","description":"Opi, miten k\u00e4ynnist\u00e4t oman biokaasuprojektisi \u2013 ja miten IGF Biogas on kumppanisi koko matkalla. T\u00e4ydellinen opas ideasta toteutukseen.","breadcrumb":{"@id":"https:\/\/igfgas.se\/fi\/biokaasulaitos\/kaynnista-prosessi\/#breadcrumb"},"inLanguage":"fi","potentialAction":[{"@type":"ReadAction","target":["https:\/\/igfgas.se\/fi\/biokaasulaitos\/kaynnista-prosessi\/"]}]},{"@type":"ImageObject","inLanguage":"fi","@id":"https:\/\/igfgas.se\/fi\/biokaasulaitos\/kaynnista-prosessi\/#primaryimage","url":"https:\/\/igfgas.se\/wp-content\/uploads\/2024\/03\/header-biogas.jpg","contentUrl":"https:\/\/igfgas.se\/wp-content\/uploads\/2024\/03\/header-biogas.jpg","width":1600,"height":953},{"@type":"BreadcrumbList","@id":"https:\/\/igfgas.se\/fi\/biokaasulaitos\/kaynnista-prosessi\/#breadcrumb","itemListElement":[{"@type":"ListItem","position":1,"name":"Hem","item":"https:\/\/igfgas.se\/fi\/"},{"@type":"ListItem","position":2,"name":"R\u00e4\u00e4t\u00e4l\u00f6idyt biokaasulaitokset \u2013 IGF Biogas","item":"https:\/\/igfgas.se\/fi\/biokaasulaitos\/"},{"@type":"ListItem","position":3,"name":"Aloita biokaasuprojektisi IGF Biogasin kanssa"}]},{"@type":"WebSite","@id":"https:\/\/igfgas.se\/fi\/#website","url":"https:\/\/igfgas.se\/fi\/","name":"IGF Biogas","description":"Ledande inom biogasteknik sedan 1930","potentialAction":[{"@type":"SearchAction","target":{"@type":"EntryPoint","urlTemplate":"https:\/\/igfgas.se\/fi\/?s={search_term_string}"},"query-input":{"@type":"PropertyValueSpecification","valueRequired":true,"valueName":"search_term_string"}}],"inLanguage":"fi"}]}},"_links":{"self":[{"href":"https:\/\/igfgas.se\/fi\/wp-json\/wp\/v2\/pages\/3826","targetHints":{"allow":["GET"]}}],"collection":[{"href":"https:\/\/igfgas.se\/fi\/wp-json\/wp\/v2\/pages"}],"about":[{"href":"https:\/\/igfgas.se\/fi\/wp-json\/wp\/v2\/types\/page"}],"author":[{"embeddable":true,"href":"https:\/\/igfgas.se\/fi\/wp-json\/wp\/v2\/users\/7"}],"replies":[{"embeddable":true,"href":"https:\/\/igfgas.se\/fi\/wp-json\/wp\/v2\/comments?post=3826"}],"version-history":[{"count":0,"href":"https:\/\/igfgas.se\/fi\/wp-json\/wp\/v2\/pages\/3826\/revisions"}],"up":[{"embeddable":true,"href":"https:\/\/igfgas.se\/fi\/wp-json\/wp\/v2\/pages\/3816"}],"wp:featuredmedia":[{"embeddable":true,"href":"https:\/\/igfgas.se\/fi\/wp-json\/wp\/v2\/media\/3827"}],"wp:attachment":[{"href":"https:\/\/igfgas.se\/fi\/wp-json\/wp\/v2\/media?parent=3826"}],"curies":[{"name":"wp","href":"https:\/\/api.w.org\/{rel}","templated":true}]}}