{"id":3833,"date":"2024-03-06T20:54:42","date_gmt":"2024-03-06T19:54:42","guid":{"rendered":"https:\/\/igfgas1stg.wpenginepowered.com\/biokaasulaitos\/lantbruk\/"},"modified":"2025-09-09T15:08:02","modified_gmt":"2025-09-09T13:08:02","slug":"maatalous","status":"publish","type":"page","link":"https:\/\/igfgas.se\/fi\/biokaasulaitos\/maatalous\/","title":{"rendered":"Biokaasu maatiloille: Maksimoi tilasi potentiaali"},"content":{"rendered":"<p>[et_pb_section fb_built=&#8221;1&#8243; module_class=&#8221;pa-custom-background-mask&#8221; _builder_version=&#8221;4.24.2&#8243; _module_preset=&#8221;default&#8221; background_image=&#8221;https:\/\/igfgas.se\/wp-content\/uploads\/2024\/03\/hero_lantbrukare.jpg&#8221; background_position=&#8221;top_center&#8221; background_vertical_offset=&#8221;22%&#8221; background_enable_mask_style=&#8221;on&#8221; global_colors_info=&#8221;{}&#8221;][et_pb_row column_structure=&#8221;2_3,1_3&#8243; _builder_version=&#8221;4.24.2&#8243; _module_preset=&#8221;default&#8221; global_colors_info=&#8221;{}&#8221;][et_pb_column type=&#8221;2_3&#8243; _builder_version=&#8221;4.24.2&#8243; _module_preset=&#8221;default&#8221; global_colors_info=&#8221;{}&#8221;][et_pb_text _builder_version=&#8221;4.27.4&#8243; _module_preset=&#8221;default&#8221; background_layout=&#8221;dark&#8221; global_colors_info=&#8221;{}&#8221;]<\/p>\n<h1>Biokaasu: Vallankumous maataloudelle<\/h1>\n<p>Biokaasun tuominen osaksi maatilan toimintaa tarjoaa paitsi mahdollisuuden kest\u00e4v\u00e4mp\u00e4\u00e4n toimintaan, my\u00f6s potentiaalia parempaan kannattavuuteen ja omavaraisuuteen. IGF Biogas on erikoistunut helpottamaan maatalousyritt\u00e4jien matkaa biokaasulaitoksen rakentamisessa \u2013 juuri maatilojen tarpeisiin r\u00e4\u00e4t\u00e4l\u00f6ityn\u00e4.<\/p>\n<p>[\/et_pb_text][\/et_pb_column][et_pb_column type=&#8221;1_3&#8243; _builder_version=&#8221;4.24.2&#8243; _module_preset=&#8221;default&#8221; z_index=&#8221;1&#8243; sticky_position=&#8221;top&#8221; sticky_offset_top=&#8221;20px&#8221; sticky_position_tablet=&#8221;none&#8221; sticky_position_phone=&#8221;none&#8221; sticky_position_last_edited=&#8221;on|desktop&#8221; global_colors_info=&#8221;{}&#8221;][et_pb_team_member name=&#8221;Peter Sigefjord&#8221; position=&#8221;Biokaasulaitosten myynti&#8221; image_url=&#8221;https:\/\/igfgas.se\/wp-content\/uploads\/2024\/03\/peter-sigefjord.jpg&#8221; admin_label=&#8221;CTA &#8211; Peter Sigefjord&#8221; module_class=&#8221;kontaktperson&#8221; _builder_version=&#8221;4.27.4&#8243; _module_preset=&#8221;default&#8221; header_text_color=&#8221;#FFFFFF&#8221; header_font_size=&#8221;30px&#8221; body_text_color=&#8221;#FFFFFF&#8221; position_text_align=&#8221;center&#8221; position_text_color=&#8221;#FFFFFF&#8221; background_enable_color=&#8221;off&#8221; vertical_offset=&#8221;100px&#8221; horizontal_offset=&#8221;10%&#8221; text_orientation=&#8221;center&#8221; custom_padding=&#8221;20px|20px|20px|20px|false|false&#8221; saved_tabs=&#8221;all&#8221; global_colors_info=&#8221;{}&#8221; global_module=&#8221;3825&#8243; theme_builder_area=&#8221;post_content&#8221;]<\/p>\n<p><img decoding=\"async\" src=\"https:\/\/igfgas.se\/wp-content\/uploads\/2024\/03\/phone.svg\" width=\"15\" \/> 070-888 88 88<br \/><img decoding=\"async\" src=\"https:\/\/igfgas.se\/wp-content\/uploads\/2024\/03\/mail.svg\" width=\"15\" \/> <a href=\"mailto:peter.sigefjord@igfgas.se\">peter.sigefjord@igfgas.se<\/a><\/p>\n<p>[\/et_pb_team_member][\/et_pb_column][\/et_pb_row][\/et_pb_section][et_pb_section fb_built=&#8221;1&#8243; admin_label=&#8221;section&#8221; _builder_version=&#8221;4.16&#8243; global_colors_info=&#8221;{}&#8221;][et_pb_row column_structure=&#8221;2_3,1_3&#8243; admin_label=&#8221;row&#8221; _builder_version=&#8221;4.16&#8243; background_size=&#8221;initial&#8221; background_position=&#8221;top_left&#8221; background_repeat=&#8221;repeat&#8221; global_colors_info=&#8221;{}&#8221;][et_pb_column type=&#8221;2_3&#8243; _builder_version=&#8221;4.16&#8243; custom_padding=&#8221;|||&#8221; global_colors_info=&#8221;{}&#8221; custom_padding__hover=&#8221;|||&#8221;][et_pb_text admin_label=&#8221;Text&#8221; _builder_version=&#8221;4.27.4&#8243; background_size=&#8221;initial&#8221; background_position=&#8221;top_left&#8221; background_repeat=&#8221;repeat&#8221; global_colors_info=&#8221;{}&#8221;]<\/p>\n<h4>Miksi biokaasu?<\/h4>\n<h2>Kest\u00e4vyys ja talous k\u00e4si k\u00e4dess\u00e4<\/h2>\n<p>Biokaasun tuotanto mahdollistaa maatalousyritt\u00e4jille orgaanisen j\u00e4tteen muuttamisen arvokkaiksi resursseiksi: uusiutuvaksi energiaksi ja biolannoitteeksi. T\u00e4m\u00e4 v\u00e4hent\u00e4\u00e4 riippuvuutta fossiilisista polttoaineista ja keinolannoitteista, mik\u00e4 johtaa kest\u00e4v\u00e4mp\u00e4\u00e4n ja taloudellisempaan toimintaan. Pienemmille maatiloille t\u00e4m\u00e4 voi olla ratkaiseva askel kohti vihre\u00e4mp\u00e4\u00e4 ja kannattavampaa tulevaisuutta.<\/p>\n<h4>Prosessi vaihe vaiheelta<\/h4>\n<h2>Ideasta toteutukseen<\/h2>\n<p>IGF Biogasilla on toimivaksi todettu menetelm\u00e4, jolla autamme maatalousyritt\u00e4ji\u00e4 koko prosessin l\u00e4pi \u2013 ensimm\u00e4isest\u00e4 ideasta valmiiseen biokaasulaitokseen. Aloitamme huolellisella analyysill\u00e4 tilasi l\u00e4ht\u00f6kohdista, jonka j\u00e4lkeen suunnittelemme ja mitoittamme laitoksen tarpeidesi mukaisesti. Asiantuntemuksemme avulla takaamme sujuvan ja kustannustehokkaan rakennusprosessin.<\/p>\n<h4>R\u00e4\u00e4t\u00e4l\u00f6idyt ratkaisut<\/h4>\n<h2>Suunniteltu juuri sinun maatilallesi<\/h2>\n<p>Jokainen maatila on ainutlaatuinen, ja siksi biokaasulaitoksemme suunnitellaan joustaviksi. Otamme huomioon k\u00e4ytett\u00e4viss\u00e4 olevat resurssit, halutun kapasiteetin ja erityistavoitteet, jotta voimme luoda r\u00e4\u00e4t\u00e4l\u00f6idyn ratkaisun. T\u00e4m\u00e4 takaa, ett\u00e4 my\u00f6s pienemm\u00e4t tilat voivat hy\u00f6dynt\u00e4\u00e4 biokaasutuotantoa t\u00e4ysim\u00e4\u00e4r\u00e4isesti \u2013 koosta tai toiminnan tyypist\u00e4 riippumatta.<\/p>\n<h4>Rahoitus ja tuki<\/h4>\n<h2>Autamme sinua l\u00f6yt\u00e4m\u00e4\u00e4n mahdollisuudet<\/h2>\n<p>Biokaasulaitokseen investoiminen on suuri askel, mutta hankkeen toteuttamiseen on tarjolla monia rahoitus- ja tukivaihtoehtoja. IGF Biogas tekee tiivist\u00e4 yhteisty\u00f6t\u00e4 jokaisen asiakkaan kanssa selvitt\u00e4\u00e4kseen saatavilla olevat avustukset, lainat ja muut rahoitusratkaisut. Autamme sinua navigoimaan hallinnollisessa kent\u00e4ss\u00e4, jotta voit maksimoida investointisi.<\/p>\n<p>IGF Biogasin kumppanina oma biokaasulaitos ei ole en\u00e4\u00e4 kaukainen haave. Olemme sitoutuneet tukemaan pienempi\u00e4 maatiloja matkalla kohti kest\u00e4v\u00e4mp\u00e4\u00e4 ja tuottavampaa tulevaisuutta. Ota yhteytt\u00e4 jo t\u00e4n\u00e4\u00e4n ja selvit\u00e4, miten voimme auttaa juuri sinun tilaasi siirtym\u00e4\u00e4n biokaasutuotantoon.<\/p>\n<p>[\/et_pb_text][\/et_pb_column][et_pb_column type=&#8221;1_3&#8243; _builder_version=&#8221;4.16&#8243; custom_padding=&#8221;|||&#8221; global_colors_info=&#8221;{}&#8221; custom_padding__hover=&#8221;|||&#8221;][\/et_pb_column][\/et_pb_row][\/et_pb_section][et_pb_section fb_built=&#8221;1&#8243; disabled_on=&#8221;off|off|off&#8221; admin_label=&#8221;our facilities&#8221; _builder_version=&#8221;4.27.4&#8243; _module_preset=&#8221;default&#8221; background_color=&#8221;#efefef&#8221; background_image=&#8221;https:\/\/igfgas.se\/wp-content\/uploads\/2024\/03\/dekorelement-color-1.svg&#8221; background_size=&#8221;contain&#8221; background_position=&#8221;top_left&#8221; z_index=&#8221;9&#8243; background_last_edited=&#8221;on|desktop&#8221; background_enable_image_tablet=&#8221;off&#8221; background_enable_image_phone=&#8221;off&#8221; global_module=&#8221;3838&#8243; saved_tabs=&#8221;all&#8221; global_colors_info=&#8221;{}&#8221;][et_pb_row column_structure=&#8221;1_4,1_2,1_4&#8243; _builder_version=&#8221;4.24.2&#8243; _module_preset=&#8221;default&#8221; custom_padding=&#8221;0px||0px||false|false&#8221; global_colors_info=&#8221;{}&#8221;][et_pb_column type=&#8221;1_4&#8243; _builder_version=&#8221;4.24.2&#8243; _module_preset=&#8221;default&#8221; global_colors_info=&#8221;{}&#8221;][\/et_pb_column][et_pb_column type=&#8221;1_2&#8243; _builder_version=&#8221;4.24.2&#8243; _module_preset=&#8221;default&#8221; global_colors_info=&#8221;{}&#8221;][et_pb_text _builder_version=&#8221;4.27.4&#8243; _module_preset=&#8221;default&#8221; text_orientation=&#8221;center&#8221; global_colors_info=&#8221;{}&#8221;]<\/p>\n<h4>Biokaasulaitoksemme<\/h4>\n<h2>R\u00e4\u00e4t\u00e4l\u00f6ity kaikkiin tarpeisiin<\/h2>\n<p>IGF Biogas on erikoistunut biokaasulaitosten suunnitteluun ja toimitukseen, tarjoten laajan kokovalikoiman, joka mukautuu juuri sinun tarpeisiisi.<\/p>\n<p>[\/et_pb_text][\/et_pb_column][et_pb_column type=&#8221;1_4&#8243; _builder_version=&#8221;4.24.2&#8243; _module_preset=&#8221;default&#8221; global_colors_info=&#8221;{}&#8221;][\/et_pb_column][\/et_pb_row][et_pb_row column_structure=&#8221;1_3,1_3,1_3&#8243; make_equal=&#8221;on&#8221; _builder_version=&#8221;4.25.0&#8243; _module_preset=&#8221;default&#8221; height=&#8221;430px&#8221; height_tablet=&#8221;430px&#8221; height_phone=&#8221;auto&#8221; height_last_edited=&#8221;on|phone&#8221; global_colors_info=&#8221;{}&#8221;][et_pb_column type=&#8221;1_3&#8243; _builder_version=&#8221;4.25.0&#8243; _module_preset=&#8221;default&#8221; background_color=&#8221;#263145&#8243; background_image=&#8221;https:\/\/igfgas.se\/wp-content\/uploads\/2024\/06\/mindre-anlaggning-2024.png&#8221; background_size=&#8221;custom&#8221; background_position=&#8221;bottom_right&#8221; background_horizontal_offset=&#8221;8%&#8221; background_vertical_offset=&#8221;8%&#8221; custom_padding=&#8221;20px|20px|20px|20px|false|false&#8221; background_last_edited=&#8221;on|desktop&#8221; background_image_width_phone=&#8221;25%&#8221; custom_css_main_element=&#8221;display: flex;||flex-direction: column;&#8221; border_radii=&#8221;on|10px|10px|10px|10px&#8221; global_colors_info=&#8221;{}&#8221;][et_pb_text _builder_version=&#8221;4.27.4&#8243; _module_preset=&#8221;default&#8221; background_layout=&#8221;dark&#8221; global_colors_info=&#8221;{}&#8221;]<\/p>\n<p class=\"green\">1\u20133 GWh \/ vuosi<\/p>\n<h3>Pienet laitokset<\/h3>\n<p>Ihanteellisia pienimuotoisiin hankkeisiin, kaasumoottoreilla joiden asennettu s\u00e4hk\u00f6teho on 30\u2013100 kW.<\/p>\n<p>[\/et_pb_text][et_pb_button button_url=&#8221;#&#8221; button_text=&#8221;Lue lis\u00e4\u00e4&#8221; button_alignment=&#8221;left&#8221; module_class=&#8221;knapp-botten&#8221; _builder_version=&#8221;4.27.4&#8243; _module_preset=&#8221;default&#8221; custom_margin=&#8221;auto||||false|false&#8221; global_colors_info=&#8221;{}&#8221;][\/et_pb_button][\/et_pb_column][et_pb_column type=&#8221;1_3&#8243; _builder_version=&#8221;4.25.0&#8243; _module_preset=&#8221;default&#8221; background_color=&#8221;#263145&#8243; background_image=&#8221;https:\/\/igfgas.se\/wp-content\/uploads\/2024\/09\/Medelstora-anlaggningar.3.png&#8221; background_size=&#8221;custom&#8221; background_position=&#8221;bottom_right&#8221; background_horizontal_offset=&#8221;8%&#8221; background_vertical_offset=&#8221;8%&#8221; custom_padding=&#8221;20px|20px|20px|20px|false|false&#8221; background_last_edited=&#8221;on|desktop&#8221; background_image_tablet=&#8221;https:\/\/igfgas.se\/wp-content\/uploads\/2024\/09\/Medelstora-anlaggningar-2.png&#8221; background_enable_image_tablet=&#8221;on&#8221; background_size_phone=&#8221;custom&#8221; background_image_width_phone=&#8221;25%&#8221; custom_css_main_element=&#8221;display: flex;||flex-direction: column;&#8221; border_radii=&#8221;on|10px|10px|10px|10px&#8221; global_colors_info=&#8221;{}&#8221;][et_pb_text _builder_version=&#8221;4.27.4&#8243; _module_preset=&#8221;default&#8221; background_layout=&#8221;dark&#8221; global_colors_info=&#8221;{}&#8221;]<\/p>\n<p class=\"green\">3\u201315 GWh \/ vuosi<\/p>\n<h3>Keskikokoiset laitokset<\/h3>\n<p>T\u00e4ydellisi\u00e4 laajamittaisempaan toimintaan, mahdollistaen my\u00f6s ajoneuvopolttoaineen tuotannon.<\/p>\n<p>[\/et_pb_text][et_pb_button button_url=&#8221;#&#8221; button_text=&#8221;Lue lis\u00e4\u00e4&#8221; button_alignment=&#8221;left&#8221; _builder_version=&#8221;4.27.4&#8243; _module_preset=&#8221;default&#8221; custom_margin=&#8221;auto||||false|false&#8221; global_colors_info=&#8221;{}&#8221;][\/et_pb_button][\/et_pb_column][et_pb_column type=&#8221;1_3&#8243; _builder_version=&#8221;4.24.2&#8243; _module_preset=&#8221;default&#8221; background_color=&#8221;#263145&#8243; background_image=&#8221;https:\/\/igfgas.se\/wp-content\/uploads\/2024\/02\/Group-137.png&#8221; background_size=&#8221;initial&#8221; background_position=&#8221;bottom_right&#8221; background_horizontal_offset=&#8221;8%&#8221; background_vertical_offset=&#8221;8%&#8221; custom_padding=&#8221;20px|20px|20px|20px|false|false&#8221; background_last_edited=&#8221;on|phone&#8221; background_size_phone=&#8221;custom&#8221; background_image_width_phone=&#8221;40%&#8221; custom_css_main_element=&#8221;display: flex;||flex-direction: column;&#8221; border_radii=&#8221;on|10px|10px|10px|10px&#8221; global_colors_info=&#8221;{}&#8221;][et_pb_text _builder_version=&#8221;4.27.4&#8243; _module_preset=&#8221;default&#8221; background_layout=&#8221;dark&#8221; global_colors_info=&#8221;{}&#8221;]<\/p>\n<p class=\"green\">Jopa 40 GWh \/ vuosi<\/p>\n<h3>Yhteism\u00e4d\u00e4tys- ja teollisuuslaitokset<\/h3>\n<p>Niille, jotka tarvitsevat maksimaalista kapasiteettia ja joustavuutta sek\u00e4 kaasumoottoreille ett\u00e4 ajoneuvopolttoaineen tuotantoon.<\/p>\n<p>[\/et_pb_text][et_pb_button button_url=&#8221;#&#8221; button_text=&#8221;Lue lis\u00e4\u00e4&#8221; button_alignment=&#8221;left&#8221; module_class=&#8221;knapp-botten&#8221; _builder_version=&#8221;4.27.4&#8243; _module_preset=&#8221;default&#8221; custom_margin=&#8221;auto||||false|false&#8221; custom_padding=&#8221;||||false|false&#8221; global_colors_info=&#8221;{}&#8221;][\/et_pb_button][\/et_pb_column][\/et_pb_row][\/et_pb_section][et_pb_section fb_built=&#8221;1&#8243; admin_label=&#8221;TEDOM uppk\u00f6pta&#8221; _builder_version=&#8221;4.27.4&#8243; _module_preset=&#8221;default&#8221; background_color=&#8221;#263145&#8243; z_index=&#8221;2&#8243; global_module=&#8221;3837&#8243; saved_tabs=&#8221;all&#8221; global_colors_info=&#8221;{}&#8221;][et_pb_row column_structure=&#8221;1_2,1_2&#8243; make_equal=&#8221;on&#8221; _builder_version=&#8221;4.25.0&#8243; _module_preset=&#8221;default&#8221; global_colors_info=&#8221;{}&#8221; custom_css_main_element_last_edited=&#8221;on|desktop&#8221; custom_css_main_element_tablet=&#8221;display: flex; flex-wrap: wrap;&#8221; custom_css_main_element_phone=&#8221;display: flex; flex-wrap: wrap;&#8221;][et_pb_column type=&#8221;1_2&#8243; _builder_version=&#8221;4.25.0&#8243; _module_preset=&#8221;default&#8221; global_colors_info=&#8221;{}&#8221; custom_css_main_element_last_edited=&#8221;on|tablet&#8221; custom_css_main_element_tablet=&#8221;order:2;&#8221; custom_css_main_element_phone=&#8221;order:2;&#8221;][et_pb_text _builder_version=&#8221;4.27.4&#8243; _module_preset=&#8221;default&#8221; background_layout=&#8221;dark&#8221; global_colors_info=&#8221;{}&#8221;]<\/p>\n<p style=\"padding-bottom: 0;\"><strong>Yanmar ostaa TEDOMin<\/strong><\/p>\n<h2>CHP-ratkaisumme ovat nyt entist\u00e4 parempia!<\/h2>\n<p>TEDOM, yksi johtavista yhteistuotantoratkaisujen (CHP) toimittajista, on nyt osa Yanmaria \u2013 yht\u00e4 maailman suurimmista moottori- ja energiaj\u00e4rjestelmien valmistajista. T\u00e4m\u00e4 strateginen kumppanuus tarkoittaa, ett\u00e4 TEDOMin asiantuntemus saa tuekseen Yanmariin globaalin vahvuuden ja innovatiivisen teknologian. Meille TEDOM-tuotteiden j\u00e4lleenmyyjin\u00e4 Pohjoismaissa t\u00e4m\u00e4 merkitsee vahvempaa asemaa ja laajempia mahdollisuuksia tarjota asiakkaillemme entist\u00e4 kehittyneempi\u00e4 ja kest\u00e4v\u00e4mpi\u00e4 energiaratkaisuja.<\/p>\n<p><em>Odotamme innolla, ett\u00e4 saamme jakaa t\u00e4m\u00e4n matkan kanssanne!<\/em><\/p>\n<p><a class=\"et_pb_button\" style=\"margin-right: 20px;\" href=\"https:\/\/igfgas.se\/fi\/ota-yhteytta\/\">Ota yhteytt\u00e4<\/a> <a style=\"font-size: 16px; font-style: italic;\" href=\"https:\/\/igfgas.se\/fi\/kaasumoottorit\/#main-content\">Lue lis\u00e4\u00e4 kaasumoottoreistamme &gt;&gt;<\/a><\/p>\n<p>[\/et_pb_text][\/et_pb_column][et_pb_column type=&#8221;1_2&#8243; _builder_version=&#8221;4.25.0&#8243; _module_preset=&#8221;default&#8221; global_colors_info=&#8221;{}&#8221; custom_css_main_element_last_edited=&#8221;off|tablet&#8221;][et_pb_image src=&#8221;https:\/\/igfgas.se\/wp-content\/uploads\/2024\/09\/mobile-kompozice-graf-4-KJ-modre-polep-2023_dohromady-e1692383134346.png&#8221; title_text=&#8221;mobile-kompozice-graf-4-KJ-modre-polep-2023_dohromady-e1692383134346&#8243; _builder_version=&#8221;4.25.0&#8243; _module_preset=&#8221;default&#8221; global_colors_info=&#8221;{}&#8221;][\/et_pb_image][\/et_pb_column][\/et_pb_row][\/et_pb_section]<\/p>\n","protected":false},"excerpt":{"rendered":"<p>Biokaasu: Vallankumous maataloudelle Biokaasun tuominen osaksi maatilan toimintaa tarjoaa paitsi mahdollisuuden kest\u00e4v\u00e4mp\u00e4\u00e4n toimintaan, my\u00f6s potentiaalia parempaan kannattavuuteen ja omavaraisuuteen. IGF Biogas on erikoistunut helpottamaan maatalousyritt\u00e4jien matkaa biokaasulaitoksen rakentamisessa \u2013 juuri maatilojen tarpeisiin r\u00e4\u00e4t\u00e4l\u00f6ityn\u00e4. 070-888 88 88 peter.sigefjord@igfgas.seMiksi biokaasu? Kest\u00e4vyys ja talous k\u00e4si k\u00e4dess\u00e4 Biokaasun tuotanto mahdollistaa maatalousyritt\u00e4jille orgaanisen j\u00e4tteen muuttamisen arvokkaiksi resursseiksi: uusiutuvaksi energiaksi ja [&hellip;]<\/p>\n","protected":false},"author":7,"featured_media":3834,"parent":3816,"menu_order":0,"comment_status":"closed","ping_status":"closed","template":"","meta":{"_acf_changed":false,"_et_pb_use_builder":"on","_et_pb_old_content":"text","_et_gb_content_width":"","inline_featured_image":false,"footnotes":""},"class_list":["post-3833","page","type-page","status-publish","has-post-thumbnail","hentry"],"acf":[],"yoast_head":"<!-- This site is optimized with the Yoast SEO plugin v27.3 - https:\/\/yoast.com\/product\/yoast-seo-wordpress\/ -->\n<title>Biokaasu maatiloille: Maksimoi tilasi potentiaali - IGF Biogas<\/title>\n<meta name=\"description\" content=\"Tehosta maatilasi toimintaa biokaasun avulla ja edist\u00e4 kest\u00e4v\u00e4\u00e4 tuotantoa. Opi, miten biokaasu voi muuttaa j\u00e4tteen energiaksi.\" \/>\n<meta name=\"robots\" content=\"index, follow, max-snippet:-1, max-image-preview:large, max-video-preview:-1\" \/>\n<link rel=\"canonical\" href=\"https:\/\/igfgas.se\/fi\/biokaasulaitos\/maatalous\/\" \/>\n<meta property=\"og:locale\" content=\"fi_FI\" \/>\n<meta property=\"og:type\" content=\"article\" \/>\n<meta property=\"og:title\" content=\"Biokaasu maatiloille: Maksimoi tilasi potentiaali - IGF Biogas\" \/>\n<meta property=\"og:description\" content=\"Tehosta maatilasi toimintaa biokaasun avulla ja edist\u00e4 kest\u00e4v\u00e4\u00e4 tuotantoa. Opi, miten biokaasu voi muuttaa j\u00e4tteen energiaksi.\" \/>\n<meta property=\"og:url\" content=\"https:\/\/igfgas.se\/fi\/biokaasulaitos\/maatalous\/\" \/>\n<meta property=\"og:site_name\" content=\"IGF Biogas\" \/>\n<meta property=\"article:modified_time\" content=\"2025-09-09T13:08:02+00:00\" \/>\n<meta property=\"og:image\" content=\"https:\/\/igfgas.se\/wp-content\/uploads\/2024\/03\/hero_lantbrukare.jpg\" \/>\n\t<meta property=\"og:image:width\" content=\"1400\" \/>\n\t<meta property=\"og:image:height\" content=\"933\" \/>\n\t<meta property=\"og:image:type\" content=\"image\/jpeg\" \/>\n<meta name=\"twitter:card\" content=\"summary_large_image\" \/>\n<meta name=\"twitter:label1\" content=\"Est. reading time\" \/>\n\t<meta name=\"twitter:data1\" content=\"3 minuuttia\" \/>\n<script type=\"application\/ld+json\" class=\"yoast-schema-graph\">{\"@context\":\"https:\\\/\\\/schema.org\",\"@graph\":[{\"@type\":\"WebPage\",\"@id\":\"https:\\\/\\\/igfgas.se\\\/fi\\\/biokaasulaitos\\\/maatalous\\\/\",\"url\":\"https:\\\/\\\/igfgas.se\\\/fi\\\/biokaasulaitos\\\/maatalous\\\/\",\"name\":\"Biokaasu maatiloille: Maksimoi tilasi potentiaali - IGF Biogas\",\"isPartOf\":{\"@id\":\"https:\\\/\\\/igfgas.se\\\/fi\\\/#website\"},\"primaryImageOfPage\":{\"@id\":\"https:\\\/\\\/igfgas.se\\\/fi\\\/biokaasulaitos\\\/maatalous\\\/#primaryimage\"},\"image\":{\"@id\":\"https:\\\/\\\/igfgas.se\\\/fi\\\/biokaasulaitos\\\/maatalous\\\/#primaryimage\"},\"thumbnailUrl\":\"https:\\\/\\\/igfgas.se\\\/wp-content\\\/uploads\\\/2024\\\/03\\\/hero_lantbrukare.jpg\",\"datePublished\":\"2024-03-06T19:54:42+00:00\",\"dateModified\":\"2025-09-09T13:08:02+00:00\",\"description\":\"Tehosta maatilasi toimintaa biokaasun avulla ja edist\u00e4 kest\u00e4v\u00e4\u00e4 tuotantoa. Opi, miten biokaasu voi muuttaa j\u00e4tteen energiaksi.\",\"breadcrumb\":{\"@id\":\"https:\\\/\\\/igfgas.se\\\/fi\\\/biokaasulaitos\\\/maatalous\\\/#breadcrumb\"},\"inLanguage\":\"fi\",\"potentialAction\":[{\"@type\":\"ReadAction\",\"target\":[\"https:\\\/\\\/igfgas.se\\\/fi\\\/biokaasulaitos\\\/maatalous\\\/\"]}]},{\"@type\":\"ImageObject\",\"inLanguage\":\"fi\",\"@id\":\"https:\\\/\\\/igfgas.se\\\/fi\\\/biokaasulaitos\\\/maatalous\\\/#primaryimage\",\"url\":\"https:\\\/\\\/igfgas.se\\\/wp-content\\\/uploads\\\/2024\\\/03\\\/hero_lantbrukare.jpg\",\"contentUrl\":\"https:\\\/\\\/igfgas.se\\\/wp-content\\\/uploads\\\/2024\\\/03\\\/hero_lantbrukare.jpg\",\"width\":1400,\"height\":933},{\"@type\":\"BreadcrumbList\",\"@id\":\"https:\\\/\\\/igfgas.se\\\/fi\\\/biokaasulaitos\\\/maatalous\\\/#breadcrumb\",\"itemListElement\":[{\"@type\":\"ListItem\",\"position\":1,\"name\":\"Hem\",\"item\":\"https:\\\/\\\/igfgas.se\\\/fi\\\/\"},{\"@type\":\"ListItem\",\"position\":2,\"name\":\"R\u00e4\u00e4t\u00e4l\u00f6idyt biokaasulaitokset \u2013 IGF Biogas\",\"item\":\"https:\\\/\\\/igfgas.se\\\/fi\\\/biokaasulaitos\\\/\"},{\"@type\":\"ListItem\",\"position\":3,\"name\":\"Biokaasu maatiloille: Maksimoi tilasi potentiaali\"}]},{\"@type\":\"WebSite\",\"@id\":\"https:\\\/\\\/igfgas.se\\\/fi\\\/#website\",\"url\":\"https:\\\/\\\/igfgas.se\\\/fi\\\/\",\"name\":\"IGF Biogas\",\"description\":\"Ledande inom biogasteknik sedan 1930\",\"potentialAction\":[{\"@type\":\"SearchAction\",\"target\":{\"@type\":\"EntryPoint\",\"urlTemplate\":\"https:\\\/\\\/igfgas.se\\\/fi\\\/?s={search_term_string}\"},\"query-input\":{\"@type\":\"PropertyValueSpecification\",\"valueRequired\":true,\"valueName\":\"search_term_string\"}}],\"inLanguage\":\"fi\"}]}<\/script>\n<!-- \/ Yoast SEO plugin. -->","yoast_head_json":{"title":"Biokaasu maatiloille: Maksimoi tilasi potentiaali - IGF Biogas","description":"Tehosta maatilasi toimintaa biokaasun avulla ja edist\u00e4 kest\u00e4v\u00e4\u00e4 tuotantoa. Opi, miten biokaasu voi muuttaa j\u00e4tteen energiaksi.","robots":{"index":"index","follow":"follow","max-snippet":"max-snippet:-1","max-image-preview":"max-image-preview:large","max-video-preview":"max-video-preview:-1"},"canonical":"https:\/\/igfgas.se\/fi\/biokaasulaitos\/maatalous\/","og_locale":"fi_FI","og_type":"article","og_title":"Biokaasu maatiloille: Maksimoi tilasi potentiaali - IGF Biogas","og_description":"Tehosta maatilasi toimintaa biokaasun avulla ja edist\u00e4 kest\u00e4v\u00e4\u00e4 tuotantoa. Opi, miten biokaasu voi muuttaa j\u00e4tteen energiaksi.","og_url":"https:\/\/igfgas.se\/fi\/biokaasulaitos\/maatalous\/","og_site_name":"IGF Biogas","article_modified_time":"2025-09-09T13:08:02+00:00","og_image":[{"width":1400,"height":933,"url":"https:\/\/igfgas.se\/wp-content\/uploads\/2024\/03\/hero_lantbrukare.jpg","type":"image\/jpeg"}],"twitter_card":"summary_large_image","twitter_misc":{"Est. reading time":"3 minuuttia"},"schema":{"@context":"https:\/\/schema.org","@graph":[{"@type":"WebPage","@id":"https:\/\/igfgas.se\/fi\/biokaasulaitos\/maatalous\/","url":"https:\/\/igfgas.se\/fi\/biokaasulaitos\/maatalous\/","name":"Biokaasu maatiloille: Maksimoi tilasi potentiaali - IGF Biogas","isPartOf":{"@id":"https:\/\/igfgas.se\/fi\/#website"},"primaryImageOfPage":{"@id":"https:\/\/igfgas.se\/fi\/biokaasulaitos\/maatalous\/#primaryimage"},"image":{"@id":"https:\/\/igfgas.se\/fi\/biokaasulaitos\/maatalous\/#primaryimage"},"thumbnailUrl":"https:\/\/igfgas.se\/wp-content\/uploads\/2024\/03\/hero_lantbrukare.jpg","datePublished":"2024-03-06T19:54:42+00:00","dateModified":"2025-09-09T13:08:02+00:00","description":"Tehosta maatilasi toimintaa biokaasun avulla ja edist\u00e4 kest\u00e4v\u00e4\u00e4 tuotantoa. Opi, miten biokaasu voi muuttaa j\u00e4tteen energiaksi.","breadcrumb":{"@id":"https:\/\/igfgas.se\/fi\/biokaasulaitos\/maatalous\/#breadcrumb"},"inLanguage":"fi","potentialAction":[{"@type":"ReadAction","target":["https:\/\/igfgas.se\/fi\/biokaasulaitos\/maatalous\/"]}]},{"@type":"ImageObject","inLanguage":"fi","@id":"https:\/\/igfgas.se\/fi\/biokaasulaitos\/maatalous\/#primaryimage","url":"https:\/\/igfgas.se\/wp-content\/uploads\/2024\/03\/hero_lantbrukare.jpg","contentUrl":"https:\/\/igfgas.se\/wp-content\/uploads\/2024\/03\/hero_lantbrukare.jpg","width":1400,"height":933},{"@type":"BreadcrumbList","@id":"https:\/\/igfgas.se\/fi\/biokaasulaitos\/maatalous\/#breadcrumb","itemListElement":[{"@type":"ListItem","position":1,"name":"Hem","item":"https:\/\/igfgas.se\/fi\/"},{"@type":"ListItem","position":2,"name":"R\u00e4\u00e4t\u00e4l\u00f6idyt biokaasulaitokset \u2013 IGF Biogas","item":"https:\/\/igfgas.se\/fi\/biokaasulaitos\/"},{"@type":"ListItem","position":3,"name":"Biokaasu maatiloille: Maksimoi tilasi potentiaali"}]},{"@type":"WebSite","@id":"https:\/\/igfgas.se\/fi\/#website","url":"https:\/\/igfgas.se\/fi\/","name":"IGF Biogas","description":"Ledande inom biogasteknik sedan 1930","potentialAction":[{"@type":"SearchAction","target":{"@type":"EntryPoint","urlTemplate":"https:\/\/igfgas.se\/fi\/?s={search_term_string}"},"query-input":{"@type":"PropertyValueSpecification","valueRequired":true,"valueName":"search_term_string"}}],"inLanguage":"fi"}]}},"_links":{"self":[{"href":"https:\/\/igfgas.se\/fi\/wp-json\/wp\/v2\/pages\/3833","targetHints":{"allow":["GET"]}}],"collection":[{"href":"https:\/\/igfgas.se\/fi\/wp-json\/wp\/v2\/pages"}],"about":[{"href":"https:\/\/igfgas.se\/fi\/wp-json\/wp\/v2\/types\/page"}],"author":[{"embeddable":true,"href":"https:\/\/igfgas.se\/fi\/wp-json\/wp\/v2\/users\/7"}],"replies":[{"embeddable":true,"href":"https:\/\/igfgas.se\/fi\/wp-json\/wp\/v2\/comments?post=3833"}],"version-history":[{"count":0,"href":"https:\/\/igfgas.se\/fi\/wp-json\/wp\/v2\/pages\/3833\/revisions"}],"up":[{"embeddable":true,"href":"https:\/\/igfgas.se\/fi\/wp-json\/wp\/v2\/pages\/3816"}],"wp:featuredmedia":[{"embeddable":true,"href":"https:\/\/igfgas.se\/fi\/wp-json\/wp\/v2\/media\/3834"}],"wp:attachment":[{"href":"https:\/\/igfgas.se\/fi\/wp-json\/wp\/v2\/media?parent=3833"}],"curies":[{"name":"wp","href":"https:\/\/api.w.org\/{rel}","templated":true}]}}