{"id":3841,"date":"2024-03-06T20:55:15","date_gmt":"2024-03-06T19:55:15","guid":{"rendered":"https:\/\/igfgas1stg.wpenginepowered.com\/biokaasulaitos\/livsmedel\/"},"modified":"2025-09-09T15:08:05","modified_gmt":"2025-09-09T13:08:05","slug":"elintarvike","status":"publish","type":"page","link":"https:\/\/igfgas.se\/fi\/biokaasulaitos\/elintarvike\/","title":{"rendered":"Biokaasu elintarviketuottajille \u2013 Kest\u00e4v\u00e4 ratkaisu"},"content":{"rendered":"<p>[et_pb_section fb_built=&#8221;1&#8243; module_class=&#8221;pa-custom-background-mask&#8221; _builder_version=&#8221;4.24.2&#8243; _module_preset=&#8221;default&#8221; background_image=&#8221;https:\/\/igfgas.se\/wp-content\/uploads\/2024\/03\/hero_livsmedelsproducenter.jpg&#8221; background_enable_mask_style=&#8221;on&#8221; global_colors_info=&#8221;{}&#8221;][et_pb_row column_structure=&#8221;2_3,1_3&#8243; _builder_version=&#8221;4.24.2&#8243; _module_preset=&#8221;default&#8221; global_colors_info=&#8221;{}&#8221;][et_pb_column type=&#8221;2_3&#8243; _builder_version=&#8221;4.24.2&#8243; _module_preset=&#8221;default&#8221; global_colors_info=&#8221;{}&#8221;][et_pb_text _builder_version=&#8221;4.27.4&#8243; _module_preset=&#8221;default&#8221; background_layout=&#8221;dark&#8221; global_colors_info=&#8221;{}&#8221;]<\/p>\n<h1>Kest\u00e4v\u00e4\u00e4 energiaa elintarvikej\u00e4tteest\u00e4<\/h1>\n<p>Elintarviketuottajille biokaasu ei edusta ainoastaan siirtym\u00e4\u00e4 kohti kest\u00e4v\u00e4mp\u00e4\u00e4 tuotantoa, vaan my\u00f6s mahdollisuutta tehostaa j\u00e4tehuoltoa ja luoda taloudellista arvoa sivutuotteista. IGF Biogas tarjoaa asiantuntemusta ja ratkaisuja, jotka helpottavat siirtymist\u00e4 biokaasutuotantoon \u2013 elintarviketeollisuuden erityistarpeisiin r\u00e4\u00e4t\u00e4l\u00f6ityn\u00e4.<\/p>\n<p>[\/et_pb_text][\/et_pb_column][et_pb_column type=&#8221;1_3&#8243; _builder_version=&#8221;4.24.2&#8243; _module_preset=&#8221;default&#8221; z_index=&#8221;1&#8243; sticky_position=&#8221;top&#8221; sticky_position_tablet=&#8221;top&#8221; sticky_position_phone=&#8221;none&#8221; sticky_position_last_edited=&#8221;on|phone&#8221; global_colors_info=&#8221;{}&#8221;][et_pb_team_member name=&#8221;Peter Sigefjord&#8221; position=&#8221;Biokaasulaitosten myynti&#8221; image_url=&#8221;https:\/\/igfgas.se\/wp-content\/uploads\/2024\/03\/peter-sigefjord.jpg&#8221; admin_label=&#8221;CTA &#8211; Peter Sigefjord&#8221; module_class=&#8221;kontaktperson&#8221; _builder_version=&#8221;4.27.4&#8243; _module_preset=&#8221;default&#8221; header_text_color=&#8221;#FFFFFF&#8221; header_font_size=&#8221;30px&#8221; body_text_color=&#8221;#FFFFFF&#8221; position_text_align=&#8221;center&#8221; position_text_color=&#8221;#FFFFFF&#8221; background_enable_color=&#8221;off&#8221; vertical_offset=&#8221;100px&#8221; horizontal_offset=&#8221;10%&#8221; text_orientation=&#8221;center&#8221; custom_padding=&#8221;20px|20px|20px|20px|false|false&#8221; global_module=&#8221;3825&#8243; saved_tabs=&#8221;all&#8221; global_colors_info=&#8221;{}&#8221;]<\/p>\n<p><img decoding=\"async\" src=\"https:\/\/igfgas.se\/wp-content\/uploads\/2024\/03\/phone.svg\" width=\"15\" \/> 070-888 88 88<br \/><img decoding=\"async\" src=\"https:\/\/igfgas.se\/wp-content\/uploads\/2024\/03\/mail.svg\" width=\"15\" \/> <a href=\"mailto:peter.sigefjord@igfgas.se\">peter.sigefjord@igfgas.se<\/a><\/p>\n<p>[\/et_pb_team_member][\/et_pb_column][\/et_pb_row][\/et_pb_section][et_pb_section fb_built=&#8221;1&#8243; admin_label=&#8221;section&#8221; _builder_version=&#8221;4.16&#8243; global_colors_info=&#8221;{}&#8221;][et_pb_row column_structure=&#8221;2_3,1_3&#8243; admin_label=&#8221;row&#8221; _builder_version=&#8221;4.16&#8243; background_size=&#8221;initial&#8221; background_position=&#8221;top_left&#8221; background_repeat=&#8221;repeat&#8221; global_colors_info=&#8221;{}&#8221;][et_pb_column type=&#8221;2_3&#8243; _builder_version=&#8221;4.16&#8243; custom_padding=&#8221;|||&#8221; global_colors_info=&#8221;{}&#8221; custom_padding__hover=&#8221;|||&#8221;][et_pb_text admin_label=&#8221;Text&#8221; _builder_version=&#8221;4.27.4&#8243; background_size=&#8221;initial&#8221; background_position=&#8221;top_left&#8221; background_repeat=&#8221;repeat&#8221; global_colors_info=&#8221;{}&#8221;]<\/p>\n<h4>Biokaasun hy\u00f6dyt elintarviketuotannossa<\/h4>\n<h2>V\u00e4hemm\u00e4n j\u00e4tett\u00e4, enemm\u00e4n kannattavuutta<\/h2>\n<p>Muuttamalla tuotantoj\u00e4tteet ja orgaaniset sivutuotteet biokaasuksi voivat elintarviketuottajat paitsi v\u00e4hent\u00e4\u00e4 ymp\u00e4rist\u00f6vaikutuksiaan, my\u00f6s luoda uuden tulonl\u00e4hteen. Biokaasun tuotanto mahdollistaa kiertotalouden, jossa mik\u00e4\u00e4n ei mene hukkaan \u2013 t\u00e4m\u00e4 on sek\u00e4 taloudellisesti ett\u00e4 ymp\u00e4rist\u00f6llisesti kannattavaa.<\/p>\n<h4>Toteutus alusta loppuun<\/h4>\n<h2>Kumppani koko prosessin ajan<\/h2>\n<p>IGF Biogasilla on kokemus ja asiantuntemus, joita tarvitaan tukemaan elintarviketuottajia koko biokaasutuotannon toteutusprosessissa \u2013 alkuanalyysist\u00e4 k\u00e4ytt\u00f6\u00f6nottoon. Vastaamme laitoksen suunnittelusta, rakentamisesta ja optimoinnista varmistaaksemme, ett\u00e4 ratkaisu vastaa juuri sinun tarpeitasi ja tukee liiketoimintasi pitk\u00e4aikaista menestyst\u00e4.<\/p>\n<h4>R\u00e4\u00e4t\u00e4l\u00f6idyt ratkaisut<\/h4>\n<h2>Tehokkuutta yksil\u00f6llisill\u00e4 j\u00e4rjestelmill\u00e4<\/h2>\n<p>Ymm\u00e4rr\u00e4mme, ett\u00e4 jokaisella elintarviketuotannolla on omat erityiset haasteensa ja tarpeensa. Siksi IGF Biogas tarjoaa t\u00e4ysin r\u00e4\u00e4t\u00e4l\u00f6ityj\u00e4 biokaasuratkaisuja, jotka on suunniteltu k\u00e4sittelem\u00e4\u00e4n tehokkaasti juuri sinun orgaaniset sivutuotteesi. Tavoitteenamme on optimoida biokaasun tuotanto niin, ett\u00e4 saat mahdollisimman suuren ymp\u00e4rist\u00f6- ja taloushy\u00f6dyn.<\/p>\n<h4>Taloudelliset kannustimet ja tuki<\/h4>\n<h2>Rahoitusprosessin helpottaminen<\/h2>\n<p>Biokaasulaitokseen investoiminen on merkitt\u00e4v\u00e4 p\u00e4\u00e4t\u00f6s jokaiselle elintarviketuottajalle. IGF Biogas auttaa tunnistamaan ja hakemaan saatavilla olevia valtion tukia, lainoja ja muita rahoitusmahdollisuuksia helpottaakseen t\u00e4t\u00e4 siirtym\u00e4\u00e4. Pyrimme tekem\u00e4\u00e4n prosessista mahdollisimman yksinkertaisen ja kannattavan, jotta sin\u00e4 voit keskitty\u00e4 ydinliiketoimintaasi samalla kun me hoidamme hallinnon.<\/p>\n<p>IGF Biogas on kumppanisi matkalla kohti kest\u00e4vyytt\u00e4 ja parempaa kannattavuutta elintarviketuotannossa. Ottamalla biokaasutuotannon osaksi toimintaasi voit ottaa merkitt\u00e4v\u00e4n askeleen kohti kest\u00e4v\u00e4mp\u00e4\u00e4 tulevaisuutta. Ota yhteytt\u00e4 jo t\u00e4n\u00e4\u00e4n ja selvitet\u00e4\u00e4n, miten voimme r\u00e4\u00e4t\u00e4l\u00f6id\u00e4 biokaasuratkaisun juuri sinun tarpeisiisi.<\/p>\n<p>[\/et_pb_text][\/et_pb_column][et_pb_column type=&#8221;1_3&#8243; _builder_version=&#8221;4.16&#8243; custom_padding=&#8221;|||&#8221; global_colors_info=&#8221;{}&#8221; custom_padding__hover=&#8221;|||&#8221;][\/et_pb_column][\/et_pb_row][\/et_pb_section][et_pb_section fb_built=&#8221;1&#8243; disabled_on=&#8221;off|off|off&#8221; admin_label=&#8221;our facilities&#8221; _builder_version=&#8221;4.27.4&#8243; _module_preset=&#8221;default&#8221; background_color=&#8221;#efefef&#8221; background_image=&#8221;https:\/\/igfgas.se\/wp-content\/uploads\/2024\/03\/dekorelement-color-1.svg&#8221; background_size=&#8221;contain&#8221; background_position=&#8221;top_left&#8221; z_index=&#8221;9&#8243; background_last_edited=&#8221;on|desktop&#8221; background_enable_image_tablet=&#8221;off&#8221; background_enable_image_phone=&#8221;off&#8221; global_module=&#8221;3838&#8243; saved_tabs=&#8221;all&#8221; global_colors_info=&#8221;{}&#8221;][et_pb_row column_structure=&#8221;1_4,1_2,1_4&#8243; _builder_version=&#8221;4.24.2&#8243; _module_preset=&#8221;default&#8221; custom_padding=&#8221;0px||0px||false|false&#8221; global_colors_info=&#8221;{}&#8221;][et_pb_column type=&#8221;1_4&#8243; _builder_version=&#8221;4.24.2&#8243; _module_preset=&#8221;default&#8221; global_colors_info=&#8221;{}&#8221;][\/et_pb_column][et_pb_column type=&#8221;1_2&#8243; _builder_version=&#8221;4.24.2&#8243; _module_preset=&#8221;default&#8221; global_colors_info=&#8221;{}&#8221;][et_pb_text _builder_version=&#8221;4.27.4&#8243; _module_preset=&#8221;default&#8221; text_orientation=&#8221;center&#8221; global_colors_info=&#8221;{}&#8221;]<\/p>\n<h4>Biokaasulaitoksemme<\/h4>\n<h2>R\u00e4\u00e4t\u00e4l\u00f6ity kaikkiin tarpeisiin<\/h2>\n<p>IGF Biogas on erikoistunut biokaasulaitosten suunnitteluun ja toimitukseen, tarjoten laajan kokovalikoiman, joka mukautuu juuri sinun tarpeisiisi.<\/p>\n<p>[\/et_pb_text][\/et_pb_column][et_pb_column type=&#8221;1_4&#8243; _builder_version=&#8221;4.24.2&#8243; _module_preset=&#8221;default&#8221; global_colors_info=&#8221;{}&#8221;][\/et_pb_column][\/et_pb_row][et_pb_row column_structure=&#8221;1_3,1_3,1_3&#8243; make_equal=&#8221;on&#8221; _builder_version=&#8221;4.25.0&#8243; _module_preset=&#8221;default&#8221; height=&#8221;430px&#8221; height_tablet=&#8221;430px&#8221; height_phone=&#8221;auto&#8221; height_last_edited=&#8221;on|phone&#8221; global_colors_info=&#8221;{}&#8221;][et_pb_column type=&#8221;1_3&#8243; _builder_version=&#8221;4.25.0&#8243; _module_preset=&#8221;default&#8221; background_color=&#8221;#263145&#8243; background_image=&#8221;https:\/\/igfgas.se\/wp-content\/uploads\/2024\/06\/mindre-anlaggning-2024.png&#8221; background_size=&#8221;custom&#8221; background_position=&#8221;bottom_right&#8221; background_horizontal_offset=&#8221;8%&#8221; background_vertical_offset=&#8221;8%&#8221; custom_padding=&#8221;20px|20px|20px|20px|false|false&#8221; background_last_edited=&#8221;on|desktop&#8221; background_image_width_phone=&#8221;25%&#8221; custom_css_main_element=&#8221;display: flex;||flex-direction: column;&#8221; border_radii=&#8221;on|10px|10px|10px|10px&#8221; global_colors_info=&#8221;{}&#8221;][et_pb_text _builder_version=&#8221;4.27.4&#8243; _module_preset=&#8221;default&#8221; background_layout=&#8221;dark&#8221; global_colors_info=&#8221;{}&#8221;]<\/p>\n<p class=\"green\">1\u20133 GWh \/ vuosi<\/p>\n<h3>Pienet laitokset<\/h3>\n<p>Ihanteellisia pienimuotoisiin hankkeisiin, kaasumoottoreilla joiden asennettu s\u00e4hk\u00f6teho on 30\u2013100 kW.<\/p>\n<p>[\/et_pb_text][et_pb_button button_url=&#8221;#&#8221; button_text=&#8221;Lue lis\u00e4\u00e4&#8221; button_alignment=&#8221;left&#8221; module_class=&#8221;knapp-botten&#8221; _builder_version=&#8221;4.27.4&#8243; _module_preset=&#8221;default&#8221; custom_margin=&#8221;auto||||false|false&#8221; global_colors_info=&#8221;{}&#8221;][\/et_pb_button][\/et_pb_column][et_pb_column type=&#8221;1_3&#8243; _builder_version=&#8221;4.25.0&#8243; _module_preset=&#8221;default&#8221; background_color=&#8221;#263145&#8243; background_image=&#8221;https:\/\/igfgas.se\/wp-content\/uploads\/2024\/09\/Medelstora-anlaggningar.3.png&#8221; background_size=&#8221;custom&#8221; background_position=&#8221;bottom_right&#8221; background_horizontal_offset=&#8221;8%&#8221; background_vertical_offset=&#8221;8%&#8221; custom_padding=&#8221;20px|20px|20px|20px|false|false&#8221; background_last_edited=&#8221;on|desktop&#8221; background_image_tablet=&#8221;https:\/\/igfgas.se\/wp-content\/uploads\/2024\/09\/Medelstora-anlaggningar-2.png&#8221; background_enable_image_tablet=&#8221;on&#8221; background_size_phone=&#8221;custom&#8221; background_image_width_phone=&#8221;25%&#8221; custom_css_main_element=&#8221;display: flex;||flex-direction: column;&#8221; border_radii=&#8221;on|10px|10px|10px|10px&#8221; global_colors_info=&#8221;{}&#8221;][et_pb_text _builder_version=&#8221;4.27.4&#8243; _module_preset=&#8221;default&#8221; background_layout=&#8221;dark&#8221; global_colors_info=&#8221;{}&#8221;]<\/p>\n<p class=\"green\">3\u201315 GWh \/ vuosi<\/p>\n<h3>Keskikokoiset laitokset<\/h3>\n<p>T\u00e4ydellisi\u00e4 laajamittaisempaan toimintaan, mahdollistaen my\u00f6s ajoneuvopolttoaineen tuotannon.<\/p>\n<p>[\/et_pb_text][et_pb_button button_url=&#8221;#&#8221; button_text=&#8221;Lue lis\u00e4\u00e4&#8221; button_alignment=&#8221;left&#8221; _builder_version=&#8221;4.27.4&#8243; _module_preset=&#8221;default&#8221; custom_margin=&#8221;auto||||false|false&#8221; global_colors_info=&#8221;{}&#8221;][\/et_pb_button][\/et_pb_column][et_pb_column type=&#8221;1_3&#8243; _builder_version=&#8221;4.24.2&#8243; _module_preset=&#8221;default&#8221; background_color=&#8221;#263145&#8243; background_image=&#8221;https:\/\/igfgas.se\/wp-content\/uploads\/2024\/02\/Group-137.png&#8221; background_size=&#8221;initial&#8221; background_position=&#8221;bottom_right&#8221; background_horizontal_offset=&#8221;8%&#8221; background_vertical_offset=&#8221;8%&#8221; custom_padding=&#8221;20px|20px|20px|20px|false|false&#8221; background_last_edited=&#8221;on|phone&#8221; background_size_phone=&#8221;custom&#8221; background_image_width_phone=&#8221;40%&#8221; custom_css_main_element=&#8221;display: flex;||flex-direction: column;&#8221; border_radii=&#8221;on|10px|10px|10px|10px&#8221; global_colors_info=&#8221;{}&#8221;][et_pb_text _builder_version=&#8221;4.27.4&#8243; _module_preset=&#8221;default&#8221; background_layout=&#8221;dark&#8221; global_colors_info=&#8221;{}&#8221;]<\/p>\n<p class=\"green\">Jopa 40 GWh \/ vuosi<\/p>\n<h3>Yhteism\u00e4d\u00e4tys- ja teollisuuslaitokset<\/h3>\n<p>Niille, jotka tarvitsevat maksimaalista kapasiteettia ja joustavuutta sek\u00e4 kaasumoottoreille ett\u00e4 ajoneuvopolttoaineen tuotantoon.<\/p>\n<p>[\/et_pb_text][et_pb_button button_url=&#8221;#&#8221; button_text=&#8221;Lue lis\u00e4\u00e4&#8221; button_alignment=&#8221;left&#8221; module_class=&#8221;knapp-botten&#8221; _builder_version=&#8221;4.27.4&#8243; _module_preset=&#8221;default&#8221; custom_margin=&#8221;auto||||false|false&#8221; custom_padding=&#8221;||||false|false&#8221; global_colors_info=&#8221;{}&#8221;][\/et_pb_button][\/et_pb_column][\/et_pb_row][\/et_pb_section][et_pb_section fb_built=&#8221;1&#8243; admin_label=&#8221;TEDOM uppk\u00f6pta&#8221; _builder_version=&#8221;4.27.4&#8243; _module_preset=&#8221;default&#8221; background_color=&#8221;#263145&#8243; z_index=&#8221;2&#8243; global_module=&#8221;3837&#8243; saved_tabs=&#8221;all&#8221; global_colors_info=&#8221;{}&#8221;][et_pb_row column_structure=&#8221;1_2,1_2&#8243; make_equal=&#8221;on&#8221; _builder_version=&#8221;4.25.0&#8243; _module_preset=&#8221;default&#8221; global_colors_info=&#8221;{}&#8221; custom_css_main_element_last_edited=&#8221;on|desktop&#8221; custom_css_main_element_tablet=&#8221;display: flex; flex-wrap: wrap;&#8221; custom_css_main_element_phone=&#8221;display: flex; flex-wrap: wrap;&#8221;][et_pb_column type=&#8221;1_2&#8243; _builder_version=&#8221;4.25.0&#8243; _module_preset=&#8221;default&#8221; global_colors_info=&#8221;{}&#8221; custom_css_main_element_last_edited=&#8221;on|tablet&#8221; custom_css_main_element_tablet=&#8221;order:2;&#8221; custom_css_main_element_phone=&#8221;order:2;&#8221;][et_pb_text _builder_version=&#8221;4.27.4&#8243; _module_preset=&#8221;default&#8221; background_layout=&#8221;dark&#8221; global_colors_info=&#8221;{}&#8221;]<\/p>\n<p style=\"padding-bottom: 0;\"><strong>Yanmar ostaa TEDOMin<\/strong><\/p>\n<h2>CHP-ratkaisumme ovat nyt entist\u00e4 parempia!<\/h2>\n<p>TEDOM, yksi johtavista yhteistuotantoratkaisujen (CHP) toimittajista, on nyt osa Yanmaria \u2013 yht\u00e4 maailman suurimmista moottori- ja energiaj\u00e4rjestelmien valmistajista. T\u00e4m\u00e4 strateginen kumppanuus tarkoittaa, ett\u00e4 TEDOMin asiantuntemus saa tuekseen Yanmariin globaalin vahvuuden ja innovatiivisen teknologian. Meille TEDOM-tuotteiden j\u00e4lleenmyyjin\u00e4 Pohjoismaissa t\u00e4m\u00e4 merkitsee vahvempaa asemaa ja laajempia mahdollisuuksia tarjota asiakkaillemme entist\u00e4 kehittyneempi\u00e4 ja kest\u00e4v\u00e4mpi\u00e4 energiaratkaisuja.<\/p>\n<p><em>Odotamme innolla, ett\u00e4 saamme jakaa t\u00e4m\u00e4n matkan kanssanne!<\/em><\/p>\n<p><a class=\"et_pb_button\" style=\"margin-right: 20px;\" href=\"https:\/\/igfgas.se\/fi\/ota-yhteytta\/\">Ota yhteytt\u00e4<\/a> <a style=\"font-size: 16px; font-style: italic;\" href=\"https:\/\/igfgas.se\/fi\/kaasumoottorit\/#main-content\">Lue lis\u00e4\u00e4 kaasumoottoreistamme &gt;&gt;<\/a><\/p>\n<p>[\/et_pb_text][\/et_pb_column][et_pb_column type=&#8221;1_2&#8243; _builder_version=&#8221;4.25.0&#8243; _module_preset=&#8221;default&#8221; global_colors_info=&#8221;{}&#8221; custom_css_main_element_last_edited=&#8221;off|tablet&#8221;][et_pb_image src=&#8221;https:\/\/igfgas.se\/wp-content\/uploads\/2024\/09\/mobile-kompozice-graf-4-KJ-modre-polep-2023_dohromady-e1692383134346.png&#8221; title_text=&#8221;mobile-kompozice-graf-4-KJ-modre-polep-2023_dohromady-e1692383134346&#8243; _builder_version=&#8221;4.25.0&#8243; _module_preset=&#8221;default&#8221; global_colors_info=&#8221;{}&#8221;][\/et_pb_image][\/et_pb_column][\/et_pb_row][\/et_pb_section]<\/p>\n","protected":false},"excerpt":{"rendered":"<p>Kest\u00e4v\u00e4\u00e4 energiaa elintarvikej\u00e4tteest\u00e4 Elintarviketuottajille biokaasu ei edusta ainoastaan siirtym\u00e4\u00e4 kohti kest\u00e4v\u00e4mp\u00e4\u00e4 tuotantoa, vaan my\u00f6s mahdollisuutta tehostaa j\u00e4tehuoltoa ja luoda taloudellista arvoa sivutuotteista. IGF Biogas tarjoaa asiantuntemusta ja ratkaisuja, jotka helpottavat siirtymist\u00e4 biokaasutuotantoon \u2013 elintarviketeollisuuden erityistarpeisiin r\u00e4\u00e4t\u00e4l\u00f6ityn\u00e4. 070-888 88 88 peter.sigefjord@igfgas.se Biokaasun hy\u00f6dyt elintarviketuotannossa V\u00e4hemm\u00e4n j\u00e4tett\u00e4, enemm\u00e4n kannattavuutta Muuttamalla tuotantoj\u00e4tteet ja orgaaniset sivutuotteet biokaasuksi voivat elintarviketuottajat [&hellip;]<\/p>\n","protected":false},"author":7,"featured_media":3842,"parent":3816,"menu_order":0,"comment_status":"closed","ping_status":"closed","template":"","meta":{"_acf_changed":false,"_et_pb_use_builder":"on","_et_pb_old_content":"<p>text<\/p>","_et_gb_content_width":"","inline_featured_image":false,"footnotes":""},"class_list":["post-3841","page","type-page","status-publish","has-post-thumbnail","hentry"],"acf":[],"yoast_head":"<!-- This site is optimized with the Yoast SEO plugin v27.3 - https:\/\/yoast.com\/product\/yoast-seo-wordpress\/ -->\n<title>Biokaasu elintarviketuottajille \u2013 Kest\u00e4v\u00e4 ratkaisu - IGF Biogas<\/title>\n<meta name=\"description\" content=\"Muuta elintarvikej\u00e4tteesi energiaksi biokaasun avulla. Kest\u00e4v\u00e4t ratkaisut biokaasutuotantoon elintarviketeollisuudelle.\" \/>\n<meta name=\"robots\" content=\"index, follow, max-snippet:-1, max-image-preview:large, max-video-preview:-1\" \/>\n<link rel=\"canonical\" href=\"https:\/\/igfgas.se\/fi\/biokaasulaitos\/elintarvike\/\" \/>\n<meta property=\"og:locale\" content=\"fi_FI\" \/>\n<meta property=\"og:type\" content=\"article\" \/>\n<meta property=\"og:title\" content=\"Biokaasu elintarviketuottajille \u2013 Kest\u00e4v\u00e4 ratkaisu - IGF Biogas\" \/>\n<meta property=\"og:description\" content=\"Muuta elintarvikej\u00e4tteesi energiaksi biokaasun avulla. Kest\u00e4v\u00e4t ratkaisut biokaasutuotantoon elintarviketeollisuudelle.\" \/>\n<meta property=\"og:url\" content=\"https:\/\/igfgas.se\/fi\/biokaasulaitos\/elintarvike\/\" \/>\n<meta property=\"og:site_name\" content=\"IGF Biogas\" \/>\n<meta property=\"article:modified_time\" content=\"2025-09-09T13:08:05+00:00\" \/>\n<meta property=\"og:image\" content=\"https:\/\/igfgas.se\/wp-content\/uploads\/2024\/03\/hero_livsmedelsproducenter.jpg\" \/>\n\t<meta property=\"og:image:width\" content=\"1400\" \/>\n\t<meta property=\"og:image:height\" content=\"930\" \/>\n\t<meta property=\"og:image:type\" content=\"image\/jpeg\" \/>\n<meta name=\"twitter:card\" content=\"summary_large_image\" \/>\n<meta name=\"twitter:label1\" content=\"Est. reading time\" \/>\n\t<meta name=\"twitter:data1\" content=\"4 minuuttia\" \/>\n<script type=\"application\/ld+json\" class=\"yoast-schema-graph\">{\"@context\":\"https:\\\/\\\/schema.org\",\"@graph\":[{\"@type\":\"WebPage\",\"@id\":\"https:\\\/\\\/igfgas.se\\\/fi\\\/biokaasulaitos\\\/elintarvike\\\/\",\"url\":\"https:\\\/\\\/igfgas.se\\\/fi\\\/biokaasulaitos\\\/elintarvike\\\/\",\"name\":\"Biokaasu elintarviketuottajille \u2013 Kest\u00e4v\u00e4 ratkaisu - IGF Biogas\",\"isPartOf\":{\"@id\":\"https:\\\/\\\/igfgas.se\\\/fi\\\/#website\"},\"primaryImageOfPage\":{\"@id\":\"https:\\\/\\\/igfgas.se\\\/fi\\\/biokaasulaitos\\\/elintarvike\\\/#primaryimage\"},\"image\":{\"@id\":\"https:\\\/\\\/igfgas.se\\\/fi\\\/biokaasulaitos\\\/elintarvike\\\/#primaryimage\"},\"thumbnailUrl\":\"https:\\\/\\\/igfgas.se\\\/wp-content\\\/uploads\\\/2024\\\/03\\\/hero_livsmedelsproducenter.jpg\",\"datePublished\":\"2024-03-06T19:55:15+00:00\",\"dateModified\":\"2025-09-09T13:08:05+00:00\",\"description\":\"Muuta elintarvikej\u00e4tteesi energiaksi biokaasun avulla. Kest\u00e4v\u00e4t ratkaisut biokaasutuotantoon elintarviketeollisuudelle.\",\"breadcrumb\":{\"@id\":\"https:\\\/\\\/igfgas.se\\\/fi\\\/biokaasulaitos\\\/elintarvike\\\/#breadcrumb\"},\"inLanguage\":\"fi\",\"potentialAction\":[{\"@type\":\"ReadAction\",\"target\":[\"https:\\\/\\\/igfgas.se\\\/fi\\\/biokaasulaitos\\\/elintarvike\\\/\"]}]},{\"@type\":\"ImageObject\",\"inLanguage\":\"fi\",\"@id\":\"https:\\\/\\\/igfgas.se\\\/fi\\\/biokaasulaitos\\\/elintarvike\\\/#primaryimage\",\"url\":\"https:\\\/\\\/igfgas.se\\\/wp-content\\\/uploads\\\/2024\\\/03\\\/hero_livsmedelsproducenter.jpg\",\"contentUrl\":\"https:\\\/\\\/igfgas.se\\\/wp-content\\\/uploads\\\/2024\\\/03\\\/hero_livsmedelsproducenter.jpg\",\"width\":1400,\"height\":930},{\"@type\":\"BreadcrumbList\",\"@id\":\"https:\\\/\\\/igfgas.se\\\/fi\\\/biokaasulaitos\\\/elintarvike\\\/#breadcrumb\",\"itemListElement\":[{\"@type\":\"ListItem\",\"position\":1,\"name\":\"Hem\",\"item\":\"https:\\\/\\\/igfgas.se\\\/fi\\\/\"},{\"@type\":\"ListItem\",\"position\":2,\"name\":\"R\u00e4\u00e4t\u00e4l\u00f6idyt biokaasulaitokset \u2013 IGF Biogas\",\"item\":\"https:\\\/\\\/igfgas.se\\\/fi\\\/biokaasulaitos\\\/\"},{\"@type\":\"ListItem\",\"position\":3,\"name\":\"Biokaasu elintarviketuottajille \u2013 Kest\u00e4v\u00e4 ratkaisu\"}]},{\"@type\":\"WebSite\",\"@id\":\"https:\\\/\\\/igfgas.se\\\/fi\\\/#website\",\"url\":\"https:\\\/\\\/igfgas.se\\\/fi\\\/\",\"name\":\"IGF Biogas\",\"description\":\"Ledande inom biogasteknik sedan 1930\",\"potentialAction\":[{\"@type\":\"SearchAction\",\"target\":{\"@type\":\"EntryPoint\",\"urlTemplate\":\"https:\\\/\\\/igfgas.se\\\/fi\\\/?s={search_term_string}\"},\"query-input\":{\"@type\":\"PropertyValueSpecification\",\"valueRequired\":true,\"valueName\":\"search_term_string\"}}],\"inLanguage\":\"fi\"}]}<\/script>\n<!-- \/ Yoast SEO plugin. -->","yoast_head_json":{"title":"Biokaasu elintarviketuottajille \u2013 Kest\u00e4v\u00e4 ratkaisu - IGF Biogas","description":"Muuta elintarvikej\u00e4tteesi energiaksi biokaasun avulla. Kest\u00e4v\u00e4t ratkaisut biokaasutuotantoon elintarviketeollisuudelle.","robots":{"index":"index","follow":"follow","max-snippet":"max-snippet:-1","max-image-preview":"max-image-preview:large","max-video-preview":"max-video-preview:-1"},"canonical":"https:\/\/igfgas.se\/fi\/biokaasulaitos\/elintarvike\/","og_locale":"fi_FI","og_type":"article","og_title":"Biokaasu elintarviketuottajille \u2013 Kest\u00e4v\u00e4 ratkaisu - IGF Biogas","og_description":"Muuta elintarvikej\u00e4tteesi energiaksi biokaasun avulla. Kest\u00e4v\u00e4t ratkaisut biokaasutuotantoon elintarviketeollisuudelle.","og_url":"https:\/\/igfgas.se\/fi\/biokaasulaitos\/elintarvike\/","og_site_name":"IGF Biogas","article_modified_time":"2025-09-09T13:08:05+00:00","og_image":[{"width":1400,"height":930,"url":"https:\/\/igfgas.se\/wp-content\/uploads\/2024\/03\/hero_livsmedelsproducenter.jpg","type":"image\/jpeg"}],"twitter_card":"summary_large_image","twitter_misc":{"Est. reading time":"4 minuuttia"},"schema":{"@context":"https:\/\/schema.org","@graph":[{"@type":"WebPage","@id":"https:\/\/igfgas.se\/fi\/biokaasulaitos\/elintarvike\/","url":"https:\/\/igfgas.se\/fi\/biokaasulaitos\/elintarvike\/","name":"Biokaasu elintarviketuottajille \u2013 Kest\u00e4v\u00e4 ratkaisu - IGF Biogas","isPartOf":{"@id":"https:\/\/igfgas.se\/fi\/#website"},"primaryImageOfPage":{"@id":"https:\/\/igfgas.se\/fi\/biokaasulaitos\/elintarvike\/#primaryimage"},"image":{"@id":"https:\/\/igfgas.se\/fi\/biokaasulaitos\/elintarvike\/#primaryimage"},"thumbnailUrl":"https:\/\/igfgas.se\/wp-content\/uploads\/2024\/03\/hero_livsmedelsproducenter.jpg","datePublished":"2024-03-06T19:55:15+00:00","dateModified":"2025-09-09T13:08:05+00:00","description":"Muuta elintarvikej\u00e4tteesi energiaksi biokaasun avulla. Kest\u00e4v\u00e4t ratkaisut biokaasutuotantoon elintarviketeollisuudelle.","breadcrumb":{"@id":"https:\/\/igfgas.se\/fi\/biokaasulaitos\/elintarvike\/#breadcrumb"},"inLanguage":"fi","potentialAction":[{"@type":"ReadAction","target":["https:\/\/igfgas.se\/fi\/biokaasulaitos\/elintarvike\/"]}]},{"@type":"ImageObject","inLanguage":"fi","@id":"https:\/\/igfgas.se\/fi\/biokaasulaitos\/elintarvike\/#primaryimage","url":"https:\/\/igfgas.se\/wp-content\/uploads\/2024\/03\/hero_livsmedelsproducenter.jpg","contentUrl":"https:\/\/igfgas.se\/wp-content\/uploads\/2024\/03\/hero_livsmedelsproducenter.jpg","width":1400,"height":930},{"@type":"BreadcrumbList","@id":"https:\/\/igfgas.se\/fi\/biokaasulaitos\/elintarvike\/#breadcrumb","itemListElement":[{"@type":"ListItem","position":1,"name":"Hem","item":"https:\/\/igfgas.se\/fi\/"},{"@type":"ListItem","position":2,"name":"R\u00e4\u00e4t\u00e4l\u00f6idyt biokaasulaitokset \u2013 IGF Biogas","item":"https:\/\/igfgas.se\/fi\/biokaasulaitos\/"},{"@type":"ListItem","position":3,"name":"Biokaasu elintarviketuottajille \u2013 Kest\u00e4v\u00e4 ratkaisu"}]},{"@type":"WebSite","@id":"https:\/\/igfgas.se\/fi\/#website","url":"https:\/\/igfgas.se\/fi\/","name":"IGF Biogas","description":"Ledande inom biogasteknik sedan 1930","potentialAction":[{"@type":"SearchAction","target":{"@type":"EntryPoint","urlTemplate":"https:\/\/igfgas.se\/fi\/?s={search_term_string}"},"query-input":{"@type":"PropertyValueSpecification","valueRequired":true,"valueName":"search_term_string"}}],"inLanguage":"fi"}]}},"_links":{"self":[{"href":"https:\/\/igfgas.se\/fi\/wp-json\/wp\/v2\/pages\/3841","targetHints":{"allow":["GET"]}}],"collection":[{"href":"https:\/\/igfgas.se\/fi\/wp-json\/wp\/v2\/pages"}],"about":[{"href":"https:\/\/igfgas.se\/fi\/wp-json\/wp\/v2\/types\/page"}],"author":[{"embeddable":true,"href":"https:\/\/igfgas.se\/fi\/wp-json\/wp\/v2\/users\/7"}],"replies":[{"embeddable":true,"href":"https:\/\/igfgas.se\/fi\/wp-json\/wp\/v2\/comments?post=3841"}],"version-history":[{"count":0,"href":"https:\/\/igfgas.se\/fi\/wp-json\/wp\/v2\/pages\/3841\/revisions"}],"up":[{"embeddable":true,"href":"https:\/\/igfgas.se\/fi\/wp-json\/wp\/v2\/pages\/3816"}],"wp:featuredmedia":[{"embeddable":true,"href":"https:\/\/igfgas.se\/fi\/wp-json\/wp\/v2\/media\/3842"}],"wp:attachment":[{"href":"https:\/\/igfgas.se\/fi\/wp-json\/wp\/v2\/media?parent=3841"}],"curies":[{"name":"wp","href":"https:\/\/api.w.org\/{rel}","templated":true}]}}