{"id":3844,"date":"2024-03-06T20:55:58","date_gmt":"2024-03-06T19:55:58","guid":{"rendered":"https:\/\/igfgas1stg.wpenginepowered.com\/biokaasulaitos\/for-reningsverk\/"},"modified":"2025-09-05T13:18:18","modified_gmt":"2025-09-05T11:18:18","slug":"puhdistamoille","status":"publish","type":"page","link":"https:\/\/igfgas.se\/fi\/biokaasulaitos\/puhdistamoille\/","title":{"rendered":"Puhdistamon rooli biokaasutuotannossa \u2013 IGF Biogas"},"content":{"rendered":"<p>[et_pb_section fb_built=&#8221;1&#8243; module_class=&#8221;pa-custom-background-mask&#8221; _builder_version=&#8221;4.24.2&#8243; _module_preset=&#8221;default&#8221; background_image=&#8221;https:\/\/igfgas.se\/wp-content\/uploads\/2024\/03\/image002-scaled.jpg&#8221; background_enable_mask_style=&#8221;on&#8221; global_colors_info=&#8221;{}&#8221;][et_pb_row column_structure=&#8221;2_3,1_3&#8243; _builder_version=&#8221;4.24.2&#8243; _module_preset=&#8221;default&#8221; global_colors_info=&#8221;{}&#8221;][et_pb_column type=&#8221;2_3&#8243; _builder_version=&#8221;4.24.2&#8243; _module_preset=&#8221;default&#8221; global_colors_info=&#8221;{}&#8221;][et_pb_text _builder_version=&#8221;4.27.4&#8243; _module_preset=&#8221;default&#8221; background_layout=&#8221;dark&#8221; global_colors_info=&#8221;{}&#8221;]<\/p>\n<h1>Biokaasu: Tulevaisuuden puhdistamot<\/h1>\n<p>J\u00e4tevedenpuhdistamot n\u00e4yttelev\u00e4t keskeist\u00e4 roolia biokaasun tuotannossa muuttamalla j\u00e4teveden ja orgaanisen j\u00e4tteen puhtaaksi energiaksi ja biolannoitteeksi. IGF Biogas on erikoistunut kehitt\u00e4m\u00e4\u00e4n ja toteuttamaan biokaasuratkaisuja puhdistamoihin, keskittyen ymp\u00e4rist\u00f6hy\u00f6tyjen maksimoimiseen ja energiantuotannon tehostamiseen.<\/p>\n<p>[\/et_pb_text][\/et_pb_column][et_pb_column type=&#8221;1_3&#8243; _builder_version=&#8221;4.24.2&#8243; _module_preset=&#8221;default&#8221; z_index=&#8221;1&#8243; sticky_position=&#8221;top&#8221; sticky_position_tablet=&#8221;top&#8221; sticky_position_phone=&#8221;none&#8221; sticky_position_last_edited=&#8221;on|phone&#8221; global_colors_info=&#8221;{}&#8221;][et_pb_team_member name=&#8221;Magnus Cedfalck&#8221; position=&#8221;Myynti- ja markkinointivastaava&#8221; image_url=&#8221;https:\/\/igfgas.se\/wp-content\/uploads\/2024\/04\/magnus-cedfalck.jpg&#8221; admin_label=&#8221;CTA &#8211; Magnus Cedfalck&#8221; module_class=&#8221;kontaktperson&#8221; _builder_version=&#8221;4.27.4&#8243; _module_preset=&#8221;default&#8221; header_text_color=&#8221;#FFFFFF&#8221; header_font_size=&#8221;30px&#8221; body_text_color=&#8221;#FFFFFF&#8221; position_text_align=&#8221;center&#8221; position_text_color=&#8221;#FFFFFF&#8221; background_enable_color=&#8221;off&#8221; vertical_offset=&#8221;100px&#8221; horizontal_offset=&#8221;10%&#8221; text_orientation=&#8221;center&#8221; custom_padding=&#8221;20px|20px|20px|20px|false|false&#8221; global_module=&#8221;3858&#8243; saved_tabs=&#8221;all&#8221; global_colors_info=&#8221;{}&#8221;]<\/p>\n<p><img decoding=\"async\" src=\"https:\/\/igfgas.se\/wp-content\/uploads\/2024\/03\/phone.svg\" width=\"15\" \/> 013-991 32 15<br \/><img decoding=\"async\" src=\"https:\/\/igfgas.se\/wp-content\/uploads\/2024\/03\/mail.svg\" width=\"15\" \/> <a href=\"mailto:magnus.cedfalck@igfgas.se\">magnus.cedfalck@igfgas.se<\/a><\/p>\n<p>[\/et_pb_team_member][\/et_pb_column][\/et_pb_row][\/et_pb_section][et_pb_section fb_built=&#8221;1&#8243; admin_label=&#8221;section&#8221; _builder_version=&#8221;4.16&#8243; global_colors_info=&#8221;{}&#8221;][et_pb_row column_structure=&#8221;2_3,1_3&#8243; admin_label=&#8221;row&#8221; _builder_version=&#8221;4.16&#8243; background_size=&#8221;initial&#8221; background_position=&#8221;top_left&#8221; background_repeat=&#8221;repeat&#8221; global_colors_info=&#8221;{}&#8221;][et_pb_column type=&#8221;2_3&#8243; _builder_version=&#8221;4.16&#8243; custom_padding=&#8221;|||&#8221; global_colors_info=&#8221;{}&#8221; custom_padding__hover=&#8221;|||&#8221;][et_pb_text admin_label=&#8221;Text&#8221; _builder_version=&#8221;4.27.4&#8243; background_size=&#8221;initial&#8221; background_position=&#8221;top_left&#8221; background_repeat=&#8221;repeat&#8221; global_colors_info=&#8221;{}&#8221;]<\/p>\n<h4>Puhdistamon ainutlaatuinen asema<\/h4>\n<h2>Biokaasutuotannon keskus<\/h2>\n<p>J\u00e4tevedenpuhdistamot k\u00e4sittelev\u00e4t p\u00e4ivitt\u00e4in suuria m\u00e4\u00e4ri\u00e4 j\u00e4tevesi\u00e4 ja orgaanista j\u00e4tett\u00e4, mik\u00e4 tekee niist\u00e4 ihanteellisia paikkoja biokaasutuotannolle. Anaerobisen m\u00e4d\u00e4tyksen avulla n\u00e4m\u00e4 j\u00e4tteet muunnetaan biokaasuksi \u2013 uusiutuvaksi energial\u00e4hteeksi \u2013 samalla kun sivutuotteena syntyy arvokasta biolannoitetta. T\u00e4m\u00e4 prosessi tukee paitsi puhdistamon omaa energiantuotantoa, my\u00f6s paikallista energiaj\u00e4rjestelm\u00e4\u00e4.<\/p>\n<h4>J\u00e4tehuollosta energiantuotantoon<\/h4>\n<h2>Tehostaminen ja omavaraisuus<\/h2>\n<p>Integroimalla biokaasutuotannon puhdistamon toimintaan voidaan k\u00e4sitell\u00e4 j\u00e4tteet tehokkaammin ja samalla tuottaa omaa energiaa. T\u00e4m\u00e4 johtaa pienempiin k\u00e4ytt\u00f6kustannuksiin ja kest\u00e4v\u00e4mp\u00e4\u00e4n energiantuotantoon. IGF Biogas ty\u00f6skentelee prosessin optimoimiseksi \u2013 maksimoiden energiantuoton ja varmistaen, ett\u00e4 biolannoite t\u00e4ytt\u00e4\u00e4 korkeimmat laatuvaatimukset.<\/p>\n<h4>Teknologiset innovaatiot ja mukautukset<\/h4>\n<h2>R\u00e4\u00e4t\u00e4l\u00f6idyt ratkaisut puhdistamoille<\/h2>\n<p>Jokaisella puhdistamolla on omat erityisvaatimuksensa biokaasutuotannossa. IGF Biogas on erikoistunut suunnittelemaan ja toteuttamaan r\u00e4\u00e4t\u00e4l\u00f6ityj\u00e4 biokaasuratkaisuja, jotka ottavat huomioon n\u00e4m\u00e4 yksil\u00f6lliset l\u00e4ht\u00f6kohdat. Hy\u00f6dynt\u00e4m\u00e4ll\u00e4 uusinta teknologiaa ja innovatiivisia prosesseja voimme maksimoida sek\u00e4 biokaasun saannon ett\u00e4 puhdistusprosessin kokonaistehokkuuden.<\/p>\n<h4>Tulevaisuuden kest\u00e4v\u00e4t energial\u00e4hteet<\/h4>\n<h2>Osana vihre\u00e4\u00e4 siirtym\u00e4\u00e4<\/h2>\n<p>Puhdistamot ovat keskeinen osa biokaasutuotantoa ja siten t\u00e4rke\u00e4 askel kohti kest\u00e4v\u00e4mp\u00e4\u00e4 ja resilientimp\u00e4\u00e4 energiatulevaisuutta. Muuttamalla j\u00e4tteen energiaksi ja biolannoitteeksi puhdistamot v\u00e4hent\u00e4v\u00e4t riippuvuutta fossiilisista polttoaineista ja sulkevat orgaanisen materiaalin kierron. IGF Biogas on ylpe\u00e4 voidessaan tukea t\u00e4t\u00e4 siirtym\u00e4\u00e4 asiantuntemuksellaan ja innovatiivisilla ratkaisuilla, jotka tuovat sek\u00e4 ymp\u00e4rist\u00f6- ett\u00e4 taloushy\u00f6tyj\u00e4.<\/p>\n<p>IGF Biogas on kumppanisi puhdistamon t\u00e4yden potentiaalin hy\u00f6dynt\u00e4misess\u00e4 biokaasutuotannossa. R\u00e4\u00e4t\u00e4l\u00f6im\u00e4ll\u00e4 teknologiat ja prosessit juuri sinun tarpeisiisi, autamme luomaan kest\u00e4vi\u00e4 ja tehokkaita energiaratkaisuja tulevaisuutta varten. Ota yhteytt\u00e4 jo t\u00e4n\u00e4\u00e4n ja selvit\u00e4, kuinka voimme parantaa ja tehostaa biokaasutuotantoa puhdistamollasi.<\/p>\n<p>[\/et_pb_text][\/et_pb_column][et_pb_column type=&#8221;1_3&#8243; _builder_version=&#8221;4.16&#8243; custom_padding=&#8221;|||&#8221; global_colors_info=&#8221;{}&#8221; custom_padding__hover=&#8221;|||&#8221;][\/et_pb_column][\/et_pb_row][\/et_pb_section][et_pb_section fb_built=&#8221;1&#8243; disabled_on=&#8221;off|off|off&#8221; admin_label=&#8221;our facilities&#8221; _builder_version=&#8221;4.27.4&#8243; _module_preset=&#8221;default&#8221; background_color=&#8221;#efefef&#8221; background_image=&#8221;https:\/\/igfgas.se\/wp-content\/uploads\/2024\/03\/dekorelement-color-1.svg&#8221; background_size=&#8221;contain&#8221; background_position=&#8221;top_left&#8221; z_index=&#8221;9&#8243; background_last_edited=&#8221;on|desktop&#8221; background_enable_image_tablet=&#8221;off&#8221; background_enable_image_phone=&#8221;off&#8221; global_module=&#8221;3838&#8243; saved_tabs=&#8221;all&#8221; global_colors_info=&#8221;{}&#8221;][et_pb_row column_structure=&#8221;1_4,1_2,1_4&#8243; _builder_version=&#8221;4.24.2&#8243; _module_preset=&#8221;default&#8221; custom_padding=&#8221;0px||0px||false|false&#8221; global_colors_info=&#8221;{}&#8221;][et_pb_column type=&#8221;1_4&#8243; _builder_version=&#8221;4.24.2&#8243; _module_preset=&#8221;default&#8221; global_colors_info=&#8221;{}&#8221;][\/et_pb_column][et_pb_column type=&#8221;1_2&#8243; _builder_version=&#8221;4.24.2&#8243; _module_preset=&#8221;default&#8221; global_colors_info=&#8221;{}&#8221;][et_pb_text _builder_version=&#8221;4.27.4&#8243; _module_preset=&#8221;default&#8221; text_orientation=&#8221;center&#8221; global_colors_info=&#8221;{}&#8221;]<\/p>\n<h4>Biokaasulaitoksemme<\/h4>\n<h2>R\u00e4\u00e4t\u00e4l\u00f6ity kaikkiin tarpeisiin<\/h2>\n<p>IGF Biogas on erikoistunut biokaasulaitosten suunnitteluun ja toimitukseen, tarjoten laajan kokovalikoiman, joka mukautuu juuri sinun tarpeisiisi.<\/p>\n<p>[\/et_pb_text][\/et_pb_column][et_pb_column type=&#8221;1_4&#8243; _builder_version=&#8221;4.24.2&#8243; _module_preset=&#8221;default&#8221; global_colors_info=&#8221;{}&#8221;][\/et_pb_column][\/et_pb_row][et_pb_row column_structure=&#8221;1_3,1_3,1_3&#8243; make_equal=&#8221;on&#8221; _builder_version=&#8221;4.25.0&#8243; _module_preset=&#8221;default&#8221; height=&#8221;430px&#8221; height_tablet=&#8221;430px&#8221; height_phone=&#8221;auto&#8221; height_last_edited=&#8221;on|phone&#8221; global_colors_info=&#8221;{}&#8221;][et_pb_column type=&#8221;1_3&#8243; _builder_version=&#8221;4.25.0&#8243; _module_preset=&#8221;default&#8221; background_color=&#8221;#263145&#8243; background_image=&#8221;https:\/\/igfgas.se\/wp-content\/uploads\/2024\/06\/mindre-anlaggning-2024.png&#8221; background_size=&#8221;custom&#8221; background_position=&#8221;bottom_right&#8221; background_horizontal_offset=&#8221;8%&#8221; background_vertical_offset=&#8221;8%&#8221; custom_padding=&#8221;20px|20px|20px|20px|false|false&#8221; background_last_edited=&#8221;on|desktop&#8221; background_image_width_phone=&#8221;25%&#8221; custom_css_main_element=&#8221;display: flex;||flex-direction: column;&#8221; border_radii=&#8221;on|10px|10px|10px|10px&#8221; global_colors_info=&#8221;{}&#8221;][et_pb_text _builder_version=&#8221;4.27.4&#8243; _module_preset=&#8221;default&#8221; background_layout=&#8221;dark&#8221; global_colors_info=&#8221;{}&#8221;]<\/p>\n<p class=\"green\">1\u20133 GWh \/ vuosi<\/p>\n<h3>Pienet laitokset<\/h3>\n<p>Ihanteellisia pienimuotoisiin hankkeisiin, kaasumoottoreilla joiden asennettu s\u00e4hk\u00f6teho on 30\u2013100 kW.<\/p>\n<p>[\/et_pb_text][et_pb_button button_url=&#8221;#&#8221; button_text=&#8221;Lue lis\u00e4\u00e4&#8221; button_alignment=&#8221;left&#8221; module_class=&#8221;knapp-botten&#8221; _builder_version=&#8221;4.27.4&#8243; _module_preset=&#8221;default&#8221; custom_margin=&#8221;auto||||false|false&#8221; global_colors_info=&#8221;{}&#8221;][\/et_pb_button][\/et_pb_column][et_pb_column type=&#8221;1_3&#8243; _builder_version=&#8221;4.25.0&#8243; _module_preset=&#8221;default&#8221; background_color=&#8221;#263145&#8243; background_image=&#8221;https:\/\/igfgas.se\/wp-content\/uploads\/2024\/09\/Medelstora-anlaggningar.3.png&#8221; background_size=&#8221;custom&#8221; background_position=&#8221;bottom_right&#8221; background_horizontal_offset=&#8221;8%&#8221; background_vertical_offset=&#8221;8%&#8221; custom_padding=&#8221;20px|20px|20px|20px|false|false&#8221; background_last_edited=&#8221;on|desktop&#8221; background_image_tablet=&#8221;https:\/\/igfgas.se\/wp-content\/uploads\/2024\/09\/Medelstora-anlaggningar-2.png&#8221; background_enable_image_tablet=&#8221;on&#8221; background_size_phone=&#8221;custom&#8221; background_image_width_phone=&#8221;25%&#8221; custom_css_main_element=&#8221;display: flex;||flex-direction: column;&#8221; border_radii=&#8221;on|10px|10px|10px|10px&#8221; global_colors_info=&#8221;{}&#8221;][et_pb_text _builder_version=&#8221;4.27.4&#8243; _module_preset=&#8221;default&#8221; background_layout=&#8221;dark&#8221; global_colors_info=&#8221;{}&#8221;]<\/p>\n<p class=\"green\">3\u201315 GWh \/ vuosi<\/p>\n<h3>Keskikokoiset laitokset<\/h3>\n<p>T\u00e4ydellisi\u00e4 laajamittaisempaan toimintaan, mahdollistaen my\u00f6s ajoneuvopolttoaineen tuotannon.<\/p>\n<p>[\/et_pb_text][et_pb_button button_url=&#8221;#&#8221; button_text=&#8221;Lue lis\u00e4\u00e4&#8221; button_alignment=&#8221;left&#8221; _builder_version=&#8221;4.27.4&#8243; _module_preset=&#8221;default&#8221; custom_margin=&#8221;auto||||false|false&#8221; global_colors_info=&#8221;{}&#8221;][\/et_pb_button][\/et_pb_column][et_pb_column type=&#8221;1_3&#8243; _builder_version=&#8221;4.24.2&#8243; _module_preset=&#8221;default&#8221; background_color=&#8221;#263145&#8243; background_image=&#8221;https:\/\/igfgas.se\/wp-content\/uploads\/2024\/02\/Group-137.png&#8221; background_size=&#8221;initial&#8221; background_position=&#8221;bottom_right&#8221; background_horizontal_offset=&#8221;8%&#8221; background_vertical_offset=&#8221;8%&#8221; custom_padding=&#8221;20px|20px|20px|20px|false|false&#8221; background_last_edited=&#8221;on|phone&#8221; background_size_phone=&#8221;custom&#8221; background_image_width_phone=&#8221;40%&#8221; custom_css_main_element=&#8221;display: flex;||flex-direction: column;&#8221; border_radii=&#8221;on|10px|10px|10px|10px&#8221; global_colors_info=&#8221;{}&#8221;][et_pb_text _builder_version=&#8221;4.27.4&#8243; _module_preset=&#8221;default&#8221; background_layout=&#8221;dark&#8221; global_colors_info=&#8221;{}&#8221;]<\/p>\n<p class=\"green\">Jopa 40 GWh \/ vuosi<\/p>\n<h3>Yhteism\u00e4d\u00e4tys- ja teollisuuslaitokset<\/h3>\n<p>Niille, jotka tarvitsevat maksimaalista kapasiteettia ja joustavuutta sek\u00e4 kaasumoottoreille ett\u00e4 ajoneuvopolttoaineen tuotantoon.<\/p>\n<p>[\/et_pb_text][et_pb_button button_url=&#8221;#&#8221; button_text=&#8221;Lue lis\u00e4\u00e4&#8221; button_alignment=&#8221;left&#8221; module_class=&#8221;knapp-botten&#8221; _builder_version=&#8221;4.27.4&#8243; _module_preset=&#8221;default&#8221; custom_margin=&#8221;auto||||false|false&#8221; custom_padding=&#8221;||||false|false&#8221; global_colors_info=&#8221;{}&#8221;][\/et_pb_button][\/et_pb_column][\/et_pb_row][\/et_pb_section][et_pb_section fb_built=&#8221;1&#8243; admin_label=&#8221;TEDOM uppk\u00f6pta&#8221; _builder_version=&#8221;4.27.4&#8243; _module_preset=&#8221;default&#8221; background_color=&#8221;#263145&#8243; z_index=&#8221;2&#8243; global_module=&#8221;3837&#8243; saved_tabs=&#8221;all&#8221; global_colors_info=&#8221;{}&#8221;][et_pb_row column_structure=&#8221;1_2,1_2&#8243; make_equal=&#8221;on&#8221; _builder_version=&#8221;4.25.0&#8243; _module_preset=&#8221;default&#8221; global_colors_info=&#8221;{}&#8221; custom_css_main_element_last_edited=&#8221;on|desktop&#8221; custom_css_main_element_tablet=&#8221;display: flex; flex-wrap: wrap;&#8221; custom_css_main_element_phone=&#8221;display: flex; flex-wrap: wrap;&#8221;][et_pb_column type=&#8221;1_2&#8243; _builder_version=&#8221;4.25.0&#8243; _module_preset=&#8221;default&#8221; global_colors_info=&#8221;{}&#8221; custom_css_main_element_last_edited=&#8221;on|tablet&#8221; custom_css_main_element_tablet=&#8221;order:2;&#8221; custom_css_main_element_phone=&#8221;order:2;&#8221;][et_pb_text _builder_version=&#8221;4.27.4&#8243; _module_preset=&#8221;default&#8221; background_layout=&#8221;dark&#8221; global_colors_info=&#8221;{}&#8221;]<\/p>\n<p style=\"padding-bottom: 0;\"><strong>Yanmar ostaa TEDOMin<\/strong><\/p>\n<h2>CHP-ratkaisumme ovat nyt entist\u00e4 parempia!<\/h2>\n<p>TEDOM, yksi johtavista yhteistuotantoratkaisujen (CHP) toimittajista, on nyt osa Yanmaria \u2013 yht\u00e4 maailman suurimmista moottori- ja energiaj\u00e4rjestelmien valmistajista. T\u00e4m\u00e4 strateginen kumppanuus tarkoittaa, ett\u00e4 TEDOMin asiantuntemus saa tuekseen Yanmariin globaalin vahvuuden ja innovatiivisen teknologian. Meille TEDOM-tuotteiden j\u00e4lleenmyyjin\u00e4 Pohjoismaissa t\u00e4m\u00e4 merkitsee vahvempaa asemaa ja laajempia mahdollisuuksia tarjota asiakkaillemme entist\u00e4 kehittyneempi\u00e4 ja kest\u00e4v\u00e4mpi\u00e4 energiaratkaisuja.<\/p>\n<p><em>Odotamme innolla, ett\u00e4 saamme jakaa t\u00e4m\u00e4n matkan kanssanne!<\/em><\/p>\n<p><a class=\"et_pb_button\" style=\"margin-right: 20px;\" href=\"https:\/\/igfgas.se\/fi\/ota-yhteytta\/\">Ota yhteytt\u00e4<\/a> <a style=\"font-size: 16px; font-style: italic;\" href=\"https:\/\/igfgas.se\/fi\/kaasumoottorit\/#main-content\">Lue lis\u00e4\u00e4 kaasumoottoreistamme &gt;&gt;<\/a><\/p>\n<p>[\/et_pb_text][\/et_pb_column][et_pb_column type=&#8221;1_2&#8243; _builder_version=&#8221;4.25.0&#8243; _module_preset=&#8221;default&#8221; global_colors_info=&#8221;{}&#8221; custom_css_main_element_last_edited=&#8221;off|tablet&#8221;][et_pb_image src=&#8221;https:\/\/igfgas.se\/wp-content\/uploads\/2024\/09\/mobile-kompozice-graf-4-KJ-modre-polep-2023_dohromady-e1692383134346.png&#8221; title_text=&#8221;mobile-kompozice-graf-4-KJ-modre-polep-2023_dohromady-e1692383134346&#8243; _builder_version=&#8221;4.25.0&#8243; _module_preset=&#8221;default&#8221; global_colors_info=&#8221;{}&#8221;][\/et_pb_image][\/et_pb_column][\/et_pb_row][\/et_pb_section]<\/p>\n","protected":false},"excerpt":{"rendered":"<p>Biokaasu: Tulevaisuuden puhdistamot J\u00e4tevedenpuhdistamot n\u00e4yttelev\u00e4t keskeist\u00e4 roolia biokaasun tuotannossa muuttamalla j\u00e4teveden ja orgaanisen j\u00e4tteen puhtaaksi energiaksi ja biolannoitteeksi. IGF Biogas on erikoistunut kehitt\u00e4m\u00e4\u00e4n ja toteuttamaan biokaasuratkaisuja puhdistamoihin, keskittyen ymp\u00e4rist\u00f6hy\u00f6tyjen maksimoimiseen ja energiantuotannon tehostamiseen. 013-991 32 15 magnus.cedfalck@igfgas.se Puhdistamon ainutlaatuinen asema Biokaasutuotannon keskus J\u00e4tevedenpuhdistamot k\u00e4sittelev\u00e4t p\u00e4ivitt\u00e4in suuria m\u00e4\u00e4ri\u00e4 j\u00e4tevesi\u00e4 ja orgaanista j\u00e4tett\u00e4, mik\u00e4 tekee niist\u00e4 ihanteellisia [&hellip;]<\/p>\n","protected":false},"author":7,"featured_media":3822,"parent":3816,"menu_order":0,"comment_status":"closed","ping_status":"closed","template":"","meta":{"_acf_changed":false,"_et_pb_use_builder":"on","_et_pb_old_content":"<p>text<\/p>","_et_gb_content_width":"","inline_featured_image":false,"footnotes":""},"class_list":["post-3844","page","type-page","status-publish","has-post-thumbnail","hentry"],"acf":[],"yoast_head":"<!-- This site is optimized with the Yoast SEO plugin v27.3 - https:\/\/yoast.com\/product\/yoast-seo-wordpress\/ -->\n<title>Puhdistamon rooli biokaasutuotannossa \u2013 IGF Biogas - IGF Biogas<\/title>\n<meta name=\"description\" content=\"Tutustu, miten puhdistamot edist\u00e4v\u00e4t kest\u00e4v\u00e4\u00e4 biokaasutuotantoa ja energian talteenottoa. K\u00e4ynnist\u00e4 biokaasuprojektinne jo t\u00e4n\u00e4\u00e4n!\" \/>\n<meta name=\"robots\" content=\"index, follow, max-snippet:-1, max-image-preview:large, max-video-preview:-1\" \/>\n<link rel=\"canonical\" href=\"https:\/\/igfgas.se\/fi\/biokaasulaitos\/puhdistamoille\/\" \/>\n<meta property=\"og:locale\" content=\"fi_FI\" \/>\n<meta property=\"og:type\" content=\"article\" \/>\n<meta property=\"og:title\" content=\"Puhdistamon rooli biokaasutuotannossa \u2013 IGF Biogas - IGF Biogas\" \/>\n<meta property=\"og:description\" content=\"Tutustu, miten puhdistamot edist\u00e4v\u00e4t kest\u00e4v\u00e4\u00e4 biokaasutuotantoa ja energian talteenottoa. K\u00e4ynnist\u00e4 biokaasuprojektinne jo t\u00e4n\u00e4\u00e4n!\" \/>\n<meta property=\"og:url\" content=\"https:\/\/igfgas.se\/fi\/biokaasulaitos\/puhdistamoille\/\" \/>\n<meta property=\"og:site_name\" content=\"IGF Biogas\" \/>\n<meta property=\"article:modified_time\" content=\"2025-09-05T11:18:18+00:00\" \/>\n<meta property=\"og:image\" content=\"https:\/\/igfgas.se\/wp-content\/uploads\/2024\/03\/image002-scaled.jpg\" \/>\n\t<meta property=\"og:image:width\" content=\"2560\" \/>\n\t<meta property=\"og:image:height\" content=\"1713\" \/>\n\t<meta property=\"og:image:type\" content=\"image\/jpeg\" \/>\n<meta name=\"twitter:card\" content=\"summary_large_image\" \/>\n<meta name=\"twitter:label1\" content=\"Est. reading time\" \/>\n\t<meta name=\"twitter:data1\" content=\"4 minuuttia\" \/>\n<script type=\"application\/ld+json\" class=\"yoast-schema-graph\">{\"@context\":\"https:\\\/\\\/schema.org\",\"@graph\":[{\"@type\":\"WebPage\",\"@id\":\"https:\\\/\\\/igfgas.se\\\/fi\\\/biokaasulaitos\\\/puhdistamoille\\\/\",\"url\":\"https:\\\/\\\/igfgas.se\\\/fi\\\/biokaasulaitos\\\/puhdistamoille\\\/\",\"name\":\"Puhdistamon rooli biokaasutuotannossa \u2013 IGF Biogas - IGF Biogas\",\"isPartOf\":{\"@id\":\"https:\\\/\\\/igfgas.se\\\/fi\\\/#website\"},\"primaryImageOfPage\":{\"@id\":\"https:\\\/\\\/igfgas.se\\\/fi\\\/biokaasulaitos\\\/puhdistamoille\\\/#primaryimage\"},\"image\":{\"@id\":\"https:\\\/\\\/igfgas.se\\\/fi\\\/biokaasulaitos\\\/puhdistamoille\\\/#primaryimage\"},\"thumbnailUrl\":\"https:\\\/\\\/igfgas.se\\\/wp-content\\\/uploads\\\/2024\\\/03\\\/image002-scaled.jpg\",\"datePublished\":\"2024-03-06T19:55:58+00:00\",\"dateModified\":\"2025-09-05T11:18:18+00:00\",\"description\":\"Tutustu, miten puhdistamot edist\u00e4v\u00e4t kest\u00e4v\u00e4\u00e4 biokaasutuotantoa ja energian talteenottoa. K\u00e4ynnist\u00e4 biokaasuprojektinne jo t\u00e4n\u00e4\u00e4n!\",\"breadcrumb\":{\"@id\":\"https:\\\/\\\/igfgas.se\\\/fi\\\/biokaasulaitos\\\/puhdistamoille\\\/#breadcrumb\"},\"inLanguage\":\"fi\",\"potentialAction\":[{\"@type\":\"ReadAction\",\"target\":[\"https:\\\/\\\/igfgas.se\\\/fi\\\/biokaasulaitos\\\/puhdistamoille\\\/\"]}]},{\"@type\":\"ImageObject\",\"inLanguage\":\"fi\",\"@id\":\"https:\\\/\\\/igfgas.se\\\/fi\\\/biokaasulaitos\\\/puhdistamoille\\\/#primaryimage\",\"url\":\"https:\\\/\\\/igfgas.se\\\/wp-content\\\/uploads\\\/2024\\\/03\\\/image002-scaled.jpg\",\"contentUrl\":\"https:\\\/\\\/igfgas.se\\\/wp-content\\\/uploads\\\/2024\\\/03\\\/image002-scaled.jpg\",\"width\":2560,\"height\":1713},{\"@type\":\"BreadcrumbList\",\"@id\":\"https:\\\/\\\/igfgas.se\\\/fi\\\/biokaasulaitos\\\/puhdistamoille\\\/#breadcrumb\",\"itemListElement\":[{\"@type\":\"ListItem\",\"position\":1,\"name\":\"Hem\",\"item\":\"https:\\\/\\\/igfgas.se\\\/fi\\\/\"},{\"@type\":\"ListItem\",\"position\":2,\"name\":\"R\u00e4\u00e4t\u00e4l\u00f6idyt biokaasulaitokset \u2013 IGF Biogas\",\"item\":\"https:\\\/\\\/igfgas.se\\\/fi\\\/biokaasulaitos\\\/\"},{\"@type\":\"ListItem\",\"position\":3,\"name\":\"Puhdistamon rooli biokaasutuotannossa \u2013 IGF Biogas\"}]},{\"@type\":\"WebSite\",\"@id\":\"https:\\\/\\\/igfgas.se\\\/fi\\\/#website\",\"url\":\"https:\\\/\\\/igfgas.se\\\/fi\\\/\",\"name\":\"IGF Biogas\",\"description\":\"Ledande inom biogasteknik sedan 1930\",\"potentialAction\":[{\"@type\":\"SearchAction\",\"target\":{\"@type\":\"EntryPoint\",\"urlTemplate\":\"https:\\\/\\\/igfgas.se\\\/fi\\\/?s={search_term_string}\"},\"query-input\":{\"@type\":\"PropertyValueSpecification\",\"valueRequired\":true,\"valueName\":\"search_term_string\"}}],\"inLanguage\":\"fi\"}]}<\/script>\n<!-- \/ Yoast SEO plugin. -->","yoast_head_json":{"title":"Puhdistamon rooli biokaasutuotannossa \u2013 IGF Biogas - IGF Biogas","description":"Tutustu, miten puhdistamot edist\u00e4v\u00e4t kest\u00e4v\u00e4\u00e4 biokaasutuotantoa ja energian talteenottoa. K\u00e4ynnist\u00e4 biokaasuprojektinne jo t\u00e4n\u00e4\u00e4n!","robots":{"index":"index","follow":"follow","max-snippet":"max-snippet:-1","max-image-preview":"max-image-preview:large","max-video-preview":"max-video-preview:-1"},"canonical":"https:\/\/igfgas.se\/fi\/biokaasulaitos\/puhdistamoille\/","og_locale":"fi_FI","og_type":"article","og_title":"Puhdistamon rooli biokaasutuotannossa \u2013 IGF Biogas - IGF Biogas","og_description":"Tutustu, miten puhdistamot edist\u00e4v\u00e4t kest\u00e4v\u00e4\u00e4 biokaasutuotantoa ja energian talteenottoa. K\u00e4ynnist\u00e4 biokaasuprojektinne jo t\u00e4n\u00e4\u00e4n!","og_url":"https:\/\/igfgas.se\/fi\/biokaasulaitos\/puhdistamoille\/","og_site_name":"IGF Biogas","article_modified_time":"2025-09-05T11:18:18+00:00","og_image":[{"width":2560,"height":1713,"url":"https:\/\/igfgas.se\/wp-content\/uploads\/2024\/03\/image002-scaled.jpg","type":"image\/jpeg"}],"twitter_card":"summary_large_image","twitter_misc":{"Est. reading time":"4 minuuttia"},"schema":{"@context":"https:\/\/schema.org","@graph":[{"@type":"WebPage","@id":"https:\/\/igfgas.se\/fi\/biokaasulaitos\/puhdistamoille\/","url":"https:\/\/igfgas.se\/fi\/biokaasulaitos\/puhdistamoille\/","name":"Puhdistamon rooli biokaasutuotannossa \u2013 IGF Biogas - IGF Biogas","isPartOf":{"@id":"https:\/\/igfgas.se\/fi\/#website"},"primaryImageOfPage":{"@id":"https:\/\/igfgas.se\/fi\/biokaasulaitos\/puhdistamoille\/#primaryimage"},"image":{"@id":"https:\/\/igfgas.se\/fi\/biokaasulaitos\/puhdistamoille\/#primaryimage"},"thumbnailUrl":"https:\/\/igfgas.se\/wp-content\/uploads\/2024\/03\/image002-scaled.jpg","datePublished":"2024-03-06T19:55:58+00:00","dateModified":"2025-09-05T11:18:18+00:00","description":"Tutustu, miten puhdistamot edist\u00e4v\u00e4t kest\u00e4v\u00e4\u00e4 biokaasutuotantoa ja energian talteenottoa. K\u00e4ynnist\u00e4 biokaasuprojektinne jo t\u00e4n\u00e4\u00e4n!","breadcrumb":{"@id":"https:\/\/igfgas.se\/fi\/biokaasulaitos\/puhdistamoille\/#breadcrumb"},"inLanguage":"fi","potentialAction":[{"@type":"ReadAction","target":["https:\/\/igfgas.se\/fi\/biokaasulaitos\/puhdistamoille\/"]}]},{"@type":"ImageObject","inLanguage":"fi","@id":"https:\/\/igfgas.se\/fi\/biokaasulaitos\/puhdistamoille\/#primaryimage","url":"https:\/\/igfgas.se\/wp-content\/uploads\/2024\/03\/image002-scaled.jpg","contentUrl":"https:\/\/igfgas.se\/wp-content\/uploads\/2024\/03\/image002-scaled.jpg","width":2560,"height":1713},{"@type":"BreadcrumbList","@id":"https:\/\/igfgas.se\/fi\/biokaasulaitos\/puhdistamoille\/#breadcrumb","itemListElement":[{"@type":"ListItem","position":1,"name":"Hem","item":"https:\/\/igfgas.se\/fi\/"},{"@type":"ListItem","position":2,"name":"R\u00e4\u00e4t\u00e4l\u00f6idyt biokaasulaitokset \u2013 IGF Biogas","item":"https:\/\/igfgas.se\/fi\/biokaasulaitos\/"},{"@type":"ListItem","position":3,"name":"Puhdistamon rooli biokaasutuotannossa \u2013 IGF Biogas"}]},{"@type":"WebSite","@id":"https:\/\/igfgas.se\/fi\/#website","url":"https:\/\/igfgas.se\/fi\/","name":"IGF Biogas","description":"Ledande inom biogasteknik sedan 1930","potentialAction":[{"@type":"SearchAction","target":{"@type":"EntryPoint","urlTemplate":"https:\/\/igfgas.se\/fi\/?s={search_term_string}"},"query-input":{"@type":"PropertyValueSpecification","valueRequired":true,"valueName":"search_term_string"}}],"inLanguage":"fi"}]}},"_links":{"self":[{"href":"https:\/\/igfgas.se\/fi\/wp-json\/wp\/v2\/pages\/3844","targetHints":{"allow":["GET"]}}],"collection":[{"href":"https:\/\/igfgas.se\/fi\/wp-json\/wp\/v2\/pages"}],"about":[{"href":"https:\/\/igfgas.se\/fi\/wp-json\/wp\/v2\/types\/page"}],"author":[{"embeddable":true,"href":"https:\/\/igfgas.se\/fi\/wp-json\/wp\/v2\/users\/7"}],"replies":[{"embeddable":true,"href":"https:\/\/igfgas.se\/fi\/wp-json\/wp\/v2\/comments?post=3844"}],"version-history":[{"count":0,"href":"https:\/\/igfgas.se\/fi\/wp-json\/wp\/v2\/pages\/3844\/revisions"}],"up":[{"embeddable":true,"href":"https:\/\/igfgas.se\/fi\/wp-json\/wp\/v2\/pages\/3816"}],"wp:featuredmedia":[{"embeddable":true,"href":"https:\/\/igfgas.se\/fi\/wp-json\/wp\/v2\/media\/3822"}],"wp:attachment":[{"href":"https:\/\/igfgas.se\/fi\/wp-json\/wp\/v2\/media?parent=3844"}],"curies":[{"name":"wp","href":"https:\/\/api.w.org\/{rel}","templated":true}]}}