{"id":3851,"date":"2022-01-24T14:45:02","date_gmt":"2022-01-24T13:45:02","guid":{"rendered":"https:\/\/igfgas1stg.wpenginepowered.com\/biokaasulaitos\/referenser\/"},"modified":"2025-09-05T13:09:11","modified_gmt":"2025-09-05T11:09:11","slug":"referenssit","status":"publish","type":"page","link":"https:\/\/igfgas.se\/fi\/biokaasulaitos\/referenssit\/","title":{"rendered":"Menestystarinoita ja referenssej\u00e4 IGF Biogasilta"},"content":{"rendered":"<p>[et_pb_section fb_built=&#8221;1&#8243; module_class=&#8221;pa-custom-background-mask&#8221; _builder_version=&#8221;4.24.2&#8243; _module_preset=&#8221;default&#8221; background_image=&#8221;https:\/\/igfgas.se\/wp-content\/uploads\/2024\/03\/hero_referenser.jpg&#8221; background_position=&#8221;top_right&#8221; background_vertical_offset=&#8221;24%&#8221; background_enable_mask_style=&#8221;on&#8221; locked=&#8221;off&#8221; global_colors_info=&#8221;{}&#8221;][et_pb_row column_structure=&#8221;2_3,1_3&#8243; _builder_version=&#8221;4.24.2&#8243; _module_preset=&#8221;default&#8221; global_colors_info=&#8221;{}&#8221;][et_pb_column type=&#8221;2_3&#8243; _builder_version=&#8221;4.24.2&#8243; _module_preset=&#8221;default&#8221; global_colors_info=&#8221;{}&#8221;][et_pb_text _builder_version=&#8221;4.27.4&#8243; _module_preset=&#8221;default&#8221; background_layout=&#8221;dark&#8221; hover_enabled=&#8221;0&#8243; global_colors_info=&#8221;{}&#8221; sticky_enabled=&#8221;0&#8243;]<\/p>\n<h1>Toteuttamiamme biokaasuprojekteja<\/h1>\n<p>T\u00e4ss\u00e4 esittelemme valikoiman menestyksekk\u00e4it\u00e4 projekteja, joissa IGF Biogas on hy\u00f6dynt\u00e4nyt asiantuntemustaan biokaasulaitosten suunnittelussa, rakentamisessa ja optimoinnissa erilaisille asiakkaille. Maatiloista ja elintarviketuottajista puhdistamoihin \u2013 referenssiprojektimme heijastavat laajaa kokemustamme ja sitoutumistamme kest\u00e4v\u00e4n energiantuotannon edist\u00e4miseen. Tutustu siihen, miten olemme auttaneet muuttamaan orgaanisen j\u00e4tteen arvokkaaksi biokaasuksi ja tukeneet asiakkaidemme sek\u00e4 yhteiskunnan siirtym\u00e4\u00e4 kohti kest\u00e4v\u00e4mpi\u00e4 energiaratkaisuja.<\/p>\n<p>[\/et_pb_text][\/et_pb_column][et_pb_column type=&#8221;1_3&#8243; _builder_version=&#8221;4.24.2&#8243; _module_preset=&#8221;default&#8221; z_index=&#8221;1&#8243; sticky_position=&#8221;top&#8221; global_colors_info=&#8221;{}&#8221;][\/et_pb_column][\/et_pb_row][\/et_pb_section][et_pb_section fb_built=&#8221;1&#8243; _builder_version=&#8221;4.24.2&#8243; _module_preset=&#8221;default&#8221; global_colors_info=&#8221;{}&#8221;][et_pb_row _builder_version=&#8221;4.24.2&#8243; _module_preset=&#8221;default&#8221; global_colors_info=&#8221;{}&#8221;][et_pb_column type=&#8221;4_4&#8243; _builder_version=&#8221;4.24.2&#8243; _module_preset=&#8221;default&#8221; global_colors_info=&#8221;{}&#8221;][et_pb_blog fullwidth=&#8221;off&#8221; posts_number=&#8221;9&#8243; include_categories=&#8221;all&#8221; show_author=&#8221;off&#8221; show_categories=&#8221;off&#8221; masonry_tile_background_color=&#8221;#263145&#8243; _builder_version=&#8221;4.27.4&#8243; _module_preset=&#8221;default&#8221; header_text_color=&#8221;#FFFFFF&#8221; body_text_color=&#8221;#FFFFFF&#8221; meta_text_color=&#8221;#A5CF50&#8243; global_colors_info=&#8221;{}&#8221;][\/et_pb_blog][\/et_pb_column][\/et_pb_row][\/et_pb_section]<\/p>\n","protected":false},"excerpt":{"rendered":"<p>Toteuttamiamme biokaasuprojekteja T\u00e4ss\u00e4 esittelemme valikoiman menestyksekk\u00e4it\u00e4 projekteja, joissa IGF Biogas on hy\u00f6dynt\u00e4nyt asiantuntemustaan biokaasulaitosten suunnittelussa, rakentamisessa ja optimoinnissa erilaisille asiakkaille. Maatiloista ja elintarviketuottajista puhdistamoihin \u2013 referenssiprojektimme heijastavat laajaa kokemustamme ja sitoutumistamme kest\u00e4v\u00e4n energiantuotannon edist\u00e4miseen. Tutustu siihen, miten olemme auttaneet muuttamaan orgaanisen j\u00e4tteen arvokkaaksi biokaasuksi ja tukeneet asiakkaidemme sek\u00e4 yhteiskunnan siirtym\u00e4\u00e4 kohti kest\u00e4v\u00e4mpi\u00e4 energiaratkaisuja.<\/p>\n","protected":false},"author":8,"featured_media":3852,"parent":3816,"menu_order":0,"comment_status":"closed","ping_status":"closed","template":"","meta":{"_acf_changed":false,"_et_pb_use_builder":"on","_et_pb_old_content":"","_et_gb_content_width":"","inline_featured_image":false,"footnotes":""},"class_list":["post-3851","page","type-page","status-publish","has-post-thumbnail","hentry"],"acf":[],"yoast_head":"<!-- This site is optimized with the Yoast SEO plugin v27.3 - https:\/\/yoast.com\/product\/yoast-seo-wordpress\/ -->\n<title>Menestystarinoita ja referenssej\u00e4 IGF Biogasilta - IGF Biogas<\/title>\n<meta name=\"description\" content=\"Lue menestyksekk\u00e4ist\u00e4 biokaasuprojekteistamme ja siit\u00e4, miten olemme auttaneet asiakkaita eri puolilla Pohjoismaita.\" \/>\n<meta name=\"robots\" content=\"index, follow, max-snippet:-1, max-image-preview:large, max-video-preview:-1\" \/>\n<link rel=\"canonical\" href=\"https:\/\/igfgas.se\/fi\/biokaasulaitos\/referenssit\/\" \/>\n<meta property=\"og:locale\" content=\"fi_FI\" \/>\n<meta property=\"og:type\" content=\"article\" \/>\n<meta property=\"og:title\" content=\"Menestystarinoita ja referenssej\u00e4 IGF Biogasilta - IGF Biogas\" \/>\n<meta property=\"og:description\" content=\"Lue menestyksekk\u00e4ist\u00e4 biokaasuprojekteistamme ja siit\u00e4, miten olemme auttaneet asiakkaita eri puolilla Pohjoismaita.\" \/>\n<meta property=\"og:url\" content=\"https:\/\/igfgas.se\/fi\/biokaasulaitos\/referenssit\/\" \/>\n<meta property=\"og:site_name\" content=\"IGF Biogas\" \/>\n<meta property=\"article:modified_time\" content=\"2025-09-05T11:09:11+00:00\" \/>\n<meta property=\"og:image\" content=\"https:\/\/igfgas.se\/wp-content\/uploads\/2024\/03\/hero_referenser.jpg\" \/>\n\t<meta property=\"og:image:width\" content=\"1400\" \/>\n\t<meta property=\"og:image:height\" content=\"788\" \/>\n\t<meta property=\"og:image:type\" content=\"image\/jpeg\" \/>\n<meta name=\"twitter:card\" content=\"summary_large_image\" \/>\n<meta name=\"twitter:label1\" content=\"Est. reading time\" \/>\n\t<meta name=\"twitter:data1\" content=\"1 minuutti\" \/>\n<script type=\"application\/ld+json\" class=\"yoast-schema-graph\">{\"@context\":\"https:\\\/\\\/schema.org\",\"@graph\":[{\"@type\":\"WebPage\",\"@id\":\"https:\\\/\\\/igfgas.se\\\/fi\\\/biokaasulaitos\\\/referenssit\\\/\",\"url\":\"https:\\\/\\\/igfgas.se\\\/fi\\\/biokaasulaitos\\\/referenssit\\\/\",\"name\":\"Menestystarinoita ja referenssej\u00e4 IGF Biogasilta - IGF Biogas\",\"isPartOf\":{\"@id\":\"https:\\\/\\\/igfgas.se\\\/fi\\\/#website\"},\"primaryImageOfPage\":{\"@id\":\"https:\\\/\\\/igfgas.se\\\/fi\\\/biokaasulaitos\\\/referenssit\\\/#primaryimage\"},\"image\":{\"@id\":\"https:\\\/\\\/igfgas.se\\\/fi\\\/biokaasulaitos\\\/referenssit\\\/#primaryimage\"},\"thumbnailUrl\":\"https:\\\/\\\/igfgas.se\\\/wp-content\\\/uploads\\\/2024\\\/03\\\/hero_referenser.jpg\",\"datePublished\":\"2022-01-24T13:45:02+00:00\",\"dateModified\":\"2025-09-05T11:09:11+00:00\",\"description\":\"Lue menestyksekk\u00e4ist\u00e4 biokaasuprojekteistamme ja siit\u00e4, miten olemme auttaneet asiakkaita eri puolilla Pohjoismaita.\",\"breadcrumb\":{\"@id\":\"https:\\\/\\\/igfgas.se\\\/fi\\\/biokaasulaitos\\\/referenssit\\\/#breadcrumb\"},\"inLanguage\":\"fi\",\"potentialAction\":[{\"@type\":\"ReadAction\",\"target\":[\"https:\\\/\\\/igfgas.se\\\/fi\\\/biokaasulaitos\\\/referenssit\\\/\"]}]},{\"@type\":\"ImageObject\",\"inLanguage\":\"fi\",\"@id\":\"https:\\\/\\\/igfgas.se\\\/fi\\\/biokaasulaitos\\\/referenssit\\\/#primaryimage\",\"url\":\"https:\\\/\\\/igfgas.se\\\/wp-content\\\/uploads\\\/2024\\\/03\\\/hero_referenser.jpg\",\"contentUrl\":\"https:\\\/\\\/igfgas.se\\\/wp-content\\\/uploads\\\/2024\\\/03\\\/hero_referenser.jpg\",\"width\":1400,\"height\":788},{\"@type\":\"BreadcrumbList\",\"@id\":\"https:\\\/\\\/igfgas.se\\\/fi\\\/biokaasulaitos\\\/referenssit\\\/#breadcrumb\",\"itemListElement\":[{\"@type\":\"ListItem\",\"position\":1,\"name\":\"Hem\",\"item\":\"https:\\\/\\\/igfgas.se\\\/fi\\\/\"},{\"@type\":\"ListItem\",\"position\":2,\"name\":\"R\u00e4\u00e4t\u00e4l\u00f6idyt biokaasulaitokset \u2013 IGF Biogas\",\"item\":\"https:\\\/\\\/igfgas.se\\\/fi\\\/biokaasulaitos\\\/\"},{\"@type\":\"ListItem\",\"position\":3,\"name\":\"Menestystarinoita ja referenssej\u00e4 IGF Biogasilta\"}]},{\"@type\":\"WebSite\",\"@id\":\"https:\\\/\\\/igfgas.se\\\/fi\\\/#website\",\"url\":\"https:\\\/\\\/igfgas.se\\\/fi\\\/\",\"name\":\"IGF Biogas\",\"description\":\"Ledande inom biogasteknik sedan 1930\",\"potentialAction\":[{\"@type\":\"SearchAction\",\"target\":{\"@type\":\"EntryPoint\",\"urlTemplate\":\"https:\\\/\\\/igfgas.se\\\/fi\\\/?s={search_term_string}\"},\"query-input\":{\"@type\":\"PropertyValueSpecification\",\"valueRequired\":true,\"valueName\":\"search_term_string\"}}],\"inLanguage\":\"fi\"}]}<\/script>\n<!-- \/ Yoast SEO plugin. -->","yoast_head_json":{"title":"Menestystarinoita ja referenssej\u00e4 IGF Biogasilta - IGF Biogas","description":"Lue menestyksekk\u00e4ist\u00e4 biokaasuprojekteistamme ja siit\u00e4, miten olemme auttaneet asiakkaita eri puolilla Pohjoismaita.","robots":{"index":"index","follow":"follow","max-snippet":"max-snippet:-1","max-image-preview":"max-image-preview:large","max-video-preview":"max-video-preview:-1"},"canonical":"https:\/\/igfgas.se\/fi\/biokaasulaitos\/referenssit\/","og_locale":"fi_FI","og_type":"article","og_title":"Menestystarinoita ja referenssej\u00e4 IGF Biogasilta - IGF Biogas","og_description":"Lue menestyksekk\u00e4ist\u00e4 biokaasuprojekteistamme ja siit\u00e4, miten olemme auttaneet asiakkaita eri puolilla Pohjoismaita.","og_url":"https:\/\/igfgas.se\/fi\/biokaasulaitos\/referenssit\/","og_site_name":"IGF Biogas","article_modified_time":"2025-09-05T11:09:11+00:00","og_image":[{"width":1400,"height":788,"url":"https:\/\/igfgas.se\/wp-content\/uploads\/2024\/03\/hero_referenser.jpg","type":"image\/jpeg"}],"twitter_card":"summary_large_image","twitter_misc":{"Est. reading time":"1 minuutti"},"schema":{"@context":"https:\/\/schema.org","@graph":[{"@type":"WebPage","@id":"https:\/\/igfgas.se\/fi\/biokaasulaitos\/referenssit\/","url":"https:\/\/igfgas.se\/fi\/biokaasulaitos\/referenssit\/","name":"Menestystarinoita ja referenssej\u00e4 IGF Biogasilta - IGF Biogas","isPartOf":{"@id":"https:\/\/igfgas.se\/fi\/#website"},"primaryImageOfPage":{"@id":"https:\/\/igfgas.se\/fi\/biokaasulaitos\/referenssit\/#primaryimage"},"image":{"@id":"https:\/\/igfgas.se\/fi\/biokaasulaitos\/referenssit\/#primaryimage"},"thumbnailUrl":"https:\/\/igfgas.se\/wp-content\/uploads\/2024\/03\/hero_referenser.jpg","datePublished":"2022-01-24T13:45:02+00:00","dateModified":"2025-09-05T11:09:11+00:00","description":"Lue menestyksekk\u00e4ist\u00e4 biokaasuprojekteistamme ja siit\u00e4, miten olemme auttaneet asiakkaita eri puolilla Pohjoismaita.","breadcrumb":{"@id":"https:\/\/igfgas.se\/fi\/biokaasulaitos\/referenssit\/#breadcrumb"},"inLanguage":"fi","potentialAction":[{"@type":"ReadAction","target":["https:\/\/igfgas.se\/fi\/biokaasulaitos\/referenssit\/"]}]},{"@type":"ImageObject","inLanguage":"fi","@id":"https:\/\/igfgas.se\/fi\/biokaasulaitos\/referenssit\/#primaryimage","url":"https:\/\/igfgas.se\/wp-content\/uploads\/2024\/03\/hero_referenser.jpg","contentUrl":"https:\/\/igfgas.se\/wp-content\/uploads\/2024\/03\/hero_referenser.jpg","width":1400,"height":788},{"@type":"BreadcrumbList","@id":"https:\/\/igfgas.se\/fi\/biokaasulaitos\/referenssit\/#breadcrumb","itemListElement":[{"@type":"ListItem","position":1,"name":"Hem","item":"https:\/\/igfgas.se\/fi\/"},{"@type":"ListItem","position":2,"name":"R\u00e4\u00e4t\u00e4l\u00f6idyt biokaasulaitokset \u2013 IGF Biogas","item":"https:\/\/igfgas.se\/fi\/biokaasulaitos\/"},{"@type":"ListItem","position":3,"name":"Menestystarinoita ja referenssej\u00e4 IGF Biogasilta"}]},{"@type":"WebSite","@id":"https:\/\/igfgas.se\/fi\/#website","url":"https:\/\/igfgas.se\/fi\/","name":"IGF Biogas","description":"Ledande inom biogasteknik sedan 1930","potentialAction":[{"@type":"SearchAction","target":{"@type":"EntryPoint","urlTemplate":"https:\/\/igfgas.se\/fi\/?s={search_term_string}"},"query-input":{"@type":"PropertyValueSpecification","valueRequired":true,"valueName":"search_term_string"}}],"inLanguage":"fi"}]}},"_links":{"self":[{"href":"https:\/\/igfgas.se\/fi\/wp-json\/wp\/v2\/pages\/3851","targetHints":{"allow":["GET"]}}],"collection":[{"href":"https:\/\/igfgas.se\/fi\/wp-json\/wp\/v2\/pages"}],"about":[{"href":"https:\/\/igfgas.se\/fi\/wp-json\/wp\/v2\/types\/page"}],"author":[{"embeddable":true,"href":"https:\/\/igfgas.se\/fi\/wp-json\/wp\/v2\/users\/8"}],"replies":[{"embeddable":true,"href":"https:\/\/igfgas.se\/fi\/wp-json\/wp\/v2\/comments?post=3851"}],"version-history":[{"count":0,"href":"https:\/\/igfgas.se\/fi\/wp-json\/wp\/v2\/pages\/3851\/revisions"}],"up":[{"embeddable":true,"href":"https:\/\/igfgas.se\/fi\/wp-json\/wp\/v2\/pages\/3816"}],"wp:featuredmedia":[{"embeddable":true,"href":"https:\/\/igfgas.se\/fi\/wp-json\/wp\/v2\/media\/3852"}],"wp:attachment":[{"href":"https:\/\/igfgas.se\/fi\/wp-json\/wp\/v2\/media?parent=3851"}],"curies":[{"name":"wp","href":"https:\/\/api.w.org\/{rel}","templated":true}]}}