{"id":3855,"date":"2024-03-15T10:13:00","date_gmt":"2024-03-15T09:13:00","guid":{"rendered":"https:\/\/igfgas1stg.wpenginepowered.com\/hogkvalitativa-biogasprodukter-fran-igf-biogas\/"},"modified":"2025-09-05T12:32:49","modified_gmt":"2025-09-05T10:32:49","slug":"korkealaatuiset-biokaasutuotteet-igf-biogas","status":"publish","type":"page","link":"https:\/\/igfgas.se\/fi\/korkealaatuiset-biokaasutuotteet-igf-biogas\/","title":{"rendered":"Korkealaatuiset biokaasutuotteet IGF Biogasilta"},"content":{"rendered":"<p>[et_pb_section fb_built=&#8221;1&#8243; module_class=&#8221;pa-custom-background-mask&#8221; _builder_version=&#8221;4.24.2&#8243; _module_preset=&#8221;default&#8221; background_image=&#8221;https:\/\/igfgas.se\/wp-content\/uploads\/2024\/03\/hero_produkter.jpg&#8221; background_enable_video_mp4=&#8221;off&#8221; background_enable_mask_style=&#8221;on&#8221; global_colors_info=&#8221;{}&#8221;][et_pb_row column_structure=&#8221;2_3,1_3&#8243; _builder_version=&#8221;4.24.2&#8243; _module_preset=&#8221;default&#8221; global_colors_info=&#8221;{}&#8221;][et_pb_column type=&#8221;2_3&#8243; _builder_version=&#8221;4.24.2&#8243; _module_preset=&#8221;default&#8221; global_colors_info=&#8221;{}&#8221;][et_pb_text _builder_version=&#8221;4.27.4&#8243; _module_preset=&#8221;default&#8221; background_layout=&#8221;dark&#8221; global_colors_info=&#8221;{}&#8221;]<\/p>\n<h1>Tulevaisuuden biokaasutuotteet<\/h1>\n<p>IGF Biogas tarjoaa valikoiman tuotteita, jotka on suunniteltu optimoimaan ja tehostamaan biokaasutuotantoa ja -k\u00e4ytt\u00f6\u00e4. Valikoimaamme kuuluu kaikkea perustason infrastruktuurista edistyneisiin energian tuotantoj\u00e4rjestelmiin. T\u00e4ss\u00e4 on lyhyt yleiskatsaus p\u00e4\u00e4asiallisiin tuotteisiimme:<\/p>\n<p>[\/et_pb_text][\/et_pb_column][et_pb_column type=&#8221;1_3&#8243; _builder_version=&#8221;4.24.2&#8243; _module_preset=&#8221;default&#8221; z_index=&#8221;1&#8243; sticky_position_tablet=&#8221;top&#8221; sticky_position_phone=&#8221;none&#8221; sticky_position_last_edited=&#8221;on|phone&#8221; global_colors_info=&#8221;{}&#8221;][et_pb_team_member name=&#8221;Magnus Cedfalck&#8221; position=&#8221;Myynti- ja markkinointivastaava&#8221; image_url=&#8221;https:\/\/igfgas.se\/wp-content\/uploads\/2024\/04\/magnus-cedfalck.jpg&#8221; admin_label=&#8221;CTA &#8211; Magnus Cedfalck&#8221; module_class=&#8221;kontaktperson&#8221; _builder_version=&#8221;4.27.4&#8243; _module_preset=&#8221;default&#8221; header_text_color=&#8221;#FFFFFF&#8221; header_font_size=&#8221;30px&#8221; body_text_color=&#8221;#FFFFFF&#8221; position_text_align=&#8221;center&#8221; position_text_color=&#8221;#FFFFFF&#8221; background_enable_color=&#8221;off&#8221; vertical_offset=&#8221;100px&#8221; horizontal_offset=&#8221;10%&#8221; text_orientation=&#8221;center&#8221; custom_padding=&#8221;20px|20px|20px|20px|false|false&#8221; global_module=&#8221;3858&#8243; saved_tabs=&#8221;all&#8221; global_colors_info=&#8221;{}&#8221;]<\/p>\n<p><img decoding=\"async\" src=\"https:\/\/igfgas.se\/wp-content\/uploads\/2024\/03\/phone.svg\" width=\"15\" \/> 013-991 32 15<br \/><img decoding=\"async\" src=\"https:\/\/igfgas.se\/wp-content\/uploads\/2024\/03\/mail.svg\" width=\"15\" \/> <a href=\"mailto:magnus.cedfalck@igfgas.se\">magnus.cedfalck@igfgas.se<\/a><\/p>\n<p>[\/et_pb_team_member][\/et_pb_column][\/et_pb_row][\/et_pb_section][et_pb_section fb_built=&#8221;1&#8243; _builder_version=&#8221;4.24.2&#8243; _module_preset=&#8221;default&#8221; global_colors_info=&#8221;{}&#8221;][et_pb_row column_structure=&#8221;1_3,1_3,1_3&#8243; make_equal=&#8221;on&#8221; _builder_version=&#8221;4.24.2&#8243; _module_preset=&#8221;default&#8221; global_colors_info=&#8221;{}&#8221;][et_pb_column type=&#8221;1_3&#8243; _builder_version=&#8221;4.24.2&#8243; _module_preset=&#8221;default&#8221; background_color=&#8221;#263145&#8243; border_radii=&#8221;on|10px|10px|10px|10px&#8221; global_colors_info=&#8221;{}&#8221;][et_pb_blurb title=&#8221;Kaasukupolit&#8221; image=&#8221;https:\/\/igfgas.se\/wp-content\/uploads\/2024\/03\/gasklocka_02.jpg&#8221; admin_label=&#8221;Gasklockor&#8221; module_class=&#8221;produktblurb&#8221; _builder_version=&#8221;4.27.4&#8243; _dynamic_attributes=&#8221;link_option_url&#8221; _module_preset=&#8221;default&#8221; header_level=&#8221;h2&#8243; background_color=&#8221;RGBA(255,255,255,0)&#8221; background_layout=&#8221;dark&#8221; link_option_url=&#8221;@ET-DC@eyJkeW5hbWljIjp0cnVlLCJjb250ZW50IjoicG9zdF9saW5rX3VybF9wYWdlIiwic2V0dGluZ3MiOnsicG9zdF9pZCI6Ijc0In19@&#8221; global_colors_info=&#8221;{}&#8221;]<\/p>\n<p>Kaasukupujamme on saatavana eri kokoisina ja malleina varmistaaksemme biokaasun luotettavan ja turvallisen varastoinnin. Tarjolla on vaihtoehtoja kuten ter\u00e4ss\u00e4ili\u00f6t, kaasupallot sek\u00e4 r\u00e4\u00e4t\u00e4l\u00f6idyt rakennukset, joiden avulla voimme tarjota ratkaisuja, jotka vastaavat kunkin laitoksen erityistarpeita.<\/p>\n<p>[\/et_pb_blurb][et_pb_button button_url=&#8221;@ET-DC@eyJkeW5hbWljIjp0cnVlLCJjb250ZW50IjoicG9zdF9saW5rX3VybF9wYWdlIiwic2V0dGluZ3MiOnsicG9zdF9pZCI6Ijc0In19@&#8221; button_text=&#8221;Lue lis\u00e4\u00e4&#8221; _builder_version=&#8221;4.27.4&#8243; _dynamic_attributes=&#8221;button_url&#8221; _module_preset=&#8221;default&#8221; custom_margin=&#8221;||20px|20px|false|false&#8221; global_colors_info=&#8221;{}&#8221;][\/et_pb_button][\/et_pb_column][et_pb_column type=&#8221;1_3&#8243; _builder_version=&#8221;4.24.2&#8243; _module_preset=&#8221;default&#8221; background_color=&#8221;#263145&#8243; border_radii=&#8221;on|10px|10px|10px|10px&#8221; global_colors_info=&#8221;{}&#8221;][et_pb_blurb title=&#8221;Kaasupolttimet&#8221; image=&#8221;https:\/\/igfgas.se\/wp-content\/uploads\/2024\/03\/gasfackla_01.jpg&#8221; admin_label=&#8221;Gasfacklor&#8221; module_class=&#8221;produktblurb&#8221; _builder_version=&#8221;4.27.4&#8243; _dynamic_attributes=&#8221;link_option_url&#8221; _module_preset=&#8221;default&#8221; header_level=&#8221;h2&#8243; background_color=&#8221;RGBA(255,255,255,0)&#8221; background_layout=&#8221;dark&#8221; link_option_url=&#8221;@ET-DC@eyJkeW5hbWljIjp0cnVlLCJjb250ZW50IjoicG9zdF9saW5rX3VybF9wYWdlIiwic2V0dGluZ3MiOnsicG9zdF9pZCI6Ijc3In19@&#8221; global_colors_info=&#8221;{}&#8221;]<\/p>\n<p>IGF Biogas toimittaa kaasupolttimia ylim\u00e4\u00e4r\u00e4isen kaasun turvalliseen ja tehokkaaseen polttoon. Polttimiamme on saatavana eri malleina puoliksi piilotetuilla tai avoimilla liekeill\u00e4, ja ne voidaan toimittaa joko valmiina sarjoina tai osina asiakkaan toiveiden mukaan.<\/p>\n<p>[\/et_pb_blurb][et_pb_button button_url=&#8221;@ET-DC@eyJkeW5hbWljIjp0cnVlLCJjb250ZW50IjoicG9zdF9saW5rX3VybF9wYWdlIiwic2V0dGluZ3MiOnsicG9zdF9pZCI6Ijc3In19@&#8221; button_text=&#8221;Lue lis\u00e4\u00e4&#8221; _builder_version=&#8221;4.27.4&#8243; _dynamic_attributes=&#8221;button_url&#8221; _module_preset=&#8221;default&#8221; custom_margin=&#8221;||20px|20px|false|false&#8221; global_colors_info=&#8221;{}&#8221;][\/et_pb_button][\/et_pb_column][et_pb_column type=&#8221;1_3&#8243; _builder_version=&#8221;4.24.2&#8243; _module_preset=&#8221;default&#8221; background_color=&#8221;#263145&#8243; border_radii=&#8221;on|10px|10px|10px|10px&#8221; global_colors_info=&#8221;{}&#8221;][et_pb_blurb title=&#8221;Kaasumoottorit&#8221; image=&#8221;https:\/\/igfgas.se\/wp-content\/uploads\/2024\/03\/hero_gasmotor.jpg&#8221; admin_label=&#8221;Gasmotorer&#8221; module_class=&#8221;produktblurb&#8221; _builder_version=&#8221;4.27.4&#8243; _dynamic_attributes=&#8221;link_option_url&#8221; _module_preset=&#8221;default&#8221; header_level=&#8221;h2&#8243; background_color=&#8221;RGBA(255,255,255,0)&#8221; background_layout=&#8221;dark&#8221; link_option_url=&#8221;@ET-DC@eyJkeW5hbWljIjp0cnVlLCJjb250ZW50IjoicG9zdF9saW5rX3VybF9wYWdlIiwic2V0dGluZ3MiOnsicG9zdF9pZCI6IjgyIn19@&#8221; global_colors_info=&#8221;{}&#8221;]<\/p>\n<p>Toimitamme kaasumoottoreita moniin eri k\u00e4ytt\u00f6tarkoituksiin, mukaan lukien biokaasulla tuotettava s\u00e4hk\u00f6. Moottorimme ovat erityisen suosittuja puhdistamoiden ja maatilojen keskuudessa, jotka n\u00e4kev\u00e4t potentiaalin j\u00e4tteiden muuttamisessa energiaksi.<\/p>\n<p>[\/et_pb_blurb][et_pb_button button_url=&#8221;@ET-DC@eyJkeW5hbWljIjp0cnVlLCJjb250ZW50IjoicG9zdF9saW5rX3VybF9wYWdlIiwic2V0dGluZ3MiOnsicG9zdF9pZCI6IjgyIn19@&#8221; button_text=&#8221;Lue lis\u00e4\u00e4&#8221; _builder_version=&#8221;4.27.4&#8243; _dynamic_attributes=&#8221;button_url&#8221; _module_preset=&#8221;default&#8221; custom_margin=&#8221;||20px|20px|false|false&#8221; global_colors_info=&#8221;{}&#8221;][\/et_pb_button][\/et_pb_column][\/et_pb_row][et_pb_row column_structure=&#8221;1_3,1_3,1_3&#8243; make_equal=&#8221;on&#8221; _builder_version=&#8221;4.24.2&#8243; _module_preset=&#8221;default&#8221; global_colors_info=&#8221;{}&#8221;][et_pb_column type=&#8221;1_3&#8243; _builder_version=&#8221;4.24.2&#8243; _module_preset=&#8221;default&#8221; background_color=&#8221;#263145&#8243; border_radii=&#8221;on|10px|10px|10px|10px&#8221; global_colors_info=&#8221;{}&#8221;][et_pb_blurb title=&#8221;M\u00e4d\u00e4tyss\u00e4ili\u00f6t ja s\u00e4ili\u00f6t&#8221; image=&#8221;https:\/\/igfgas.se\/wp-content\/uploads\/2024\/03\/hero_rotkammare.jpg&#8221; admin_label=&#8221;R\u00f6tkammare och cisterner&#8221; module_class=&#8221;produktblurb&#8221; _builder_version=&#8221;4.27.4&#8243; _dynamic_attributes=&#8221;link_option_url&#8221; _module_preset=&#8221;default&#8221; header_level=&#8221;h2&#8243; background_color=&#8221;RGBA(255,255,255,0)&#8221; background_layout=&#8221;dark&#8221; link_option_url=&#8221;@ET-DC@eyJkeW5hbWljIjp0cnVlLCJjb250ZW50IjoicG9zdF9saW5rX3VybF9wYWdlIiwic2V0dGluZ3MiOnsicG9zdF9pZCI6IjI1NjIifX0=@&#8221; global_colors_info=&#8221;{}&#8221;]<\/p>\n<p>Asiantuntemuksemme avulla suunnittelemme ja toimitamme m\u00e4d\u00e4tyss\u00e4ili\u00f6it\u00e4 lasiemailoidusta ter\u00e4slevyst\u00e4, varustettuna kiinte\u00e4ll\u00e4 ter\u00e4skatolla ja yl\u00e4puolelle asennetulla sekoittimella tai kaksoiskalvokattoratkaisulla sivulle asennetuilla sekoittimilla. Tarjoamme my\u00f6s s\u00e4ili\u00f6it\u00e4 ja tankkeja erilaisiin varastointitarpeisiin.<\/p>\n<p>[\/et_pb_blurb][et_pb_button button_url=&#8221;@ET-DC@eyJkeW5hbWljIjp0cnVlLCJjb250ZW50IjoicG9zdF9saW5rX3VybF9wYWdlIiwic2V0dGluZ3MiOnsicG9zdF9pZCI6IjI1NjIifX0=@&#8221; button_text=&#8221;Lue lis\u00e4\u00e4&#8221; _builder_version=&#8221;4.27.4&#8243; _dynamic_attributes=&#8221;button_url&#8221; _module_preset=&#8221;default&#8221; custom_margin=&#8221;||20px|20px|false|false&#8221; global_colors_info=&#8221;{}&#8221;][\/et_pb_button][\/et_pb_column][et_pb_column type=&#8221;1_3&#8243; _builder_version=&#8221;4.24.2&#8243; _module_preset=&#8221;default&#8221; background_color=&#8221;#263145&#8243; border_radii=&#8221;on|10px|10px|10px|10px&#8221; global_colors_info=&#8221;{}&#8221;][et_pb_blurb title=&#8221;L\u00e4mm\u00f6nvaihtimet ja hygienisointis\u00e4ili\u00f6t&#8221; image=&#8221;https:\/\/igfgas.se\/wp-content\/uploads\/2024\/03\/hero_varmevaxlare.jpg&#8221; admin_label=&#8221;V\u00e4rmev\u00e4xlare och hygieniseringstankar&#8221; module_class=&#8221;produktblurb&#8221; _builder_version=&#8221;4.27.4&#8243; _dynamic_attributes=&#8221;link_option_url&#8221; _module_preset=&#8221;default&#8221; header_level=&#8221;h2&#8243; background_color=&#8221;RGBA(255,255,255,0)&#8221; background_layout=&#8221;dark&#8221; link_option_url=&#8221;@ET-DC@eyJkeW5hbWljIjp0cnVlLCJjb250ZW50IjoicG9zdF9saW5rX3VybF9wYWdlIiwic2V0dGluZ3MiOnsicG9zdF9pZCI6IjI1OTUifX0=@&#8221; global_colors_info=&#8221;{}&#8221;]<\/p>\n<p>L\u00e4mm\u00f6nvaihtimemme hy\u00f6dynt\u00e4v\u00e4t putkitekniikkaa tehokkaaseen l\u00e4mm\u00f6n talteenottoon, mik\u00e4 optimoi l\u00e4mmitysprosessin ja v\u00e4hent\u00e4\u00e4 energiakustannuksia. Laitoksille, jotka k\u00e4sittelev\u00e4t erilaisia substraatteja tai el\u00e4inper\u00e4isi\u00e4 sivutuotteita, tarjoamme hygienisointis\u00e4ili\u00f6it\u00e4 varmistaaksemme, ett\u00e4 biolannoite on patogeenivapaa.<\/p>\n<p>[\/et_pb_blurb][et_pb_button button_url=&#8221;@ET-DC@eyJkeW5hbWljIjp0cnVlLCJjb250ZW50IjoicG9zdF9saW5rX3VybF9wYWdlIiwic2V0dGluZ3MiOnsicG9zdF9pZCI6IjI1OTUifX0=@&#8221; button_text=&#8221;Lue lis\u00e4\u00e4&#8221; _builder_version=&#8221;4.27.4&#8243; _dynamic_attributes=&#8221;button_url&#8221; _module_preset=&#8221;default&#8221; custom_margin=&#8221;||20px|20px|false|false&#8221; global_colors_info=&#8221;{}&#8221;][\/et_pb_button][\/et_pb_column][et_pb_column type=&#8221;1_3&#8243; _builder_version=&#8221;4.24.2&#8243; _module_preset=&#8221;default&#8221; background_color=&#8221;#263145&#8243; border_radii=&#8221;on|10px|10px|10px|10px&#8221; global_colors_info=&#8221;{}&#8221;][et_pb_blurb title=&#8221;Jalostus yhdistettyn\u00e4 kaasumoottoriin&#8221; image=&#8221;https:\/\/igfgas.se\/wp-content\/uploads\/2024\/03\/ophi_1x1.jpg&#8221; admin_label=&#8221;Uppgradering kombinerad med gasmotor&#8221; module_class=&#8221;produktblurb&#8221; _builder_version=&#8221;4.27.4&#8243; _dynamic_attributes=&#8221;link_option_url&#8221; _module_preset=&#8221;default&#8221; header_level=&#8221;h2&#8243; background_color=&#8221;RGBA(255,255,255,0)&#8221; background_layout=&#8221;dark&#8221; link_option_url=&#8221;@ET-DC@eyJkeW5hbWljIjp0cnVlLCJjb250ZW50IjoicG9zdF9saW5rX3VybF9wYWdlIiwic2V0dGluZ3MiOnsicG9zdF9pZCI6IjI3NzgifX0=@&#8221; global_colors_info=&#8221;{}&#8221;]<\/p>\n<p>T\u00e4m\u00e4 edistyksellinen ratkaisu yhdist\u00e4\u00e4 kaasun jalostuksen kaasumoottoriin, jotta raakakaasu voidaan tehokkaasti muuntaa korkealaatuiseksi biometaaniksi, jota k\u00e4ytet\u00e4\u00e4n s\u00e4hk\u00f6n ja l\u00e4mm\u00f6n tuotantoon. J\u00e4rjestelm\u00e4 minimoi ulkopuolisen s\u00e4hk\u00f6n ja fossiilisten polttoaineiden tarpeen.<\/p>\n<p>[\/et_pb_blurb][et_pb_button button_url=&#8221;@ET-DC@eyJkeW5hbWljIjp0cnVlLCJjb250ZW50IjoicG9zdF9saW5rX3VybF9wYWdlIiwic2V0dGluZ3MiOnsicG9zdF9pZCI6IjI3NzgifX0=@&#8221; button_text=&#8221;Lue lis\u00e4\u00e4&#8221; _builder_version=&#8221;4.27.4&#8243; _dynamic_attributes=&#8221;button_url&#8221; _module_preset=&#8221;default&#8221; custom_margin=&#8221;||20px|20px|false|false&#8221; global_colors_info=&#8221;{}&#8221;][\/et_pb_button][\/et_pb_column][\/et_pb_row][\/et_pb_section]<\/p>\n","protected":false},"excerpt":{"rendered":"<p>Tulevaisuuden biokaasutuotteet IGF Biogas tarjoaa valikoiman tuotteita, jotka on suunniteltu optimoimaan ja tehostamaan biokaasutuotantoa ja -k\u00e4ytt\u00f6\u00e4. Valikoimaamme kuuluu kaikkea perustason infrastruktuurista edistyneisiin energian tuotantoj\u00e4rjestelmiin. T\u00e4ss\u00e4 on lyhyt yleiskatsaus p\u00e4\u00e4asiallisiin tuotteisiimme: 013-991 32 15 magnus.cedfalck@igfgas.se Kaasukupujamme on saatavana eri kokoisina ja malleina varmistaaksemme biokaasun luotettavan ja turvallisen varastoinnin. Tarjolla on vaihtoehtoja kuten ter\u00e4ss\u00e4ili\u00f6t, kaasupallot sek\u00e4 r\u00e4\u00e4t\u00e4l\u00f6idyt [&hellip;]<\/p>\n","protected":false},"author":9,"featured_media":3856,"parent":0,"menu_order":0,"comment_status":"closed","ping_status":"closed","template":"","meta":{"_acf_changed":false,"_et_pb_use_builder":"on","_et_pb_old_content":"","_et_gb_content_width":"","inline_featured_image":false,"footnotes":""},"class_list":["post-3855","page","type-page","status-publish","has-post-thumbnail","hentry"],"acf":[],"yoast_head":"<!-- This site is optimized with the Yoast SEO plugin v27.3 - https:\/\/yoast.com\/product\/yoast-seo-wordpress\/ -->\n<title>Korkealaatuiset biokaasutuotteet IGF Biogasilta - IGF Biogas<\/title>\n<meta name=\"description\" content=\"Tutustu laajaan valikoimaamme biokaasutuotteita, jotka on suunniteltu optimoimaan suorituskyky\u00e4 ja kest\u00e4vyytt\u00e4. Ota yhteytt\u00e4 saadaksesi huoltopalvelut biokaasutuotteillesi.\" \/>\n<meta name=\"robots\" content=\"index, follow, max-snippet:-1, max-image-preview:large, max-video-preview:-1\" \/>\n<link rel=\"canonical\" href=\"https:\/\/igfgas.se\/fi\/korkealaatuiset-biokaasutuotteet-igf-biogas\/\" \/>\n<meta property=\"og:locale\" content=\"fi_FI\" \/>\n<meta property=\"og:type\" content=\"article\" \/>\n<meta property=\"og:title\" content=\"Korkealaatuiset biokaasutuotteet IGF Biogasilta - IGF Biogas\" \/>\n<meta property=\"og:description\" content=\"Tutustu laajaan valikoimaamme biokaasutuotteita, jotka on suunniteltu optimoimaan suorituskyky\u00e4 ja kest\u00e4vyytt\u00e4. Ota yhteytt\u00e4 saadaksesi huoltopalvelut biokaasutuotteillesi.\" \/>\n<meta property=\"og:url\" content=\"https:\/\/igfgas.se\/fi\/korkealaatuiset-biokaasutuotteet-igf-biogas\/\" \/>\n<meta property=\"og:site_name\" content=\"IGF Biogas\" \/>\n<meta property=\"article:modified_time\" content=\"2025-09-05T10:32:49+00:00\" \/>\n<meta property=\"og:image\" content=\"https:\/\/igfgas.se\/wp-content\/uploads\/2024\/03\/hero_produkter.jpg\" \/>\n\t<meta property=\"og:image:width\" content=\"1500\" \/>\n\t<meta property=\"og:image:height\" content=\"1000\" \/>\n\t<meta property=\"og:image:type\" content=\"image\/jpeg\" \/>\n<meta name=\"twitter:card\" content=\"summary_large_image\" \/>\n<meta name=\"twitter:label1\" content=\"Est. reading time\" \/>\n\t<meta name=\"twitter:data1\" content=\"4 minuuttia\" \/>\n<script type=\"application\/ld+json\" class=\"yoast-schema-graph\">{\"@context\":\"https:\\\/\\\/schema.org\",\"@graph\":[{\"@type\":\"WebPage\",\"@id\":\"https:\\\/\\\/igfgas.se\\\/fi\\\/korkealaatuiset-biokaasutuotteet-igf-biogas\\\/\",\"url\":\"https:\\\/\\\/igfgas.se\\\/fi\\\/korkealaatuiset-biokaasutuotteet-igf-biogas\\\/\",\"name\":\"Korkealaatuiset biokaasutuotteet IGF Biogasilta - IGF Biogas\",\"isPartOf\":{\"@id\":\"https:\\\/\\\/igfgas.se\\\/fi\\\/#website\"},\"primaryImageOfPage\":{\"@id\":\"https:\\\/\\\/igfgas.se\\\/fi\\\/korkealaatuiset-biokaasutuotteet-igf-biogas\\\/#primaryimage\"},\"image\":{\"@id\":\"https:\\\/\\\/igfgas.se\\\/fi\\\/korkealaatuiset-biokaasutuotteet-igf-biogas\\\/#primaryimage\"},\"thumbnailUrl\":\"https:\\\/\\\/igfgas.se\\\/wp-content\\\/uploads\\\/2024\\\/03\\\/hero_produkter.jpg\",\"datePublished\":\"2024-03-15T09:13:00+00:00\",\"dateModified\":\"2025-09-05T10:32:49+00:00\",\"description\":\"Tutustu laajaan valikoimaamme biokaasutuotteita, jotka on suunniteltu optimoimaan suorituskyky\u00e4 ja kest\u00e4vyytt\u00e4. Ota yhteytt\u00e4 saadaksesi huoltopalvelut biokaasutuotteillesi.\",\"breadcrumb\":{\"@id\":\"https:\\\/\\\/igfgas.se\\\/fi\\\/korkealaatuiset-biokaasutuotteet-igf-biogas\\\/#breadcrumb\"},\"inLanguage\":\"fi\",\"potentialAction\":[{\"@type\":\"ReadAction\",\"target\":[\"https:\\\/\\\/igfgas.se\\\/fi\\\/korkealaatuiset-biokaasutuotteet-igf-biogas\\\/\"]}]},{\"@type\":\"ImageObject\",\"inLanguage\":\"fi\",\"@id\":\"https:\\\/\\\/igfgas.se\\\/fi\\\/korkealaatuiset-biokaasutuotteet-igf-biogas\\\/#primaryimage\",\"url\":\"https:\\\/\\\/igfgas.se\\\/wp-content\\\/uploads\\\/2024\\\/03\\\/hero_produkter.jpg\",\"contentUrl\":\"https:\\\/\\\/igfgas.se\\\/wp-content\\\/uploads\\\/2024\\\/03\\\/hero_produkter.jpg\",\"width\":1500,\"height\":1000},{\"@type\":\"BreadcrumbList\",\"@id\":\"https:\\\/\\\/igfgas.se\\\/fi\\\/korkealaatuiset-biokaasutuotteet-igf-biogas\\\/#breadcrumb\",\"itemListElement\":[{\"@type\":\"ListItem\",\"position\":1,\"name\":\"Hem\",\"item\":\"https:\\\/\\\/igfgas.se\\\/fi\\\/\"},{\"@type\":\"ListItem\",\"position\":2,\"name\":\"Korkealaatuiset biokaasutuotteet IGF Biogasilta\"}]},{\"@type\":\"WebSite\",\"@id\":\"https:\\\/\\\/igfgas.se\\\/fi\\\/#website\",\"url\":\"https:\\\/\\\/igfgas.se\\\/fi\\\/\",\"name\":\"IGF Biogas\",\"description\":\"Ledande inom biogasteknik sedan 1930\",\"potentialAction\":[{\"@type\":\"SearchAction\",\"target\":{\"@type\":\"EntryPoint\",\"urlTemplate\":\"https:\\\/\\\/igfgas.se\\\/fi\\\/?s={search_term_string}\"},\"query-input\":{\"@type\":\"PropertyValueSpecification\",\"valueRequired\":true,\"valueName\":\"search_term_string\"}}],\"inLanguage\":\"fi\"}]}<\/script>\n<!-- \/ Yoast SEO plugin. -->","yoast_head_json":{"title":"Korkealaatuiset biokaasutuotteet IGF Biogasilta - IGF Biogas","description":"Tutustu laajaan valikoimaamme biokaasutuotteita, jotka on suunniteltu optimoimaan suorituskyky\u00e4 ja kest\u00e4vyytt\u00e4. Ota yhteytt\u00e4 saadaksesi huoltopalvelut biokaasutuotteillesi.","robots":{"index":"index","follow":"follow","max-snippet":"max-snippet:-1","max-image-preview":"max-image-preview:large","max-video-preview":"max-video-preview:-1"},"canonical":"https:\/\/igfgas.se\/fi\/korkealaatuiset-biokaasutuotteet-igf-biogas\/","og_locale":"fi_FI","og_type":"article","og_title":"Korkealaatuiset biokaasutuotteet IGF Biogasilta - IGF Biogas","og_description":"Tutustu laajaan valikoimaamme biokaasutuotteita, jotka on suunniteltu optimoimaan suorituskyky\u00e4 ja kest\u00e4vyytt\u00e4. Ota yhteytt\u00e4 saadaksesi huoltopalvelut biokaasutuotteillesi.","og_url":"https:\/\/igfgas.se\/fi\/korkealaatuiset-biokaasutuotteet-igf-biogas\/","og_site_name":"IGF Biogas","article_modified_time":"2025-09-05T10:32:49+00:00","og_image":[{"width":1500,"height":1000,"url":"https:\/\/igfgas.se\/wp-content\/uploads\/2024\/03\/hero_produkter.jpg","type":"image\/jpeg"}],"twitter_card":"summary_large_image","twitter_misc":{"Est. reading time":"4 minuuttia"},"schema":{"@context":"https:\/\/schema.org","@graph":[{"@type":"WebPage","@id":"https:\/\/igfgas.se\/fi\/korkealaatuiset-biokaasutuotteet-igf-biogas\/","url":"https:\/\/igfgas.se\/fi\/korkealaatuiset-biokaasutuotteet-igf-biogas\/","name":"Korkealaatuiset biokaasutuotteet IGF Biogasilta - IGF Biogas","isPartOf":{"@id":"https:\/\/igfgas.se\/fi\/#website"},"primaryImageOfPage":{"@id":"https:\/\/igfgas.se\/fi\/korkealaatuiset-biokaasutuotteet-igf-biogas\/#primaryimage"},"image":{"@id":"https:\/\/igfgas.se\/fi\/korkealaatuiset-biokaasutuotteet-igf-biogas\/#primaryimage"},"thumbnailUrl":"https:\/\/igfgas.se\/wp-content\/uploads\/2024\/03\/hero_produkter.jpg","datePublished":"2024-03-15T09:13:00+00:00","dateModified":"2025-09-05T10:32:49+00:00","description":"Tutustu laajaan valikoimaamme biokaasutuotteita, jotka on suunniteltu optimoimaan suorituskyky\u00e4 ja kest\u00e4vyytt\u00e4. Ota yhteytt\u00e4 saadaksesi huoltopalvelut biokaasutuotteillesi.","breadcrumb":{"@id":"https:\/\/igfgas.se\/fi\/korkealaatuiset-biokaasutuotteet-igf-biogas\/#breadcrumb"},"inLanguage":"fi","potentialAction":[{"@type":"ReadAction","target":["https:\/\/igfgas.se\/fi\/korkealaatuiset-biokaasutuotteet-igf-biogas\/"]}]},{"@type":"ImageObject","inLanguage":"fi","@id":"https:\/\/igfgas.se\/fi\/korkealaatuiset-biokaasutuotteet-igf-biogas\/#primaryimage","url":"https:\/\/igfgas.se\/wp-content\/uploads\/2024\/03\/hero_produkter.jpg","contentUrl":"https:\/\/igfgas.se\/wp-content\/uploads\/2024\/03\/hero_produkter.jpg","width":1500,"height":1000},{"@type":"BreadcrumbList","@id":"https:\/\/igfgas.se\/fi\/korkealaatuiset-biokaasutuotteet-igf-biogas\/#breadcrumb","itemListElement":[{"@type":"ListItem","position":1,"name":"Hem","item":"https:\/\/igfgas.se\/fi\/"},{"@type":"ListItem","position":2,"name":"Korkealaatuiset biokaasutuotteet IGF Biogasilta"}]},{"@type":"WebSite","@id":"https:\/\/igfgas.se\/fi\/#website","url":"https:\/\/igfgas.se\/fi\/","name":"IGF Biogas","description":"Ledande inom biogasteknik sedan 1930","potentialAction":[{"@type":"SearchAction","target":{"@type":"EntryPoint","urlTemplate":"https:\/\/igfgas.se\/fi\/?s={search_term_string}"},"query-input":{"@type":"PropertyValueSpecification","valueRequired":true,"valueName":"search_term_string"}}],"inLanguage":"fi"}]}},"_links":{"self":[{"href":"https:\/\/igfgas.se\/fi\/wp-json\/wp\/v2\/pages\/3855","targetHints":{"allow":["GET"]}}],"collection":[{"href":"https:\/\/igfgas.se\/fi\/wp-json\/wp\/v2\/pages"}],"about":[{"href":"https:\/\/igfgas.se\/fi\/wp-json\/wp\/v2\/types\/page"}],"author":[{"embeddable":true,"href":"https:\/\/igfgas.se\/fi\/wp-json\/wp\/v2\/users\/9"}],"replies":[{"embeddable":true,"href":"https:\/\/igfgas.se\/fi\/wp-json\/wp\/v2\/comments?post=3855"}],"version-history":[{"count":0,"href":"https:\/\/igfgas.se\/fi\/wp-json\/wp\/v2\/pages\/3855\/revisions"}],"wp:featuredmedia":[{"embeddable":true,"href":"https:\/\/igfgas.se\/fi\/wp-json\/wp\/v2\/media\/3856"}],"wp:attachment":[{"href":"https:\/\/igfgas.se\/fi\/wp-json\/wp\/v2\/media?parent=3855"}],"curies":[{"name":"wp","href":"https:\/\/api.w.org\/{rel}","templated":true}]}}