{"id":3860,"date":"2022-01-21T10:52:55","date_gmt":"2022-01-21T09:52:55","guid":{"rendered":"https:\/\/igfgas1stg.wpenginepowered.com\/gasklockor\/"},"modified":"2025-09-05T13:31:06","modified_gmt":"2025-09-05T11:31:06","slug":"kaasukupolit","status":"publish","type":"page","link":"https:\/\/igfgas.se\/fi\/kaasukupolit\/","title":{"rendered":"Tehokkaat kaasukupolit biokaasun varastointiin \u2013 IGF Biogas"},"content":{"rendered":"<p>[et_pb_section fb_built=&#8221;1&#8243; module_class=&#8221;pa-custom-background-mask&#8221; _builder_version=&#8221;4.24.2&#8243; _module_preset=&#8221;default&#8221; background_image=&#8221;https:\/\/igfgas.se\/wp-content\/uploads\/2024\/03\/hero_gasglocka.jpg&#8221; background_enable_mask_style=&#8221;on&#8221; global_colors_info=&#8221;{}&#8221;][et_pb_row column_structure=&#8221;2_3,1_3&#8243; _builder_version=&#8221;4.24.2&#8243; _module_preset=&#8221;default&#8221; global_colors_info=&#8221;{}&#8221;][et_pb_column type=&#8221;2_3&#8243; _builder_version=&#8221;4.24.2&#8243; _module_preset=&#8221;default&#8221; global_colors_info=&#8221;{}&#8221;][et_pb_text _builder_version=&#8221;4.27.4&#8243; _module_preset=&#8221;default&#8221; background_layout=&#8221;dark&#8221; global_colors_info=&#8221;{}&#8221;]<\/p>\n<h1>Turvallinen varastointi kaasukupolillamme<\/h1>\n<p>Elintarviketuottajille biokaasu ei ole pelk\u00e4st\u00e4\u00e4n tie kohti kest\u00e4v\u00e4mp\u00e4\u00e4 tuotantoa, vaan my\u00f6s mahdollisuus tehostaa j\u00e4tehuoltoa ja luoda taloudellista arvoa sivutuotteista. IGF Biogas tarjoaa asiantuntemusta ja ratkaisuja biokaasutuotantoon siirtymisen helpottamiseksi, r\u00e4\u00e4t\u00e4l\u00f6ityn\u00e4 elintarviketeollisuuden erityistarpeisiin[\/et_pb_text][\/et_pb_column][et_pb_column type=&#8221;1_3&#8243; _builder_version=&#8221;4.24.2&#8243; _module_preset=&#8221;default&#8221; z_index=&#8221;1&#8243; sticky_position=&#8221;top&#8221; sticky_position_tablet=&#8221;top&#8221; sticky_position_phone=&#8221;none&#8221; sticky_position_last_edited=&#8221;on|phone&#8221; global_colors_info=&#8221;{}&#8221;][et_pb_team_member name=&#8221;Magnus Cedfalck&#8221; position=&#8221;Myynti- ja markkinointivastaava&#8221; image_url=&#8221;https:\/\/igfgas.se\/wp-content\/uploads\/2024\/04\/magnus-cedfalck.jpg&#8221; admin_label=&#8221;CTA &#8211; Magnus Cedfalck&#8221; module_class=&#8221;kontaktperson&#8221; _builder_version=&#8221;4.27.4&#8243; _module_preset=&#8221;default&#8221; header_text_color=&#8221;#FFFFFF&#8221; header_font_size=&#8221;30px&#8221; body_text_color=&#8221;#FFFFFF&#8221; position_text_align=&#8221;center&#8221; position_text_color=&#8221;#FFFFFF&#8221; background_enable_color=&#8221;off&#8221; vertical_offset=&#8221;100px&#8221; horizontal_offset=&#8221;10%&#8221; text_orientation=&#8221;center&#8221; custom_padding=&#8221;20px|20px|20px|20px|false|false&#8221; global_module=&#8221;3858&#8243; saved_tabs=&#8221;all&#8221; global_colors_info=&#8221;{}&#8221;]<\/p>\n<p><img decoding=\"async\" src=\"https:\/\/igfgas.se\/wp-content\/uploads\/2024\/03\/phone.svg\" width=\"15\" \/> 013-991 32 15<br \/><img decoding=\"async\" src=\"https:\/\/igfgas.se\/wp-content\/uploads\/2024\/03\/mail.svg\" width=\"15\" \/> <a href=\"mailto:magnus.cedfalck@igfgas.se\">magnus.cedfalck@igfgas.se<\/a><\/p>\n<p>[\/et_pb_team_member][\/et_pb_column][\/et_pb_row][\/et_pb_section][et_pb_section fb_built=&#8221;1&#8243; admin_label=&#8221;section&#8221; _builder_version=&#8221;4.16&#8243; global_colors_info=&#8221;{}&#8221;][et_pb_row column_structure=&#8221;2_3,1_3&#8243; admin_label=&#8221;row&#8221; _builder_version=&#8221;4.16&#8243; background_size=&#8221;initial&#8221; background_position=&#8221;top_left&#8221; background_repeat=&#8221;repeat&#8221; global_colors_info=&#8221;{}&#8221;][et_pb_column type=&#8221;2_3&#8243; _builder_version=&#8221;4.16&#8243; custom_padding=&#8221;|||&#8221; global_colors_info=&#8221;{}&#8221; custom_padding__hover=&#8221;|||&#8221;][et_pb_text admin_label=&#8221;Text&#8221; _builder_version=&#8221;4.27.4&#8243; background_size=&#8221;initial&#8221; background_position=&#8221;top_left&#8221; background_repeat=&#8221;repeat&#8221; global_colors_info=&#8221;{}&#8221;]<\/p>\n<h2>Laaja valikoima jokaiseen tarpeeseen<\/h2>\n<p>Asiantuntemuksemme ja pitk\u00e4 kokemuksemme uusien kaasukupolien toimituksissa sek\u00e4 olemassa olevien j\u00e4rjestelmien kunnostuksissa tekev\u00e4t meist\u00e4 luotettavan kumppanin kaikentyyppisille biokaasulaitoksille. Tarpeesta riippumatta \u2013 olipa kyseess\u00e4 vankka ter\u00e4ss\u00e4ili\u00f6 teolliselle biokaasulaitokselle, joustava kaasuletku tilap\u00e4iseen varastointiin tai r\u00e4\u00e4t\u00e4l\u00f6ity ratkaisu, joka t\u00e4ydent\u00e4\u00e4 laitoksesi estetiikkaa \u2013 voimme tarjota juuri teid\u00e4n erityistarpeisiinne sopivan ratkaisun.<\/p>\n<h2>Kokonaisvaltaiset ratkaisut asiantuntijalta<\/h2>\n<p>Jokainen toimittamamme kaasukupoli on suunniteltu tarjoamaan korkeinta mahdollista turvallisuutta, tehokkuutta ja kest\u00e4vyytt\u00e4. Ymm\u00e4rr\u00e4mme luotettavan kaasun varastoinnin t\u00e4rkeyden biokaasuprosessissa ja pyrimme ylitt\u00e4m\u00e4\u00e4n odotuksenne. Sitoutumisemme ei rajoitu pelkk\u00e4\u00e4n toimitukseen; tarjoamme t\u00e4yden tuen asennuksesta k\u00e4ytt\u00f6\u00f6nottoon sek\u00e4 tarvittaessa tulevaan huoltoon ja kunnostukseen varmistaaksemme sijoituksesi pitk\u00e4aikaisen kest\u00e4vyyden.<\/p>\n<h2>Kokemus, joka merkitsee<\/h2>\n<p>Vuosikymmenten kokemuksella biokaasualalta, IGF Biogas on kehitt\u00e4nyt syv\u00e4llisen ymm\u00e4rryksen kaasun varastoinnin haasteista ja mahdollisuuksista. T\u00e4m\u00e4 tieto toimii perustana kyvyllemme tarjota r\u00e4\u00e4t\u00e4l\u00f6ityj\u00e4 ja joustavia ratkaisuja.<\/p>\n<p>[\/et_pb_text][\/et_pb_column][et_pb_column type=&#8221;1_3&#8243; _builder_version=&#8221;4.16&#8243; custom_padding=&#8221;|||&#8221; global_colors_info=&#8221;{}&#8221; custom_padding__hover=&#8221;|||&#8221;][\/et_pb_column][\/et_pb_row][\/et_pb_section][et_pb_section fb_built=&#8221;1&#8243; _builder_version=&#8221;4.24.2&#8243; _module_preset=&#8221;default&#8221; background_color=&#8221;#efefef&#8221; background_image=&#8221;https:\/\/igfgas.se\/wp-content\/uploads\/2024\/03\/dekorelement-color-1.svg&#8221; background_size=&#8221;contain&#8221; background_position=&#8221;center_left&#8221; z_index=&#8221;2&#8243; global_colors_info=&#8221;{}&#8221;][et_pb_row column_structure=&#8221;1_3,1_3,1_3&#8243; _builder_version=&#8221;4.24.2&#8243; _module_preset=&#8221;default&#8221; global_colors_info=&#8221;{}&#8221;][et_pb_column type=&#8221;1_3&#8243; _builder_version=&#8221;4.24.2&#8243; _module_preset=&#8221;default&#8221; global_colors_info=&#8221;{}&#8221;][et_pb_image src=&#8221;https:\/\/igfgas.se\/wp-content\/uploads\/2024\/03\/gasklocka_01.jpg&#8221; title_text=&#8221;gasklocka_01&#8243; _builder_version=&#8221;4.24.2&#8243; _module_preset=&#8221;default&#8221; global_colors_info=&#8221;{}&#8221;][\/et_pb_image][\/et_pb_column][et_pb_column type=&#8221;1_3&#8243; _builder_version=&#8221;4.24.2&#8243; _module_preset=&#8221;default&#8221; global_colors_info=&#8221;{}&#8221;][et_pb_image src=&#8221;https:\/\/igfgas.se\/wp-content\/uploads\/2024\/03\/gasklocka_02.jpg&#8221; title_text=&#8221;gasklocka_02&#8243; _builder_version=&#8221;4.24.2&#8243; _module_preset=&#8221;default&#8221; global_colors_info=&#8221;{}&#8221;][\/et_pb_image][\/et_pb_column][et_pb_column type=&#8221;1_3&#8243; _builder_version=&#8221;4.24.2&#8243; _module_preset=&#8221;default&#8221; global_colors_info=&#8221;{}&#8221;][et_pb_image src=&#8221;https:\/\/igfgas.se\/wp-content\/uploads\/2024\/03\/gasklocka_03.jpg&#8221; title_text=&#8221;gasklocka_03&#8243; _builder_version=&#8221;4.24.2&#8243; _module_preset=&#8221;default&#8221; global_colors_info=&#8221;{}&#8221;][\/et_pb_image][\/et_pb_column][\/et_pb_row][et_pb_row column_structure=&#8221;1_3,1_3,1_3&#8243; _builder_version=&#8221;4.24.2&#8243; _module_preset=&#8221;default&#8221; global_colors_info=&#8221;{}&#8221;][et_pb_column type=&#8221;1_3&#8243; _builder_version=&#8221;4.24.2&#8243; _module_preset=&#8221;default&#8221; global_colors_info=&#8221;{}&#8221;][\/et_pb_column][et_pb_column type=&#8221;1_3&#8243; _builder_version=&#8221;4.24.2&#8243; _module_preset=&#8221;default&#8221; global_colors_info=&#8221;{}&#8221;][et_pb_image src=&#8221;https:\/\/igfgas.se\/wp-content\/uploads\/2022\/01\/Eisenbrau-Heilbronn-300&#215;81.jpg&#8221; title_text=&#8221;Eisenbrau-Heilbronn&#8221; align=&#8221;center&#8221; _builder_version=&#8221;4.25.0&#8243; _module_preset=&#8221;default&#8221; global_colors_info=&#8221;{}&#8221;][\/et_pb_image][\/et_pb_column][et_pb_column type=&#8221;1_3&#8243; _builder_version=&#8221;4.24.2&#8243; _module_preset=&#8221;default&#8221; global_colors_info=&#8221;{}&#8221;][\/et_pb_column][\/et_pb_row][\/et_pb_section]<\/p>\n","protected":false},"excerpt":{"rendered":"<p>Turvallinen varastointi kaasukupolillamme Elintarviketuottajille biokaasu ei ole pelk\u00e4st\u00e4\u00e4n tie kohti kest\u00e4v\u00e4mp\u00e4\u00e4 tuotantoa, vaan my\u00f6s mahdollisuus tehostaa j\u00e4tehuoltoa ja luoda taloudellista arvoa sivutuotteista. IGF Biogas tarjoaa asiantuntemusta ja ratkaisuja biokaasutuotantoon siirtymisen helpottamiseksi, r\u00e4\u00e4t\u00e4l\u00f6ityn\u00e4 elintarviketeollisuuden erityistarpeisiin 013-991 32 15 magnus.cedfalck@igfgas.se Laaja valikoima jokaiseen tarpeeseen Asiantuntemuksemme ja pitk\u00e4 kokemuksemme uusien kaasukupolien toimituksissa sek\u00e4 olemassa olevien j\u00e4rjestelmien kunnostuksissa tekev\u00e4t [&hellip;]<\/p>\n","protected":false},"author":8,"featured_media":3862,"parent":0,"menu_order":0,"comment_status":"closed","ping_status":"closed","template":"","meta":{"_acf_changed":false,"_et_pb_use_builder":"on","_et_pb_old_content":"<section id=\"\" class=\"fw-main-row  \">\r\n\t<div class=\"fw-container\">\r\n\t\t<div class=\"fw-row\">\r\n\t<div class=\"fw-col-xs-12 fw-col-sm-8\">\r\n\t<h2>Brett utbud av gasklockor<\/h2><p>Vi har ett brett utbud av gasklockor fr\u00e5n tv\u00e5 olika leverant\u00f6rer i olika utformningar. Klockorna levereras som kompletta st\u00e5lcylindrar, ballonger eller byggda hus och kan komma i storlekarna 10-1000 m3.<\/p><p>D\u00e5 vi har en l\u00e5ng erfarenhet att leverera nya klockor och renovera redan befintliga klockor kan vi som leverant\u00f6r ge er en komplett l\u00f6sning som \u00e4r anpassat just f\u00f6r era behov och utformning av klockan.<\/p><p><a href=\"https:\/\/www.eisenbau-heilbronn.de\/\"><img class=\"alignnone size-medium wp-image-92\" src=\"https:\/\/igfgas.se\/wp-content\/uploads\/2022\/01\/Eisenbrau-Heilbronn-300x81.jpg\" alt=\"\" width=\"300\" height=\"81\" \/><\/a><\/p><\/div>\r\n<div class=\"fw-col-xs-12 fw-col-sm-4\">\r\n\t<img src=\"\/\/igfgas.se\/wp-content\/uploads\/2023\/02\/square-gasklocka.jpg\" alt=\"\/\/igfgas.se\/wp-content\/uploads\/2023\/02\/square-gasklocka.jpg\" \/><\/div>\r\n<\/div>\r\n\r\n\t<\/div>\r\n<\/section>\r\n<section id=\"\" class=\"fw-main-row blue \">\r\n\t<div class=\"fw-container\">\r\n\t\t<div class=\"fw-row\">\r\n\t<div class=\"fw-col-xs-12 fw-col-sm-3\">\r\n\t<img src=\"\/\/igfgas.se\/wp-content\/uploads\/2022\/04\/03_Installation-vor-Ort_1-optimized.jpg\" alt=\"Gasklockor Sverige.\" \/><\/div>\r\n<div class=\"fw-col-xs-12 fw-col-sm-3\">\r\n\t<img src=\"\/\/igfgas.se\/wp-content\/uploads\/2022\/01\/01_Fertigung_2.jpg\" alt=\"\/\/igfgas.se\/wp-content\/uploads\/2022\/01\/01_Fertigung_2.jpg\" \/><\/div>\r\n<div class=\"fw-col-xs-12 fw-col-sm-3\">\r\n\t<img src=\"\/\/igfgas.se\/wp-content\/uploads\/2022\/01\/01_Fertigung_3.jpg\" alt=\"\/\/igfgas.se\/wp-content\/uploads\/2022\/01\/01_Fertigung_3.jpg\" \/><\/div>\r\n<div class=\"fw-col-xs-12 fw-col-sm-3\">\r\n\t<img src=\"\/\/igfgas.se\/wp-content\/uploads\/2022\/01\/IMG_1486.jpg\" alt=\"\/\/igfgas.se\/wp-content\/uploads\/2022\/01\/IMG_1486.jpg\" \/><\/div>\r\n<\/div>\r\n\r\n\t<\/div>\r\n<\/section>\r\n\r\n\r\n<!-- 00091f123aaf7a0dad2572b74ca5383a -->","_et_gb_content_width":"","inline_featured_image":false,"footnotes":""},"class_list":["post-3860","page","type-page","status-publish","has-post-thumbnail","hentry"],"acf":[],"yoast_head":"<!-- This site is optimized with the Yoast SEO plugin v27.3 - https:\/\/yoast.com\/product\/yoast-seo-wordpress\/ -->\n<title>Gasklocka - IGF Biogas<\/title>\n<meta name=\"description\" content=\"Kaasukupolit korkeimmalla laadulla turvalliseen ja tehokkaaseen biokaasun varastointiin.\" \/>\n<meta name=\"robots\" content=\"index, follow, max-snippet:-1, max-image-preview:large, max-video-preview:-1\" \/>\n<link rel=\"canonical\" href=\"https:\/\/igfgas.se\/fi\/kaasukupolit\/\" \/>\n<meta property=\"og:locale\" content=\"fi_FI\" \/>\n<meta property=\"og:type\" content=\"article\" \/>\n<meta property=\"og:title\" content=\"Gasklocka - IGF Biogas\" \/>\n<meta property=\"og:description\" content=\"Kaasukupolit korkeimmalla laadulla turvalliseen ja tehokkaaseen biokaasun varastointiin.\" \/>\n<meta property=\"og:url\" content=\"https:\/\/igfgas.se\/fi\/kaasukupolit\/\" \/>\n<meta property=\"og:site_name\" content=\"IGF Biogas\" \/>\n<meta property=\"article:modified_time\" content=\"2025-09-05T11:31:06+00:00\" \/>\n<meta property=\"og:image\" content=\"https:\/\/igfgas.se\/wp-content\/uploads\/2024\/03\/hero_gasglocka.jpg\" \/>\n\t<meta property=\"og:image:width\" content=\"1400\" \/>\n\t<meta property=\"og:image:height\" content=\"797\" \/>\n\t<meta property=\"og:image:type\" content=\"image\/jpeg\" \/>\n<meta name=\"twitter:card\" content=\"summary_large_image\" \/>\n<meta name=\"twitter:label1\" content=\"Est. reading time\" \/>\n\t<meta name=\"twitter:data1\" content=\"3 minuuttia\" \/>\n<script type=\"application\/ld+json\" class=\"yoast-schema-graph\">{\"@context\":\"https:\\\/\\\/schema.org\",\"@graph\":[{\"@type\":\"WebPage\",\"@id\":\"https:\\\/\\\/igfgas.se\\\/fi\\\/kaasukupolit\\\/\",\"url\":\"https:\\\/\\\/igfgas.se\\\/fi\\\/kaasukupolit\\\/\",\"name\":\"Gasklocka - IGF Biogas\",\"isPartOf\":{\"@id\":\"https:\\\/\\\/igfgas.se\\\/fi\\\/#website\"},\"primaryImageOfPage\":{\"@id\":\"https:\\\/\\\/igfgas.se\\\/fi\\\/kaasukupolit\\\/#primaryimage\"},\"image\":{\"@id\":\"https:\\\/\\\/igfgas.se\\\/fi\\\/kaasukupolit\\\/#primaryimage\"},\"thumbnailUrl\":\"https:\\\/\\\/igfgas.se\\\/wp-content\\\/uploads\\\/2024\\\/03\\\/hero_gasglocka.jpg\",\"datePublished\":\"2022-01-21T09:52:55+00:00\",\"dateModified\":\"2025-09-05T11:31:06+00:00\",\"description\":\"Kaasukupolit korkeimmalla laadulla turvalliseen ja tehokkaaseen biokaasun varastointiin.\",\"breadcrumb\":{\"@id\":\"https:\\\/\\\/igfgas.se\\\/fi\\\/kaasukupolit\\\/#breadcrumb\"},\"inLanguage\":\"fi\",\"potentialAction\":[{\"@type\":\"ReadAction\",\"target\":[\"https:\\\/\\\/igfgas.se\\\/fi\\\/kaasukupolit\\\/\"]}]},{\"@type\":\"ImageObject\",\"inLanguage\":\"fi\",\"@id\":\"https:\\\/\\\/igfgas.se\\\/fi\\\/kaasukupolit\\\/#primaryimage\",\"url\":\"https:\\\/\\\/igfgas.se\\\/wp-content\\\/uploads\\\/2024\\\/03\\\/hero_gasglocka.jpg\",\"contentUrl\":\"https:\\\/\\\/igfgas.se\\\/wp-content\\\/uploads\\\/2024\\\/03\\\/hero_gasglocka.jpg\",\"width\":1400,\"height\":797},{\"@type\":\"BreadcrumbList\",\"@id\":\"https:\\\/\\\/igfgas.se\\\/fi\\\/kaasukupolit\\\/#breadcrumb\",\"itemListElement\":[{\"@type\":\"ListItem\",\"position\":1,\"name\":\"Hem\",\"item\":\"https:\\\/\\\/igfgas.se\\\/fi\\\/\"},{\"@type\":\"ListItem\",\"position\":2,\"name\":\"Tehokkaat kaasukupolit biokaasun varastointiin \u2013 IGF Biogas\"}]},{\"@type\":\"WebSite\",\"@id\":\"https:\\\/\\\/igfgas.se\\\/fi\\\/#website\",\"url\":\"https:\\\/\\\/igfgas.se\\\/fi\\\/\",\"name\":\"IGF Biogas\",\"description\":\"Ledande inom biogasteknik sedan 1930\",\"potentialAction\":[{\"@type\":\"SearchAction\",\"target\":{\"@type\":\"EntryPoint\",\"urlTemplate\":\"https:\\\/\\\/igfgas.se\\\/fi\\\/?s={search_term_string}\"},\"query-input\":{\"@type\":\"PropertyValueSpecification\",\"valueRequired\":true,\"valueName\":\"search_term_string\"}}],\"inLanguage\":\"fi\"}]}<\/script>\n<!-- \/ Yoast SEO plugin. -->","yoast_head_json":{"title":"Gasklocka - IGF Biogas","description":"Kaasukupolit korkeimmalla laadulla turvalliseen ja tehokkaaseen biokaasun varastointiin.","robots":{"index":"index","follow":"follow","max-snippet":"max-snippet:-1","max-image-preview":"max-image-preview:large","max-video-preview":"max-video-preview:-1"},"canonical":"https:\/\/igfgas.se\/fi\/kaasukupolit\/","og_locale":"fi_FI","og_type":"article","og_title":"Gasklocka - IGF Biogas","og_description":"Kaasukupolit korkeimmalla laadulla turvalliseen ja tehokkaaseen biokaasun varastointiin.","og_url":"https:\/\/igfgas.se\/fi\/kaasukupolit\/","og_site_name":"IGF Biogas","article_modified_time":"2025-09-05T11:31:06+00:00","og_image":[{"width":1400,"height":797,"url":"https:\/\/igfgas.se\/wp-content\/uploads\/2024\/03\/hero_gasglocka.jpg","type":"image\/jpeg"}],"twitter_card":"summary_large_image","twitter_misc":{"Est. reading time":"3 minuuttia"},"schema":{"@context":"https:\/\/schema.org","@graph":[{"@type":"WebPage","@id":"https:\/\/igfgas.se\/fi\/kaasukupolit\/","url":"https:\/\/igfgas.se\/fi\/kaasukupolit\/","name":"Gasklocka - IGF Biogas","isPartOf":{"@id":"https:\/\/igfgas.se\/fi\/#website"},"primaryImageOfPage":{"@id":"https:\/\/igfgas.se\/fi\/kaasukupolit\/#primaryimage"},"image":{"@id":"https:\/\/igfgas.se\/fi\/kaasukupolit\/#primaryimage"},"thumbnailUrl":"https:\/\/igfgas.se\/wp-content\/uploads\/2024\/03\/hero_gasglocka.jpg","datePublished":"2022-01-21T09:52:55+00:00","dateModified":"2025-09-05T11:31:06+00:00","description":"Kaasukupolit korkeimmalla laadulla turvalliseen ja tehokkaaseen biokaasun varastointiin.","breadcrumb":{"@id":"https:\/\/igfgas.se\/fi\/kaasukupolit\/#breadcrumb"},"inLanguage":"fi","potentialAction":[{"@type":"ReadAction","target":["https:\/\/igfgas.se\/fi\/kaasukupolit\/"]}]},{"@type":"ImageObject","inLanguage":"fi","@id":"https:\/\/igfgas.se\/fi\/kaasukupolit\/#primaryimage","url":"https:\/\/igfgas.se\/wp-content\/uploads\/2024\/03\/hero_gasglocka.jpg","contentUrl":"https:\/\/igfgas.se\/wp-content\/uploads\/2024\/03\/hero_gasglocka.jpg","width":1400,"height":797},{"@type":"BreadcrumbList","@id":"https:\/\/igfgas.se\/fi\/kaasukupolit\/#breadcrumb","itemListElement":[{"@type":"ListItem","position":1,"name":"Hem","item":"https:\/\/igfgas.se\/fi\/"},{"@type":"ListItem","position":2,"name":"Tehokkaat kaasukupolit biokaasun varastointiin \u2013 IGF Biogas"}]},{"@type":"WebSite","@id":"https:\/\/igfgas.se\/fi\/#website","url":"https:\/\/igfgas.se\/fi\/","name":"IGF Biogas","description":"Ledande inom biogasteknik sedan 1930","potentialAction":[{"@type":"SearchAction","target":{"@type":"EntryPoint","urlTemplate":"https:\/\/igfgas.se\/fi\/?s={search_term_string}"},"query-input":{"@type":"PropertyValueSpecification","valueRequired":true,"valueName":"search_term_string"}}],"inLanguage":"fi"}]}},"_links":{"self":[{"href":"https:\/\/igfgas.se\/fi\/wp-json\/wp\/v2\/pages\/3860","targetHints":{"allow":["GET"]}}],"collection":[{"href":"https:\/\/igfgas.se\/fi\/wp-json\/wp\/v2\/pages"}],"about":[{"href":"https:\/\/igfgas.se\/fi\/wp-json\/wp\/v2\/types\/page"}],"author":[{"embeddable":true,"href":"https:\/\/igfgas.se\/fi\/wp-json\/wp\/v2\/users\/8"}],"replies":[{"embeddable":true,"href":"https:\/\/igfgas.se\/fi\/wp-json\/wp\/v2\/comments?post=3860"}],"version-history":[{"count":0,"href":"https:\/\/igfgas.se\/fi\/wp-json\/wp\/v2\/pages\/3860\/revisions"}],"wp:featuredmedia":[{"embeddable":true,"href":"https:\/\/igfgas.se\/fi\/wp-json\/wp\/v2\/media\/3862"}],"wp:attachment":[{"href":"https:\/\/igfgas.se\/fi\/wp-json\/wp\/v2\/media?parent=3860"}],"curies":[{"name":"wp","href":"https:\/\/api.w.org\/{rel}","templated":true}]}}