{"id":3878,"date":"2022-01-21T10:55:31","date_gmt":"2022-01-21T09:55:31","guid":{"rendered":"https:\/\/igfgas1stg.wpenginepowered.com\/gasfacklor\/"},"modified":"2025-09-05T12:27:10","modified_gmt":"2025-09-05T10:27:10","slug":"kaasupolttimet","status":"publish","type":"page","link":"https:\/\/igfgas.se\/fi\/kaasupolttimet\/","title":{"rendered":"Kaasupolttimet: T\u00e4rke\u00e4 turvallisuuskomponentti biokaasulaitoksis"},"content":{"rendered":"<p>[et_pb_section fb_built=&#8221;1&#8243; module_class=&#8221;pa-custom-background-mask&#8221; _builder_version=&#8221;4.24.2&#8243; _module_preset=&#8221;default&#8221; background_enable_image=&#8221;off&#8221; background_video_mp4=&#8221;https:\/\/igfgas.se\/wp-content\/uploads\/2022\/01\/IGF-Gasprodukter-Fackla-4-320-150.mp4&#8243; background_enable_mask_style=&#8221;on&#8221; global_colors_info=&#8221;{}&#8221;][et_pb_row column_structure=&#8221;2_3,1_3&#8243; _builder_version=&#8221;4.24.2&#8243; _module_preset=&#8221;default&#8221; global_colors_info=&#8221;{}&#8221;][et_pb_column type=&#8221;2_3&#8243; _builder_version=&#8221;4.24.2&#8243; _module_preset=&#8221;default&#8221; global_colors_info=&#8221;{}&#8221;][et_pb_text _builder_version=&#8221;4.27.4&#8243; _module_preset=&#8221;default&#8221; background_layout=&#8221;dark&#8221; global_colors_info=&#8221;{}&#8221;]<\/p>\n<h1>Kaasupolttimet optimaaliseen turvallisuuteen<\/h1>\n<p>IGF Biogasilla olemme ylpeit\u00e4 voidessamme tarjota laajan valikoiman itse valmistamiamme kaasupolttimia, jotka on suunniteltu vastaamaan monenlaisiin tarpeisiin ja vaatimuksiin. Kaasupolttimemme ovat vuosikymmenten kehityksen ja innovaation tulosta, r\u00e4\u00e4t\u00e4l\u00f6ityj\u00e4 k\u00e4sittelem\u00e4\u00e4n ylij\u00e4\u00e4m\u00e4kaasua turvallisesti ja hallitusti. Yksinkertaisista pylv\u00e4spolttimista edistyneisiin korkeal\u00e4mp\u00f6tilapolttimiin \u2013 meill\u00e4 on ratkaisu biokaasulaitoksellenne.<\/p>\n<p>[\/et_pb_text][\/et_pb_column][et_pb_column type=&#8221;1_3&#8243; _builder_version=&#8221;4.24.2&#8243; _module_preset=&#8221;default&#8221; z_index=&#8221;1&#8243; sticky_position=&#8221;top&#8221; sticky_position_tablet=&#8221;top&#8221; sticky_position_phone=&#8221;none&#8221; sticky_position_last_edited=&#8221;on|phone&#8221; global_colors_info=&#8221;{}&#8221;][et_pb_team_member name=&#8221;Magnus Cedfalck&#8221; position=&#8221;Myynti- ja markkinointivastaava&#8221; image_url=&#8221;https:\/\/igfgas.se\/wp-content\/uploads\/2024\/04\/magnus-cedfalck.jpg&#8221; admin_label=&#8221;CTA &#8211; Magnus Cedfalck&#8221; module_class=&#8221;kontaktperson&#8221; _builder_version=&#8221;4.27.4&#8243; _module_preset=&#8221;default&#8221; header_text_color=&#8221;#FFFFFF&#8221; header_font_size=&#8221;30px&#8221; body_text_color=&#8221;#FFFFFF&#8221; position_text_align=&#8221;center&#8221; position_text_color=&#8221;#FFFFFF&#8221; background_enable_color=&#8221;off&#8221; vertical_offset=&#8221;100px&#8221; horizontal_offset=&#8221;10%&#8221; text_orientation=&#8221;center&#8221; custom_padding=&#8221;20px|20px|20px|20px|false|false&#8221; global_module=&#8221;3858&#8243; saved_tabs=&#8221;all&#8221; global_colors_info=&#8221;{}&#8221;]<\/p>\n<p><img decoding=\"async\" src=\"https:\/\/igfgas.se\/wp-content\/uploads\/2024\/03\/phone.svg\" width=\"15\" \/> 013-991 32 15<br \/><img decoding=\"async\" src=\"https:\/\/igfgas.se\/wp-content\/uploads\/2024\/03\/mail.svg\" width=\"15\" \/> <a href=\"mailto:magnus.cedfalck@igfgas.se\">magnus.cedfalck@igfgas.se<\/a><\/p>\n<p>[\/et_pb_team_member][\/et_pb_column][\/et_pb_row][\/et_pb_section][et_pb_section fb_built=&#8221;1&#8243; admin_label=&#8221;section&#8221; _builder_version=&#8221;4.16&#8243; global_colors_info=&#8221;{}&#8221;][et_pb_row column_structure=&#8221;2_3,1_3&#8243; admin_label=&#8221;row&#8221; _builder_version=&#8221;4.16&#8243; background_size=&#8221;initial&#8221; background_position=&#8221;top_left&#8221; background_repeat=&#8221;repeat&#8221; global_colors_info=&#8221;{}&#8221;][et_pb_column type=&#8221;2_3&#8243; _builder_version=&#8221;4.16&#8243; custom_padding=&#8221;|||&#8221; global_colors_info=&#8221;{}&#8221; custom_padding__hover=&#8221;|||&#8221;][et_pb_text admin_label=&#8221;Text&#8221; _builder_version=&#8221;4.27.4&#8243; background_size=&#8221;initial&#8221; background_position=&#8221;top_left&#8221; background_repeat=&#8221;repeat&#8221; hover_enabled=&#8221;0&#8243; global_colors_info=&#8221;{}&#8221; sticky_enabled=&#8221;0&#8243;]<\/p>\n<h2>Laaja valikoima jokaiseen tarpeeseen<\/h2>\n<p>Ymm\u00e4rr\u00e4mme, ett\u00e4 tarpeet vaihtelevat paljon eri laitosten v\u00e4lill\u00e4, mink\u00e4 vuoksi Ruotsissa valmistamamme kaasupolttimet ovat saatavilla useina eri muotoisina ja kokoisina. Tarpeestanne riippumatta \u2013 olipa kyseess\u00e4 puoliksi piilotettu liekki julkisilla paikoilla tai avoin liekki maksimaaliseen tehokkuuteen \u2013 voimme tarjota ratkaisun, joka t\u00e4ytt\u00e4\u00e4 erityisvaatimuksenne.<\/p>\n<h2>Valmiit asennussarjat tai erilliset osat<\/h2>\n<p>Kaasupolttimemme voidaan toimittaa joko valmiina asennussarjoina helppoa asennusta varten tai irto-osina r\u00e4\u00e4t\u00e4l\u00f6ityihin asennuksiin. T\u00e4m\u00e4 joustavuus mahdollistaa sen, ett\u00e4 voitte valita kustannustehokkaimman ja k\u00e4yt\u00e4nn\u00f6llisimm\u00e4n ratkaisun juuri teid\u00e4n tilanteeseenne.<\/p>\n<h2>Luotettavuutta kaikissa s\u00e4\u00e4olosuhteissa<\/h2>\n<p>Kaasupolttimemme on kehitetty kest\u00e4m\u00e4\u00e4n Pohjoismaisen ilmaston haasteet. Kest\u00e4v\u00e4t materiaalit ja huolellisesti suunniteltu rakenne takaavat pitk\u00e4n k\u00e4ytt\u00f6i\u00e4n ja luotettavan suorituskyvyn vuosiksi eteenp\u00e4in, jopa vaativimmissa olosuhteissa.<\/p>\n<h2>Kokonaisratkaisut asennukseen ja k\u00e4ytt\u00f6\u00f6n<\/h2>\n<p>IGF Biogas ei tarjoa pelk\u00e4st\u00e4\u00e4n korkealaatuisia kaasupolttimia, vaan my\u00f6s kattavan yhteisty\u00f6kumppaniverkoston koko maassa. Voimme n\u00e4in tarjota t\u00e4ydellisen tuen polttimien asennukseen, k\u00e4ytt\u00f6\u00f6nottoon ja koulutukseen. Tavoitteemme on varmistaa sujuva ja ongelmaton asennus ja k\u00e4ytt\u00f6 alusta alkaen.<\/p>\n<p>[\/et_pb_text][\/et_pb_column][et_pb_column type=&#8221;1_3&#8243; _builder_version=&#8221;4.16&#8243; custom_padding=&#8221;|||&#8221; global_colors_info=&#8221;{}&#8221; custom_padding__hover=&#8221;|||&#8221;][\/et_pb_column][\/et_pb_row][\/et_pb_section][et_pb_section fb_built=&#8221;1&#8243; _builder_version=&#8221;4.24.2&#8243; _module_preset=&#8221;default&#8221; background_color=&#8221;#efefef&#8221; background_image=&#8221;https:\/\/igfgas.se\/wp-content\/uploads\/2024\/03\/dekorelement-color-1.svg&#8221; background_size=&#8221;contain&#8221; background_position=&#8221;center_left&#8221; z_index=&#8221;2&#8243; global_colors_info=&#8221;{}&#8221;][et_pb_row column_structure=&#8221;1_3,1_3,1_3&#8243; _builder_version=&#8221;4.24.2&#8243; _module_preset=&#8221;default&#8221; global_colors_info=&#8221;{}&#8221;][et_pb_column type=&#8221;1_3&#8243; _builder_version=&#8221;4.24.2&#8243; _module_preset=&#8221;default&#8221; global_colors_info=&#8221;{}&#8221;][et_pb_image src=&#8221;https:\/\/igfgas.se\/wp-content\/uploads\/2024\/03\/gasfackla_01.jpg&#8221; title_text=&#8221;gasfackla_01&#8243; _builder_version=&#8221;4.24.2&#8243; _module_preset=&#8221;default&#8221; global_colors_info=&#8221;{}&#8221;][\/et_pb_image][\/et_pb_column][et_pb_column type=&#8221;1_3&#8243; _builder_version=&#8221;4.24.2&#8243; _module_preset=&#8221;default&#8221; global_colors_info=&#8221;{}&#8221;][et_pb_image src=&#8221;https:\/\/igfgas.se\/wp-content\/uploads\/2024\/03\/gasfackla_02.jpg&#8221; title_text=&#8221;gasfackla_02&#8243; _builder_version=&#8221;4.24.2&#8243; _module_preset=&#8221;default&#8221; global_colors_info=&#8221;{}&#8221;][\/et_pb_image][\/et_pb_column][et_pb_column type=&#8221;1_3&#8243; _builder_version=&#8221;4.24.2&#8243; _module_preset=&#8221;default&#8221; global_colors_info=&#8221;{}&#8221;][et_pb_image src=&#8221;https:\/\/igfgas.se\/wp-content\/uploads\/2024\/03\/gasfackla_03.jpg&#8221; title_text=&#8221;gasfackla_03&#8243; _builder_version=&#8221;4.24.2&#8243; _module_preset=&#8221;default&#8221; global_colors_info=&#8221;{}&#8221;][\/et_pb_image][\/et_pb_column][\/et_pb_row][\/et_pb_section]<\/p>\n","protected":false},"excerpt":{"rendered":"<p>Kaasupolttimet optimaaliseen turvallisuuteen IGF Biogasilla olemme ylpeit\u00e4 voidessamme tarjota laajan valikoiman itse valmistamiamme kaasupolttimia, jotka on suunniteltu vastaamaan monenlaisiin tarpeisiin ja vaatimuksiin. Kaasupolttimemme ovat vuosikymmenten kehityksen ja innovaation tulosta, r\u00e4\u00e4t\u00e4l\u00f6ityj\u00e4 k\u00e4sittelem\u00e4\u00e4n ylij\u00e4\u00e4m\u00e4kaasua turvallisesti ja hallitusti. Yksinkertaisista pylv\u00e4spolttimista edistyneisiin korkeal\u00e4mp\u00f6tilapolttimiin \u2013 meill\u00e4 on ratkaisu biokaasulaitoksellenne. 013-991 32 15 magnus.cedfalck@igfgas.se Laaja valikoima jokaiseen tarpeeseen Ymm\u00e4rr\u00e4mme, ett\u00e4 tarpeet [&hellip;]<\/p>\n","protected":false},"author":8,"featured_media":3880,"parent":0,"menu_order":0,"comment_status":"closed","ping_status":"closed","template":"","meta":{"_acf_changed":false,"_et_pb_use_builder":"on","_et_pb_old_content":"<section id=\"\" class=\"fw-main-row  \">\r\n\t<div class=\"fw-container\">\r\n\t\t<div class=\"fw-row\">\r\n\t<div class=\"fw-col-xs-12 fw-col-sm-8\">\r\n\t<h2>Gasfackla - olika utformningar<\/h2><p>V\u00e5ra egentillverkade gasfacklor finns i olika utformningar och olika storlekar beroende p\u00e5 ert behov och efterfr\u00e5gan. Vi kan leverera facklor med halvdolda l\u00e5gor, f\u00f6r publika platser, samt \u00f6ppna l\u00e5gor.<\/p><p>Facklorna kan levereras i kompletta byggsatser samt \u00e4ven l\u00f6sa delar beroende p\u00e5 vad ni efterfr\u00e5gar. Vi har \u00e4ven goda samarbeten spritt \u00f6ver hela landet f\u00f6r montering, ink\u00f6rning och introduktion i hantering av facklorna. V\u00e5ra facklor har utvecklats internt under m\u00e5nga \u00e5r och \u00e4r idag framtagna att motst\u00e5 v\u00e5rt h\u00e5rda klimat under mycket l\u00e5ng tid.<\/p><p>Vi kan leverera allt fr\u00e5n enklare s\u00e5 kallade stolpfacklor till mer avancerade h\u00f6gtemperatursfacklor med isolerade br\u00e4nnarr\u00f6r.<\/p><\/div>\r\n<div class=\"fw-col-xs-12 fw-col-sm-4\">\r\n\t<img src=\"\/\/igfgas.se\/wp-content\/uploads\/2022\/01\/gasfackla.jpg\" alt=\"\/\/igfgas.se\/wp-content\/uploads\/2022\/01\/gasfackla.jpg\" \/><\/div>\r\n<\/div>\r\n\r\n\t<\/div>\r\n<\/section>\r\n<section id=\"\" class=\"fw-main-row blue \">\r\n\t<div class=\"fw-container\">\r\n\t\t<div class=\"fw-row\">\r\n\t<div class=\"fw-col-xs-12 fw-col-sm-3\">\r\n\t<img src=\"\/\/igfgas.se\/wp-content\/uploads\/2022\/01\/IMG_0811.jpg\" alt=\"\/\/igfgas.se\/wp-content\/uploads\/2022\/01\/IMG_0811.jpg\" \/><\/div>\r\n<div class=\"fw-col-xs-12 fw-col-sm-3\">\r\n\t<img src=\"\/\/igfgas.se\/wp-content\/uploads\/2022\/01\/IMG_0658.jpg\" alt=\"\/\/igfgas.se\/wp-content\/uploads\/2022\/01\/IMG_0658.jpg\" \/><\/div>\r\n<div class=\"fw-col-xs-12 fw-col-sm-3\">\r\n\t<img src=\"\/\/igfgas.se\/wp-content\/uploads\/2022\/01\/IMG_0076.jpg\" alt=\"\/\/igfgas.se\/wp-content\/uploads\/2022\/01\/IMG_0076.jpg\" \/><\/div>\r\n<div class=\"fw-col-xs-12 fw-col-sm-3\">\r\n\t<img src=\"\/\/igfgas.se\/wp-content\/uploads\/2022\/01\/IMG_1574.jpg\" alt=\"\/\/igfgas.se\/wp-content\/uploads\/2022\/01\/IMG_1574.jpg\" \/><\/div>\r\n<\/div>\r\n\r\n\t<\/div>\r\n<\/section>\r\n\r\n\r\n<!-- 16d926217629dc6f3ccc33520f365922 -->","_et_gb_content_width":"","footnotes":""},"class_list":["post-3878","page","type-page","status-publish","has-post-thumbnail","hentry"],"acf":[],"yoast_head":"<!-- This site is optimized with the Yoast SEO plugin v27.3 - https:\/\/yoast.com\/product\/yoast-seo-wordpress\/ -->\n<title>Gasfackla - IGF Biogas<\/title>\n<meta name=\"description\" content=\"Kaasupolttimet, jotka on suunniteltu k\u00e4sittelem\u00e4\u00e4n ylij\u00e4\u00e4m\u00e4kaasua turvallisesti biokaasulaitoksessasi. T\u00e4ydelliset ratkaisut, r\u00e4\u00e4t\u00e4l\u00f6ity tarpeidesi mukaan\" \/>\n<meta name=\"robots\" content=\"index, follow, max-snippet:-1, max-image-preview:large, max-video-preview:-1\" \/>\n<link rel=\"canonical\" href=\"https:\/\/igfgas.se\/fi\/kaasupolttimet\/\" \/>\n<meta property=\"og:locale\" content=\"fi_FI\" \/>\n<meta property=\"og:type\" content=\"article\" \/>\n<meta property=\"og:title\" content=\"Gasfackla - IGF Biogas\" \/>\n<meta property=\"og:description\" content=\"Kaasupolttimet, jotka on suunniteltu k\u00e4sittelem\u00e4\u00e4n ylij\u00e4\u00e4m\u00e4kaasua turvallisesti biokaasulaitoksessasi. T\u00e4ydelliset ratkaisut, r\u00e4\u00e4t\u00e4l\u00f6ity tarpeidesi mukaan\" \/>\n<meta property=\"og:url\" content=\"https:\/\/igfgas.se\/fi\/kaasupolttimet\/\" \/>\n<meta property=\"og:site_name\" content=\"IGF Biogas\" \/>\n<meta property=\"article:modified_time\" content=\"2025-09-05T10:27:10+00:00\" \/>\n<meta property=\"og:image\" content=\"https:\/\/igfgas.se\/wp-content\/uploads\/2024\/03\/gasfackla_01.jpg\" \/>\n\t<meta property=\"og:image:width\" content=\"800\" \/>\n\t<meta property=\"og:image:height\" content=\"800\" \/>\n\t<meta property=\"og:image:type\" content=\"image\/jpeg\" \/>\n<meta name=\"twitter:card\" content=\"summary_large_image\" \/>\n<meta name=\"twitter:label1\" content=\"Est. reading time\" \/>\n\t<meta name=\"twitter:data1\" content=\"3 minuuttia\" \/>\n<script type=\"application\/ld+json\" class=\"yoast-schema-graph\">{\"@context\":\"https:\\\/\\\/schema.org\",\"@graph\":[{\"@type\":\"WebPage\",\"@id\":\"https:\\\/\\\/igfgas.se\\\/fi\\\/kaasupolttimet\\\/\",\"url\":\"https:\\\/\\\/igfgas.se\\\/fi\\\/kaasupolttimet\\\/\",\"name\":\"Gasfackla - IGF Biogas\",\"isPartOf\":{\"@id\":\"https:\\\/\\\/igfgas.se\\\/fi\\\/#website\"},\"primaryImageOfPage\":{\"@id\":\"https:\\\/\\\/igfgas.se\\\/fi\\\/kaasupolttimet\\\/#primaryimage\"},\"image\":{\"@id\":\"https:\\\/\\\/igfgas.se\\\/fi\\\/kaasupolttimet\\\/#primaryimage\"},\"thumbnailUrl\":\"https:\\\/\\\/igfgas.se\\\/wp-content\\\/uploads\\\/2024\\\/03\\\/gasfackla_01.jpg\",\"datePublished\":\"2022-01-21T09:55:31+00:00\",\"dateModified\":\"2025-09-05T10:27:10+00:00\",\"description\":\"Kaasupolttimet, jotka on suunniteltu k\u00e4sittelem\u00e4\u00e4n ylij\u00e4\u00e4m\u00e4kaasua turvallisesti biokaasulaitoksessasi. T\u00e4ydelliset ratkaisut, r\u00e4\u00e4t\u00e4l\u00f6ity tarpeidesi mukaan\",\"breadcrumb\":{\"@id\":\"https:\\\/\\\/igfgas.se\\\/fi\\\/kaasupolttimet\\\/#breadcrumb\"},\"inLanguage\":\"fi\",\"potentialAction\":[{\"@type\":\"ReadAction\",\"target\":[\"https:\\\/\\\/igfgas.se\\\/fi\\\/kaasupolttimet\\\/\"]}]},{\"@type\":\"ImageObject\",\"inLanguage\":\"fi\",\"@id\":\"https:\\\/\\\/igfgas.se\\\/fi\\\/kaasupolttimet\\\/#primaryimage\",\"url\":\"https:\\\/\\\/igfgas.se\\\/wp-content\\\/uploads\\\/2024\\\/03\\\/gasfackla_01.jpg\",\"contentUrl\":\"https:\\\/\\\/igfgas.se\\\/wp-content\\\/uploads\\\/2024\\\/03\\\/gasfackla_01.jpg\",\"width\":800,\"height\":800},{\"@type\":\"BreadcrumbList\",\"@id\":\"https:\\\/\\\/igfgas.se\\\/fi\\\/kaasupolttimet\\\/#breadcrumb\",\"itemListElement\":[{\"@type\":\"ListItem\",\"position\":1,\"name\":\"Hem\",\"item\":\"https:\\\/\\\/igfgas.se\\\/fi\\\/\"},{\"@type\":\"ListItem\",\"position\":2,\"name\":\"Kaasupolttimet: T\u00e4rke\u00e4 turvallisuuskomponentti biokaasulaitoksis\"}]},{\"@type\":\"WebSite\",\"@id\":\"https:\\\/\\\/igfgas.se\\\/fi\\\/#website\",\"url\":\"https:\\\/\\\/igfgas.se\\\/fi\\\/\",\"name\":\"IGF Biogas\",\"description\":\"Ledande inom biogasteknik sedan 1930\",\"potentialAction\":[{\"@type\":\"SearchAction\",\"target\":{\"@type\":\"EntryPoint\",\"urlTemplate\":\"https:\\\/\\\/igfgas.se\\\/fi\\\/?s={search_term_string}\"},\"query-input\":{\"@type\":\"PropertyValueSpecification\",\"valueRequired\":true,\"valueName\":\"search_term_string\"}}],\"inLanguage\":\"fi\"}]}<\/script>\n<!-- \/ Yoast SEO plugin. -->","yoast_head_json":{"title":"Gasfackla - IGF Biogas","description":"Kaasupolttimet, jotka on suunniteltu k\u00e4sittelem\u00e4\u00e4n ylij\u00e4\u00e4m\u00e4kaasua turvallisesti biokaasulaitoksessasi. T\u00e4ydelliset ratkaisut, r\u00e4\u00e4t\u00e4l\u00f6ity tarpeidesi mukaan","robots":{"index":"index","follow":"follow","max-snippet":"max-snippet:-1","max-image-preview":"max-image-preview:large","max-video-preview":"max-video-preview:-1"},"canonical":"https:\/\/igfgas.se\/fi\/kaasupolttimet\/","og_locale":"fi_FI","og_type":"article","og_title":"Gasfackla - IGF Biogas","og_description":"Kaasupolttimet, jotka on suunniteltu k\u00e4sittelem\u00e4\u00e4n ylij\u00e4\u00e4m\u00e4kaasua turvallisesti biokaasulaitoksessasi. T\u00e4ydelliset ratkaisut, r\u00e4\u00e4t\u00e4l\u00f6ity tarpeidesi mukaan","og_url":"https:\/\/igfgas.se\/fi\/kaasupolttimet\/","og_site_name":"IGF Biogas","article_modified_time":"2025-09-05T10:27:10+00:00","og_image":[{"width":800,"height":800,"url":"https:\/\/igfgas.se\/wp-content\/uploads\/2024\/03\/gasfackla_01.jpg","type":"image\/jpeg"}],"twitter_card":"summary_large_image","twitter_misc":{"Est. reading time":"3 minuuttia"},"schema":{"@context":"https:\/\/schema.org","@graph":[{"@type":"WebPage","@id":"https:\/\/igfgas.se\/fi\/kaasupolttimet\/","url":"https:\/\/igfgas.se\/fi\/kaasupolttimet\/","name":"Gasfackla - IGF Biogas","isPartOf":{"@id":"https:\/\/igfgas.se\/fi\/#website"},"primaryImageOfPage":{"@id":"https:\/\/igfgas.se\/fi\/kaasupolttimet\/#primaryimage"},"image":{"@id":"https:\/\/igfgas.se\/fi\/kaasupolttimet\/#primaryimage"},"thumbnailUrl":"https:\/\/igfgas.se\/wp-content\/uploads\/2024\/03\/gasfackla_01.jpg","datePublished":"2022-01-21T09:55:31+00:00","dateModified":"2025-09-05T10:27:10+00:00","description":"Kaasupolttimet, jotka on suunniteltu k\u00e4sittelem\u00e4\u00e4n ylij\u00e4\u00e4m\u00e4kaasua turvallisesti biokaasulaitoksessasi. T\u00e4ydelliset ratkaisut, r\u00e4\u00e4t\u00e4l\u00f6ity tarpeidesi mukaan","breadcrumb":{"@id":"https:\/\/igfgas.se\/fi\/kaasupolttimet\/#breadcrumb"},"inLanguage":"fi","potentialAction":[{"@type":"ReadAction","target":["https:\/\/igfgas.se\/fi\/kaasupolttimet\/"]}]},{"@type":"ImageObject","inLanguage":"fi","@id":"https:\/\/igfgas.se\/fi\/kaasupolttimet\/#primaryimage","url":"https:\/\/igfgas.se\/wp-content\/uploads\/2024\/03\/gasfackla_01.jpg","contentUrl":"https:\/\/igfgas.se\/wp-content\/uploads\/2024\/03\/gasfackla_01.jpg","width":800,"height":800},{"@type":"BreadcrumbList","@id":"https:\/\/igfgas.se\/fi\/kaasupolttimet\/#breadcrumb","itemListElement":[{"@type":"ListItem","position":1,"name":"Hem","item":"https:\/\/igfgas.se\/fi\/"},{"@type":"ListItem","position":2,"name":"Kaasupolttimet: T\u00e4rke\u00e4 turvallisuuskomponentti biokaasulaitoksis"}]},{"@type":"WebSite","@id":"https:\/\/igfgas.se\/fi\/#website","url":"https:\/\/igfgas.se\/fi\/","name":"IGF Biogas","description":"Ledande inom biogasteknik sedan 1930","potentialAction":[{"@type":"SearchAction","target":{"@type":"EntryPoint","urlTemplate":"https:\/\/igfgas.se\/fi\/?s={search_term_string}"},"query-input":{"@type":"PropertyValueSpecification","valueRequired":true,"valueName":"search_term_string"}}],"inLanguage":"fi"}]}},"_links":{"self":[{"href":"https:\/\/igfgas.se\/fi\/wp-json\/wp\/v2\/pages\/3878","targetHints":{"allow":["GET"]}}],"collection":[{"href":"https:\/\/igfgas.se\/fi\/wp-json\/wp\/v2\/pages"}],"about":[{"href":"https:\/\/igfgas.se\/fi\/wp-json\/wp\/v2\/types\/page"}],"author":[{"embeddable":true,"href":"https:\/\/igfgas.se\/fi\/wp-json\/wp\/v2\/users\/8"}],"replies":[{"embeddable":true,"href":"https:\/\/igfgas.se\/fi\/wp-json\/wp\/v2\/comments?post=3878"}],"version-history":[{"count":0,"href":"https:\/\/igfgas.se\/fi\/wp-json\/wp\/v2\/pages\/3878\/revisions"}],"wp:featuredmedia":[{"embeddable":true,"href":"https:\/\/igfgas.se\/fi\/wp-json\/wp\/v2\/media\/3880"}],"wp:attachment":[{"href":"https:\/\/igfgas.se\/fi\/wp-json\/wp\/v2\/media?parent=3878"}],"curies":[{"name":"wp","href":"https:\/\/api.w.org\/{rel}","templated":true}]}}