{"id":3881,"date":"2022-01-21T10:56:36","date_gmt":"2022-01-21T09:56:36","guid":{"rendered":"https:\/\/igfgas1stg.wpenginepowered.com\/gasmotorer\/"},"modified":"2025-09-05T12:20:40","modified_gmt":"2025-09-05T10:20:40","slug":"kaasumoottorit","status":"publish","type":"page","link":"https:\/\/igfgas.se\/fi\/kaasumoottorit\/","title":{"rendered":"Kaasumoottorit tehokkaaseen s\u00e4hk\u00f6- ja l\u00e4mm\u00f6ntuotantoon \u2013 IGF Biogas"},"content":{"rendered":"<p>[et_pb_section fb_built=&#8221;1&#8243; module_class=&#8221;pa-custom-background-mask&#8221; _builder_version=&#8221;4.24.2&#8243; _module_preset=&#8221;default&#8221; background_image=&#8221;https:\/\/igfgas.se\/wp-content\/uploads\/2024\/03\/hero_gasmotor.jpg&#8221; background_enable_video_mp4=&#8221;off&#8221; background_enable_mask_style=&#8221;on&#8221; global_colors_info=&#8221;{}&#8221;][et_pb_row column_structure=&#8221;2_3,1_3&#8243; _builder_version=&#8221;4.24.2&#8243; _module_preset=&#8221;default&#8221; global_colors_info=&#8221;{}&#8221;][et_pb_column type=&#8221;2_3&#8243; _builder_version=&#8221;4.24.2&#8243; _module_preset=&#8221;default&#8221; global_colors_info=&#8221;{}&#8221;][et_pb_text _builder_version=&#8221;4.27.4&#8243; _module_preset=&#8221;default&#8221; background_layout=&#8221;dark&#8221; global_colors_info=&#8221;{}&#8221;]<\/p>\n<h1>Vauhdita tulevaisuuttasi kaasumoottoreillamme<\/h1>\n<p>IGF Biogas ymm\u00e4rt\u00e4\u00e4 kest\u00e4v\u00e4n energiantuotannon merkityksen, ja siksi tarjoamme laajan valikoiman kaasumoottoreita erilaisiin k\u00e4ytt\u00f6tarkoituksiin. Asiantuntemuksemme ja kokemuksemme kattaa kaasumoottoreiden toimitukset eri kokoluokissa, jotka on suunniteltu muuntamaan biokaasu tehokkaasti s\u00e4hk\u00f6ksi ja\/tai l\u00e4mm\u00f6ksi.<\/p>\n<p>P\u00e4\u00e4asiakkaisiimme kuuluvat puhdistamot ja maatilat, mutta ratkaisumme ovat tarpeeksi joustavia vastaamaan monenlaisiin tarpeisiin.<\/p>\n<p>[\/et_pb_text][\/et_pb_column][et_pb_column type=&#8221;1_3&#8243; _builder_version=&#8221;4.24.2&#8243; _module_preset=&#8221;default&#8221; z_index=&#8221;1&#8243; sticky_position=&#8221;top&#8221; sticky_position_tablet=&#8221;top&#8221; sticky_position_phone=&#8221;none&#8221; sticky_position_last_edited=&#8221;on|phone&#8221; global_colors_info=&#8221;{}&#8221;][et_pb_team_member name=&#8221;Magnus Cedfalck&#8221; position=&#8221;Myynti- ja markkinointivastaava&#8221; image_url=&#8221;https:\/\/igfgas.se\/wp-content\/uploads\/2024\/04\/magnus-cedfalck.jpg&#8221; admin_label=&#8221;CTA &#8211; Magnus Cedfalck&#8221; module_class=&#8221;kontaktperson&#8221; _builder_version=&#8221;4.27.4&#8243; _module_preset=&#8221;default&#8221; header_text_color=&#8221;#FFFFFF&#8221; header_font_size=&#8221;30px&#8221; body_text_color=&#8221;#FFFFFF&#8221; position_text_align=&#8221;center&#8221; position_text_color=&#8221;#FFFFFF&#8221; background_enable_color=&#8221;off&#8221; vertical_offset=&#8221;100px&#8221; horizontal_offset=&#8221;10%&#8221; text_orientation=&#8221;center&#8221; custom_padding=&#8221;20px|20px|20px|20px|false|false&#8221; global_module=&#8221;3858&#8243; saved_tabs=&#8221;all&#8221; global_colors_info=&#8221;{}&#8221;]<\/p>\n<p><img decoding=\"async\" src=\"https:\/\/igfgas.se\/wp-content\/uploads\/2024\/03\/phone.svg\" width=\"15\" \/> 013-991 32 15<br \/><img decoding=\"async\" src=\"https:\/\/igfgas.se\/wp-content\/uploads\/2024\/03\/mail.svg\" width=\"15\" \/> <a href=\"mailto:magnus.cedfalck@igfgas.se\">magnus.cedfalck@igfgas.se<\/a><\/p>\n<p>[\/et_pb_team_member][\/et_pb_column][\/et_pb_row][\/et_pb_section][et_pb_section fb_built=&#8221;1&#8243; admin_label=&#8221;section&#8221; _builder_version=&#8221;4.16&#8243; global_colors_info=&#8221;{}&#8221;][et_pb_row column_structure=&#8221;2_3,1_3&#8243; admin_label=&#8221;row&#8221; _builder_version=&#8221;4.16&#8243; background_size=&#8221;initial&#8221; background_position=&#8221;top_left&#8221; background_repeat=&#8221;repeat&#8221; global_colors_info=&#8221;{}&#8221;][et_pb_column type=&#8221;2_3&#8243; _builder_version=&#8221;4.16&#8243; custom_padding=&#8221;|||&#8221; global_colors_info=&#8221;{}&#8221; custom_padding__hover=&#8221;|||&#8221;][et_pb_text admin_label=&#8221;Text&#8221; _builder_version=&#8221;4.27.4&#8243; background_size=&#8221;initial&#8221; background_position=&#8221;top_left&#8221; background_repeat=&#8221;repeat&#8221; global_colors_info=&#8221;{}&#8221;]<\/p>\n<h2>R\u00e4\u00e4t\u00e4l\u00f6idyt ratkaisut jokaiseen tarpeeseen<\/h2>\n<p>Kaasumoottorimme ovat erinomainen ratkaisu puhdistamoille, jotka haluavat hy\u00f6dynt\u00e4\u00e4 m\u00e4d\u00e4tt\u00e4m\u00f6ist\u00e4 saatavaa biokaasua sek\u00e4 maatiloille, jotka n\u00e4kev\u00e4t el\u00e4inten lannan potentiaalin energianl\u00e4hteen\u00e4. Kun j\u00e4te muuttuu arvokkaaksi energiaksi, asiakkaamme edist\u00e4v\u00e4t kest\u00e4v\u00e4mp\u00e4\u00e4 tulevaisuutta ja kiertotaloutta.<\/p>\n<h2>Luotettavat ja toimintavarmat moottorit<\/h2>\n<p>Teemme yhteisty\u00f6t\u00e4 vain johtavien ja kokeneiden toimittajien kanssa varmistaaksemme, ett\u00e4 tarjoamamme kaasumoottorit ovat korkealaatuisia. T\u00e4m\u00e4 takaa toimintavarmuuden ja pitk\u00e4aikaisen suorituskyvyn, antaen asiakkaillemme varmuuden siit\u00e4, ett\u00e4 heid\u00e4n investointinsa tuottaa energiaa tehokkaasti monien vuosien ajan.<\/p>\n<h2>Huoltosopimukset turvallisuuden ja luotettavuuden takaamiseksi<\/h2>\n<p>Vahvistaaksemme entisest\u00e4\u00e4n asiakkaidemme luottamusta ja varmistaaksemme kaasumoottoreiden optimaalisen toiminnan, IGF Biogas tarjoaa huoltosopimuksia. N\u00e4m\u00e4 sopimukset on suunniteltu tuomaan asiakkaillemme mielenrauhaa s\u00e4\u00e4nn\u00f6llisen huollon ja tuen kautta. Huoltosopimuksemme avulla voitte olla varmoja, ett\u00e4 kaasumoottorinne toimii aina parhaalla mahdollisella tavalla minimoiden k\u00e4ytt\u00f6katkokset.<\/p>\n<p>[\/et_pb_text][\/et_pb_column][et_pb_column type=&#8221;1_3&#8243; _builder_version=&#8221;4.16&#8243; custom_padding=&#8221;|||&#8221; global_colors_info=&#8221;{}&#8221; custom_padding__hover=&#8221;|||&#8221;][\/et_pb_column][\/et_pb_row][\/et_pb_section][et_pb_section fb_built=&#8221;1&#8243; admin_label=&#8221;TEDOM uppk\u00f6pta&#8221; _builder_version=&#8221;4.27.4&#8243; _module_preset=&#8221;default&#8221; background_color=&#8221;#263145&#8243; z_index=&#8221;2&#8243; global_module=&#8221;3837&#8243; saved_tabs=&#8221;all&#8221; global_colors_info=&#8221;{}&#8221;][et_pb_row column_structure=&#8221;1_2,1_2&#8243; make_equal=&#8221;on&#8221; _builder_version=&#8221;4.25.0&#8243; _module_preset=&#8221;default&#8221; global_colors_info=&#8221;{}&#8221; custom_css_main_element_last_edited=&#8221;on|desktop&#8221; custom_css_main_element_tablet=&#8221;display: flex; flex-wrap: wrap;&#8221; custom_css_main_element_phone=&#8221;display: flex; flex-wrap: wrap;&#8221;][et_pb_column type=&#8221;1_2&#8243; _builder_version=&#8221;4.25.0&#8243; _module_preset=&#8221;default&#8221; global_colors_info=&#8221;{}&#8221; custom_css_main_element_last_edited=&#8221;on|tablet&#8221; custom_css_main_element_tablet=&#8221;order:2;&#8221; custom_css_main_element_phone=&#8221;order:2;&#8221;][et_pb_text _builder_version=&#8221;4.27.4&#8243; _module_preset=&#8221;default&#8221; background_layout=&#8221;dark&#8221; global_colors_info=&#8221;{}&#8221;]<\/p>\n<p style=\"padding-bottom: 0;\"><strong>Yanmar ostaa TEDOMin<\/strong><\/p>\n<h2>CHP-ratkaisumme ovat nyt entist\u00e4 parempia!<\/h2>\n<p>TEDOM, yksi johtavista yhteistuotantoratkaisujen (CHP) toimittajista, on nyt osa Yanmaria \u2013 yht\u00e4 maailman suurimmista moottori- ja energiaj\u00e4rjestelmien valmistajista. T\u00e4m\u00e4 strateginen kumppanuus tarkoittaa, ett\u00e4 TEDOMin asiantuntemus saa tuekseen Yanmariin globaalin vahvuuden ja innovatiivisen teknologian. Meille TEDOM-tuotteiden j\u00e4lleenmyyjin\u00e4 Pohjoismaissa t\u00e4m\u00e4 merkitsee vahvempaa asemaa ja laajempia mahdollisuuksia tarjota asiakkaillemme entist\u00e4 kehittyneempi\u00e4 ja kest\u00e4v\u00e4mpi\u00e4 energiaratkaisuja.<\/p>\n<p><em>Odotamme innolla, ett\u00e4 saamme jakaa t\u00e4m\u00e4n matkan kanssanne!<\/em><\/p>\n<p><a class=\"et_pb_button\" style=\"margin-right: 20px;\" href=\"https:\/\/igfgas.se\/fi\/ota-yhteytta\/\">Ota yhteytt\u00e4<\/a> <a style=\"font-size: 16px; font-style: italic;\" href=\"https:\/\/igfgas.se\/fi\/kaasumoottorit\/#main-content\">Lue lis\u00e4\u00e4 kaasumoottoreistamme &gt;&gt;<\/a><\/p>\n<p>[\/et_pb_text][\/et_pb_column][et_pb_column type=&#8221;1_2&#8243; _builder_version=&#8221;4.25.0&#8243; _module_preset=&#8221;default&#8221; global_colors_info=&#8221;{}&#8221; custom_css_main_element_last_edited=&#8221;off|tablet&#8221;][et_pb_image src=&#8221;https:\/\/igfgas.se\/wp-content\/uploads\/2024\/09\/mobile-kompozice-graf-4-KJ-modre-polep-2023_dohromady-e1692383134346.png&#8221; title_text=&#8221;mobile-kompozice-graf-4-KJ-modre-polep-2023_dohromady-e1692383134346&#8243; _builder_version=&#8221;4.25.0&#8243; _module_preset=&#8221;default&#8221; global_colors_info=&#8221;{}&#8221;][\/et_pb_image][\/et_pb_column][\/et_pb_row][\/et_pb_section][et_pb_section fb_built=&#8221;1&#8243; _builder_version=&#8221;4.25.0&#8243; _module_preset=&#8221;default&#8221; background_color=&#8221;#efefef&#8221; background_image=&#8221;https:\/\/igfgas.se\/wp-content\/uploads\/2024\/03\/dekorelement-color-1.svg&#8221; background_size=&#8221;contain&#8221; background_position=&#8221;center_left&#8221; z_index=&#8221;2&#8243; global_colors_info=&#8221;{}&#8221;][et_pb_row column_structure=&#8221;1_3,1_3,1_3&#8243; _builder_version=&#8221;4.24.2&#8243; _module_preset=&#8221;default&#8221; global_colors_info=&#8221;{}&#8221;][et_pb_column type=&#8221;1_3&#8243; _builder_version=&#8221;4.24.2&#8243; _module_preset=&#8221;default&#8221; global_colors_info=&#8221;{}&#8221;][et_pb_image src=&#8221;https:\/\/igfgas.se\/wp-content\/uploads\/2024\/03\/gasmotor_01.jpg&#8221; title_text=&#8221;gasmotor_01&#8243; _builder_version=&#8221;4.24.2&#8243; _module_preset=&#8221;default&#8221; global_colors_info=&#8221;{}&#8221;][\/et_pb_image][\/et_pb_column][et_pb_column type=&#8221;1_3&#8243; _builder_version=&#8221;4.24.2&#8243; _module_preset=&#8221;default&#8221; global_colors_info=&#8221;{}&#8221;][et_pb_image src=&#8221;https:\/\/igfgas.se\/wp-content\/uploads\/2024\/03\/gasmotor_02.jpg&#8221; title_text=&#8221;gasmotor_02&#8243; _builder_version=&#8221;4.24.2&#8243; _module_preset=&#8221;default&#8221; global_colors_info=&#8221;{}&#8221;][\/et_pb_image][\/et_pb_column][et_pb_column type=&#8221;1_3&#8243; _builder_version=&#8221;4.24.2&#8243; _module_preset=&#8221;default&#8221; global_colors_info=&#8221;{}&#8221;][et_pb_image src=&#8221;https:\/\/igfgas.se\/wp-content\/uploads\/2024\/03\/gasmotor_03.jpg&#8221; title_text=&#8221;gasmotor_03&#8243; _builder_version=&#8221;4.24.2&#8243; _module_preset=&#8221;default&#8221; global_colors_info=&#8221;{}&#8221;][\/et_pb_image][\/et_pb_column][\/et_pb_row][et_pb_row column_structure=&#8221;1_3,1_3,1_3&#8243; _builder_version=&#8221;4.24.2&#8243; _module_preset=&#8221;default&#8221; global_colors_info=&#8221;{}&#8221;][et_pb_column type=&#8221;1_3&#8243; _builder_version=&#8221;4.24.2&#8243; _module_preset=&#8221;default&#8221; global_colors_info=&#8221;{}&#8221;][et_pb_image src=&#8221;https:\/\/igfgas.se\/wp-content\/uploads\/2024\/08\/quanto.png&#8221; title_text=&#8221;quanto&#8221; _builder_version=&#8221;4.25.0&#8243; _module_preset=&#8221;default&#8221; global_colors_info=&#8221;{}&#8221;][\/et_pb_image][\/et_pb_column][et_pb_column type=&#8221;1_3&#8243; _builder_version=&#8221;4.24.2&#8243; _module_preset=&#8221;default&#8221; global_colors_info=&#8221;{}&#8221;][et_pb_image src=&#8221;https:\/\/igfgas.se\/wp-content\/uploads\/2024\/08\/cento.png&#8221; title_text=&#8221;cento&#8221; _builder_version=&#8221;4.25.0&#8243; _module_preset=&#8221;default&#8221; global_colors_info=&#8221;{}&#8221;][\/et_pb_image][\/et_pb_column][et_pb_column type=&#8221;1_3&#8243; _builder_version=&#8221;4.24.2&#8243; _module_preset=&#8221;default&#8221; global_colors_info=&#8221;{}&#8221;][et_pb_image src=&#8221;https:\/\/igfgas.se\/wp-content\/uploads\/2024\/08\/micro.png&#8221; title_text=&#8221;micro&#8221; _builder_version=&#8221;4.25.0&#8243; _module_preset=&#8221;default&#8221; global_colors_info=&#8221;{}&#8221;][\/et_pb_image][\/et_pb_column][\/et_pb_row][et_pb_row column_structure=&#8221;1_4,1_4,1_4,1_4&#8243; _builder_version=&#8221;4.25.0&#8243; _module_preset=&#8221;default&#8221; custom_padding=&#8221;60px||||false|false&#8221; global_colors_info=&#8221;{}&#8221;][et_pb_column type=&#8221;1_4&#8243; _builder_version=&#8221;4.25.0&#8243; _module_preset=&#8221;default&#8221; global_colors_info=&#8221;{}&#8221;][\/et_pb_column][et_pb_column type=&#8221;1_4&#8243; _builder_version=&#8221;4.25.0&#8243; _module_preset=&#8221;default&#8221; global_colors_info=&#8221;{}&#8221;][et_pb_image src=&#8221;https:\/\/igfgas.se\/wp-content\/uploads\/2022\/12\/TEDOM_logotype_RGB-300&#215;77.png&#8221; title_text=&#8221;TEDOM_logotype_RGB&#8221; align=&#8221;center&#8221; _builder_version=&#8221;4.25.0&#8243; _module_preset=&#8221;default&#8221; global_colors_info=&#8221;{}&#8221;][\/et_pb_image][\/et_pb_column][et_pb_column type=&#8221;1_4&#8243; _builder_version=&#8221;4.25.0&#8243; _module_preset=&#8221;default&#8221; global_colors_info=&#8221;{}&#8221;][et_pb_image src=&#8221;https:\/\/igfgas.se\/wp-content\/uploads\/2022\/01\/Logo-IET_03_18.svg&#8221; title_text=&#8221;Logo-IET_03_18&#8243; align=&#8221;center&#8221; _builder_version=&#8221;4.25.0&#8243; _module_preset=&#8221;default&#8221; global_colors_info=&#8221;{}&#8221;][\/et_pb_image][\/et_pb_column][et_pb_column type=&#8221;1_4&#8243; _builder_version=&#8221;4.25.0&#8243; _module_preset=&#8221;default&#8221; global_colors_info=&#8221;{}&#8221;][\/et_pb_column][\/et_pb_row][\/et_pb_section]<\/p>\n","protected":false},"excerpt":{"rendered":"<p>Vauhdita tulevaisuuttasi kaasumoottoreillamme IGF Biogas ymm\u00e4rt\u00e4\u00e4 kest\u00e4v\u00e4n energiantuotannon merkityksen, ja siksi tarjoamme laajan valikoiman kaasumoottoreita erilaisiin k\u00e4ytt\u00f6tarkoituksiin. Asiantuntemuksemme ja kokemuksemme kattaa kaasumoottoreiden toimitukset eri kokoluokissa, jotka on suunniteltu muuntamaan biokaasu tehokkaasti s\u00e4hk\u00f6ksi ja\/tai l\u00e4mm\u00f6ksi. P\u00e4\u00e4asiakkaisiimme kuuluvat puhdistamot ja maatilat, mutta ratkaisumme ovat tarpeeksi joustavia vastaamaan monenlaisiin tarpeisiin. 013-991 32 15 magnus.cedfalck@igfgas.se R\u00e4\u00e4t\u00e4l\u00f6idyt ratkaisut jokaiseen tarpeeseen [&hellip;]<\/p>\n","protected":false},"author":8,"featured_media":3883,"parent":0,"menu_order":0,"comment_status":"closed","ping_status":"closed","template":"","meta":{"_acf_changed":false,"_et_pb_use_builder":"on","_et_pb_old_content":"<section id=\"\" class=\"fw-main-row \"><div class=\"fw-container\"><div class=\"fw-row\"><div class=\"fw-col-xs-12 fw-col-sm-8\"><h2>Gasmotorer till ett flertal anv\u00e4ndningsomr\u00e5den<\/h2><p>Vi har erfarenhet av att leverera olika storlekar av gasmotorer till ett flertalet anv\u00e4ndningsomr\u00e5den. V\u00e5r st\u00f6rsta kundgrupp har varit reningsverk som vill utnyttja den gas som kan utvinnas ur de produkter som reningsverket kan omh\u00e4nderta i sina r\u00f6tkammare.<\/p><p>Men vi har \u00e4ven levererat till lantbrukare som velat utnyttja sina n\u00f6tkreaturs avfall som i normala fall blivit restprodukter men som nu kan anv\u00e4ndas som br\u00e4nsle till utvinnande av elektricitet och\/ eller v\u00e4rme.<\/p><p>Vi arbetar bara med st\u00f6rre och erfarna leverant\u00f6rer f\u00f6r att kunna garantera er drifts\u00e4kra och p\u00e5litliga motorer som genererar energi under m\u00e5nga \u00e5r fram\u00f6ver. Vi erbjuder ocks\u00e5 samtliga kunder serviceavtal s\u00e5 att ni som kund kan k\u00e4nna er helt trygga i ert k\u00f6p.<\/p><\/div><div class=\"fw-col-xs-12 fw-col-sm-4\"><img src=\"\/\/igfgas.se\/wp-content\/uploads\/2022\/01\/gasmotor.png\" alt=\"\/\/igfgas.se\/wp-content\/uploads\/2022\/01\/gasmotor.png\" \/><\/div><\/div><\/div><\/section><section id=\"\" class=\"fw-main-row blue \"><div class=\"fw-container\"><div class=\"fw-row\"><div class=\"fw-col-xs-12 fw-col-sm-3\"><img src=\"\/\/igfgas.se\/wp-content\/uploads\/2022\/01\/IMG_0137.jpg\" alt=\"\/\/igfgas.se\/wp-content\/uploads\/2022\/01\/IMG_0137.jpg\" \/><\/div><div class=\"fw-col-xs-12 fw-col-sm-3\"><img src=\"\/\/igfgas.se\/wp-content\/uploads\/2022\/01\/IMG_0150.jpg\" alt=\"\/\/igfgas.se\/wp-content\/uploads\/2022\/01\/IMG_0150.jpg\" \/><\/div><div class=\"fw-col-xs-12 fw-col-sm-3\"><img src=\"\/\/igfgas.se\/wp-content\/uploads\/2022\/04\/IMG_0148-optimized.jpg\" alt=\"Gasmotor till m\u00e5nga anv\u00e4ndningsomr\u00e5den.\" \/><\/div><div class=\"fw-col-xs-12 fw-col-sm-3\"><img src=\"\/\/igfgas.se\/wp-content\/uploads\/2022\/01\/IMG_5563.jpg\" alt=\"\/\/igfgas.se\/wp-content\/uploads\/2022\/01\/IMG_5563.jpg\" \/><\/div><\/div><\/div><\/section><p><!-- a92ca2eb77f21ae858ad777e84d3cc90 --><\/p>","_et_gb_content_width":"","inline_featured_image":false,"footnotes":""},"class_list":["post-3881","page","type-page","status-publish","has-post-thumbnail","hentry"],"acf":[],"yoast_head":"<!-- This site is optimized with the Yoast SEO plugin v27.3 - https:\/\/yoast.com\/product\/yoast-seo-wordpress\/ -->\n<title>Kaasumoottorit tehokkaaseen s\u00e4hk\u00f6- ja l\u00e4mm\u00f6ntuotantoon \u2013 IGF Biogas - IGF Biogas<\/title>\n<meta name=\"description\" content=\"Korkeatehoiset kaasumoottorit, jotka on r\u00e4\u00e4t\u00e4l\u00f6ity moniin k\u00e4ytt\u00f6tarkoituksiin biokaasun hy\u00f6dynt\u00e4miseksi kest\u00e4v\u00e4\u00e4n s\u00e4hk\u00f6- ja l\u00e4mm\u00f6ntuotantoon.\" \/>\n<meta name=\"robots\" content=\"index, follow, max-snippet:-1, max-image-preview:large, max-video-preview:-1\" \/>\n<link rel=\"canonical\" href=\"https:\/\/igfgas.se\/fi\/kaasumoottorit\/\" \/>\n<meta property=\"og:locale\" content=\"fi_FI\" \/>\n<meta property=\"og:type\" content=\"article\" \/>\n<meta property=\"og:title\" content=\"Kaasumoottorit tehokkaaseen s\u00e4hk\u00f6- ja l\u00e4mm\u00f6ntuotantoon \u2013 IGF Biogas - IGF Biogas\" \/>\n<meta property=\"og:description\" content=\"Korkeatehoiset kaasumoottorit, jotka on r\u00e4\u00e4t\u00e4l\u00f6ity moniin k\u00e4ytt\u00f6tarkoituksiin biokaasun hy\u00f6dynt\u00e4miseksi kest\u00e4v\u00e4\u00e4n s\u00e4hk\u00f6- ja l\u00e4mm\u00f6ntuotantoon.\" \/>\n<meta property=\"og:url\" content=\"https:\/\/igfgas.se\/fi\/kaasumoottorit\/\" \/>\n<meta property=\"og:site_name\" content=\"IGF Biogas\" \/>\n<meta property=\"article:modified_time\" content=\"2025-09-05T10:20:40+00:00\" \/>\n<meta property=\"og:image\" content=\"https:\/\/igfgas.se\/wp-content\/uploads\/2024\/03\/hero_gasmotor.jpg\" \/>\n\t<meta property=\"og:image:width\" content=\"1600\" \/>\n\t<meta property=\"og:image:height\" content=\"1600\" \/>\n\t<meta property=\"og:image:type\" content=\"image\/jpeg\" \/>\n<meta name=\"twitter:card\" content=\"summary_large_image\" \/>\n<meta name=\"twitter:label1\" content=\"Est. reading time\" \/>\n\t<meta name=\"twitter:data1\" content=\"4 minuuttia\" \/>\n<script type=\"application\/ld+json\" class=\"yoast-schema-graph\">{\"@context\":\"https:\\\/\\\/schema.org\",\"@graph\":[{\"@type\":\"WebPage\",\"@id\":\"https:\\\/\\\/igfgas.se\\\/fi\\\/kaasumoottorit\\\/\",\"url\":\"https:\\\/\\\/igfgas.se\\\/fi\\\/kaasumoottorit\\\/\",\"name\":\"Kaasumoottorit tehokkaaseen s\u00e4hk\u00f6- ja l\u00e4mm\u00f6ntuotantoon \u2013 IGF Biogas - IGF Biogas\",\"isPartOf\":{\"@id\":\"https:\\\/\\\/igfgas.se\\\/fi\\\/#website\"},\"primaryImageOfPage\":{\"@id\":\"https:\\\/\\\/igfgas.se\\\/fi\\\/kaasumoottorit\\\/#primaryimage\"},\"image\":{\"@id\":\"https:\\\/\\\/igfgas.se\\\/fi\\\/kaasumoottorit\\\/#primaryimage\"},\"thumbnailUrl\":\"https:\\\/\\\/igfgas.se\\\/wp-content\\\/uploads\\\/2024\\\/03\\\/hero_gasmotor.jpg\",\"datePublished\":\"2022-01-21T09:56:36+00:00\",\"dateModified\":\"2025-09-05T10:20:40+00:00\",\"description\":\"Korkeatehoiset kaasumoottorit, jotka on r\u00e4\u00e4t\u00e4l\u00f6ity moniin k\u00e4ytt\u00f6tarkoituksiin biokaasun hy\u00f6dynt\u00e4miseksi kest\u00e4v\u00e4\u00e4n s\u00e4hk\u00f6- ja l\u00e4mm\u00f6ntuotantoon.\",\"breadcrumb\":{\"@id\":\"https:\\\/\\\/igfgas.se\\\/fi\\\/kaasumoottorit\\\/#breadcrumb\"},\"inLanguage\":\"fi\",\"potentialAction\":[{\"@type\":\"ReadAction\",\"target\":[\"https:\\\/\\\/igfgas.se\\\/fi\\\/kaasumoottorit\\\/\"]}]},{\"@type\":\"ImageObject\",\"inLanguage\":\"fi\",\"@id\":\"https:\\\/\\\/igfgas.se\\\/fi\\\/kaasumoottorit\\\/#primaryimage\",\"url\":\"https:\\\/\\\/igfgas.se\\\/wp-content\\\/uploads\\\/2024\\\/03\\\/hero_gasmotor.jpg\",\"contentUrl\":\"https:\\\/\\\/igfgas.se\\\/wp-content\\\/uploads\\\/2024\\\/03\\\/hero_gasmotor.jpg\",\"width\":1600,\"height\":1600},{\"@type\":\"BreadcrumbList\",\"@id\":\"https:\\\/\\\/igfgas.se\\\/fi\\\/kaasumoottorit\\\/#breadcrumb\",\"itemListElement\":[{\"@type\":\"ListItem\",\"position\":1,\"name\":\"Hem\",\"item\":\"https:\\\/\\\/igfgas.se\\\/fi\\\/\"},{\"@type\":\"ListItem\",\"position\":2,\"name\":\"Kaasumoottorit tehokkaaseen s\u00e4hk\u00f6- ja l\u00e4mm\u00f6ntuotantoon \u2013 IGF Biogas\"}]},{\"@type\":\"WebSite\",\"@id\":\"https:\\\/\\\/igfgas.se\\\/fi\\\/#website\",\"url\":\"https:\\\/\\\/igfgas.se\\\/fi\\\/\",\"name\":\"IGF Biogas\",\"description\":\"Ledande inom biogasteknik sedan 1930\",\"potentialAction\":[{\"@type\":\"SearchAction\",\"target\":{\"@type\":\"EntryPoint\",\"urlTemplate\":\"https:\\\/\\\/igfgas.se\\\/fi\\\/?s={search_term_string}\"},\"query-input\":{\"@type\":\"PropertyValueSpecification\",\"valueRequired\":true,\"valueName\":\"search_term_string\"}}],\"inLanguage\":\"fi\"}]}<\/script>\n<!-- \/ Yoast SEO plugin. -->","yoast_head_json":{"title":"Kaasumoottorit tehokkaaseen s\u00e4hk\u00f6- ja l\u00e4mm\u00f6ntuotantoon \u2013 IGF Biogas - IGF Biogas","description":"Korkeatehoiset kaasumoottorit, jotka on r\u00e4\u00e4t\u00e4l\u00f6ity moniin k\u00e4ytt\u00f6tarkoituksiin biokaasun hy\u00f6dynt\u00e4miseksi kest\u00e4v\u00e4\u00e4n s\u00e4hk\u00f6- ja l\u00e4mm\u00f6ntuotantoon.","robots":{"index":"index","follow":"follow","max-snippet":"max-snippet:-1","max-image-preview":"max-image-preview:large","max-video-preview":"max-video-preview:-1"},"canonical":"https:\/\/igfgas.se\/fi\/kaasumoottorit\/","og_locale":"fi_FI","og_type":"article","og_title":"Kaasumoottorit tehokkaaseen s\u00e4hk\u00f6- ja l\u00e4mm\u00f6ntuotantoon \u2013 IGF Biogas - IGF Biogas","og_description":"Korkeatehoiset kaasumoottorit, jotka on r\u00e4\u00e4t\u00e4l\u00f6ity moniin k\u00e4ytt\u00f6tarkoituksiin biokaasun hy\u00f6dynt\u00e4miseksi kest\u00e4v\u00e4\u00e4n s\u00e4hk\u00f6- ja l\u00e4mm\u00f6ntuotantoon.","og_url":"https:\/\/igfgas.se\/fi\/kaasumoottorit\/","og_site_name":"IGF Biogas","article_modified_time":"2025-09-05T10:20:40+00:00","og_image":[{"width":1600,"height":1600,"url":"https:\/\/igfgas.se\/wp-content\/uploads\/2024\/03\/hero_gasmotor.jpg","type":"image\/jpeg"}],"twitter_card":"summary_large_image","twitter_misc":{"Est. reading time":"4 minuuttia"},"schema":{"@context":"https:\/\/schema.org","@graph":[{"@type":"WebPage","@id":"https:\/\/igfgas.se\/fi\/kaasumoottorit\/","url":"https:\/\/igfgas.se\/fi\/kaasumoottorit\/","name":"Kaasumoottorit tehokkaaseen s\u00e4hk\u00f6- ja l\u00e4mm\u00f6ntuotantoon \u2013 IGF Biogas - IGF Biogas","isPartOf":{"@id":"https:\/\/igfgas.se\/fi\/#website"},"primaryImageOfPage":{"@id":"https:\/\/igfgas.se\/fi\/kaasumoottorit\/#primaryimage"},"image":{"@id":"https:\/\/igfgas.se\/fi\/kaasumoottorit\/#primaryimage"},"thumbnailUrl":"https:\/\/igfgas.se\/wp-content\/uploads\/2024\/03\/hero_gasmotor.jpg","datePublished":"2022-01-21T09:56:36+00:00","dateModified":"2025-09-05T10:20:40+00:00","description":"Korkeatehoiset kaasumoottorit, jotka on r\u00e4\u00e4t\u00e4l\u00f6ity moniin k\u00e4ytt\u00f6tarkoituksiin biokaasun hy\u00f6dynt\u00e4miseksi kest\u00e4v\u00e4\u00e4n s\u00e4hk\u00f6- ja l\u00e4mm\u00f6ntuotantoon.","breadcrumb":{"@id":"https:\/\/igfgas.se\/fi\/kaasumoottorit\/#breadcrumb"},"inLanguage":"fi","potentialAction":[{"@type":"ReadAction","target":["https:\/\/igfgas.se\/fi\/kaasumoottorit\/"]}]},{"@type":"ImageObject","inLanguage":"fi","@id":"https:\/\/igfgas.se\/fi\/kaasumoottorit\/#primaryimage","url":"https:\/\/igfgas.se\/wp-content\/uploads\/2024\/03\/hero_gasmotor.jpg","contentUrl":"https:\/\/igfgas.se\/wp-content\/uploads\/2024\/03\/hero_gasmotor.jpg","width":1600,"height":1600},{"@type":"BreadcrumbList","@id":"https:\/\/igfgas.se\/fi\/kaasumoottorit\/#breadcrumb","itemListElement":[{"@type":"ListItem","position":1,"name":"Hem","item":"https:\/\/igfgas.se\/fi\/"},{"@type":"ListItem","position":2,"name":"Kaasumoottorit tehokkaaseen s\u00e4hk\u00f6- ja l\u00e4mm\u00f6ntuotantoon \u2013 IGF Biogas"}]},{"@type":"WebSite","@id":"https:\/\/igfgas.se\/fi\/#website","url":"https:\/\/igfgas.se\/fi\/","name":"IGF Biogas","description":"Ledande inom biogasteknik sedan 1930","potentialAction":[{"@type":"SearchAction","target":{"@type":"EntryPoint","urlTemplate":"https:\/\/igfgas.se\/fi\/?s={search_term_string}"},"query-input":{"@type":"PropertyValueSpecification","valueRequired":true,"valueName":"search_term_string"}}],"inLanguage":"fi"}]}},"_links":{"self":[{"href":"https:\/\/igfgas.se\/fi\/wp-json\/wp\/v2\/pages\/3881","targetHints":{"allow":["GET"]}}],"collection":[{"href":"https:\/\/igfgas.se\/fi\/wp-json\/wp\/v2\/pages"}],"about":[{"href":"https:\/\/igfgas.se\/fi\/wp-json\/wp\/v2\/types\/page"}],"author":[{"embeddable":true,"href":"https:\/\/igfgas.se\/fi\/wp-json\/wp\/v2\/users\/8"}],"replies":[{"embeddable":true,"href":"https:\/\/igfgas.se\/fi\/wp-json\/wp\/v2\/comments?post=3881"}],"version-history":[{"count":0,"href":"https:\/\/igfgas.se\/fi\/wp-json\/wp\/v2\/pages\/3881\/revisions"}],"wp:featuredmedia":[{"embeddable":true,"href":"https:\/\/igfgas.se\/fi\/wp-json\/wp\/v2\/media\/3883"}],"wp:attachment":[{"href":"https:\/\/igfgas.se\/fi\/wp-json\/wp\/v2\/media?parent=3881"}],"curies":[{"name":"wp","href":"https:\/\/api.w.org\/{rel}","templated":true}]}}