{"id":3884,"date":"2023-04-03T14:43:54","date_gmt":"2023-04-03T12:43:54","guid":{"rendered":"https:\/\/igfgas1stg.wpenginepowered.com\/rotkammare\/"},"modified":"2025-06-18T15:01:30","modified_gmt":"2025-06-18T13:01:30","slug":"madatyssailio","status":"publish","type":"page","link":"https:\/\/igfgas.se\/fi\/madatyssailio\/","title":{"rendered":"M\u00e4d\u00e4tyss\u00e4ili\u00f6t ja s\u00e4ili\u00f6t biokaasuprosessiin \u2013 IGF Biogas"},"content":{"rendered":"<p>[et_pb_section fb_built=&#8221;1&#8243; module_class=&#8221;pa-custom-background-mask&#8221; _builder_version=&#8221;4.24.2&#8243; _module_preset=&#8221;default&#8221; background_image=&#8221;https:\/\/igfgas.se\/wp-content\/uploads\/2024\/03\/hero_rotkammare.jpg&#8221; background_enable_video_mp4=&#8221;off&#8221; background_enable_mask_style=&#8221;on&#8221; global_colors_info=&#8221;{}&#8221;][et_pb_row column_structure=&#8221;2_3,1_3&#8243; _builder_version=&#8221;4.24.2&#8243; _module_preset=&#8221;default&#8221; global_colors_info=&#8221;{}&#8221;][et_pb_column type=&#8221;2_3&#8243; _builder_version=&#8221;4.24.2&#8243; _module_preset=&#8221;default&#8221; global_colors_info=&#8221;{}&#8221;][et_pb_text _builder_version=&#8221;4.27.4&#8243; _module_preset=&#8221;default&#8221; background_layout=&#8221;dark&#8221; hover_enabled=&#8221;0&#8243; global_colors_info=&#8221;{}&#8221; sticky_enabled=&#8221;0&#8243;]<\/p>\n<h1>Tehokas biokaasutuotanto alkaa t\u00e4st\u00e4<\/h1>\n<p>IGF Biogasilla ymm\u00e4rr\u00e4mme syv\u00e4llisesti laadukkaiden ja tehokkaiden m\u00e4d\u00e4tyss\u00e4ili\u00f6iden merkityksen biokaasun tuotantoprosessissa. Laajan kokemuksemme ansiosta suosittelemme lasiemailoidusta ter\u00e4slevyst\u00e4 valmistettuja m\u00e4d\u00e4tyss\u00e4ili\u00f6it\u00e4. T\u00e4m\u00e4 materiaalivalinta takaa korkean laadun, pitk\u00e4n k\u00e4ytt\u00f6i\u00e4n ja optimaaliset k\u00e4ytt\u00f6olosuhteet biokaasutuotannolle.<\/p>\n<p>[\/et_pb_text][\/et_pb_column][et_pb_column type=&#8221;1_3&#8243; _builder_version=&#8221;4.24.2&#8243; _module_preset=&#8221;default&#8221; z_index=&#8221;1&#8243; sticky_position=&#8221;top&#8221; sticky_position_tablet=&#8221;top&#8221; sticky_position_phone=&#8221;none&#8221; sticky_position_last_edited=&#8221;on|phone&#8221; global_colors_info=&#8221;{}&#8221;][et_pb_team_member name=&#8221;Magnus Cedfalck&#8221; position=&#8221;Myynti- ja markkinointivastaava&#8221; image_url=&#8221;https:\/\/igfgas.se\/wp-content\/uploads\/2024\/04\/magnus-cedfalck.jpg&#8221; admin_label=&#8221;CTA &#8211; Magnus Cedfalck&#8221; module_class=&#8221;kontaktperson&#8221; _builder_version=&#8221;4.27.4&#8243; _module_preset=&#8221;default&#8221; header_text_color=&#8221;#FFFFFF&#8221; header_font_size=&#8221;30px&#8221; body_text_color=&#8221;#FFFFFF&#8221; position_text_align=&#8221;center&#8221; position_text_color=&#8221;#FFFFFF&#8221; background_enable_color=&#8221;off&#8221; vertical_offset=&#8221;100px&#8221; horizontal_offset=&#8221;10%&#8221; text_orientation=&#8221;center&#8221; custom_padding=&#8221;20px|20px|20px|20px|false|false&#8221; saved_tabs=&#8221;all&#8221; global_colors_info=&#8221;{}&#8221; global_module=&#8221;3858&#8243; theme_builder_area=&#8221;post_content&#8221;]<\/p>\n<p><img decoding=\"async\" src=\"https:\/\/igfgas.se\/wp-content\/uploads\/2024\/03\/phone.svg\" width=\"15\" \/> 013-991 32 15<br \/><img decoding=\"async\" src=\"https:\/\/igfgas.se\/wp-content\/uploads\/2024\/03\/mail.svg\" width=\"15\" \/> <a href=\"mailto:magnus.cedfalck@igfgas.se\">magnus.cedfalck@igfgas.se<\/a><\/p>\n<p>[\/et_pb_team_member][\/et_pb_column][\/et_pb_row][\/et_pb_section][et_pb_section fb_built=&#8221;1&#8243; admin_label=&#8221;section&#8221; _builder_version=&#8221;4.16&#8243; global_colors_info=&#8221;{}&#8221;][et_pb_row column_structure=&#8221;2_3,1_3&#8243; admin_label=&#8221;row&#8221; _builder_version=&#8221;4.16&#8243; background_size=&#8221;initial&#8221; background_position=&#8221;top_left&#8221; background_repeat=&#8221;repeat&#8221; global_colors_info=&#8221;{}&#8221;][et_pb_column type=&#8221;2_3&#8243; _builder_version=&#8221;4.16&#8243; custom_padding=&#8221;|||&#8221; global_colors_info=&#8221;{}&#8221; custom_padding__hover=&#8221;|||&#8221;][et_pb_text admin_label=&#8221;Text&#8221; _builder_version=&#8221;4.27.4&#8243; background_size=&#8221;initial&#8221; background_position=&#8221;top_left&#8221; background_repeat=&#8221;repeat&#8221; hover_enabled=&#8221;0&#8243; global_colors_info=&#8221;{}&#8221; sticky_enabled=&#8221;0&#8243;]<\/p>\n<h4>R\u00e4\u00e4t\u00e4l\u00f6idyt ratkaisut jokaiseen laitostarpeeseen<\/h4>\n<h2>Innovatiivinen suunnittelu ja teknologia<\/h2>\n<p>Yhteisty\u00f6ss\u00e4 Neuero:n kanssa olemme erikoistuneet kustannustehokkaiden m\u00e4d\u00e4tyss\u00e4ili\u00f6ratkaisujen suunnitteluun ja toimitukseen, jotka t\u00e4ytt\u00e4v\u00e4t erityiset tarpeet ja vaatimukset. Asiakkaamme voivat valita kiinte\u00e4ll\u00e4 ter\u00e4skatolla ja yl\u00e4puolelle asennetulla sekoittimella varustetun m\u00e4d\u00e4tyss\u00e4ili\u00f6n tai vaihtoehtoisesti kaksoiskalvokaton ja sivulle asennetut sekoittimet sis\u00e4lt\u00e4v\u00e4n ratkaisun. N\u00e4m\u00e4 kokoonpanot varmistavat tehokkaan sekoituksen ja maksimaalisen kaasuntuoton substraatista.<\/p>\n<h2>Joustavuus ja mukautuvuus<\/h2>\n<p>Ymm\u00e4rr\u00e4mme, ett\u00e4 jokaisen biokaasulaitoksen tarpeet ovat ainutlaatuisia, siksi tarjoamme sek\u00e4 pelkkien s\u00e4ili\u00f6iden toimituksia ett\u00e4 t\u00e4ysin varusteltuja m\u00e4d\u00e4tyss\u00e4ili\u00f6it\u00e4, jotka sis\u00e4lt\u00e4v\u00e4t anturilaitteet ja sekoitusj\u00e4rjestelm\u00e4t. Olipa kyseess\u00e4 olemassa olevan laitoksen p\u00e4ivitys tai uuden rakentaminen, voimme tarjota ratkaisun, joka vastaa teknisi\u00e4 vaatimuksianne ja budjettianne.<\/p>\n<h4>Enemm\u00e4n kuin pelk\u00e4t m\u00e4d\u00e4tyss\u00e4ili\u00f6t<\/h4>\n<h2>S\u00e4ili\u00f6t ja tankit jokaiseen tarpeeseen<\/h2>\n<p>M\u00e4d\u00e4tyss\u00e4ili\u00f6iden lis\u00e4ksi tarjoamme laajan valikoiman s\u00e4ili\u00f6it\u00e4 ja tankeja erilaisiin k\u00e4ytt\u00f6tarkoituksiin biokaasulaitoksissa. Olipa kyse substraattien, v\u00e4lituotteiden tai valmiin biokaasun varastoinnista, meill\u00e4 on kapasiteettia toimittaa r\u00e4\u00e4t\u00e4l\u00f6ityj\u00e4 ratkaisuja, jotka t\u00e4ytt\u00e4v\u00e4t turvallisuus- ja tehokkuusvaatimuksenne.<\/p>\n<h4>Sitoutuminen pitk\u00e4aikaiseen menestykseen<\/h4>\n<h2>Luotettavat moottorit ja huoltosopimukset<\/h2>\n<p>IGF Biogasin valinta tarkoittaa p\u00e4\u00e4sy\u00e4 korkealaatuisiin tuotteisiin sek\u00e4 varmuutta luotettavuudesta ja toimintavarmuudesta. Teemme yhteisty\u00f6t\u00e4 vain kokeneiden ja arvostettujen toimittajien kanssa varmistaaksemme, ett\u00e4 toimittamamme moottorit ja laitteet tuottavat energiaa tehokkaasti vuosien ajan. Lis\u00e4ksi tarjoamme kattavat huoltosopimukset, joiden avulla asiakkaamme voivat tuntea olonsa t\u00e4ysin turvalliseksi oston j\u00e4lkeen, tiet\u00e4en ett\u00e4 laitoksensa saa tarvitsemansa huollon ja yll\u00e4pidon.<\/p>\n<p>[\/et_pb_text][\/et_pb_column][et_pb_column type=&#8221;1_3&#8243; _builder_version=&#8221;4.16&#8243; custom_padding=&#8221;|||&#8221; global_colors_info=&#8221;{}&#8221; custom_padding__hover=&#8221;|||&#8221;][\/et_pb_column][\/et_pb_row][\/et_pb_section][et_pb_section fb_built=&#8221;1&#8243; _builder_version=&#8221;4.24.2&#8243; _module_preset=&#8221;default&#8221; background_color=&#8221;#efefef&#8221; background_image=&#8221;https:\/\/igfgas.se\/wp-content\/uploads\/2024\/03\/dekorelement-color-1.svg&#8221; background_size=&#8221;contain&#8221; background_position=&#8221;center_left&#8221; z_index=&#8221;2&#8243; global_colors_info=&#8221;{}&#8221;][et_pb_row column_structure=&#8221;1_3,1_3,1_3&#8243; _builder_version=&#8221;4.24.2&#8243; _module_preset=&#8221;default&#8221; global_colors_info=&#8221;{}&#8221;][et_pb_column type=&#8221;1_3&#8243; _builder_version=&#8221;4.24.2&#8243; _module_preset=&#8221;default&#8221; global_colors_info=&#8221;{}&#8221;][et_pb_image src=&#8221;https:\/\/igfgas.se\/wp-content\/uploads\/2024\/03\/rotkammare_01.jpg&#8221; title_text=&#8221;rotkammare_01&#8243; _builder_version=&#8221;4.24.2&#8243; _module_preset=&#8221;default&#8221; global_colors_info=&#8221;{}&#8221;][\/et_pb_image][\/et_pb_column][et_pb_column type=&#8221;1_3&#8243; _builder_version=&#8221;4.24.2&#8243; _module_preset=&#8221;default&#8221; global_colors_info=&#8221;{}&#8221;][et_pb_image src=&#8221;https:\/\/igfgas.se\/wp-content\/uploads\/2024\/03\/rotkammare_02.jpg&#8221; title_text=&#8221;rotkammare_02&#8243; _builder_version=&#8221;4.24.2&#8243; _module_preset=&#8221;default&#8221; global_colors_info=&#8221;{}&#8221;][\/et_pb_image][\/et_pb_column][et_pb_column type=&#8221;1_3&#8243; _builder_version=&#8221;4.24.2&#8243; _module_preset=&#8221;default&#8221; global_colors_info=&#8221;{}&#8221;][et_pb_image src=&#8221;https:\/\/igfgas.se\/wp-content\/uploads\/2024\/03\/rotkammare_03.jpg&#8221; title_text=&#8221;rotkammare_03&#8243; _builder_version=&#8221;4.24.2&#8243; _module_preset=&#8221;default&#8221; global_colors_info=&#8221;{}&#8221;][\/et_pb_image][\/et_pb_column][\/et_pb_row][et_pb_row column_structure=&#8221;1_3,1_3,1_3&#8243; _builder_version=&#8221;4.24.2&#8243; _module_preset=&#8221;default&#8221; locked=&#8221;off&#8221; global_colors_info=&#8221;{}&#8221;][et_pb_column type=&#8221;1_3&#8243; _builder_version=&#8221;4.24.2&#8243; _module_preset=&#8221;default&#8221; global_colors_info=&#8221;{}&#8221;][\/et_pb_column][et_pb_column type=&#8221;1_3&#8243; _builder_version=&#8221;4.24.2&#8243; _module_preset=&#8221;default&#8221; global_colors_info=&#8221;{}&#8221;][et_pb_image src=&#8221;https:\/\/igfgas.se\/wp-content\/uploads\/2024\/04\/logo.gif&#8221; title_text=&#8221;logo&#8221; align=&#8221;center&#8221; _builder_version=&#8221;4.25.0&#8243; _module_preset=&#8221;default&#8221; global_colors_info=&#8221;{}&#8221;][\/et_pb_image][\/et_pb_column][et_pb_column type=&#8221;1_3&#8243; _builder_version=&#8221;4.24.2&#8243; _module_preset=&#8221;default&#8221; global_colors_info=&#8221;{}&#8221;][\/et_pb_column][\/et_pb_row][\/et_pb_section]<\/p>\n","protected":false},"excerpt":{"rendered":"<p>Tehokas biokaasutuotanto alkaa t\u00e4st\u00e4 IGF Biogasilla ymm\u00e4rr\u00e4mme syv\u00e4llisesti laadukkaiden ja tehokkaiden m\u00e4d\u00e4tyss\u00e4ili\u00f6iden merkityksen biokaasun tuotantoprosessissa. Laajan kokemuksemme ansiosta suosittelemme lasiemailoidusta ter\u00e4slevyst\u00e4 valmistettuja m\u00e4d\u00e4tyss\u00e4ili\u00f6it\u00e4. T\u00e4m\u00e4 materiaalivalinta takaa korkean laadun, pitk\u00e4n k\u00e4ytt\u00f6i\u00e4n ja optimaaliset k\u00e4ytt\u00f6olosuhteet biokaasutuotannolle. 013-991 32 15 magnus.cedfalck@igfgas.seR\u00e4\u00e4t\u00e4l\u00f6idyt ratkaisut jokaiseen laitostarpeeseen Innovatiivinen suunnittelu ja teknologia Yhteisty\u00f6ss\u00e4 Neuero:n kanssa olemme erikoistuneet kustannustehokkaiden m\u00e4d\u00e4tyss\u00e4ili\u00f6ratkaisujen suunnitteluun ja toimitukseen, [&hellip;]<\/p>\n","protected":false},"author":8,"featured_media":3886,"parent":0,"menu_order":0,"comment_status":"closed","ping_status":"closed","template":"","meta":{"_acf_changed":false,"_et_pb_use_builder":"on","_et_pb_old_content":"<section id=\"\" class=\"fw-main-row \"><div class=\"fw-container\"><div class=\"fw-row\"><div class=\"fw-col-xs-12 fw-col-sm-8\"><h2>Utveckla din anl\u00e4ggning<\/h2><p>Baserat p\u00e5 IGF Biogas l\u00e5nga drifterfarenhet av biogasanl\u00e4ggningar f\u00f6respr\u00e5kar vi r\u00f6tkammare i glasemaljerad st\u00e5lpl\u00e5t. Tillsammans med Neuero kan vi designa och leverera kostnadseffektiva l\u00f6sningar f\u00f6r r\u00f6tkammare med b\u00e5de fast st\u00e5ltak och toppmonterad omr\u00f6rare alternativt r\u00f6tkammare utrustad med dubbelmembrantak och sidomonterade omr\u00f6rare.<\/p><p>Beroende p\u00e5 \u00f6nskem\u00e5l kan vi leverera endast tank alternativt en komplett utrustad r\u00f6tkammare med givarutrustning och omr\u00f6rning.<\/p><p>Vi kan ocks\u00e5 erbjuda tankar och cisterner.<\/p><\/div><div class=\"fw-col-xs-12 fw-col-sm-4\"><img src=\"\/\/igfgas.se\/wp-content\/uploads\/2023\/04\/rotkammare.jpg\" alt=\"\/\/igfgas.se\/wp-content\/uploads\/2023\/04\/rotkammare.jpg\" \/><\/div><\/div><\/div><\/section><section id=\"\" class=\"fw-main-row blue \"><div class=\"fw-container\"><div class=\"fw-row\"><div class=\"fw-col-xs-12 fw-col-sm-3\"><img src=\"\/\/igfgas.se\/wp-content\/uploads\/2023\/04\/cistern.jpg\" alt=\"\/\/igfgas.se\/wp-content\/uploads\/2023\/04\/cistern.jpg\" \/><\/div><div class=\"fw-col-xs-12 fw-col-sm-3\"><img src=\"\/\/igfgas.se\/wp-content\/uploads\/2023\/04\/cister-2.jpg\" alt=\"\/\/igfgas.se\/wp-content\/uploads\/2023\/04\/cister-2.jpg\" \/><\/div><div class=\"fw-col-xs-12 fw-col-sm-3\"><img src=\"\/\/igfgas.se\/wp-content\/uploads\/2023\/04\/cister-3.jpg\" alt=\"\/\/igfgas.se\/wp-content\/uploads\/2023\/04\/cister-3.jpg\" \/><\/div><div class=\"fw-col-xs-12 fw-col-sm-3\"><img src=\"\/\/igfgas.se\/wp-content\/uploads\/2023\/04\/cister-5.jpg\" alt=\"\/\/igfgas.se\/wp-content\/uploads\/2023\/04\/cister-5.jpg\" \/><\/div><\/div><\/div><\/section><p><!-- ed511af767a5dfc2ecb01f4e31dee295 --><\/p>","_et_gb_content_width":"","inline_featured_image":false,"footnotes":""},"class_list":["post-3884","page","type-page","status-publish","has-post-thumbnail","hentry"],"acf":[],"yoast_head":"<!-- This site is optimized with the Yoast SEO plugin v27.3 - https:\/\/yoast.com\/product\/yoast-seo-wordpress\/ -->\n<title>M\u00e4d\u00e4tyss\u00e4ili\u00f6t ja s\u00e4ili\u00f6t biokaasuprosessiin \u2013 IGF Biogas - IGF Biogas<\/title>\n<meta name=\"description\" content=\"M\u00e4d\u00e4tyss\u00e4ili\u00f6t ja s\u00e4ili\u00f6t, jotka on suunniteltu tehokkaaseen biokaasutuotantoon ja k\u00e4sittelyyn. Kehit\u00e4 laitostasi jo t\u00e4n\u00e4\u00e4n.\" \/>\n<meta name=\"robots\" content=\"index, follow, max-snippet:-1, max-image-preview:large, max-video-preview:-1\" \/>\n<link rel=\"canonical\" href=\"https:\/\/igfgas.se\/fi\/madatyssailio\/\" \/>\n<meta property=\"og:locale\" content=\"fi_FI\" \/>\n<meta property=\"og:type\" content=\"article\" \/>\n<meta property=\"og:title\" content=\"M\u00e4d\u00e4tyss\u00e4ili\u00f6t ja s\u00e4ili\u00f6t biokaasuprosessiin \u2013 IGF Biogas - IGF Biogas\" \/>\n<meta property=\"og:description\" content=\"M\u00e4d\u00e4tyss\u00e4ili\u00f6t ja s\u00e4ili\u00f6t, jotka on suunniteltu tehokkaaseen biokaasutuotantoon ja k\u00e4sittelyyn. Kehit\u00e4 laitostasi jo t\u00e4n\u00e4\u00e4n.\" \/>\n<meta property=\"og:url\" content=\"https:\/\/igfgas.se\/fi\/madatyssailio\/\" \/>\n<meta property=\"og:site_name\" content=\"IGF Biogas\" \/>\n<meta property=\"article:modified_time\" content=\"2025-06-18T13:01:30+00:00\" \/>\n<meta property=\"og:image\" content=\"https:\/\/igfgas.se\/wp-content\/uploads\/2024\/03\/hero_rotkammare.jpg\" \/>\n\t<meta property=\"og:image:width\" content=\"2000\" \/>\n\t<meta property=\"og:image:height\" content=\"2000\" \/>\n\t<meta property=\"og:image:type\" content=\"image\/jpeg\" \/>\n<meta name=\"twitter:card\" content=\"summary_large_image\" \/>\n<meta name=\"twitter:label1\" content=\"Est. reading time\" \/>\n\t<meta name=\"twitter:data1\" content=\"3 minuuttia\" \/>\n<script type=\"application\/ld+json\" class=\"yoast-schema-graph\">{\"@context\":\"https:\\\/\\\/schema.org\",\"@graph\":[{\"@type\":\"WebPage\",\"@id\":\"https:\\\/\\\/igfgas.se\\\/fi\\\/madatyssailio\\\/\",\"url\":\"https:\\\/\\\/igfgas.se\\\/fi\\\/madatyssailio\\\/\",\"name\":\"M\u00e4d\u00e4tyss\u00e4ili\u00f6t ja s\u00e4ili\u00f6t biokaasuprosessiin \u2013 IGF Biogas - IGF Biogas\",\"isPartOf\":{\"@id\":\"https:\\\/\\\/igfgas.se\\\/fi\\\/#website\"},\"primaryImageOfPage\":{\"@id\":\"https:\\\/\\\/igfgas.se\\\/fi\\\/madatyssailio\\\/#primaryimage\"},\"image\":{\"@id\":\"https:\\\/\\\/igfgas.se\\\/fi\\\/madatyssailio\\\/#primaryimage\"},\"thumbnailUrl\":\"https:\\\/\\\/igfgas.se\\\/wp-content\\\/uploads\\\/2024\\\/03\\\/hero_rotkammare.jpg\",\"datePublished\":\"2023-04-03T12:43:54+00:00\",\"dateModified\":\"2025-06-18T13:01:30+00:00\",\"description\":\"M\u00e4d\u00e4tyss\u00e4ili\u00f6t ja s\u00e4ili\u00f6t, jotka on suunniteltu tehokkaaseen biokaasutuotantoon ja k\u00e4sittelyyn. Kehit\u00e4 laitostasi jo t\u00e4n\u00e4\u00e4n.\",\"breadcrumb\":{\"@id\":\"https:\\\/\\\/igfgas.se\\\/fi\\\/madatyssailio\\\/#breadcrumb\"},\"inLanguage\":\"fi\",\"potentialAction\":[{\"@type\":\"ReadAction\",\"target\":[\"https:\\\/\\\/igfgas.se\\\/fi\\\/madatyssailio\\\/\"]}]},{\"@type\":\"ImageObject\",\"inLanguage\":\"fi\",\"@id\":\"https:\\\/\\\/igfgas.se\\\/fi\\\/madatyssailio\\\/#primaryimage\",\"url\":\"https:\\\/\\\/igfgas.se\\\/wp-content\\\/uploads\\\/2024\\\/03\\\/hero_rotkammare.jpg\",\"contentUrl\":\"https:\\\/\\\/igfgas.se\\\/wp-content\\\/uploads\\\/2024\\\/03\\\/hero_rotkammare.jpg\",\"width\":2000,\"height\":2000},{\"@type\":\"BreadcrumbList\",\"@id\":\"https:\\\/\\\/igfgas.se\\\/fi\\\/madatyssailio\\\/#breadcrumb\",\"itemListElement\":[{\"@type\":\"ListItem\",\"position\":1,\"name\":\"Hem\",\"item\":\"https:\\\/\\\/igfgas.se\\\/fi\\\/\"},{\"@type\":\"ListItem\",\"position\":2,\"name\":\"M\u00e4d\u00e4tyss\u00e4ili\u00f6t ja s\u00e4ili\u00f6t biokaasuprosessiin \u2013 IGF Biogas\"}]},{\"@type\":\"WebSite\",\"@id\":\"https:\\\/\\\/igfgas.se\\\/fi\\\/#website\",\"url\":\"https:\\\/\\\/igfgas.se\\\/fi\\\/\",\"name\":\"IGF Biogas\",\"description\":\"Ledande inom biogasteknik sedan 1930\",\"potentialAction\":[{\"@type\":\"SearchAction\",\"target\":{\"@type\":\"EntryPoint\",\"urlTemplate\":\"https:\\\/\\\/igfgas.se\\\/fi\\\/?s={search_term_string}\"},\"query-input\":{\"@type\":\"PropertyValueSpecification\",\"valueRequired\":true,\"valueName\":\"search_term_string\"}}],\"inLanguage\":\"fi\"}]}<\/script>\n<!-- \/ Yoast SEO plugin. -->","yoast_head_json":{"title":"M\u00e4d\u00e4tyss\u00e4ili\u00f6t ja s\u00e4ili\u00f6t biokaasuprosessiin \u2013 IGF Biogas - IGF Biogas","description":"M\u00e4d\u00e4tyss\u00e4ili\u00f6t ja s\u00e4ili\u00f6t, jotka on suunniteltu tehokkaaseen biokaasutuotantoon ja k\u00e4sittelyyn. Kehit\u00e4 laitostasi jo t\u00e4n\u00e4\u00e4n.","robots":{"index":"index","follow":"follow","max-snippet":"max-snippet:-1","max-image-preview":"max-image-preview:large","max-video-preview":"max-video-preview:-1"},"canonical":"https:\/\/igfgas.se\/fi\/madatyssailio\/","og_locale":"fi_FI","og_type":"article","og_title":"M\u00e4d\u00e4tyss\u00e4ili\u00f6t ja s\u00e4ili\u00f6t biokaasuprosessiin \u2013 IGF Biogas - IGF Biogas","og_description":"M\u00e4d\u00e4tyss\u00e4ili\u00f6t ja s\u00e4ili\u00f6t, jotka on suunniteltu tehokkaaseen biokaasutuotantoon ja k\u00e4sittelyyn. Kehit\u00e4 laitostasi jo t\u00e4n\u00e4\u00e4n.","og_url":"https:\/\/igfgas.se\/fi\/madatyssailio\/","og_site_name":"IGF Biogas","article_modified_time":"2025-06-18T13:01:30+00:00","og_image":[{"width":2000,"height":2000,"url":"https:\/\/igfgas.se\/wp-content\/uploads\/2024\/03\/hero_rotkammare.jpg","type":"image\/jpeg"}],"twitter_card":"summary_large_image","twitter_misc":{"Est. reading time":"3 minuuttia"},"schema":{"@context":"https:\/\/schema.org","@graph":[{"@type":"WebPage","@id":"https:\/\/igfgas.se\/fi\/madatyssailio\/","url":"https:\/\/igfgas.se\/fi\/madatyssailio\/","name":"M\u00e4d\u00e4tyss\u00e4ili\u00f6t ja s\u00e4ili\u00f6t biokaasuprosessiin \u2013 IGF Biogas - IGF Biogas","isPartOf":{"@id":"https:\/\/igfgas.se\/fi\/#website"},"primaryImageOfPage":{"@id":"https:\/\/igfgas.se\/fi\/madatyssailio\/#primaryimage"},"image":{"@id":"https:\/\/igfgas.se\/fi\/madatyssailio\/#primaryimage"},"thumbnailUrl":"https:\/\/igfgas.se\/wp-content\/uploads\/2024\/03\/hero_rotkammare.jpg","datePublished":"2023-04-03T12:43:54+00:00","dateModified":"2025-06-18T13:01:30+00:00","description":"M\u00e4d\u00e4tyss\u00e4ili\u00f6t ja s\u00e4ili\u00f6t, jotka on suunniteltu tehokkaaseen biokaasutuotantoon ja k\u00e4sittelyyn. Kehit\u00e4 laitostasi jo t\u00e4n\u00e4\u00e4n.","breadcrumb":{"@id":"https:\/\/igfgas.se\/fi\/madatyssailio\/#breadcrumb"},"inLanguage":"fi","potentialAction":[{"@type":"ReadAction","target":["https:\/\/igfgas.se\/fi\/madatyssailio\/"]}]},{"@type":"ImageObject","inLanguage":"fi","@id":"https:\/\/igfgas.se\/fi\/madatyssailio\/#primaryimage","url":"https:\/\/igfgas.se\/wp-content\/uploads\/2024\/03\/hero_rotkammare.jpg","contentUrl":"https:\/\/igfgas.se\/wp-content\/uploads\/2024\/03\/hero_rotkammare.jpg","width":2000,"height":2000},{"@type":"BreadcrumbList","@id":"https:\/\/igfgas.se\/fi\/madatyssailio\/#breadcrumb","itemListElement":[{"@type":"ListItem","position":1,"name":"Hem","item":"https:\/\/igfgas.se\/fi\/"},{"@type":"ListItem","position":2,"name":"M\u00e4d\u00e4tyss\u00e4ili\u00f6t ja s\u00e4ili\u00f6t biokaasuprosessiin \u2013 IGF Biogas"}]},{"@type":"WebSite","@id":"https:\/\/igfgas.se\/fi\/#website","url":"https:\/\/igfgas.se\/fi\/","name":"IGF Biogas","description":"Ledande inom biogasteknik sedan 1930","potentialAction":[{"@type":"SearchAction","target":{"@type":"EntryPoint","urlTemplate":"https:\/\/igfgas.se\/fi\/?s={search_term_string}"},"query-input":{"@type":"PropertyValueSpecification","valueRequired":true,"valueName":"search_term_string"}}],"inLanguage":"fi"}]}},"_links":{"self":[{"href":"https:\/\/igfgas.se\/fi\/wp-json\/wp\/v2\/pages\/3884","targetHints":{"allow":["GET"]}}],"collection":[{"href":"https:\/\/igfgas.se\/fi\/wp-json\/wp\/v2\/pages"}],"about":[{"href":"https:\/\/igfgas.se\/fi\/wp-json\/wp\/v2\/types\/page"}],"author":[{"embeddable":true,"href":"https:\/\/igfgas.se\/fi\/wp-json\/wp\/v2\/users\/8"}],"replies":[{"embeddable":true,"href":"https:\/\/igfgas.se\/fi\/wp-json\/wp\/v2\/comments?post=3884"}],"version-history":[{"count":0,"href":"https:\/\/igfgas.se\/fi\/wp-json\/wp\/v2\/pages\/3884\/revisions"}],"wp:featuredmedia":[{"embeddable":true,"href":"https:\/\/igfgas.se\/fi\/wp-json\/wp\/v2\/media\/3886"}],"wp:attachment":[{"href":"https:\/\/igfgas.se\/fi\/wp-json\/wp\/v2\/media?parent=3884"}],"curies":[{"name":"wp","href":"https:\/\/api.w.org\/{rel}","templated":true}]}}