{"id":3887,"date":"2023-05-25T09:51:29","date_gmt":"2023-05-25T07:51:29","guid":{"rendered":"https:\/\/igfgas1stg.wpenginepowered.com\/varmevaxlare-och-hygieniseringstankar\/"},"modified":"2025-09-09T15:07:03","modified_gmt":"2025-09-09T13:07:03","slug":"lammonvaihtimet-ja-hygienisointisailiot","status":"publish","type":"page","link":"https:\/\/igfgas.se\/fi\/lammonvaihtimet-ja-hygienisointisailiot\/","title":{"rendered":"L\u00e4mm\u00f6nvaihtimet ja hygienisointis\u00e4ili\u00f6t biokaasuun \u2013 IGF Biogas"},"content":{"rendered":"<p>[et_pb_section fb_built=&#8221;1&#8243; module_class=&#8221;pa-custom-background-mask&#8221; _builder_version=&#8221;4.24.2&#8243; _module_preset=&#8221;default&#8221; background_image=&#8221;https:\/\/igfgas.se\/wp-content\/uploads\/2024\/03\/hero_varmevaxlare.jpg&#8221; background_enable_video_mp4=&#8221;off&#8221; background_enable_mask_style=&#8221;on&#8221; global_colors_info=&#8221;{}&#8221;][et_pb_row column_structure=&#8221;2_3,1_3&#8243; _builder_version=&#8221;4.24.2&#8243; _module_preset=&#8221;default&#8221; global_colors_info=&#8221;{}&#8221;][et_pb_column type=&#8221;2_3&#8243; _builder_version=&#8221;4.24.2&#8243; _module_preset=&#8221;default&#8221; global_colors_info=&#8221;{}&#8221;][et_pb_text _builder_version=&#8221;4.27.4&#8243; _module_preset=&#8221;default&#8221; background_layout=&#8221;dark&#8221; global_colors_info=&#8221;{}&#8221;]<\/p>\n<h1>Maksimaalinen tehokkuus ja turvallisuus<\/h1>\n<p>IGF Biogasilla olemme erikoistuneet toimittamaan ratkaisuja, jotka eiv\u00e4t ainoastaan tehosta biokaasun tuotantoa, vaan my\u00f6s varmistavat, ett\u00e4 prosessi t\u00e4ytt\u00e4\u00e4 kaikki ymp\u00e4rist\u00f6- ja turvallisuusstandardit. Putkil\u00e4mm\u00f6nvaihtimien ja hygienisointis\u00e4ili\u00f6iden valikoimamme on suunniteltu vastaamaan n\u00e4ihin vaatimuksiin parantamalla energiatehokkuutta ja varmistamalla, ett\u00e4 biolannoite on turvallista ja patogeenivapaata.<\/p>\n<p>[\/et_pb_text][\/et_pb_column][et_pb_column type=&#8221;1_3&#8243; _builder_version=&#8221;4.24.2&#8243; _module_preset=&#8221;default&#8221; z_index=&#8221;1&#8243; sticky_position=&#8221;top&#8221; sticky_position_tablet=&#8221;top&#8221; sticky_position_phone=&#8221;none&#8221; sticky_position_last_edited=&#8221;on|phone&#8221; global_colors_info=&#8221;{}&#8221;][et_pb_team_member name=&#8221;Magnus Cedfalck&#8221; position=&#8221;Myynti- ja markkinointivastaava&#8221; image_url=&#8221;https:\/\/igfgas.se\/wp-content\/uploads\/2024\/04\/magnus-cedfalck.jpg&#8221; admin_label=&#8221;CTA &#8211; Magnus Cedfalck&#8221; module_class=&#8221;kontaktperson&#8221; _builder_version=&#8221;4.27.4&#8243; _module_preset=&#8221;default&#8221; header_text_color=&#8221;#FFFFFF&#8221; header_font_size=&#8221;30px&#8221; body_text_color=&#8221;#FFFFFF&#8221; position_text_align=&#8221;center&#8221; position_text_color=&#8221;#FFFFFF&#8221; background_enable_color=&#8221;off&#8221; vertical_offset=&#8221;100px&#8221; horizontal_offset=&#8221;10%&#8221; text_orientation=&#8221;center&#8221; custom_padding=&#8221;20px|20px|20px|20px|false|false&#8221; saved_tabs=&#8221;all&#8221; global_colors_info=&#8221;{}&#8221; global_module=&#8221;3858&#8243; theme_builder_area=&#8221;post_content&#8221;]<\/p>\n<p><img decoding=\"async\" src=\"https:\/\/igfgas.se\/wp-content\/uploads\/2024\/03\/phone.svg\" width=\"15\" \/> 013-991 32 15<br \/><img decoding=\"async\" src=\"https:\/\/igfgas.se\/wp-content\/uploads\/2024\/03\/mail.svg\" width=\"15\" \/> <a href=\"mailto:magnus.cedfalck@igfgas.se\">magnus.cedfalck@igfgas.se<\/a><\/p>\n<p>[\/et_pb_team_member][\/et_pb_column][\/et_pb_row][\/et_pb_section][et_pb_section fb_built=&#8221;1&#8243; admin_label=&#8221;section&#8221; _builder_version=&#8221;4.16&#8243; global_colors_info=&#8221;{}&#8221;][et_pb_row column_structure=&#8221;2_3,1_3&#8243; admin_label=&#8221;row&#8221; _builder_version=&#8221;4.16&#8243; background_size=&#8221;initial&#8221; background_position=&#8221;top_left&#8221; background_repeat=&#8221;repeat&#8221; global_colors_info=&#8221;{}&#8221;][et_pb_column type=&#8221;2_3&#8243; _builder_version=&#8221;4.16&#8243; custom_padding=&#8221;|||&#8221; global_colors_info=&#8221;{}&#8221; custom_padding__hover=&#8221;|||&#8221;][et_pb_text admin_label=&#8221;Text&#8221; _builder_version=&#8221;4.27.4&#8243; background_size=&#8221;initial&#8221; background_position=&#8221;top_left&#8221; background_repeat=&#8221;repeat&#8221; global_colors_info=&#8221;{}&#8221;]<\/p>\n<h4>Tehokas l\u00e4mm\u00f6n talteenotto putkil\u00e4mm\u00f6nvaihtimilla<\/h4>\n<h2>Optimointi esil\u00e4mmityksell\u00e4 ja j\u00e4\u00e4hdytyksell\u00e4<\/h2>\n<p>Putkil\u00e4mm\u00f6nvaihtimemme on suunniteltu talteenottamaan l\u00e4mp\u00f6\u00e4 esil\u00e4mmitt\u00e4m\u00e4ll\u00e4 tulevaa substrattia sek\u00e4 j\u00e4\u00e4hdytt\u00e4m\u00e4ll\u00e4 l\u00e4htev\u00e4\u00e4 biolannoitetta. T\u00e4m\u00e4 prosessi mahdollistaa merkitt\u00e4v\u00e4n jopa 25 % l\u00e4mmitystarpeen v\u00e4henemisen vuositasolla tulevassa lannassa. L\u00e4mp\u00f6energian uudelleenk\u00e4yt\u00f6ll\u00e4 voimme auttaa biokaasulaitoksia v\u00e4hent\u00e4m\u00e4\u00e4n energiankulutusta ja lis\u00e4\u00e4m\u00e4\u00e4n kokonaistehokkuutta sek\u00e4 kannattavuutta.<\/p>\n<h4>Hygienisointis\u00e4ili\u00f6t turvalliselle biolannoitteelle<\/h4>\n<h2>Taattu turvallisuus eri substraateille<\/h2>\n<p>Biokaasulaitoksille, jotka k\u00e4sittelev\u00e4t useita erilaisia substraatteja, mukaan lukien el\u00e4inper\u00e4iset sivutuotteet, on elint\u00e4rke\u00e4\u00e4 varmistaa, ett\u00e4 tuotettu biolannoite on vapaa haitallisista mikrobeista. Hygienisointis\u00e4ili\u00f6mme on suunniteltu t\u00e4ytt\u00e4m\u00e4\u00e4n n\u00e4m\u00e4 tarpeet tehokkaasti poistaen patogeenit ja varmistaen, ett\u00e4 biolannoite on turvallista k\u00e4ytt\u00e4\u00e4 maataloudessa. Integroimalla n\u00e4m\u00e4 j\u00e4rjestelm\u00e4t laitokseenne voitte olla varmoja siit\u00e4, ett\u00e4 t\u00e4yt\u00e4tte kaikki voimassa olevat biolannoitteen k\u00e4sittely\u00e4 koskevat s\u00e4\u00e4nn\u00f6kset ja standardit.<\/p>\n<h4>R\u00e4\u00e4t\u00e4l\u00f6idyt ratkaisut jokaiseen laitokseen<\/h4>\n<h2>Asiantuntemusta vastaamaan erityistarpeitanne<\/h2>\n<p>IGF Biogasilla ymm\u00e4rr\u00e4mme, ett\u00e4 jokaisella biokaasulaitoksella on omat ainutlaatuiset haasteensa ja tarpeensa. Siksi tarjoamme r\u00e4\u00e4t\u00e4l\u00f6ityj\u00e4 ratkaisuja, jotka mukautuvat juuri teid\u00e4n l\u00e4ht\u00f6kohtiinne. Olipa kyse sopivimman l\u00e4mm\u00f6nvaihtimen valinnasta tai hygienisointij\u00e4rjestelm\u00e4n suunnittelusta, joka tehokkaasti k\u00e4sittelee juuri teid\u00e4n substraattinne, tiimimme on valmis tarjoamaan asiantuntemusta ja tukea.<\/p>\n<p>[\/et_pb_text][\/et_pb_column][et_pb_column type=&#8221;1_3&#8243; _builder_version=&#8221;4.16&#8243; custom_padding=&#8221;|||&#8221; global_colors_info=&#8221;{}&#8221; custom_padding__hover=&#8221;|||&#8221;][\/et_pb_column][\/et_pb_row][\/et_pb_section]<\/p>\n","protected":false},"excerpt":{"rendered":"<p>Maksimaalinen tehokkuus ja turvallisuus IGF Biogasilla olemme erikoistuneet toimittamaan ratkaisuja, jotka eiv\u00e4t ainoastaan tehosta biokaasun tuotantoa, vaan my\u00f6s varmistavat, ett\u00e4 prosessi t\u00e4ytt\u00e4\u00e4 kaikki ymp\u00e4rist\u00f6- ja turvallisuusstandardit. Putkil\u00e4mm\u00f6nvaihtimien ja hygienisointis\u00e4ili\u00f6iden valikoimamme on suunniteltu vastaamaan n\u00e4ihin vaatimuksiin parantamalla energiatehokkuutta ja varmistamalla, ett\u00e4 biolannoite on turvallista ja patogeenivapaata. 013-991 32 15 magnus.cedfalck@igfgas.seTehokas l\u00e4mm\u00f6n talteenotto putkil\u00e4mm\u00f6nvaihtimilla Optimointi esil\u00e4mmityksell\u00e4 ja [&hellip;]<\/p>\n","protected":false},"author":8,"featured_media":3889,"parent":0,"menu_order":0,"comment_status":"closed","ping_status":"closed","template":"","meta":{"_acf_changed":false,"_et_pb_use_builder":"on","_et_pb_old_content":"<section id=\"\" class=\"fw-main-row \"><div class=\"fw-container\"><div class=\"fw-row\"><div class=\"fw-col-xs-12 fw-col-sm-8\"><h2>V\u00e4rme\u00e5tervinning f\u00f6r l\u00e4gre\u00a0 energikostnad<\/h2><p>Vi kan erbjuda tubv\u00e4rmev\u00e4xlare f\u00f6r v\u00e4rme\u00e5tervinning genom f\u00f6rv\u00e4rmning av inkommande substrat samt nedkylning av utg\u00e5ende biog\u00f6dsel. V\u00e4rme\u00e5tervinningen minskar uppv\u00e4rmningsbehovet f\u00f6r inkommande g\u00f6dsel med ungef\u00e4r 25% p\u00e5 \u00e5rsbasis.<\/p><p>I de fall det finns behov av ett hygieniseringssystem f\u00f6r biogasanl\u00e4ggningar som behandlar flera olika typer av substrat eller r\u00f6tar animaliska biprodukter s\u00e5 kan vi leverera utrustning f\u00f6r detta.<\/p><\/div><div class=\"fw-col-xs-12 fw-col-sm-4\"><img src=\"\/\/igfgas.se\/wp-content\/uploads\/2023\/05\/varmevaxlare-hygieniseringstankar.jpg\" alt=\"\/\/igfgas.se\/wp-content\/uploads\/2023\/05\/varmevaxlare-hygieniseringstankar.jpg\" \/><\/div><\/div><\/div><\/section><section id=\"\" class=\"fw-main-row blue \"><div class=\"fw-container\"><div class=\"fw-row\"><div class=\"fw-col-xs-12 fw-col-sm-3\"><img src=\"\/\/igfgas.se\/wp-content\/uploads\/2023\/05\/varmevaxlare.jpg\" alt=\"\/\/igfgas.se\/wp-content\/uploads\/2023\/05\/varmevaxlare.jpg\" \/><\/div><div class=\"fw-col-xs-12 fw-col-sm-3\">\u00a0<\/div><div class=\"fw-col-xs-12 fw-col-sm-3\">\u00a0<\/div><div class=\"fw-col-xs-12 fw-col-sm-3\">\u00a0<\/div><\/div><\/div><\/section><p><!-- 041d64ef6b516b9dad7d4bdb5832dfd6 --><\/p>","_et_gb_content_width":"","inline_featured_image":false,"footnotes":""},"class_list":["post-3887","page","type-page","status-publish","has-post-thumbnail","hentry"],"acf":[],"yoast_head":"<!-- This site is optimized with the Yoast SEO plugin v27.3 - https:\/\/yoast.com\/product\/yoast-seo-wordpress\/ -->\n<title>L\u00e4mm\u00f6nvaihtimet ja hygienisointis\u00e4ili\u00f6t biokaasuun \u2013 IGF Biogas - IGF Biogas<\/title>\n<meta name=\"description\" content=\"Optimoi biokaasutuotantosi l\u00e4mm\u00f6nvaihtimillamme ja hygienisointis\u00e4ili\u00f6ill\u00e4mme. L\u00e4mm\u00f6n talteenotto energiakustannusten alentamiseksi.\" \/>\n<meta name=\"robots\" content=\"index, follow, max-snippet:-1, max-image-preview:large, max-video-preview:-1\" \/>\n<link rel=\"canonical\" href=\"https:\/\/igfgas.se\/fi\/lammonvaihtimet-ja-hygienisointisailiot\/\" \/>\n<meta property=\"og:locale\" content=\"fi_FI\" \/>\n<meta property=\"og:type\" content=\"article\" \/>\n<meta property=\"og:title\" content=\"L\u00e4mm\u00f6nvaihtimet ja hygienisointis\u00e4ili\u00f6t biokaasuun \u2013 IGF Biogas - IGF Biogas\" \/>\n<meta property=\"og:description\" content=\"Optimoi biokaasutuotantosi l\u00e4mm\u00f6nvaihtimillamme ja hygienisointis\u00e4ili\u00f6ill\u00e4mme. L\u00e4mm\u00f6n talteenotto energiakustannusten alentamiseksi.\" \/>\n<meta property=\"og:url\" content=\"https:\/\/igfgas.se\/fi\/lammonvaihtimet-ja-hygienisointisailiot\/\" \/>\n<meta property=\"og:site_name\" content=\"IGF Biogas\" \/>\n<meta property=\"article:modified_time\" content=\"2025-09-09T13:07:03+00:00\" \/>\n<meta property=\"og:image\" content=\"https:\/\/igfgas.se\/wp-content\/uploads\/2024\/03\/hero_varmevaxlare.jpg\" \/>\n\t<meta property=\"og:image:width\" content=\"1920\" \/>\n\t<meta property=\"og:image:height\" content=\"1920\" \/>\n\t<meta property=\"og:image:type\" content=\"image\/jpeg\" \/>\n<meta name=\"twitter:card\" content=\"summary_large_image\" \/>\n<meta name=\"twitter:label1\" content=\"Est. reading time\" \/>\n\t<meta name=\"twitter:data1\" content=\"2 minuuttia\" \/>\n<script type=\"application\/ld+json\" class=\"yoast-schema-graph\">{\"@context\":\"https:\\\/\\\/schema.org\",\"@graph\":[{\"@type\":\"WebPage\",\"@id\":\"https:\\\/\\\/igfgas.se\\\/fi\\\/lammonvaihtimet-ja-hygienisointisailiot\\\/\",\"url\":\"https:\\\/\\\/igfgas.se\\\/fi\\\/lammonvaihtimet-ja-hygienisointisailiot\\\/\",\"name\":\"L\u00e4mm\u00f6nvaihtimet ja hygienisointis\u00e4ili\u00f6t biokaasuun \u2013 IGF Biogas - IGF Biogas\",\"isPartOf\":{\"@id\":\"https:\\\/\\\/igfgas.se\\\/fi\\\/#website\"},\"primaryImageOfPage\":{\"@id\":\"https:\\\/\\\/igfgas.se\\\/fi\\\/lammonvaihtimet-ja-hygienisointisailiot\\\/#primaryimage\"},\"image\":{\"@id\":\"https:\\\/\\\/igfgas.se\\\/fi\\\/lammonvaihtimet-ja-hygienisointisailiot\\\/#primaryimage\"},\"thumbnailUrl\":\"https:\\\/\\\/igfgas.se\\\/wp-content\\\/uploads\\\/2024\\\/03\\\/hero_varmevaxlare.jpg\",\"datePublished\":\"2023-05-25T07:51:29+00:00\",\"dateModified\":\"2025-09-09T13:07:03+00:00\",\"description\":\"Optimoi biokaasutuotantosi l\u00e4mm\u00f6nvaihtimillamme ja hygienisointis\u00e4ili\u00f6ill\u00e4mme. L\u00e4mm\u00f6n talteenotto energiakustannusten alentamiseksi.\",\"breadcrumb\":{\"@id\":\"https:\\\/\\\/igfgas.se\\\/fi\\\/lammonvaihtimet-ja-hygienisointisailiot\\\/#breadcrumb\"},\"inLanguage\":\"fi\",\"potentialAction\":[{\"@type\":\"ReadAction\",\"target\":[\"https:\\\/\\\/igfgas.se\\\/fi\\\/lammonvaihtimet-ja-hygienisointisailiot\\\/\"]}]},{\"@type\":\"ImageObject\",\"inLanguage\":\"fi\",\"@id\":\"https:\\\/\\\/igfgas.se\\\/fi\\\/lammonvaihtimet-ja-hygienisointisailiot\\\/#primaryimage\",\"url\":\"https:\\\/\\\/igfgas.se\\\/wp-content\\\/uploads\\\/2024\\\/03\\\/hero_varmevaxlare.jpg\",\"contentUrl\":\"https:\\\/\\\/igfgas.se\\\/wp-content\\\/uploads\\\/2024\\\/03\\\/hero_varmevaxlare.jpg\",\"width\":1920,\"height\":1920},{\"@type\":\"BreadcrumbList\",\"@id\":\"https:\\\/\\\/igfgas.se\\\/fi\\\/lammonvaihtimet-ja-hygienisointisailiot\\\/#breadcrumb\",\"itemListElement\":[{\"@type\":\"ListItem\",\"position\":1,\"name\":\"Hem\",\"item\":\"https:\\\/\\\/igfgas.se\\\/fi\\\/\"},{\"@type\":\"ListItem\",\"position\":2,\"name\":\"L\u00e4mm\u00f6nvaihtimet ja hygienisointis\u00e4ili\u00f6t biokaasuun \u2013 IGF Biogas\"}]},{\"@type\":\"WebSite\",\"@id\":\"https:\\\/\\\/igfgas.se\\\/fi\\\/#website\",\"url\":\"https:\\\/\\\/igfgas.se\\\/fi\\\/\",\"name\":\"IGF Biogas\",\"description\":\"Ledande inom biogasteknik sedan 1930\",\"potentialAction\":[{\"@type\":\"SearchAction\",\"target\":{\"@type\":\"EntryPoint\",\"urlTemplate\":\"https:\\\/\\\/igfgas.se\\\/fi\\\/?s={search_term_string}\"},\"query-input\":{\"@type\":\"PropertyValueSpecification\",\"valueRequired\":true,\"valueName\":\"search_term_string\"}}],\"inLanguage\":\"fi\"}]}<\/script>\n<!-- \/ Yoast SEO plugin. -->","yoast_head_json":{"title":"L\u00e4mm\u00f6nvaihtimet ja hygienisointis\u00e4ili\u00f6t biokaasuun \u2013 IGF Biogas - IGF Biogas","description":"Optimoi biokaasutuotantosi l\u00e4mm\u00f6nvaihtimillamme ja hygienisointis\u00e4ili\u00f6ill\u00e4mme. L\u00e4mm\u00f6n talteenotto energiakustannusten alentamiseksi.","robots":{"index":"index","follow":"follow","max-snippet":"max-snippet:-1","max-image-preview":"max-image-preview:large","max-video-preview":"max-video-preview:-1"},"canonical":"https:\/\/igfgas.se\/fi\/lammonvaihtimet-ja-hygienisointisailiot\/","og_locale":"fi_FI","og_type":"article","og_title":"L\u00e4mm\u00f6nvaihtimet ja hygienisointis\u00e4ili\u00f6t biokaasuun \u2013 IGF Biogas - IGF Biogas","og_description":"Optimoi biokaasutuotantosi l\u00e4mm\u00f6nvaihtimillamme ja hygienisointis\u00e4ili\u00f6ill\u00e4mme. L\u00e4mm\u00f6n talteenotto energiakustannusten alentamiseksi.","og_url":"https:\/\/igfgas.se\/fi\/lammonvaihtimet-ja-hygienisointisailiot\/","og_site_name":"IGF Biogas","article_modified_time":"2025-09-09T13:07:03+00:00","og_image":[{"width":1920,"height":1920,"url":"https:\/\/igfgas.se\/wp-content\/uploads\/2024\/03\/hero_varmevaxlare.jpg","type":"image\/jpeg"}],"twitter_card":"summary_large_image","twitter_misc":{"Est. reading time":"2 minuuttia"},"schema":{"@context":"https:\/\/schema.org","@graph":[{"@type":"WebPage","@id":"https:\/\/igfgas.se\/fi\/lammonvaihtimet-ja-hygienisointisailiot\/","url":"https:\/\/igfgas.se\/fi\/lammonvaihtimet-ja-hygienisointisailiot\/","name":"L\u00e4mm\u00f6nvaihtimet ja hygienisointis\u00e4ili\u00f6t biokaasuun \u2013 IGF Biogas - IGF Biogas","isPartOf":{"@id":"https:\/\/igfgas.se\/fi\/#website"},"primaryImageOfPage":{"@id":"https:\/\/igfgas.se\/fi\/lammonvaihtimet-ja-hygienisointisailiot\/#primaryimage"},"image":{"@id":"https:\/\/igfgas.se\/fi\/lammonvaihtimet-ja-hygienisointisailiot\/#primaryimage"},"thumbnailUrl":"https:\/\/igfgas.se\/wp-content\/uploads\/2024\/03\/hero_varmevaxlare.jpg","datePublished":"2023-05-25T07:51:29+00:00","dateModified":"2025-09-09T13:07:03+00:00","description":"Optimoi biokaasutuotantosi l\u00e4mm\u00f6nvaihtimillamme ja hygienisointis\u00e4ili\u00f6ill\u00e4mme. L\u00e4mm\u00f6n talteenotto energiakustannusten alentamiseksi.","breadcrumb":{"@id":"https:\/\/igfgas.se\/fi\/lammonvaihtimet-ja-hygienisointisailiot\/#breadcrumb"},"inLanguage":"fi","potentialAction":[{"@type":"ReadAction","target":["https:\/\/igfgas.se\/fi\/lammonvaihtimet-ja-hygienisointisailiot\/"]}]},{"@type":"ImageObject","inLanguage":"fi","@id":"https:\/\/igfgas.se\/fi\/lammonvaihtimet-ja-hygienisointisailiot\/#primaryimage","url":"https:\/\/igfgas.se\/wp-content\/uploads\/2024\/03\/hero_varmevaxlare.jpg","contentUrl":"https:\/\/igfgas.se\/wp-content\/uploads\/2024\/03\/hero_varmevaxlare.jpg","width":1920,"height":1920},{"@type":"BreadcrumbList","@id":"https:\/\/igfgas.se\/fi\/lammonvaihtimet-ja-hygienisointisailiot\/#breadcrumb","itemListElement":[{"@type":"ListItem","position":1,"name":"Hem","item":"https:\/\/igfgas.se\/fi\/"},{"@type":"ListItem","position":2,"name":"L\u00e4mm\u00f6nvaihtimet ja hygienisointis\u00e4ili\u00f6t biokaasuun \u2013 IGF Biogas"}]},{"@type":"WebSite","@id":"https:\/\/igfgas.se\/fi\/#website","url":"https:\/\/igfgas.se\/fi\/","name":"IGF Biogas","description":"Ledande inom biogasteknik sedan 1930","potentialAction":[{"@type":"SearchAction","target":{"@type":"EntryPoint","urlTemplate":"https:\/\/igfgas.se\/fi\/?s={search_term_string}"},"query-input":{"@type":"PropertyValueSpecification","valueRequired":true,"valueName":"search_term_string"}}],"inLanguage":"fi"}]}},"_links":{"self":[{"href":"https:\/\/igfgas.se\/fi\/wp-json\/wp\/v2\/pages\/3887","targetHints":{"allow":["GET"]}}],"collection":[{"href":"https:\/\/igfgas.se\/fi\/wp-json\/wp\/v2\/pages"}],"about":[{"href":"https:\/\/igfgas.se\/fi\/wp-json\/wp\/v2\/types\/page"}],"author":[{"embeddable":true,"href":"https:\/\/igfgas.se\/fi\/wp-json\/wp\/v2\/users\/8"}],"replies":[{"embeddable":true,"href":"https:\/\/igfgas.se\/fi\/wp-json\/wp\/v2\/comments?post=3887"}],"version-history":[{"count":0,"href":"https:\/\/igfgas.se\/fi\/wp-json\/wp\/v2\/pages\/3887\/revisions"}],"wp:featuredmedia":[{"embeddable":true,"href":"https:\/\/igfgas.se\/fi\/wp-json\/wp\/v2\/media\/3889"}],"wp:attachment":[{"href":"https:\/\/igfgas.se\/fi\/wp-json\/wp\/v2\/media?parent=3887"}],"curies":[{"name":"wp","href":"https:\/\/api.w.org\/{rel}","templated":true}]}}