{"id":3890,"date":"2024-03-06T20:57:59","date_gmt":"2024-03-06T19:57:59","guid":{"rendered":"https:\/\/igfgas1stg.wpenginepowered.com\/ophi\/"},"modified":"2025-09-05T12:05:44","modified_gmt":"2025-09-05T10:05:44","slug":"ophi","status":"publish","type":"page","link":"https:\/\/igfgas.se\/fi\/ophi\/","title":{"rendered":"Jalostus yhdistettyn\u00e4 kaasumoottoriin"},"content":{"rendered":"<p>[et_pb_section fb_built=&#8221;1&#8243; module_class=&#8221;pa-custom-background-mask&#8221; _builder_version=&#8221;4.24.2&#8243; _module_preset=&#8221;default&#8221; background_image=&#8221;https:\/\/igfgas.se\/wp-content\/uploads\/2024\/03\/hero_ophi.jpg&#8221; background_enable_video_mp4=&#8221;off&#8221; background_enable_mask_style=&#8221;on&#8221; global_colors_info=&#8221;{}&#8221;][et_pb_row column_structure=&#8221;2_3,1_3&#8243; _builder_version=&#8221;4.24.2&#8243; _module_preset=&#8221;default&#8221; global_colors_info=&#8221;{}&#8221;][et_pb_column type=&#8221;2_3&#8243; _builder_version=&#8221;4.24.2&#8243; _module_preset=&#8221;default&#8221; global_colors_info=&#8221;{}&#8221;][et_pb_text _builder_version=&#8221;4.27.4&#8243; _module_preset=&#8221;default&#8221; background_layout=&#8221;dark&#8221; hover_enabled=&#8221;0&#8243; global_colors_info=&#8221;{}&#8221; sticky_enabled=&#8221;0&#8243;]<\/p>\n<h4>Ophi<\/h4>\n<h1>Seuraavan sukupolven biokaasuj\u00e4rjestelm\u00e4<\/h1>\n<p>IGF Biogas yhteisty\u00f6ss\u00e4 Ophin kanssa esittelee AERISin, mullistavan konseptin, joka muuttaa biokaasu- ja kaatopaikkalaitosten raakakaasun hy\u00f6dynt\u00e4misen. AERIS yhdist\u00e4\u00e4 kaasun jalostuksen, s\u00e4hk\u00f6n tuotannon ja tehoelektroniikan yhdeksi laitteeksi, tarjoten kustannustehokkaan ratkaisun raakakaasun hy\u00f6dynt\u00e4miseen.<\/p>\n<p>[\/et_pb_text][\/et_pb_column][et_pb_column type=&#8221;1_3&#8243; _builder_version=&#8221;4.24.2&#8243; _module_preset=&#8221;default&#8221; z_index=&#8221;1&#8243; sticky_position=&#8221;top&#8221; sticky_position_tablet=&#8221;top&#8221; sticky_position_phone=&#8221;none&#8221; sticky_position_last_edited=&#8221;on|phone&#8221; global_colors_info=&#8221;{}&#8221;][et_pb_team_member name=&#8221;Magnus Cedfalck&#8221; position=&#8221;Myynti- ja markkinointivastaava&#8221; image_url=&#8221;https:\/\/igfgas.se\/wp-content\/uploads\/2024\/04\/magnus-cedfalck.jpg&#8221; admin_label=&#8221;CTA &#8211; Magnus Cedfalck&#8221; module_class=&#8221;kontaktperson&#8221; _builder_version=&#8221;4.27.4&#8243; _module_preset=&#8221;default&#8221; header_text_color=&#8221;#FFFFFF&#8221; header_font_size=&#8221;30px&#8221; body_text_color=&#8221;#FFFFFF&#8221; position_text_align=&#8221;center&#8221; position_text_color=&#8221;#FFFFFF&#8221; background_enable_color=&#8221;off&#8221; vertical_offset=&#8221;100px&#8221; horizontal_offset=&#8221;10%&#8221; text_orientation=&#8221;center&#8221; custom_padding=&#8221;20px|20px|20px|20px|false|false&#8221; global_module=&#8221;3858&#8243; saved_tabs=&#8221;all&#8221; global_colors_info=&#8221;{}&#8221;]<\/p>\n<p><img decoding=\"async\" src=\"https:\/\/igfgas.se\/wp-content\/uploads\/2024\/03\/phone.svg\" width=\"15\" \/> 013-991 32 15<br \/><img decoding=\"async\" src=\"https:\/\/igfgas.se\/wp-content\/uploads\/2024\/03\/mail.svg\" width=\"15\" \/> <a href=\"mailto:magnus.cedfalck@igfgas.se\">magnus.cedfalck@igfgas.se<\/a><\/p>\n<p>[\/et_pb_team_member][\/et_pb_column][\/et_pb_row][\/et_pb_section][et_pb_section fb_built=&#8221;1&#8243; admin_label=&#8221;section&#8221; _builder_version=&#8221;4.16&#8243; global_colors_info=&#8221;{}&#8221;][et_pb_row column_structure=&#8221;2_3,1_3&#8243; admin_label=&#8221;row&#8221; _builder_version=&#8221;4.16&#8243; background_size=&#8221;initial&#8221; background_position=&#8221;top_left&#8221; background_repeat=&#8221;repeat&#8221; global_colors_info=&#8221;{}&#8221;][et_pb_column type=&#8221;2_3&#8243; _builder_version=&#8221;4.16&#8243; custom_padding=&#8221;|||&#8221; global_colors_info=&#8221;{}&#8221; custom_padding__hover=&#8221;|||&#8221;][et_pb_text admin_label=&#8221;Text&#8221; _builder_version=&#8221;4.27.4&#8243; background_size=&#8221;initial&#8221; background_position=&#8221;top_left&#8221; background_repeat=&#8221;repeat&#8221; global_colors_info=&#8221;{}&#8221;]<\/p>\n<h2>Luotettavuus kaasunjalostuksen kautta<\/h2>\n<p>Biokaasureaktorin raakakaasu koostuu tyypillisesti 40\u201360 % metaanista. Loppu on hiilidioksidia, kosteutta sek\u00e4 pieni\u00e4 m\u00e4\u00e4ri\u00e4 typpe\u00e4 ja rikkivety\u00e4. Pitk\u00e4aikainen altistus raakabiokaasulle aiheuttaa korroosiota putkistoissa, koneissa ja polttimissa. AERIS-jalostusj\u00e4rjestelm\u00e4 suodattaa pois ei-toivotut hiukkaset ja kosteuden, mik\u00e4 tuottaa korkealaatuista biometaania. T\u00e4t\u00e4 biometaania CHP-yksikk\u00f6 (Combined Heat and Power) k\u00e4ytt\u00e4\u00e4 s\u00e4hk\u00f6n ja l\u00e4mm\u00f6n tuottamiseen, v\u00e4hent\u00e4en s\u00e4hk\u00f6verkosta tarvittavan s\u00e4hk\u00f6n tarvetta ja fossiilisten polttoaineiden k\u00e4ytt\u00f6\u00e4.<\/p>\n<h4>Kaikki yhdess\u00e4 paketissa<\/h4>\n<h2>Kest\u00e4v\u00e4 ja pitk\u00e4aikainen ratkaisu<\/h2>\n<p>AERIS kasvaa tarpeen ja tuotannon mukana. Alussa kaasun m\u00e4\u00e4r\u00e4 voi olla pieni ja CHP-yksikk\u00f6 kompaktimpi, mink\u00e4 j\u00e4lkeen sit\u00e4 voidaan laajentaa ajan my\u00f6t\u00e4 tarpeen ja kokemuksen kasvaessa. Ajan my\u00f6t\u00e4 AERIS-yksikk\u00f6\u00e4 voidaan t\u00e4ydent\u00e4\u00e4 kaasun tankkausj\u00e4rjestelm\u00e4ll\u00e4 kevyiden ajoneuvojen polttoainek\u00e4ytt\u00f6\u00e4 varten, liitt\u00e4\u00e4 aurinkoenergian ker\u00e4ysj\u00e4rjestelm\u00e4\u00e4n tai varustaa &#8221;saari-verkko&#8221; -toiminnolla varmistaakseen kriittisten toimintojen virransy\u00f6tt\u00f6 s\u00e4hk\u00f6katkosten aikana.<\/p>\n<h2>K\u00e4ytett\u00e4vyys ja luotettavuus etusijalla<\/h2>\n<p>AERIS koostuu korkealaatuisista komponenteista, jotka takaavat erinomaisen toimintavarmuuden. Asennuksen j\u00e4lkeen AERIS toimii itsen\u00e4isesti, ja helposti ymm\u00e4rrett\u00e4v\u00e4 k\u00e4ytt\u00f6liittym\u00e4 helpottaa huolto-ohjelman seuraamista, johon sis\u00e4ltyy muun muassa \u00f6ljyn ja suodattimien vaihto. Kokonaisvaltainen suunnittelu painottaa turvallisuutta, kest\u00e4vyytt\u00e4 ja helppoa huollettavuutta.<\/p>\n<h2>Sis\u00e4- tai ulkotiloissa \u2013 AERIS sopii molempiin<\/h2>\n<p>AERIS on suunniteltu toimimaan esteett\u00f6m\u00e4sti sek\u00e4 sis\u00e4- ett\u00e4 ulkotiloissa, mik\u00e4 tarjoaa joustavuutta sijoitteluun laitoksen erityistarpeiden mukaan.<\/p>\n<p>[\/et_pb_text][et_pb_divider _builder_version=&#8221;4.24.2&#8243; _module_preset=&#8221;default&#8221; global_colors_info=&#8221;{}&#8221;][\/et_pb_divider][et_pb_text _builder_version=&#8221;4.27.4&#8243; _module_preset=&#8221;default&#8221; global_colors_info=&#8221;{}&#8221;]<\/p>\n<p>AERIS edustaa tulevaisuutta, jossa biokaasu- ja kaatopaikkalaitokset voivat optimoida biokaasutuotantonsa ja -k\u00e4ytt\u00f6ns\u00e4 kest\u00e4v\u00e4ll\u00e4, kustannustehokkaalla ja luotettavalla tavalla. IGF Biogas ja Ophi ovat ylpeit\u00e4 voidessaan tarjota t\u00e4m\u00e4n innovatiivisen ratkaisun osana sitoutumistamme vihre\u00e4n energian ja kest\u00e4v\u00e4n kehityksen edist\u00e4miseen. Ota meihin yhteytt\u00e4 jo t\u00e4n\u00e4\u00e4n ja tutustu, miten AERIS voi muuttaa biokaasutuotantonne.<\/p>\n<p>[\/et_pb_text][\/et_pb_column][et_pb_column type=&#8221;1_3&#8243; _builder_version=&#8221;4.16&#8243; custom_padding=&#8221;|||&#8221; global_colors_info=&#8221;{}&#8221; custom_padding__hover=&#8221;|||&#8221;][\/et_pb_column][\/et_pb_row][\/et_pb_section]<\/p>\n","protected":false},"excerpt":{"rendered":"<p>Ophi Seuraavan sukupolven biokaasuj\u00e4rjestelm\u00e4 IGF Biogas yhteisty\u00f6ss\u00e4 Ophin kanssa esittelee AERISin, mullistavan konseptin, joka muuttaa biokaasu- ja kaatopaikkalaitosten raakakaasun hy\u00f6dynt\u00e4misen. AERIS yhdist\u00e4\u00e4 kaasun jalostuksen, s\u00e4hk\u00f6n tuotannon ja tehoelektroniikan yhdeksi laitteeksi, tarjoten kustannustehokkaan ratkaisun raakakaasun hy\u00f6dynt\u00e4miseen. 013-991 32 15 magnus.cedfalck@igfgas.se Luotettavuus kaasunjalostuksen kautta Biokaasureaktorin raakakaasu koostuu tyypillisesti 40\u201360 % metaanista. Loppu on hiilidioksidia, kosteutta sek\u00e4 pieni\u00e4 [&hellip;]<\/p>\n","protected":false},"author":7,"featured_media":3891,"parent":0,"menu_order":0,"comment_status":"closed","ping_status":"closed","template":"","meta":{"_acf_changed":false,"_et_pb_use_builder":"on","_et_pb_old_content":"<p>text<\/p>","_et_gb_content_width":"","inline_featured_image":false,"footnotes":""},"class_list":["post-3890","page","type-page","status-publish","has-post-thumbnail","hentry"],"acf":[],"yoast_head":"<!-- This site is optimized with the Yoast SEO plugin v27.3 - https:\/\/yoast.com\/product\/yoast-seo-wordpress\/ -->\n<title>Jalostus yhdistettyn\u00e4 kaasumoottoriin - IGF Biogas<\/title>\n<meta name=\"description\" content=\"Ophi: viimeisint\u00e4 biokaasuteknologiaa biokaasutuotantosi tehostamiseen ja yksinkertaistamiseen.\" \/>\n<meta name=\"robots\" content=\"index, follow, max-snippet:-1, max-image-preview:large, max-video-preview:-1\" \/>\n<link rel=\"canonical\" href=\"https:\/\/igfgas.se\/fi\/ophi\/\" \/>\n<meta property=\"og:locale\" content=\"fi_FI\" \/>\n<meta property=\"og:type\" content=\"article\" \/>\n<meta property=\"og:title\" content=\"Jalostus yhdistettyn\u00e4 kaasumoottoriin - IGF Biogas\" \/>\n<meta property=\"og:description\" content=\"Ophi: viimeisint\u00e4 biokaasuteknologiaa biokaasutuotantosi tehostamiseen ja yksinkertaistamiseen.\" \/>\n<meta property=\"og:url\" content=\"https:\/\/igfgas.se\/fi\/ophi\/\" \/>\n<meta property=\"og:site_name\" content=\"IGF Biogas\" \/>\n<meta property=\"article:modified_time\" content=\"2025-09-05T10:05:44+00:00\" \/>\n<meta property=\"og:image\" content=\"https:\/\/igfgas.se\/wp-content\/uploads\/2024\/03\/hero_ophi.jpg\" \/>\n\t<meta property=\"og:image:width\" content=\"2048\" \/>\n\t<meta property=\"og:image:height\" content=\"1114\" \/>\n\t<meta property=\"og:image:type\" content=\"image\/jpeg\" \/>\n<meta name=\"twitter:card\" content=\"summary_large_image\" \/>\n<meta name=\"twitter:label1\" content=\"Est. reading time\" \/>\n\t<meta name=\"twitter:data1\" content=\"3 minuuttia\" \/>\n<script type=\"application\/ld+json\" class=\"yoast-schema-graph\">{\"@context\":\"https:\\\/\\\/schema.org\",\"@graph\":[{\"@type\":\"WebPage\",\"@id\":\"https:\\\/\\\/igfgas.se\\\/fi\\\/ophi\\\/\",\"url\":\"https:\\\/\\\/igfgas.se\\\/fi\\\/ophi\\\/\",\"name\":\"Jalostus yhdistettyn\u00e4 kaasumoottoriin - IGF Biogas\",\"isPartOf\":{\"@id\":\"https:\\\/\\\/igfgas.se\\\/fi\\\/#website\"},\"primaryImageOfPage\":{\"@id\":\"https:\\\/\\\/igfgas.se\\\/fi\\\/ophi\\\/#primaryimage\"},\"image\":{\"@id\":\"https:\\\/\\\/igfgas.se\\\/fi\\\/ophi\\\/#primaryimage\"},\"thumbnailUrl\":\"https:\\\/\\\/igfgas.se\\\/wp-content\\\/uploads\\\/2024\\\/03\\\/hero_ophi.jpg\",\"datePublished\":\"2024-03-06T19:57:59+00:00\",\"dateModified\":\"2025-09-05T10:05:44+00:00\",\"description\":\"Ophi: viimeisint\u00e4 biokaasuteknologiaa biokaasutuotantosi tehostamiseen ja yksinkertaistamiseen.\",\"breadcrumb\":{\"@id\":\"https:\\\/\\\/igfgas.se\\\/fi\\\/ophi\\\/#breadcrumb\"},\"inLanguage\":\"fi\",\"potentialAction\":[{\"@type\":\"ReadAction\",\"target\":[\"https:\\\/\\\/igfgas.se\\\/fi\\\/ophi\\\/\"]}]},{\"@type\":\"ImageObject\",\"inLanguage\":\"fi\",\"@id\":\"https:\\\/\\\/igfgas.se\\\/fi\\\/ophi\\\/#primaryimage\",\"url\":\"https:\\\/\\\/igfgas.se\\\/wp-content\\\/uploads\\\/2024\\\/03\\\/hero_ophi.jpg\",\"contentUrl\":\"https:\\\/\\\/igfgas.se\\\/wp-content\\\/uploads\\\/2024\\\/03\\\/hero_ophi.jpg\",\"width\":2048,\"height\":1114},{\"@type\":\"BreadcrumbList\",\"@id\":\"https:\\\/\\\/igfgas.se\\\/fi\\\/ophi\\\/#breadcrumb\",\"itemListElement\":[{\"@type\":\"ListItem\",\"position\":1,\"name\":\"Hem\",\"item\":\"https:\\\/\\\/igfgas.se\\\/fi\\\/\"},{\"@type\":\"ListItem\",\"position\":2,\"name\":\"Jalostus yhdistettyn\u00e4 kaasumoottoriin\"}]},{\"@type\":\"WebSite\",\"@id\":\"https:\\\/\\\/igfgas.se\\\/fi\\\/#website\",\"url\":\"https:\\\/\\\/igfgas.se\\\/fi\\\/\",\"name\":\"IGF Biogas\",\"description\":\"Ledande inom biogasteknik sedan 1930\",\"potentialAction\":[{\"@type\":\"SearchAction\",\"target\":{\"@type\":\"EntryPoint\",\"urlTemplate\":\"https:\\\/\\\/igfgas.se\\\/fi\\\/?s={search_term_string}\"},\"query-input\":{\"@type\":\"PropertyValueSpecification\",\"valueRequired\":true,\"valueName\":\"search_term_string\"}}],\"inLanguage\":\"fi\"}]}<\/script>\n<!-- \/ Yoast SEO plugin. -->","yoast_head_json":{"title":"Jalostus yhdistettyn\u00e4 kaasumoottoriin - IGF Biogas","description":"Ophi: viimeisint\u00e4 biokaasuteknologiaa biokaasutuotantosi tehostamiseen ja yksinkertaistamiseen.","robots":{"index":"index","follow":"follow","max-snippet":"max-snippet:-1","max-image-preview":"max-image-preview:large","max-video-preview":"max-video-preview:-1"},"canonical":"https:\/\/igfgas.se\/fi\/ophi\/","og_locale":"fi_FI","og_type":"article","og_title":"Jalostus yhdistettyn\u00e4 kaasumoottoriin - IGF Biogas","og_description":"Ophi: viimeisint\u00e4 biokaasuteknologiaa biokaasutuotantosi tehostamiseen ja yksinkertaistamiseen.","og_url":"https:\/\/igfgas.se\/fi\/ophi\/","og_site_name":"IGF Biogas","article_modified_time":"2025-09-05T10:05:44+00:00","og_image":[{"width":2048,"height":1114,"url":"https:\/\/igfgas.se\/wp-content\/uploads\/2024\/03\/hero_ophi.jpg","type":"image\/jpeg"}],"twitter_card":"summary_large_image","twitter_misc":{"Est. reading time":"3 minuuttia"},"schema":{"@context":"https:\/\/schema.org","@graph":[{"@type":"WebPage","@id":"https:\/\/igfgas.se\/fi\/ophi\/","url":"https:\/\/igfgas.se\/fi\/ophi\/","name":"Jalostus yhdistettyn\u00e4 kaasumoottoriin - IGF Biogas","isPartOf":{"@id":"https:\/\/igfgas.se\/fi\/#website"},"primaryImageOfPage":{"@id":"https:\/\/igfgas.se\/fi\/ophi\/#primaryimage"},"image":{"@id":"https:\/\/igfgas.se\/fi\/ophi\/#primaryimage"},"thumbnailUrl":"https:\/\/igfgas.se\/wp-content\/uploads\/2024\/03\/hero_ophi.jpg","datePublished":"2024-03-06T19:57:59+00:00","dateModified":"2025-09-05T10:05:44+00:00","description":"Ophi: viimeisint\u00e4 biokaasuteknologiaa biokaasutuotantosi tehostamiseen ja yksinkertaistamiseen.","breadcrumb":{"@id":"https:\/\/igfgas.se\/fi\/ophi\/#breadcrumb"},"inLanguage":"fi","potentialAction":[{"@type":"ReadAction","target":["https:\/\/igfgas.se\/fi\/ophi\/"]}]},{"@type":"ImageObject","inLanguage":"fi","@id":"https:\/\/igfgas.se\/fi\/ophi\/#primaryimage","url":"https:\/\/igfgas.se\/wp-content\/uploads\/2024\/03\/hero_ophi.jpg","contentUrl":"https:\/\/igfgas.se\/wp-content\/uploads\/2024\/03\/hero_ophi.jpg","width":2048,"height":1114},{"@type":"BreadcrumbList","@id":"https:\/\/igfgas.se\/fi\/ophi\/#breadcrumb","itemListElement":[{"@type":"ListItem","position":1,"name":"Hem","item":"https:\/\/igfgas.se\/fi\/"},{"@type":"ListItem","position":2,"name":"Jalostus yhdistettyn\u00e4 kaasumoottoriin"}]},{"@type":"WebSite","@id":"https:\/\/igfgas.se\/fi\/#website","url":"https:\/\/igfgas.se\/fi\/","name":"IGF Biogas","description":"Ledande inom biogasteknik sedan 1930","potentialAction":[{"@type":"SearchAction","target":{"@type":"EntryPoint","urlTemplate":"https:\/\/igfgas.se\/fi\/?s={search_term_string}"},"query-input":{"@type":"PropertyValueSpecification","valueRequired":true,"valueName":"search_term_string"}}],"inLanguage":"fi"}]}},"_links":{"self":[{"href":"https:\/\/igfgas.se\/fi\/wp-json\/wp\/v2\/pages\/3890","targetHints":{"allow":["GET"]}}],"collection":[{"href":"https:\/\/igfgas.se\/fi\/wp-json\/wp\/v2\/pages"}],"about":[{"href":"https:\/\/igfgas.se\/fi\/wp-json\/wp\/v2\/types\/page"}],"author":[{"embeddable":true,"href":"https:\/\/igfgas.se\/fi\/wp-json\/wp\/v2\/users\/7"}],"replies":[{"embeddable":true,"href":"https:\/\/igfgas.se\/fi\/wp-json\/wp\/v2\/comments?post=3890"}],"version-history":[{"count":0,"href":"https:\/\/igfgas.se\/fi\/wp-json\/wp\/v2\/pages\/3890\/revisions"}],"wp:featuredmedia":[{"embeddable":true,"href":"https:\/\/igfgas.se\/fi\/wp-json\/wp\/v2\/media\/3891"}],"wp:attachment":[{"href":"https:\/\/igfgas.se\/fi\/wp-json\/wp\/v2\/media?parent=3890"}],"curies":[{"name":"wp","href":"https:\/\/api.w.org\/{rel}","templated":true}]}}