{"id":3930,"date":"2024-03-06T20:59:00","date_gmt":"2024-03-06T19:59:00","guid":{"rendered":"https:\/\/igfgas1stg.wpenginepowered.com\/konsulttjanster\/"},"modified":"2025-09-22T09:28:47","modified_gmt":"2025-09-22T07:28:47","slug":"konsulttipalvelut","status":"publish","type":"page","link":"https:\/\/igfgas.se\/fi\/konsulttipalvelut\/","title":{"rendered":"Huolto ja tuki"},"content":{"rendered":"<p>[et_pb_section fb_built=&#8221;1&#8243; module_class=&#8221;pa-custom-background-mask&#8221; _builder_version=&#8221;4.24.2&#8243; _module_preset=&#8221;default&#8221; background_image=&#8221;https:\/\/igfgas.se\/wp-content\/uploads\/2024\/03\/IGF-background-1.jpg&#8221; background_position=&#8221;bottom_center&#8221; background_enable_video_mp4=&#8221;off&#8221; background_enable_mask_style=&#8221;on&#8221; global_colors_info=&#8221;{}&#8221;][et_pb_row column_structure=&#8221;2_3,1_3&#8243; _builder_version=&#8221;4.24.2&#8243; _module_preset=&#8221;default&#8221; global_colors_info=&#8221;{}&#8221;][et_pb_column type=&#8221;2_3&#8243; _builder_version=&#8221;4.24.2&#8243; _module_preset=&#8221;default&#8221; global_colors_info=&#8221;{}&#8221;][et_pb_text _builder_version=&#8221;4.27.4&#8243; _module_preset=&#8221;default&#8221; background_layout=&#8221;dark&#8221; global_colors_info=&#8221;{}&#8221;]<\/p>\n<h1>Palvelut, jotka muuttavat biokaasualaa<\/h1>\n<p>IGF Biogas tarjoaa laajan valikoiman palveluita tukeakseen asiakkaitamme koko biokaasutuotantoprosessin ajan suunnittelusta ja rakentamisesta aina k\u00e4ytt\u00f6\u00f6n ja yll\u00e4pitoon asti. Yli 15 vuoden alan kokemuksella, meill\u00e4 on tieto ja asiantuntemus varmistamaan biokaasulaitoksenne optimaalinen toiminta. Palvelumme kattavat konsultoinnin ja huollon, r\u00e4\u00e4t\u00e4l\u00f6ityn\u00e4 vastaamaan juuri teid\u00e4n tarpeitanne.<\/p>\n<p>[\/et_pb_text][\/et_pb_column][et_pb_column type=&#8221;1_3&#8243; _builder_version=&#8221;4.24.2&#8243; _module_preset=&#8221;default&#8221; z_index=&#8221;1&#8243; global_colors_info=&#8221;{}&#8221;][et_pb_team_member name=&#8221;Magnus Cedfalck&#8221; position=&#8221;Myynti- ja markkinointivastaava&#8221; image_url=&#8221;https:\/\/igfgas.se\/wp-content\/uploads\/2024\/04\/magnus-cedfalck.jpg&#8221; admin_label=&#8221;CTA &#8211; Magnus Cedfalck&#8221; module_class=&#8221;kontaktperson&#8221; _builder_version=&#8221;4.27.4&#8243; _module_preset=&#8221;default&#8221; header_text_color=&#8221;#FFFFFF&#8221; header_font_size=&#8221;30px&#8221; body_text_color=&#8221;#FFFFFF&#8221; position_text_align=&#8221;center&#8221; position_text_color=&#8221;#FFFFFF&#8221; background_enable_color=&#8221;off&#8221; vertical_offset=&#8221;100px&#8221; horizontal_offset=&#8221;10%&#8221; text_orientation=&#8221;center&#8221; custom_padding=&#8221;20px|20px|20px|20px|false|false&#8221; saved_tabs=&#8221;all&#8221; global_colors_info=&#8221;{}&#8221; global_module=&#8221;3858&#8243; theme_builder_area=&#8221;post_content&#8221;]<\/p>\n<p><img decoding=\"async\" src=\"https:\/\/igfgas.se\/wp-content\/uploads\/2024\/03\/phone.svg\" width=\"15\" \/> 013-991 32 15<br \/><img decoding=\"async\" src=\"https:\/\/igfgas.se\/wp-content\/uploads\/2024\/03\/mail.svg\" width=\"15\" \/> <a href=\"mailto:magnus.cedfalck@igfgas.se\">magnus.cedfalck@igfgas.se<\/a><\/p>\n<p>[\/et_pb_team_member][\/et_pb_column][\/et_pb_row][\/et_pb_section][et_pb_section fb_built=&#8221;1&#8243; _builder_version=&#8221;4.24.2&#8243; _module_preset=&#8221;default&#8221; global_colors_info=&#8221;{}&#8221;][et_pb_row column_structure=&#8221;1_2,1_2&#8243; make_equal=&#8221;on&#8221; _builder_version=&#8221;4.24.2&#8243; _module_preset=&#8221;default&#8221; global_colors_info=&#8221;{}&#8221;][et_pb_column type=&#8221;1_2&#8243; _builder_version=&#8221;4.24.2&#8243; _module_preset=&#8221;default&#8221; global_colors_info=&#8221;{}&#8221;][et_pb_text admin_label=&#8221;Konsulttj\u00e4nster&#8221; _builder_version=&#8221;4.27.4&#8243; _module_preset=&#8221;default&#8221; global_colors_info=&#8221;{}&#8221;]<\/p>\n<h4>Asiantuntemusta suunnittelusta k\u00e4ytt\u00f6\u00f6nottoon<\/h4>\n<h2>Konsulttipalvelut<\/h2>\n<p>Laaja kokemuksemme biokaasulaitosten suunnittelusta, rakentamisesta ja k\u00e4yt\u00f6st\u00e4, pienist\u00e4 maatilaprojekteista aina suuriin teollisiin asennuksiin saakka, tekee meist\u00e4 luotettavan kumppanin kaikissa biokaasutoimintanne osa-alueissa. Tarjoamme erikoiskonsultointia, joka kattaa kaiken aloitussuunnittelusta ja prosessivirtojen optimoinnista olemassa olevien laitosten uudistuksiin ja kapasiteetin kasvattamiseen. Asiantuntemuksemme sis\u00e4lt\u00e4\u00e4 my\u00f6s ennaltaehk\u00e4isev\u00e4n ja korjaavan toiminnan k\u00e4ytt\u00f6katkojen minimoimiseksi sek\u00e4 laitoksen optimaalisen toiminnan varmistamiseksi.<\/p>\n<p>[\/et_pb_text][et_pb_button button_url=&#8221;@ET-DC@eyJkeW5hbWljIjp0cnVlLCJjb250ZW50IjoicG9zdF9saW5rX3VybF9wYWdlIiwic2V0dGluZ3MiOnsicG9zdF9pZCI6IjE5MDgifX0=@&#8221; button_text=&#8221;Lue lis\u00e4\u00e4&#8221; _builder_version=&#8221;4.27.4&#8243; _dynamic_attributes=&#8221;button_url&#8221; _module_preset=&#8221;default&#8221; global_colors_info=&#8221;{}&#8221;][\/et_pb_button][\/et_pb_column][et_pb_column type=&#8221;1_2&#8243; _builder_version=&#8221;4.24.2&#8243; _module_preset=&#8221;default&#8221; global_colors_info=&#8221;{}&#8221;][et_pb_text admin_label=&#8221;Service&#8221; _builder_version=&#8221;4.27.4&#8243; _module_preset=&#8221;default&#8221; global_colors_info=&#8221;{}&#8221;]<\/p>\n<h4>Tuki ja tekninen asiantuntemus<\/h4>\n<h2>Huolto<\/h2>\n<p>IGF Biogas on solminut palvelusopimuksia useiden Ruotsin johtavien biokaasutuottajien kanssa, ja tarjoamme et\u00e4tukea ohjausj\u00e4rjestelmille sek\u00e4 teknist\u00e4 tukea biokaasulaitoksen k\u00e4yt\u00f6n muihin osa-alueisiin. Palveluvalikoimaamme kuuluu s\u00e4\u00e4nn\u00f6llinen huolto sek\u00e4 kiireellinen huoltopalvelu, jonka avulla mahdolliset ongelmat voidaan k\u00e4sitell\u00e4 nopeasti ja tehokkaasti. Valitsemalla IGF Biogasin palvelukumppaniksi saatte k\u00e4ytt\u00f6\u00f6nne koko asiantuntemuksemme ja kokemuksemme, mik\u00e4 takaa laitoksenne huippusuoritustason jatkuvan yll\u00e4pidon.<\/p>\n<p>[\/et_pb_text][et_pb_button button_url=&#8221;@ET-DC@eyJkeW5hbWljIjp0cnVlLCJjb250ZW50IjoicG9zdF9saW5rX3VybF9wYWdlIiwic2V0dGluZ3MiOnsicG9zdF9pZCI6IjI3ODAifX0=@&#8221; button_text=&#8221;Lue lis\u00e4\u00e4&#8221; _builder_version=&#8221;4.27.4&#8243; _dynamic_attributes=&#8221;button_url&#8221; _module_preset=&#8221;default&#8221; global_colors_info=&#8221;{}&#8221;][\/et_pb_button][\/et_pb_column][\/et_pb_row][et_pb_row column_structure=&#8221;1_2,1_2&#8243; make_equal=&#8221;on&#8221; _builder_version=&#8221;4.24.2&#8243; _module_preset=&#8221;default&#8221; global_colors_info=&#8221;{}&#8221;][et_pb_column type=&#8221;1_2&#8243; _builder_version=&#8221;4.24.2&#8243; _module_preset=&#8221;default&#8221; global_colors_info=&#8221;{}&#8221;][et_pb_text admin_label=&#8221;Uthyrning av gaslager&#8221; _builder_version=&#8221;4.27.4&#8243; _module_preset=&#8221;default&#8221; global_colors_info=&#8221;{}&#8221;]<\/p>\n<h4>Ihanteellinen puhdistamoille ja maatilalaitoksille<\/h4>\n<h2>Kaasus\u00e4ili\u00f6iden vuokraus<\/h2>\n<p>Olennainen osa jokaiselle biokaasulaitokselle, joka tarvitsee tehokkaan kaasun varastoinnin. Olemme ylpeit\u00e4 esitelless\u00e4mme huippuluokan 10 m\u00b3 kaasus\u00e4ili\u00f6mallimme, joka yhdist\u00e4\u00e4 korkean laadun ja joustavuuden sek\u00e4 puhdistamoille ett\u00e4 maatilalaitoksille.<\/p>\n<p>[\/et_pb_text][et_pb_button button_url=&#8221;@ET-DC@eyJkeW5hbWljIjp0cnVlLCJjb250ZW50IjoicG9zdF9saW5rX3VybF9wYWdlIiwic2V0dGluZ3MiOnsicG9zdF9pZCI6IjMxMTgifX0=@&#8221; button_text=&#8221;Lue lis\u00e4\u00e4&#8221; _builder_version=&#8221;4.27.4&#8243; _dynamic_attributes=&#8221;button_url&#8221; _module_preset=&#8221;default&#8221; global_colors_info=&#8221;{}&#8221;][\/et_pb_button][\/et_pb_column][et_pb_column type=&#8221;1_2&#8243; _builder_version=&#8221;4.24.2&#8243; _module_preset=&#8221;default&#8221; global_colors_info=&#8221;{}&#8221;][\/et_pb_column][\/et_pb_row][\/et_pb_section]<\/p>\n","protected":false},"excerpt":{"rendered":"<p>Palvelut, jotka muuttavat biokaasualaa IGF Biogas tarjoaa laajan valikoiman palveluita tukeakseen asiakkaitamme koko biokaasutuotantoprosessin ajan suunnittelusta ja rakentamisesta aina k\u00e4ytt\u00f6\u00f6n ja yll\u00e4pitoon asti. Yli 15 vuoden alan kokemuksella, meill\u00e4 on tieto ja asiantuntemus varmistamaan biokaasulaitoksenne optimaalinen toiminta. Palvelumme kattavat konsultoinnin ja huollon, r\u00e4\u00e4t\u00e4l\u00f6ityn\u00e4 vastaamaan juuri teid\u00e4n tarpeitanne. 013-991 32 15 magnus.cedfalck@igfgas.seAsiantuntemusta suunnittelusta k\u00e4ytt\u00f6\u00f6nottoon Konsulttipalvelut Laaja [&hellip;]<\/p>\n","protected":false},"author":7,"featured_media":3931,"parent":0,"menu_order":0,"comment_status":"closed","ping_status":"closed","template":"","meta":{"_acf_changed":false,"_et_pb_use_builder":"on","_et_pb_old_content":"<p>text<\/p>","_et_gb_content_width":"","inline_featured_image":false,"footnotes":""},"class_list":["post-3930","page","type-page","status-publish","has-post-thumbnail","hentry"],"acf":[],"yoast_head":"<!-- This site is optimized with the Yoast SEO plugin v27.3 - https:\/\/yoast.com\/product\/yoast-seo-wordpress\/ -->\n<title>Huolto ja tuki - IGF Biogas<\/title>\n<meta name=\"description\" content=\"T\u00e4ydellinen valikoima biokaasupalveluita laitoksesi tehokkuuden ja toimintavarmuuden varmistamiseksi. Ota yhteytt\u00e4 huolto- ja yll\u00e4pitopalveluihimme.\" \/>\n<meta name=\"robots\" content=\"index, follow, max-snippet:-1, max-image-preview:large, max-video-preview:-1\" \/>\n<link rel=\"canonical\" href=\"https:\/\/igfgas.se\/fi\/konsulttipalvelut\/\" \/>\n<meta property=\"og:locale\" content=\"fi_FI\" \/>\n<meta property=\"og:type\" content=\"article\" \/>\n<meta property=\"og:title\" content=\"Huolto ja tuki - IGF Biogas\" \/>\n<meta property=\"og:description\" content=\"T\u00e4ydellinen valikoima biokaasupalveluita laitoksesi tehokkuuden ja toimintavarmuuden varmistamiseksi. Ota yhteytt\u00e4 huolto- ja yll\u00e4pitopalveluihimme.\" \/>\n<meta property=\"og:url\" content=\"https:\/\/igfgas.se\/fi\/konsulttipalvelut\/\" \/>\n<meta property=\"og:site_name\" content=\"IGF Biogas\" \/>\n<meta property=\"article:modified_time\" content=\"2025-09-22T07:28:47+00:00\" \/>\n<meta property=\"og:image\" content=\"https:\/\/igfgas.se\/wp-content\/uploads\/2024\/02\/IGF.jpg\" \/>\n\t<meta property=\"og:image:width\" content=\"1920\" \/>\n\t<meta property=\"og:image:height\" content=\"1280\" \/>\n\t<meta property=\"og:image:type\" content=\"image\/jpeg\" \/>\n<meta name=\"twitter:card\" content=\"summary_large_image\" \/>\n<meta name=\"twitter:label1\" content=\"Est. reading time\" \/>\n\t<meta name=\"twitter:data1\" content=\"2 minuuttia\" \/>\n<script type=\"application\/ld+json\" class=\"yoast-schema-graph\">{\"@context\":\"https:\\\/\\\/schema.org\",\"@graph\":[{\"@type\":\"WebPage\",\"@id\":\"https:\\\/\\\/igfgas.se\\\/fi\\\/konsulttipalvelut\\\/\",\"url\":\"https:\\\/\\\/igfgas.se\\\/fi\\\/konsulttipalvelut\\\/\",\"name\":\"Huolto ja tuki - IGF Biogas\",\"isPartOf\":{\"@id\":\"https:\\\/\\\/igfgas.se\\\/fi\\\/#website\"},\"primaryImageOfPage\":{\"@id\":\"https:\\\/\\\/igfgas.se\\\/fi\\\/konsulttipalvelut\\\/#primaryimage\"},\"image\":{\"@id\":\"https:\\\/\\\/igfgas.se\\\/fi\\\/konsulttipalvelut\\\/#primaryimage\"},\"thumbnailUrl\":\"https:\\\/\\\/igfgas.se\\\/wp-content\\\/uploads\\\/2024\\\/02\\\/IGF.jpg\",\"datePublished\":\"2024-03-06T19:59:00+00:00\",\"dateModified\":\"2025-09-22T07:28:47+00:00\",\"description\":\"T\u00e4ydellinen valikoima biokaasupalveluita laitoksesi tehokkuuden ja toimintavarmuuden varmistamiseksi. Ota yhteytt\u00e4 huolto- ja yll\u00e4pitopalveluihimme.\",\"breadcrumb\":{\"@id\":\"https:\\\/\\\/igfgas.se\\\/fi\\\/konsulttipalvelut\\\/#breadcrumb\"},\"inLanguage\":\"fi\",\"potentialAction\":[{\"@type\":\"ReadAction\",\"target\":[\"https:\\\/\\\/igfgas.se\\\/fi\\\/konsulttipalvelut\\\/\"]}]},{\"@type\":\"ImageObject\",\"inLanguage\":\"fi\",\"@id\":\"https:\\\/\\\/igfgas.se\\\/fi\\\/konsulttipalvelut\\\/#primaryimage\",\"url\":\"https:\\\/\\\/igfgas.se\\\/wp-content\\\/uploads\\\/2024\\\/02\\\/IGF.jpg\",\"contentUrl\":\"https:\\\/\\\/igfgas.se\\\/wp-content\\\/uploads\\\/2024\\\/02\\\/IGF.jpg\",\"width\":1920,\"height\":1280},{\"@type\":\"BreadcrumbList\",\"@id\":\"https:\\\/\\\/igfgas.se\\\/fi\\\/konsulttipalvelut\\\/#breadcrumb\",\"itemListElement\":[{\"@type\":\"ListItem\",\"position\":1,\"name\":\"Hem\",\"item\":\"https:\\\/\\\/igfgas.se\\\/fi\\\/\"},{\"@type\":\"ListItem\",\"position\":2,\"name\":\"Huolto ja tuki\"}]},{\"@type\":\"WebSite\",\"@id\":\"https:\\\/\\\/igfgas.se\\\/fi\\\/#website\",\"url\":\"https:\\\/\\\/igfgas.se\\\/fi\\\/\",\"name\":\"IGF Biogas\",\"description\":\"Ledande inom biogasteknik sedan 1930\",\"potentialAction\":[{\"@type\":\"SearchAction\",\"target\":{\"@type\":\"EntryPoint\",\"urlTemplate\":\"https:\\\/\\\/igfgas.se\\\/fi\\\/?s={search_term_string}\"},\"query-input\":{\"@type\":\"PropertyValueSpecification\",\"valueRequired\":true,\"valueName\":\"search_term_string\"}}],\"inLanguage\":\"fi\"}]}<\/script>\n<!-- \/ Yoast SEO plugin. -->","yoast_head_json":{"title":"Huolto ja tuki - IGF Biogas","description":"T\u00e4ydellinen valikoima biokaasupalveluita laitoksesi tehokkuuden ja toimintavarmuuden varmistamiseksi. Ota yhteytt\u00e4 huolto- ja yll\u00e4pitopalveluihimme.","robots":{"index":"index","follow":"follow","max-snippet":"max-snippet:-1","max-image-preview":"max-image-preview:large","max-video-preview":"max-video-preview:-1"},"canonical":"https:\/\/igfgas.se\/fi\/konsulttipalvelut\/","og_locale":"fi_FI","og_type":"article","og_title":"Huolto ja tuki - IGF Biogas","og_description":"T\u00e4ydellinen valikoima biokaasupalveluita laitoksesi tehokkuuden ja toimintavarmuuden varmistamiseksi. Ota yhteytt\u00e4 huolto- ja yll\u00e4pitopalveluihimme.","og_url":"https:\/\/igfgas.se\/fi\/konsulttipalvelut\/","og_site_name":"IGF Biogas","article_modified_time":"2025-09-22T07:28:47+00:00","og_image":[{"width":1920,"height":1280,"url":"https:\/\/igfgas.se\/wp-content\/uploads\/2024\/02\/IGF.jpg","type":"image\/jpeg"}],"twitter_card":"summary_large_image","twitter_misc":{"Est. reading time":"2 minuuttia"},"schema":{"@context":"https:\/\/schema.org","@graph":[{"@type":"WebPage","@id":"https:\/\/igfgas.se\/fi\/konsulttipalvelut\/","url":"https:\/\/igfgas.se\/fi\/konsulttipalvelut\/","name":"Huolto ja tuki - IGF Biogas","isPartOf":{"@id":"https:\/\/igfgas.se\/fi\/#website"},"primaryImageOfPage":{"@id":"https:\/\/igfgas.se\/fi\/konsulttipalvelut\/#primaryimage"},"image":{"@id":"https:\/\/igfgas.se\/fi\/konsulttipalvelut\/#primaryimage"},"thumbnailUrl":"https:\/\/igfgas.se\/wp-content\/uploads\/2024\/02\/IGF.jpg","datePublished":"2024-03-06T19:59:00+00:00","dateModified":"2025-09-22T07:28:47+00:00","description":"T\u00e4ydellinen valikoima biokaasupalveluita laitoksesi tehokkuuden ja toimintavarmuuden varmistamiseksi. Ota yhteytt\u00e4 huolto- ja yll\u00e4pitopalveluihimme.","breadcrumb":{"@id":"https:\/\/igfgas.se\/fi\/konsulttipalvelut\/#breadcrumb"},"inLanguage":"fi","potentialAction":[{"@type":"ReadAction","target":["https:\/\/igfgas.se\/fi\/konsulttipalvelut\/"]}]},{"@type":"ImageObject","inLanguage":"fi","@id":"https:\/\/igfgas.se\/fi\/konsulttipalvelut\/#primaryimage","url":"https:\/\/igfgas.se\/wp-content\/uploads\/2024\/02\/IGF.jpg","contentUrl":"https:\/\/igfgas.se\/wp-content\/uploads\/2024\/02\/IGF.jpg","width":1920,"height":1280},{"@type":"BreadcrumbList","@id":"https:\/\/igfgas.se\/fi\/konsulttipalvelut\/#breadcrumb","itemListElement":[{"@type":"ListItem","position":1,"name":"Hem","item":"https:\/\/igfgas.se\/fi\/"},{"@type":"ListItem","position":2,"name":"Huolto ja tuki"}]},{"@type":"WebSite","@id":"https:\/\/igfgas.se\/fi\/#website","url":"https:\/\/igfgas.se\/fi\/","name":"IGF Biogas","description":"Ledande inom biogasteknik sedan 1930","potentialAction":[{"@type":"SearchAction","target":{"@type":"EntryPoint","urlTemplate":"https:\/\/igfgas.se\/fi\/?s={search_term_string}"},"query-input":{"@type":"PropertyValueSpecification","valueRequired":true,"valueName":"search_term_string"}}],"inLanguage":"fi"}]}},"_links":{"self":[{"href":"https:\/\/igfgas.se\/fi\/wp-json\/wp\/v2\/pages\/3930","targetHints":{"allow":["GET"]}}],"collection":[{"href":"https:\/\/igfgas.se\/fi\/wp-json\/wp\/v2\/pages"}],"about":[{"href":"https:\/\/igfgas.se\/fi\/wp-json\/wp\/v2\/types\/page"}],"author":[{"embeddable":true,"href":"https:\/\/igfgas.se\/fi\/wp-json\/wp\/v2\/users\/7"}],"replies":[{"embeddable":true,"href":"https:\/\/igfgas.se\/fi\/wp-json\/wp\/v2\/comments?post=3930"}],"version-history":[{"count":0,"href":"https:\/\/igfgas.se\/fi\/wp-json\/wp\/v2\/pages\/3930\/revisions"}],"wp:featuredmedia":[{"embeddable":true,"href":"https:\/\/igfgas.se\/fi\/wp-json\/wp\/v2\/media\/3931"}],"wp:attachment":[{"href":"https:\/\/igfgas.se\/fi\/wp-json\/wp\/v2\/media?parent=3930"}],"curies":[{"name":"wp","href":"https:\/\/api.w.org\/{rel}","templated":true}]}}