{"id":3932,"date":"2024-03-06T20:59:44","date_gmt":"2024-03-06T19:59:44","guid":{"rendered":"https:\/\/igfgas1stg.wpenginepowered.com\/konsulttjanster\/service-underhall\/"},"modified":"2025-09-09T15:06:08","modified_gmt":"2025-09-09T13:06:08","slug":"huolto-ja-korjaus","status":"publish","type":"page","link":"https:\/\/igfgas.se\/fi\/konsulttipalvelut\/huolto-ja-korjaus\/","title":{"rendered":"Huolto"},"content":{"rendered":"<p>[et_pb_section fb_built=&#8221;1&#8243; module_class=&#8221;pa-custom-background-mask&#8221; _builder_version=&#8221;4.24.2&#8243; _module_preset=&#8221;default&#8221; background_image=&#8221;https:\/\/igfgas.se\/wp-content\/uploads\/2024\/03\/hero_service.jpg&#8221; background_position=&#8221;bottom_center&#8221; background_enable_video_mp4=&#8221;off&#8221; background_enable_mask_style=&#8221;on&#8221; global_colors_info=&#8221;{}&#8221;][et_pb_row column_structure=&#8221;2_3,1_3&#8243; _builder_version=&#8221;4.24.2&#8243; _module_preset=&#8221;default&#8221; global_colors_info=&#8221;{}&#8221;][et_pb_column type=&#8221;2_3&#8243; _builder_version=&#8221;4.24.2&#8243; _module_preset=&#8221;default&#8221; global_colors_info=&#8221;{}&#8221;][et_pb_text _builder_version=&#8221;4.27.4&#8243; _module_preset=&#8221;default&#8221; background_layout=&#8221;dark&#8221; global_colors_info=&#8221;{}&#8221;]<\/p>\n<h1>Palvelua vailla vertaa<\/h1>\n<p>IGF Biogasilla ymm\u00e4rr\u00e4mme s\u00e4\u00e4nn\u00f6llisen huollon ja ammattimaisen palvelun merkityksen sujuvan ja tehokkaan biokaasulaitoksen toiminnan varmistamiseksi. Tarjoamme laajat huolto- ja yll\u00e4pitopalvelut kaikille biokaasulaitoksesi kriittisille osille, mukaan lukien kaasupolttimet, kaasumoottorit, kaasus\u00e4ili\u00f6t sek\u00e4 muut t\u00e4rke\u00e4t komponentit. Asiantuntemuksemme takaa, ett\u00e4 laitoksesi toimii maksimaalisella tehokkuudella samalla minimoiden k\u00e4ytt\u00f6katkokset.<\/p>\n<p>[\/et_pb_text][\/et_pb_column][et_pb_column type=&#8221;1_3&#8243; _builder_version=&#8221;4.24.2&#8243; _module_preset=&#8221;default&#8221; z_index=&#8221;1&#8243; sticky_position=&#8221;top&#8221; sticky_position_tablet=&#8221;top&#8221; sticky_position_phone=&#8221;none&#8221; sticky_position_last_edited=&#8221;on|phone&#8221; global_colors_info=&#8221;{}&#8221;][et_pb_team_member name=&#8221;Magnus Cedfalck&#8221; position=&#8221;Myynti- ja markkinointivastaava&#8221; image_url=&#8221;https:\/\/igfgas.se\/wp-content\/uploads\/2024\/04\/magnus-cedfalck.jpg&#8221; admin_label=&#8221;CTA &#8211; Magnus Cedfalck&#8221; module_class=&#8221;kontaktperson&#8221; _builder_version=&#8221;4.27.4&#8243; _module_preset=&#8221;default&#8221; header_text_color=&#8221;#FFFFFF&#8221; header_font_size=&#8221;30px&#8221; body_text_color=&#8221;#FFFFFF&#8221; position_text_align=&#8221;center&#8221; position_text_color=&#8221;#FFFFFF&#8221; background_enable_color=&#8221;off&#8221; vertical_offset=&#8221;100px&#8221; horizontal_offset=&#8221;10%&#8221; text_orientation=&#8221;center&#8221; custom_padding=&#8221;20px|20px|20px|20px|false|false&#8221; saved_tabs=&#8221;all&#8221; global_colors_info=&#8221;{}&#8221; global_module=&#8221;3858&#8243; theme_builder_area=&#8221;post_content&#8221;]<\/p>\n<p><img decoding=\"async\" src=\"https:\/\/igfgas.se\/wp-content\/uploads\/2024\/03\/phone.svg\" width=\"15\" \/> 013-991 32 15<br \/><img decoding=\"async\" src=\"https:\/\/igfgas.se\/wp-content\/uploads\/2024\/03\/mail.svg\" width=\"15\" \/> <a href=\"mailto:magnus.cedfalck@igfgas.se\">magnus.cedfalck@igfgas.se<\/a><\/p>\n<p>[\/et_pb_team_member][\/et_pb_column][\/et_pb_row][\/et_pb_section][et_pb_section fb_built=&#8221;1&#8243; _builder_version=&#8221;4.24.2&#8243; _module_preset=&#8221;default&#8221; global_colors_info=&#8221;{}&#8221;][et_pb_row column_structure=&#8221;2_3,1_3&#8243; make_equal=&#8221;on&#8221; _builder_version=&#8221;4.24.2&#8243; _module_preset=&#8221;default&#8221; global_colors_info=&#8221;{}&#8221;][et_pb_column type=&#8221;2_3&#8243; _builder_version=&#8221;4.24.2&#8243; _module_preset=&#8221;default&#8221; global_colors_info=&#8221;{}&#8221;][et_pb_text admin_label=&#8221;Konsulttj\u00e4nster&#8221; _builder_version=&#8221;4.27.4&#8243; _module_preset=&#8221;default&#8221; global_colors_info=&#8221;{}&#8221;]<\/p>\n<h2>Asiantuntijatarkastukset ja ennaltaehk\u00e4isev\u00e4 huolto<\/h2>\n<p>Kokenut tiimimme tarjoaa s\u00e4\u00e4nn\u00f6llist\u00e4 huoltoa ja palvelua ongelmien ennaltaehk\u00e4isemiseksi jo ennen niiden ilmenemist\u00e4. Teemme yksityiskohtaisia tarkastuksia ja katselmuksia biokaasulaitoksessanne tunnistaaksemme varhaiset kulumisen tai vikojen merkit, jotka voisivat johtaa tuleviin k\u00e4ytt\u00f6katkoihin. Proaktiivinen toimintatapamme auttaa pident\u00e4m\u00e4\u00e4n laitoksen osien k\u00e4ytt\u00f6ik\u00e4\u00e4 ja varmistaa jatkuvan tuotannon.<\/p>\n<h2>Omanlainen huolto jokaiselle laitteen osalle<\/h2>\n<p>Tarjoamme erikoistuneita huoltopalveluja biokaasulaitoksen eri komponenteille. Olipa kyse kaasupolttimien toimintojen optimoinnista, kaasumoottoreiden huollosta maksimaalisen suorituskyvyn takaamiseksi tai kaasus\u00e4ili\u00f6iden turvallisuustarkastuksista, tiimill\u00e4mme on tarvittava tieto ja kokemus vastaamaan erityistarpeisiinne.<\/p>\n<h2>Tarkastukset ja katselmukset<\/h2>\n<p>Turvallisuus ja s\u00e4\u00e4d\u00f6sten noudattaminen ovat onnistuneen biokaasutuotannon kannalta ratkaisevia. Tarjoamme siksi perusteellisia tarkastuksia ja katselmuksia biokaasulaitoksille varmistaaksemme, ett\u00e4 kaikki laitteet ja rakenteet t\u00e4ytt\u00e4v\u00e4t korkeimmat standardit ja m\u00e4\u00e4r\u00e4ykset. N\u00e4iden tarkastusten avulla voimme tunnistaa mahdolliset riskit ja ehdottaa toimenpiteit\u00e4 turvallisen ty\u00f6ymp\u00e4rist\u00f6n yll\u00e4pit\u00e4miseksi.<\/p>\n<p>[\/et_pb_text][\/et_pb_column][et_pb_column type=&#8221;1_3&#8243; _builder_version=&#8221;4.24.2&#8243; _module_preset=&#8221;default&#8221; global_colors_info=&#8221;{}&#8221;][\/et_pb_column][\/et_pb_row][\/et_pb_section]<\/p>\n","protected":false},"excerpt":{"rendered":"<p>Palvelua vailla vertaa IGF Biogasilla ymm\u00e4rr\u00e4mme s\u00e4\u00e4nn\u00f6llisen huollon ja ammattimaisen palvelun merkityksen sujuvan ja tehokkaan biokaasulaitoksen toiminnan varmistamiseksi. Tarjoamme laajat huolto- ja yll\u00e4pitopalvelut kaikille biokaasulaitoksesi kriittisille osille, mukaan lukien kaasupolttimet, kaasumoottorit, kaasus\u00e4ili\u00f6t sek\u00e4 muut t\u00e4rke\u00e4t komponentit. Asiantuntemuksemme takaa, ett\u00e4 laitoksesi toimii maksimaalisella tehokkuudella samalla minimoiden k\u00e4ytt\u00f6katkokset. 013-991 32 15 magnus.cedfalck@igfgas.seAsiantuntijatarkastukset ja ennaltaehk\u00e4isev\u00e4 huolto Kokenut tiimimme [&hellip;]<\/p>\n","protected":false},"author":7,"featured_media":3933,"parent":3930,"menu_order":0,"comment_status":"closed","ping_status":"closed","template":"","meta":{"_acf_changed":false,"_et_pb_use_builder":"on","_et_pb_old_content":"<p>text<\/p>","_et_gb_content_width":"","inline_featured_image":false,"footnotes":""},"class_list":["post-3932","page","type-page","status-publish","has-post-thumbnail","hentry"],"acf":[],"yoast_head":"<!-- This site is optimized with the Yoast SEO plugin v27.3 - https:\/\/yoast.com\/product\/yoast-seo-wordpress\/ -->\n<title>Service ut\u00f6ver det vanliga<\/title>\n<meta name=\"robots\" content=\"index, follow, max-snippet:-1, max-image-preview:large, max-video-preview:-1\" \/>\n<link rel=\"canonical\" href=\"https:\/\/igfgas.se\/fi\/konsulttipalvelut\/huolto-ja-korjaus\/\" \/>\n<meta property=\"og:locale\" content=\"fi_FI\" \/>\n<meta property=\"og:type\" content=\"article\" \/>\n<meta property=\"og:title\" content=\"Service ut\u00f6ver det vanliga\" \/>\n<meta property=\"og:description\" content=\"Palvelua vailla vertaa IGF Biogasilla ymm\u00e4rr\u00e4mme s\u00e4\u00e4nn\u00f6llisen huollon ja ammattimaisen palvelun merkityksen sujuvan ja tehokkaan biokaasulaitoksen toiminnan varmistamiseksi. Tarjoamme laajat huolto- ja yll\u00e4pitopalvelut kaikille biokaasulaitoksesi kriittisille osille, mukaan lukien kaasupolttimet, kaasumoottorit, kaasus\u00e4ili\u00f6t sek\u00e4 muut t\u00e4rke\u00e4t komponentit. Asiantuntemuksemme takaa, ett\u00e4 laitoksesi toimii maksimaalisella tehokkuudella samalla minimoiden k\u00e4ytt\u00f6katkokset. 013-991 32 15 magnus.cedfalck@igfgas.seAsiantuntijatarkastukset ja ennaltaehk\u00e4isev\u00e4 huolto Kokenut tiimimme [&hellip;]\" \/>\n<meta property=\"og:url\" content=\"https:\/\/igfgas.se\/fi\/konsulttipalvelut\/huolto-ja-korjaus\/\" \/>\n<meta property=\"og:site_name\" content=\"IGF Biogas\" \/>\n<meta property=\"article:modified_time\" content=\"2025-09-09T13:06:08+00:00\" \/>\n<meta property=\"og:image\" content=\"https:\/\/igfgas.se\/wp-content\/uploads\/2024\/03\/hero_service.jpg\" \/>\n\t<meta property=\"og:image:width\" content=\"2400\" \/>\n\t<meta property=\"og:image:height\" content=\"1368\" \/>\n\t<meta property=\"og:image:type\" content=\"image\/jpeg\" \/>\n<meta name=\"twitter:card\" content=\"summary_large_image\" \/>\n<meta name=\"twitter:label1\" content=\"Est. reading time\" \/>\n\t<meta name=\"twitter:data1\" content=\"2 minuuttia\" \/>\n<script type=\"application\/ld+json\" class=\"yoast-schema-graph\">{\"@context\":\"https:\\\/\\\/schema.org\",\"@graph\":[{\"@type\":\"WebPage\",\"@id\":\"https:\\\/\\\/igfgas.se\\\/fi\\\/konsulttipalvelut\\\/huolto-ja-korjaus\\\/\",\"url\":\"https:\\\/\\\/igfgas.se\\\/fi\\\/konsulttipalvelut\\\/huolto-ja-korjaus\\\/\",\"name\":\"Service ut\u00f6ver det vanliga\",\"isPartOf\":{\"@id\":\"https:\\\/\\\/igfgas.se\\\/fi\\\/#website\"},\"primaryImageOfPage\":{\"@id\":\"https:\\\/\\\/igfgas.se\\\/fi\\\/konsulttipalvelut\\\/huolto-ja-korjaus\\\/#primaryimage\"},\"image\":{\"@id\":\"https:\\\/\\\/igfgas.se\\\/fi\\\/konsulttipalvelut\\\/huolto-ja-korjaus\\\/#primaryimage\"},\"thumbnailUrl\":\"https:\\\/\\\/igfgas.se\\\/wp-content\\\/uploads\\\/2024\\\/03\\\/hero_service.jpg\",\"datePublished\":\"2024-03-06T19:59:44+00:00\",\"dateModified\":\"2025-09-09T13:06:08+00:00\",\"breadcrumb\":{\"@id\":\"https:\\\/\\\/igfgas.se\\\/fi\\\/konsulttipalvelut\\\/huolto-ja-korjaus\\\/#breadcrumb\"},\"inLanguage\":\"fi\",\"potentialAction\":[{\"@type\":\"ReadAction\",\"target\":[\"https:\\\/\\\/igfgas.se\\\/fi\\\/konsulttipalvelut\\\/huolto-ja-korjaus\\\/\"]}]},{\"@type\":\"ImageObject\",\"inLanguage\":\"fi\",\"@id\":\"https:\\\/\\\/igfgas.se\\\/fi\\\/konsulttipalvelut\\\/huolto-ja-korjaus\\\/#primaryimage\",\"url\":\"https:\\\/\\\/igfgas.se\\\/wp-content\\\/uploads\\\/2024\\\/03\\\/hero_service.jpg\",\"contentUrl\":\"https:\\\/\\\/igfgas.se\\\/wp-content\\\/uploads\\\/2024\\\/03\\\/hero_service.jpg\",\"width\":2400,\"height\":1368},{\"@type\":\"BreadcrumbList\",\"@id\":\"https:\\\/\\\/igfgas.se\\\/fi\\\/konsulttipalvelut\\\/huolto-ja-korjaus\\\/#breadcrumb\",\"itemListElement\":[{\"@type\":\"ListItem\",\"position\":1,\"name\":\"Hem\",\"item\":\"https:\\\/\\\/igfgas.se\\\/fi\\\/\"},{\"@type\":\"ListItem\",\"position\":2,\"name\":\"Huolto ja tuki\",\"item\":\"https:\\\/\\\/igfgas.se\\\/fi\\\/konsulttipalvelut\\\/\"},{\"@type\":\"ListItem\",\"position\":3,\"name\":\"Huolto\"}]},{\"@type\":\"WebSite\",\"@id\":\"https:\\\/\\\/igfgas.se\\\/fi\\\/#website\",\"url\":\"https:\\\/\\\/igfgas.se\\\/fi\\\/\",\"name\":\"IGF Biogas\",\"description\":\"Ledande inom biogasteknik sedan 1930\",\"potentialAction\":[{\"@type\":\"SearchAction\",\"target\":{\"@type\":\"EntryPoint\",\"urlTemplate\":\"https:\\\/\\\/igfgas.se\\\/fi\\\/?s={search_term_string}\"},\"query-input\":{\"@type\":\"PropertyValueSpecification\",\"valueRequired\":true,\"valueName\":\"search_term_string\"}}],\"inLanguage\":\"fi\"}]}<\/script>\n<!-- \/ Yoast SEO plugin. -->","yoast_head_json":{"title":"Service ut\u00f6ver det vanliga","robots":{"index":"index","follow":"follow","max-snippet":"max-snippet:-1","max-image-preview":"max-image-preview:large","max-video-preview":"max-video-preview:-1"},"canonical":"https:\/\/igfgas.se\/fi\/konsulttipalvelut\/huolto-ja-korjaus\/","og_locale":"fi_FI","og_type":"article","og_title":"Service ut\u00f6ver det vanliga","og_description":"Palvelua vailla vertaa IGF Biogasilla ymm\u00e4rr\u00e4mme s\u00e4\u00e4nn\u00f6llisen huollon ja ammattimaisen palvelun merkityksen sujuvan ja tehokkaan biokaasulaitoksen toiminnan varmistamiseksi. Tarjoamme laajat huolto- ja yll\u00e4pitopalvelut kaikille biokaasulaitoksesi kriittisille osille, mukaan lukien kaasupolttimet, kaasumoottorit, kaasus\u00e4ili\u00f6t sek\u00e4 muut t\u00e4rke\u00e4t komponentit. Asiantuntemuksemme takaa, ett\u00e4 laitoksesi toimii maksimaalisella tehokkuudella samalla minimoiden k\u00e4ytt\u00f6katkokset. 013-991 32 15 magnus.cedfalck@igfgas.seAsiantuntijatarkastukset ja ennaltaehk\u00e4isev\u00e4 huolto Kokenut tiimimme [&hellip;]","og_url":"https:\/\/igfgas.se\/fi\/konsulttipalvelut\/huolto-ja-korjaus\/","og_site_name":"IGF Biogas","article_modified_time":"2025-09-09T13:06:08+00:00","og_image":[{"width":2400,"height":1368,"url":"https:\/\/igfgas.se\/wp-content\/uploads\/2024\/03\/hero_service.jpg","type":"image\/jpeg"}],"twitter_card":"summary_large_image","twitter_misc":{"Est. reading time":"2 minuuttia"},"schema":{"@context":"https:\/\/schema.org","@graph":[{"@type":"WebPage","@id":"https:\/\/igfgas.se\/fi\/konsulttipalvelut\/huolto-ja-korjaus\/","url":"https:\/\/igfgas.se\/fi\/konsulttipalvelut\/huolto-ja-korjaus\/","name":"Service ut\u00f6ver det vanliga","isPartOf":{"@id":"https:\/\/igfgas.se\/fi\/#website"},"primaryImageOfPage":{"@id":"https:\/\/igfgas.se\/fi\/konsulttipalvelut\/huolto-ja-korjaus\/#primaryimage"},"image":{"@id":"https:\/\/igfgas.se\/fi\/konsulttipalvelut\/huolto-ja-korjaus\/#primaryimage"},"thumbnailUrl":"https:\/\/igfgas.se\/wp-content\/uploads\/2024\/03\/hero_service.jpg","datePublished":"2024-03-06T19:59:44+00:00","dateModified":"2025-09-09T13:06:08+00:00","breadcrumb":{"@id":"https:\/\/igfgas.se\/fi\/konsulttipalvelut\/huolto-ja-korjaus\/#breadcrumb"},"inLanguage":"fi","potentialAction":[{"@type":"ReadAction","target":["https:\/\/igfgas.se\/fi\/konsulttipalvelut\/huolto-ja-korjaus\/"]}]},{"@type":"ImageObject","inLanguage":"fi","@id":"https:\/\/igfgas.se\/fi\/konsulttipalvelut\/huolto-ja-korjaus\/#primaryimage","url":"https:\/\/igfgas.se\/wp-content\/uploads\/2024\/03\/hero_service.jpg","contentUrl":"https:\/\/igfgas.se\/wp-content\/uploads\/2024\/03\/hero_service.jpg","width":2400,"height":1368},{"@type":"BreadcrumbList","@id":"https:\/\/igfgas.se\/fi\/konsulttipalvelut\/huolto-ja-korjaus\/#breadcrumb","itemListElement":[{"@type":"ListItem","position":1,"name":"Hem","item":"https:\/\/igfgas.se\/fi\/"},{"@type":"ListItem","position":2,"name":"Huolto ja tuki","item":"https:\/\/igfgas.se\/fi\/konsulttipalvelut\/"},{"@type":"ListItem","position":3,"name":"Huolto"}]},{"@type":"WebSite","@id":"https:\/\/igfgas.se\/fi\/#website","url":"https:\/\/igfgas.se\/fi\/","name":"IGF Biogas","description":"Ledande inom biogasteknik sedan 1930","potentialAction":[{"@type":"SearchAction","target":{"@type":"EntryPoint","urlTemplate":"https:\/\/igfgas.se\/fi\/?s={search_term_string}"},"query-input":{"@type":"PropertyValueSpecification","valueRequired":true,"valueName":"search_term_string"}}],"inLanguage":"fi"}]}},"_links":{"self":[{"href":"https:\/\/igfgas.se\/fi\/wp-json\/wp\/v2\/pages\/3932","targetHints":{"allow":["GET"]}}],"collection":[{"href":"https:\/\/igfgas.se\/fi\/wp-json\/wp\/v2\/pages"}],"about":[{"href":"https:\/\/igfgas.se\/fi\/wp-json\/wp\/v2\/types\/page"}],"author":[{"embeddable":true,"href":"https:\/\/igfgas.se\/fi\/wp-json\/wp\/v2\/users\/7"}],"replies":[{"embeddable":true,"href":"https:\/\/igfgas.se\/fi\/wp-json\/wp\/v2\/comments?post=3932"}],"version-history":[{"count":0,"href":"https:\/\/igfgas.se\/fi\/wp-json\/wp\/v2\/pages\/3932\/revisions"}],"up":[{"embeddable":true,"href":"https:\/\/igfgas.se\/fi\/wp-json\/wp\/v2\/pages\/3930"}],"wp:featuredmedia":[{"embeddable":true,"href":"https:\/\/igfgas.se\/fi\/wp-json\/wp\/v2\/media\/3933"}],"wp:attachment":[{"href":"https:\/\/igfgas.se\/fi\/wp-json\/wp\/v2\/media?parent=3932"}],"curies":[{"name":"wp","href":"https:\/\/api.w.org\/{rel}","templated":true}]}}