{"id":3934,"date":"2022-12-05T08:56:32","date_gmt":"2022-12-05T07:56:32","guid":{"rendered":"https:\/\/igfgas1stg.wpenginepowered.com\/konsulttjanster\/projektering\/"},"modified":"2025-09-09T15:06:47","modified_gmt":"2025-09-09T13:06:47","slug":"projektointi","status":"publish","type":"page","link":"https:\/\/igfgas.se\/fi\/konsulttipalvelut\/projektointi\/","title":{"rendered":"Konsultti"},"content":{"rendered":"<p>[et_pb_section fb_built=&#8221;1&#8243; module_class=&#8221;pa-custom-background-mask&#8221; _builder_version=&#8221;4.24.2&#8243; _module_preset=&#8221;default&#8221; background_image=&#8221;https:\/\/igfgas.se\/wp-content\/uploads\/2024\/03\/hero_service.jpg&#8221; background_position=&#8221;bottom_center&#8221; background_enable_video_mp4=&#8221;off&#8221; background_enable_mask_style=&#8221;on&#8221; global_colors_info=&#8221;{}&#8221;][et_pb_row column_structure=&#8221;2_3,1_3&#8243; _builder_version=&#8221;4.24.2&#8243; _module_preset=&#8221;default&#8221; global_colors_info=&#8221;{}&#8221;][et_pb_column type=&#8221;2_3&#8243; _builder_version=&#8221;4.24.2&#8243; _module_preset=&#8221;default&#8221; global_colors_info=&#8221;{}&#8221;][et_pb_text _builder_version=&#8221;4.27.4&#8243; _module_preset=&#8221;default&#8221; background_layout=&#8221;dark&#8221; global_colors_info=&#8221;{}&#8221;]<\/p>\n<h1>Asiantuntijakonsultointia biokaasun alalla<\/h1>\n<p>IGF Biogas yhdist\u00e4\u00e4 syv\u00e4llisen teknisen osaamisen ja laajan k\u00e4yt\u00e4nn\u00f6n kokemuksen biokaasulaitoksista tarjotakseen alan johtavia konsulttipalveluita. Tavoitteenamme on varmistaa, ett\u00e4 jokainen biokaasulaitoksesi osa-alue ei ainoastaan t\u00e4yt\u00e4, vaan ylitt\u00e4\u00e4 tehokkuuden, turvallisuuden ja ymp\u00e4rist\u00f6vaikutusten tiukimmatkin standardit.<\/p>\n<p>[\/et_pb_text][\/et_pb_column][et_pb_column type=&#8221;1_3&#8243; _builder_version=&#8221;4.24.2&#8243; _module_preset=&#8221;default&#8221; z_index=&#8221;1&#8243; sticky_position=&#8221;top&#8221; sticky_position_tablet=&#8221;top&#8221; sticky_position_phone=&#8221;none&#8221; sticky_position_last_edited=&#8221;on|phone&#8221; global_colors_info=&#8221;{}&#8221;][et_pb_team_member name=&#8221;Magnus Cedfalck&#8221; position=&#8221;Myynti- ja markkinointivastaava&#8221; image_url=&#8221;https:\/\/igfgas.se\/wp-content\/uploads\/2024\/04\/magnus-cedfalck.jpg&#8221; admin_label=&#8221;CTA &#8211; Magnus Cedfalck&#8221; module_class=&#8221;kontaktperson&#8221; _builder_version=&#8221;4.27.4&#8243; _module_preset=&#8221;default&#8221; header_text_color=&#8221;#FFFFFF&#8221; header_font_size=&#8221;30px&#8221; body_text_color=&#8221;#FFFFFF&#8221; position_text_align=&#8221;center&#8221; position_text_color=&#8221;#FFFFFF&#8221; background_enable_color=&#8221;off&#8221; vertical_offset=&#8221;100px&#8221; horizontal_offset=&#8221;10%&#8221; text_orientation=&#8221;center&#8221; custom_padding=&#8221;20px|20px|20px|20px|false|false&#8221; saved_tabs=&#8221;all&#8221; global_colors_info=&#8221;{}&#8221; global_module=&#8221;3858&#8243; theme_builder_area=&#8221;post_content&#8221;]<\/p>\n<p><img decoding=\"async\" src=\"https:\/\/igfgas.se\/wp-content\/uploads\/2024\/03\/phone.svg\" width=\"15\" \/> 013-991 32 15<br \/><img decoding=\"async\" src=\"https:\/\/igfgas.se\/wp-content\/uploads\/2024\/03\/mail.svg\" width=\"15\" \/> <a href=\"mailto:magnus.cedfalck@igfgas.se\">magnus.cedfalck@igfgas.se<\/a><\/p>\n<p>[\/et_pb_team_member][\/et_pb_column][\/et_pb_row][\/et_pb_section][et_pb_section fb_built=&#8221;1&#8243; _builder_version=&#8221;4.24.2&#8243; _module_preset=&#8221;default&#8221; global_colors_info=&#8221;{}&#8221;][et_pb_row column_structure=&#8221;2_3,1_3&#8243; make_equal=&#8221;on&#8221; _builder_version=&#8221;4.24.2&#8243; _module_preset=&#8221;default&#8221; global_colors_info=&#8221;{}&#8221;][et_pb_column type=&#8221;2_3&#8243; _builder_version=&#8221;4.24.2&#8243; _module_preset=&#8221;default&#8221; global_colors_info=&#8221;{}&#8221;][et_pb_text admin_label=&#8221;Konsulttj\u00e4nster&#8221; _builder_version=&#8221;4.27.4&#8243; _module_preset=&#8221;default&#8221; global_colors_info=&#8221;{}&#8221;]<\/p>\n<h2>Huolto ja yll\u00e4pito<\/h2>\n<p>Asiantuntemuksemme kattaa kaikkien laitoksen osien, kuten polttimien, kaasumoottoreiden ja kaasus\u00e4ili\u00f6iden huollon ja yll\u00e4pidon. S\u00e4\u00e4nn\u00f6llisten tarkastusten ja katselmusten avulla varmistamme, ett\u00e4 laitoksenne toimii mahdollisimman tehokkaasti minimoiden k\u00e4ytt\u00f6katkokset.<\/p>\n<h2>Luvat ja s\u00e4\u00e4d\u00f6kset<\/h2>\n<p>Meill\u00e4 on laaja tiet\u00e4mys asiaankuuluvasta lains\u00e4\u00e4d\u00e4nn\u00f6st\u00e4 ja s\u00e4\u00e4d\u00f6ksist\u00e4, mukaan lukien rakennusluvat, ymp\u00e4rist\u00f6luvat, r\u00e4j\u00e4hdys- ja palovaarallisten aineiden m\u00e4\u00e4r\u00e4ykset, Seveso-direktiivi ja ATEX. Tiimimme hallitsee n\u00e4m\u00e4 monimutkaiset alueet varmistaakseen, ett\u00e4 biokaasulaitoksenne t\u00e4ytt\u00e4\u00e4 kaikki lupavaatimukset ja on valmistautunut tulevaan s\u00e4\u00e4ntelyyn.<\/p>\n<h2>Tekninen suunnittelu ja projektointi<\/h2>\n<p>Asiantuntemuksemme kattaa my\u00f6s uusien biokaasulaitosten teknisen suunnittelun, mukaan lukien teknisen dokumentaation laatimisen, hankinnat, toimittajien valinnan sek\u00e4 kaasuturvallisuus- ja lupavaatimusten huomioimisen. Meill\u00e4 on my\u00f6s osaaminen s\u00e4hk\u00f6iseen projektointiin sek\u00e4 ohjaus- ja automaatioj\u00e4rjestelmiin niin uusille kuin olemassa oleville laitoksille, mik\u00e4 varmistaa, ett\u00e4 teknologia on paitsi tehokasta my\u00f6s kest\u00e4v\u00e4\u00e4 ja joustavaa.<\/p>\n<h2>Projektinhallinta<\/h2>\n<p>IGF Biogas ottaa projektinjohtovastuun uusien laitosten suunnittelusta, asennuksesta ja k\u00e4ytt\u00f6\u00f6notosta sek\u00e4 olemassa olevien laajennuksista tai muutoksista. Lis\u00e4ksi johdamme k\u00e4ytt\u00f6- ja yll\u00e4pitoprojekteja suorituskyvyn optimoimiseksi ja laitoksen k\u00e4ytt\u00f6i\u00e4n pident\u00e4miseksi. Tiimimme ty\u00f6skentelee tiiviisti kanssanne koko prosessin ajan varmistaakseen menestyksen jokaisessa projektin vaiheessa.<\/p>\n<p>IGF Biogas tarjoaa konsulttipalveluita, jotka kattavat kaiken alkaen perustason yll\u00e4pidosta edistyneeseen tekniseen suunnitteluun ja projektinhallintaan, kaikki pohjautuen vahvaan lains\u00e4\u00e4d\u00e4nt\u00f6\u00f6n ja turvallisuusstandardeihin. Sitoutumisemme laatuun ja turvallisuuteen yhdistettyn\u00e4 laajaan kokemukseemme takaa, ett\u00e4 projektinne toteutetaan menestyksekk\u00e4\u00e4sti, riippumatta laajuudesta tai monimutkaisuudesta. Ota yhteytt\u00e4 keskustellaksesi, kuinka voimme tukea seuraavaa biokaasuprojektianne.<\/p>\n<p>[\/et_pb_text][\/et_pb_column][et_pb_column type=&#8221;1_3&#8243; _builder_version=&#8221;4.24.2&#8243; _module_preset=&#8221;default&#8221; global_colors_info=&#8221;{}&#8221;][\/et_pb_column][\/et_pb_row][\/et_pb_section]<\/p>\n","protected":false},"excerpt":{"rendered":"<p>Asiantuntijakonsultointia biokaasun alalla IGF Biogas yhdist\u00e4\u00e4 syv\u00e4llisen teknisen osaamisen ja laajan k\u00e4yt\u00e4nn\u00f6n kokemuksen biokaasulaitoksista tarjotakseen alan johtavia konsulttipalveluita. Tavoitteenamme on varmistaa, ett\u00e4 jokainen biokaasulaitoksesi osa-alue ei ainoastaan t\u00e4yt\u00e4, vaan ylitt\u00e4\u00e4 tehokkuuden, turvallisuuden ja ymp\u00e4rist\u00f6vaikutusten tiukimmatkin standardit. 013-991 32 15 magnus.cedfalck@igfgas.seHuolto ja yll\u00e4pito Asiantuntemuksemme kattaa kaikkien laitoksen osien, kuten polttimien, kaasumoottoreiden ja kaasus\u00e4ili\u00f6iden huollon ja yll\u00e4pidon. [&hellip;]<\/p>\n","protected":false},"author":8,"featured_media":3933,"parent":3930,"menu_order":0,"comment_status":"closed","ping_status":"closed","template":"","meta":{"_acf_changed":false,"_et_pb_use_builder":"on","_et_pb_old_content":"<section id=\"\" class=\"fw-main-row  \">\r\n\t<div class=\"fw-container\">\r\n\t\t<div class=\"fw-row\">\r\n\t<div class=\"fw-col-xs-12 fw-col-sm-8\">\r\n\t<h3>KONSULTTJ\u00c4NSTER<\/h3><p>Inom IGF Biogas finns kompetens fr\u00e5n mer \u00e4n 15 \u00e5rs erfarenhet av design, byggnation och drift av biogasanl\u00e4ggningar. Vi har drifterfarenhet av sm\u00e5skalig biogasproduktion p\u00e5 g\u00e5rdsniv\u00e5, s\u00e5v\u00e4l som p\u00e5 storskalig och industriell niv\u00e5. Erfarenheten kommer fr\u00e5n tidigare anst\u00e4llningar p\u00e5 biogasproduktionsbolag, med specialistkompetens kring hur driftst\u00f6rningar kan f\u00f6rebyggas och \u00e5tg\u00e4rdas.<\/p><p>Detta vid sidan om erfarenhet av hur ombyggnation och kapacitets\u00f6kningar kan genomf\u00f6ras p\u00e5 befintliga biogasanl\u00e4ggningar under drift. IGF Biogas har tecknat supportavtal med flera av Sveriges st\u00f6rre biogasproducenter, d\u00e4r vi har distanssupport f\u00f6r biogasanl\u00e4ggningens styrsystem samt \u00f6vrig teknisk support.<\/p><\/div>\r\n<div class=\"fw-col-xs-12 fw-col-sm-4\">\r\n\t<img src=\"\/\/igfgas.se\/wp-content\/uploads\/2022\/12\/igf-biogas-ventil.jpg\" alt=\"\/\/igfgas.se\/wp-content\/uploads\/2022\/12\/igf-biogas-ventil.jpg\" \/><\/div>\r\n<\/div>\r\n\r\n\t<\/div>\r\n<\/section>\r\n<section id=\"\" class=\"fw-main-row  \">\r\n\t<div class=\"fw-container\">\r\n\t\t<div class=\"fw-row\">\r\n\t<div class=\"fw-col-xs-12 fw-col-sm-4\">\r\n\t<img src=\"\/\/igfgas.se\/wp-content\/uploads\/2022\/12\/igf-biogas-restprodukt.jpg\" alt=\"\/\/igfgas.se\/wp-content\/uploads\/2022\/12\/igf-biogas-restprodukt.jpg\" \/><\/div>\r\n<div class=\"fw-col-xs-12 fw-col-sm-8\">\r\n\t<p><strong>IGF Biogas erbjuder f\u00f6ljande konsulttj\u00e4nster:<\/strong><\/p><ul class=\"igf-ul\"><li>Service och underh\u00e5ll av befintliga anl\u00e4ggningsdelar p\u00e5 biogasanl\u00e4ggningar s\u00e5 som facklor, gasmotorer och gaslager samt besiktningar\/inspektioner av biogasanl\u00e4ggningar.<\/li><li>Kunskap och erfarenhet inom omr\u00e5dena tillst\u00e5nd r\u00f6rande exempelvis bygglov, milj\u00f6balken, Lagen om explosiva och brandfarliga varor, Seveso och ATEX-fr\u00e5gor.<\/li><li>Kunskap och erfarenhet teknisk design av nya biogasanl\u00e4ggningar r\u00f6rande exempelvis framtagande av teknisk dokumentation, upphandling, leverant\u00f6rsval, gass\u00e4kerhet, teknisk anpassning efter tillst\u00e5ndskrav.<\/li><li>Kunskap och erfarenhet av elektrisk projektering samt styr och automation, r\u00f6rande b\u00e5de nya biogasanl\u00e4ggningar och modifieringar eller expansion av befintliga biogasanl\u00e4ggningar.<\/li><li>Projektledaransvar f\u00f6r design, installation och drifts\u00e4ttning f\u00f6r nya anl\u00e4ggningar eller modifieringar av befintliga anl\u00e4ggningar samt driva drift- och underh\u00e5llsrelaterade projekt p\u00e5 befintliga anl\u00e4ggningar.<\/li><\/ul><\/div>\r\n<\/div>\r\n\r\n\t<\/div>\r\n<\/section>\r\n<section id=\"\" class=\"fw-main-row  \">\r\n\t<div class=\"fw-container\">\r\n\t\t<div class=\"fw-row\">\r\n\t<div class=\"fw-col-xs-12 fw-col-sm-8\">\r\n\t<img src=\"\/\/igfgas.se\/wp-content\/uploads\/2022\/12\/igf-biogas-skiss.jpg\" alt=\"\/\/igfgas.se\/wp-content\/uploads\/2022\/12\/igf-biogas-skiss.jpg\" \/><\/div>\r\n<div class=\"fw-col-xs-12 fw-col-sm-4\">\r\n\t<\/div>\r\n<\/div>\r\n\r\n\t<\/div>\r\n<\/section>\r\n\r\n\r\n<!-- fa4c239f07c3b34e8f4b508383acef68 -->","_et_gb_content_width":"","inline_featured_image":false,"footnotes":""},"class_list":["post-3934","page","type-page","status-publish","has-post-thumbnail","hentry"],"acf":[],"yoast_head":"<!-- This site is optimized with the Yoast SEO plugin v27.3 - https:\/\/yoast.com\/product\/yoast-seo-wordpress\/ -->\n<title>Asiantuntijakonsultointi biokaasun alalla<\/title>\n<meta name=\"description\" content=\"Hy\u00f6dynn\u00e4 asiantuntemustamme biokaasun alalla. Konsulttipalvelut suunnitteluun, k\u00e4ytt\u00f6\u00f6n ja optimointiin.\" \/>\n<meta name=\"robots\" content=\"index, follow, max-snippet:-1, max-image-preview:large, max-video-preview:-1\" \/>\n<link rel=\"canonical\" href=\"https:\/\/igfgas.se\/fi\/konsulttipalvelut\/projektointi\/\" \/>\n<meta property=\"og:locale\" content=\"fi_FI\" \/>\n<meta property=\"og:type\" content=\"article\" \/>\n<meta property=\"og:title\" content=\"Asiantuntijakonsultointi biokaasun alalla\" \/>\n<meta property=\"og:description\" content=\"Hy\u00f6dynn\u00e4 asiantuntemustamme biokaasun alalla. Konsulttipalvelut suunnitteluun, k\u00e4ytt\u00f6\u00f6n ja optimointiin.\" \/>\n<meta property=\"og:url\" content=\"https:\/\/igfgas.se\/fi\/konsulttipalvelut\/projektointi\/\" \/>\n<meta property=\"og:site_name\" content=\"IGF Biogas\" \/>\n<meta property=\"article:modified_time\" content=\"2025-09-09T13:06:47+00:00\" \/>\n<meta property=\"og:image\" content=\"https:\/\/igfgas.se\/wp-content\/uploads\/2024\/03\/hero_service.jpg\" \/>\n\t<meta property=\"og:image:width\" content=\"2400\" \/>\n\t<meta property=\"og:image:height\" content=\"1368\" \/>\n\t<meta property=\"og:image:type\" content=\"image\/jpeg\" \/>\n<meta name=\"twitter:card\" content=\"summary_large_image\" \/>\n<meta name=\"twitter:label1\" content=\"Est. reading time\" \/>\n\t<meta name=\"twitter:data1\" content=\"3 minuuttia\" \/>\n<script type=\"application\/ld+json\" class=\"yoast-schema-graph\">{\"@context\":\"https:\\\/\\\/schema.org\",\"@graph\":[{\"@type\":\"WebPage\",\"@id\":\"https:\\\/\\\/igfgas.se\\\/fi\\\/konsulttipalvelut\\\/projektointi\\\/\",\"url\":\"https:\\\/\\\/igfgas.se\\\/fi\\\/konsulttipalvelut\\\/projektointi\\\/\",\"name\":\"Asiantuntijakonsultointi biokaasun alalla\",\"isPartOf\":{\"@id\":\"https:\\\/\\\/igfgas.se\\\/fi\\\/#website\"},\"primaryImageOfPage\":{\"@id\":\"https:\\\/\\\/igfgas.se\\\/fi\\\/konsulttipalvelut\\\/projektointi\\\/#primaryimage\"},\"image\":{\"@id\":\"https:\\\/\\\/igfgas.se\\\/fi\\\/konsulttipalvelut\\\/projektointi\\\/#primaryimage\"},\"thumbnailUrl\":\"https:\\\/\\\/igfgas.se\\\/wp-content\\\/uploads\\\/2024\\\/03\\\/hero_service.jpg\",\"datePublished\":\"2022-12-05T07:56:32+00:00\",\"dateModified\":\"2025-09-09T13:06:47+00:00\",\"description\":\"Hy\u00f6dynn\u00e4 asiantuntemustamme biokaasun alalla. Konsulttipalvelut suunnitteluun, k\u00e4ytt\u00f6\u00f6n ja optimointiin.\",\"breadcrumb\":{\"@id\":\"https:\\\/\\\/igfgas.se\\\/fi\\\/konsulttipalvelut\\\/projektointi\\\/#breadcrumb\"},\"inLanguage\":\"fi\",\"potentialAction\":[{\"@type\":\"ReadAction\",\"target\":[\"https:\\\/\\\/igfgas.se\\\/fi\\\/konsulttipalvelut\\\/projektointi\\\/\"]}]},{\"@type\":\"ImageObject\",\"inLanguage\":\"fi\",\"@id\":\"https:\\\/\\\/igfgas.se\\\/fi\\\/konsulttipalvelut\\\/projektointi\\\/#primaryimage\",\"url\":\"https:\\\/\\\/igfgas.se\\\/wp-content\\\/uploads\\\/2024\\\/03\\\/hero_service.jpg\",\"contentUrl\":\"https:\\\/\\\/igfgas.se\\\/wp-content\\\/uploads\\\/2024\\\/03\\\/hero_service.jpg\",\"width\":2400,\"height\":1368},{\"@type\":\"BreadcrumbList\",\"@id\":\"https:\\\/\\\/igfgas.se\\\/fi\\\/konsulttipalvelut\\\/projektointi\\\/#breadcrumb\",\"itemListElement\":[{\"@type\":\"ListItem\",\"position\":1,\"name\":\"Hem\",\"item\":\"https:\\\/\\\/igfgas.se\\\/fi\\\/\"},{\"@type\":\"ListItem\",\"position\":2,\"name\":\"Huolto ja tuki\",\"item\":\"https:\\\/\\\/igfgas.se\\\/fi\\\/konsulttipalvelut\\\/\"},{\"@type\":\"ListItem\",\"position\":3,\"name\":\"Konsultti\"}]},{\"@type\":\"WebSite\",\"@id\":\"https:\\\/\\\/igfgas.se\\\/fi\\\/#website\",\"url\":\"https:\\\/\\\/igfgas.se\\\/fi\\\/\",\"name\":\"IGF Biogas\",\"description\":\"Ledande inom biogasteknik sedan 1930\",\"potentialAction\":[{\"@type\":\"SearchAction\",\"target\":{\"@type\":\"EntryPoint\",\"urlTemplate\":\"https:\\\/\\\/igfgas.se\\\/fi\\\/?s={search_term_string}\"},\"query-input\":{\"@type\":\"PropertyValueSpecification\",\"valueRequired\":true,\"valueName\":\"search_term_string\"}}],\"inLanguage\":\"fi\"}]}<\/script>\n<!-- \/ Yoast SEO plugin. -->","yoast_head_json":{"title":"Asiantuntijakonsultointi biokaasun alalla","description":"Hy\u00f6dynn\u00e4 asiantuntemustamme biokaasun alalla. Konsulttipalvelut suunnitteluun, k\u00e4ytt\u00f6\u00f6n ja optimointiin.","robots":{"index":"index","follow":"follow","max-snippet":"max-snippet:-1","max-image-preview":"max-image-preview:large","max-video-preview":"max-video-preview:-1"},"canonical":"https:\/\/igfgas.se\/fi\/konsulttipalvelut\/projektointi\/","og_locale":"fi_FI","og_type":"article","og_title":"Asiantuntijakonsultointi biokaasun alalla","og_description":"Hy\u00f6dynn\u00e4 asiantuntemustamme biokaasun alalla. Konsulttipalvelut suunnitteluun, k\u00e4ytt\u00f6\u00f6n ja optimointiin.","og_url":"https:\/\/igfgas.se\/fi\/konsulttipalvelut\/projektointi\/","og_site_name":"IGF Biogas","article_modified_time":"2025-09-09T13:06:47+00:00","og_image":[{"width":2400,"height":1368,"url":"https:\/\/igfgas.se\/wp-content\/uploads\/2024\/03\/hero_service.jpg","type":"image\/jpeg"}],"twitter_card":"summary_large_image","twitter_misc":{"Est. reading time":"3 minuuttia"},"schema":{"@context":"https:\/\/schema.org","@graph":[{"@type":"WebPage","@id":"https:\/\/igfgas.se\/fi\/konsulttipalvelut\/projektointi\/","url":"https:\/\/igfgas.se\/fi\/konsulttipalvelut\/projektointi\/","name":"Asiantuntijakonsultointi biokaasun alalla","isPartOf":{"@id":"https:\/\/igfgas.se\/fi\/#website"},"primaryImageOfPage":{"@id":"https:\/\/igfgas.se\/fi\/konsulttipalvelut\/projektointi\/#primaryimage"},"image":{"@id":"https:\/\/igfgas.se\/fi\/konsulttipalvelut\/projektointi\/#primaryimage"},"thumbnailUrl":"https:\/\/igfgas.se\/wp-content\/uploads\/2024\/03\/hero_service.jpg","datePublished":"2022-12-05T07:56:32+00:00","dateModified":"2025-09-09T13:06:47+00:00","description":"Hy\u00f6dynn\u00e4 asiantuntemustamme biokaasun alalla. Konsulttipalvelut suunnitteluun, k\u00e4ytt\u00f6\u00f6n ja optimointiin.","breadcrumb":{"@id":"https:\/\/igfgas.se\/fi\/konsulttipalvelut\/projektointi\/#breadcrumb"},"inLanguage":"fi","potentialAction":[{"@type":"ReadAction","target":["https:\/\/igfgas.se\/fi\/konsulttipalvelut\/projektointi\/"]}]},{"@type":"ImageObject","inLanguage":"fi","@id":"https:\/\/igfgas.se\/fi\/konsulttipalvelut\/projektointi\/#primaryimage","url":"https:\/\/igfgas.se\/wp-content\/uploads\/2024\/03\/hero_service.jpg","contentUrl":"https:\/\/igfgas.se\/wp-content\/uploads\/2024\/03\/hero_service.jpg","width":2400,"height":1368},{"@type":"BreadcrumbList","@id":"https:\/\/igfgas.se\/fi\/konsulttipalvelut\/projektointi\/#breadcrumb","itemListElement":[{"@type":"ListItem","position":1,"name":"Hem","item":"https:\/\/igfgas.se\/fi\/"},{"@type":"ListItem","position":2,"name":"Huolto ja tuki","item":"https:\/\/igfgas.se\/fi\/konsulttipalvelut\/"},{"@type":"ListItem","position":3,"name":"Konsultti"}]},{"@type":"WebSite","@id":"https:\/\/igfgas.se\/fi\/#website","url":"https:\/\/igfgas.se\/fi\/","name":"IGF Biogas","description":"Ledande inom biogasteknik sedan 1930","potentialAction":[{"@type":"SearchAction","target":{"@type":"EntryPoint","urlTemplate":"https:\/\/igfgas.se\/fi\/?s={search_term_string}"},"query-input":{"@type":"PropertyValueSpecification","valueRequired":true,"valueName":"search_term_string"}}],"inLanguage":"fi"}]}},"_links":{"self":[{"href":"https:\/\/igfgas.se\/fi\/wp-json\/wp\/v2\/pages\/3934","targetHints":{"allow":["GET"]}}],"collection":[{"href":"https:\/\/igfgas.se\/fi\/wp-json\/wp\/v2\/pages"}],"about":[{"href":"https:\/\/igfgas.se\/fi\/wp-json\/wp\/v2\/types\/page"}],"author":[{"embeddable":true,"href":"https:\/\/igfgas.se\/fi\/wp-json\/wp\/v2\/users\/8"}],"replies":[{"embeddable":true,"href":"https:\/\/igfgas.se\/fi\/wp-json\/wp\/v2\/comments?post=3934"}],"version-history":[{"count":0,"href":"https:\/\/igfgas.se\/fi\/wp-json\/wp\/v2\/pages\/3934\/revisions"}],"up":[{"embeddable":true,"href":"https:\/\/igfgas.se\/fi\/wp-json\/wp\/v2\/pages\/3930"}],"wp:featuredmedia":[{"embeddable":true,"href":"https:\/\/igfgas.se\/fi\/wp-json\/wp\/v2\/media\/3933"}],"wp:attachment":[{"href":"https:\/\/igfgas.se\/fi\/wp-json\/wp\/v2\/media?parent=3934"}],"curies":[{"name":"wp","href":"https:\/\/api.w.org\/{rel}","templated":true}]}}