{"id":3935,"date":"2024-03-26T09:58:34","date_gmt":"2024-03-26T08:58:34","guid":{"rendered":"https:\/\/igfgas1stg.wpenginepowered.com\/konsulttjanster\/uthyrning-gaslager\/"},"modified":"2025-09-09T15:06:22","modified_gmt":"2025-09-09T13:06:22","slug":"vuokraus-kaasusailiot","status":"publish","type":"page","link":"https:\/\/igfgas.se\/fi\/konsulttipalvelut\/vuokraus-kaasusailiot\/","title":{"rendered":"Kaasus\u00e4ili\u00f6iden vuokraus \u2013 Ihanteellinen puhdistamoille ja maatilalaitoksille"},"content":{"rendered":"<p>[et_pb_section fb_built=&#8221;1&#8243; module_class=&#8221;pa-custom-background-mask&#8221; _builder_version=&#8221;4.24.2&#8243; _module_preset=&#8221;default&#8221; background_image=&#8221;https:\/\/igfgas.se\/wp-content\/uploads\/2024\/03\/hero_uthyrning_gaslager.jpg&#8221; background_position=&#8221;bottom_center&#8221; background_enable_video_mp4=&#8221;off&#8221; background_enable_mask_style=&#8221;on&#8221; global_colors_info=&#8221;{}&#8221;][et_pb_row column_structure=&#8221;2_3,1_3&#8243; _builder_version=&#8221;4.24.2&#8243; _module_preset=&#8221;default&#8221; global_colors_info=&#8221;{}&#8221;][et_pb_column type=&#8221;2_3&#8243; _builder_version=&#8221;4.24.2&#8243; _module_preset=&#8221;default&#8221; global_colors_info=&#8221;{}&#8221;][et_pb_text _builder_version=&#8221;4.27.4&#8243; _module_preset=&#8221;default&#8221; background_layout=&#8221;dark&#8221; global_colors_info=&#8221;{}&#8221;]<\/p>\n<h1>Kaasus\u00e4ili\u00f6iden vuokraus biokaasulaitoksille<\/h1>\n<p>Olennainen osa jokaiselle biokaasulaitokselle, joka tarvitsee tehokkaan kaasun varastoinnin. Olemme ylpeit\u00e4 esitelless\u00e4mme huippuluokan 10 m\u00b3 kaasus\u00e4ili\u00f6mallimme, joka yhdist\u00e4\u00e4 korkean laadun ja joustavuuden sek\u00e4 puhdistamoille ett\u00e4 maatilalaitoksille.<\/p>\n<p>[\/et_pb_text][\/et_pb_column][et_pb_column type=&#8221;1_3&#8243; _builder_version=&#8221;4.24.2&#8243; _module_preset=&#8221;default&#8221; z_index=&#8221;1&#8243; sticky_position=&#8221;top&#8221; sticky_position_tablet=&#8221;top&#8221; sticky_position_phone=&#8221;none&#8221; sticky_position_last_edited=&#8221;on|phone&#8221; global_colors_info=&#8221;{}&#8221;][et_pb_team_member name=&#8221;Magnus Cedfalck&#8221; position=&#8221;Myynti- ja markkinointivastaava&#8221; image_url=&#8221;https:\/\/igfgas.se\/wp-content\/uploads\/2024\/04\/magnus-cedfalck.jpg&#8221; admin_label=&#8221;CTA &#8211; Magnus Cedfalck&#8221; module_class=&#8221;kontaktperson&#8221; _builder_version=&#8221;4.27.4&#8243; _module_preset=&#8221;default&#8221; header_text_color=&#8221;#FFFFFF&#8221; header_font_size=&#8221;30px&#8221; body_text_color=&#8221;#FFFFFF&#8221; position_text_align=&#8221;center&#8221; position_text_color=&#8221;#FFFFFF&#8221; background_enable_color=&#8221;off&#8221; vertical_offset=&#8221;100px&#8221; horizontal_offset=&#8221;10%&#8221; text_orientation=&#8221;center&#8221; custom_padding=&#8221;20px|20px|20px|20px|false|false&#8221; saved_tabs=&#8221;all&#8221; global_colors_info=&#8221;{}&#8221; global_module=&#8221;3858&#8243; theme_builder_area=&#8221;post_content&#8221;]<\/p>\n<p><img decoding=\"async\" src=\"https:\/\/igfgas.se\/wp-content\/uploads\/2024\/03\/phone.svg\" width=\"15\" \/> 013-991 32 15<br \/><img decoding=\"async\" src=\"https:\/\/igfgas.se\/wp-content\/uploads\/2024\/03\/mail.svg\" width=\"15\" \/> <a href=\"mailto:magnus.cedfalck@igfgas.se\">magnus.cedfalck@igfgas.se<\/a><\/p>\n<p>[\/et_pb_team_member][\/et_pb_column][\/et_pb_row][\/et_pb_section][et_pb_section fb_built=&#8221;1&#8243; _builder_version=&#8221;4.24.2&#8243; _module_preset=&#8221;default&#8221; global_colors_info=&#8221;{}&#8221;][et_pb_row column_structure=&#8221;2_3,1_3&#8243; make_equal=&#8221;on&#8221; _builder_version=&#8221;4.24.2&#8243; _module_preset=&#8221;default&#8221; global_colors_info=&#8221;{}&#8221;][et_pb_column type=&#8221;2_3&#8243; _builder_version=&#8221;4.24.2&#8243; _module_preset=&#8221;default&#8221; global_colors_info=&#8221;{}&#8221;][et_pb_text admin_label=&#8221;Konsulttj\u00e4nster&#8221; _builder_version=&#8221;4.27.4&#8243; _module_preset=&#8221;default&#8221; global_colors_info=&#8221;{}&#8221;]<\/p>\n<h2>Edistynyt kaasus\u00e4ili\u00f6suunnittelu<\/h2>\n<p>Yksinkertaisempiin malleihin verrattuna kaasus\u00e4ili\u00f6mme tarjoaa edistyneen rakenteen, jossa on sis\u00e4inen kalvokupu ja ulkoinen ter\u00e4skuori optimaalisen suojan takaamiseksi. T\u00e4m\u00e4 rakenne perustuu Ruotsin ja Saksan puhdistamoissa yleisesti k\u00e4ytettyihin j\u00e4rjestelmiin, mik\u00e4 takaa kest\u00e4v\u00e4n ja pitk\u00e4ik\u00e4isen kaasun varastointiratkaisun.<\/p>\n<h2>Innovatiivinen paineens\u00e4\u00e4t\u00f6 ilman s\u00e4hk\u00f6\u00e4<\/h2>\n<p>Mallimme ainutlaatuisuus on paineens\u00e4\u00e4t\u00f6mekanismi, joka toimii painon avulla ilman s\u00e4hk\u00f6\u00e4. T\u00e4m\u00e4 tekee laitoksesta erityisen sopivan paikkoihin, joissa s\u00e4hk\u00f6n saanti on haastavaa tai niille, jotka haluavat energiatehokkaamman ratkaisun. Lis\u00e4ksi rajoitettu 10 m\u00b3 koko mahdollistaa s\u00e4ili\u00f6n helpon siirrett\u00e4vyyden ja asennuksen, tarjoten lis\u00e4\u00e4 joustavuutta toimintaanne.<\/p>\n<h2>Joustava ja turvallinen ratkaisu<\/h2>\n<p>Ulkokuorina toimiva ter\u00e4skuori tarjoaa lis\u00e4hy\u00f6tyj\u00e4, erityisesti kun kaasus\u00e4ili\u00f6n sijoittaminen edellytt\u00e4\u00e4 turvav\u00e4lien huomioimista. T\u00e4m\u00e4 kest\u00e4v\u00e4 rakenne varmistaa, ett\u00e4 kaasus\u00e4ili\u00f6mme on paitsi tehokas, my\u00f6s turvallinen erilaisissa olosuhteissa.<\/p>\n<h2>Mahdollisuudet suurempaan kapasiteettiin<\/h2>\n<p>Suurempaa kapasiteettia tarvitseville IGF Biogas tarjoaa my\u00f6s kaasus\u00e4ili\u00f6ratkaisuja, joiden tilavuudet ovat 50 ja 100 m\u00b3, jolla voimme r\u00e4\u00e4t\u00e4l\u00f6id\u00e4 tarjontamme juuri teid\u00e4n tarpeisiinne sopivaksi.<\/p>\n<h2>Ota yhteytt\u00e4 r\u00e4\u00e4t\u00e4l\u00f6idyn ratkaisun saamiseksi<\/h2>\n<p>IGF Biogas on sitoutunut tarjoamaan kest\u00e4vi\u00e4 ja kustannustehokkaita ratkaisuja biokaasualalle. Ota meihin yhteytt\u00e4 jo t\u00e4n\u00e4\u00e4n keskustellaksesi, miten kaasus\u00e4ili\u00f6mme voidaan integroida laitokseenne ja tukea toimintaanne menestyksekk\u00e4\u00e4sti.<\/p>\n<p>[\/et_pb_text][\/et_pb_column][et_pb_column type=&#8221;1_3&#8243; _builder_version=&#8221;4.24.2&#8243; _module_preset=&#8221;default&#8221; global_colors_info=&#8221;{}&#8221;][\/et_pb_column][\/et_pb_row][\/et_pb_section]<\/p>\n","protected":false},"excerpt":{"rendered":"<p>Kaasus\u00e4ili\u00f6iden vuokraus biokaasulaitoksille Olennainen osa jokaiselle biokaasulaitokselle, joka tarvitsee tehokkaan kaasun varastoinnin. Olemme ylpeit\u00e4 esitelless\u00e4mme huippuluokan 10 m\u00b3 kaasus\u00e4ili\u00f6mallimme, joka yhdist\u00e4\u00e4 korkean laadun ja joustavuuden sek\u00e4 puhdistamoille ett\u00e4 maatilalaitoksille. 013-991 32 15 magnus.cedfalck@igfgas.seEdistynyt kaasus\u00e4ili\u00f6suunnittelu Yksinkertaisempiin malleihin verrattuna kaasus\u00e4ili\u00f6mme tarjoaa edistyneen rakenteen, jossa on sis\u00e4inen kalvokupu ja ulkoinen ter\u00e4skuori optimaalisen suojan takaamiseksi. T\u00e4m\u00e4 rakenne perustuu Ruotsin [&hellip;]<\/p>\n","protected":false},"author":7,"featured_media":3936,"parent":3930,"menu_order":0,"comment_status":"closed","ping_status":"closed","template":"","meta":{"_acf_changed":false,"_et_pb_use_builder":"on","_et_pb_old_content":"","_et_gb_content_width":"","footnotes":""},"class_list":["post-3935","page","type-page","status-publish","has-post-thumbnail","hentry"],"acf":[],"yoast_head":"<!-- This site is optimized with the Yoast SEO plugin v27.3 - https:\/\/yoast.com\/product\/yoast-seo-wordpress\/ -->\n<title>Kaasus\u00e4ili\u00f6iden vuokraus \u2013 Ihanteellinen puhdistamoille ja maatilalaitoksille - IGF Biogas<\/title>\n<meta name=\"description\" content=\"Tutustu IGF Biogasin 10 m\u00b3 kokoisten kaasus\u00e4ili\u00f6iden vuokrauspalveluun. T\u00e4ydellinen ratkaisu puhdistamoille ja maatilalaitoksille.\" \/>\n<meta name=\"robots\" content=\"index, follow, max-snippet:-1, max-image-preview:large, max-video-preview:-1\" \/>\n<link rel=\"canonical\" href=\"https:\/\/igfgas.se\/fi\/konsulttipalvelut\/vuokraus-kaasusailiot\/\" \/>\n<meta property=\"og:locale\" content=\"fi_FI\" \/>\n<meta property=\"og:type\" content=\"article\" \/>\n<meta property=\"og:title\" content=\"Kaasus\u00e4ili\u00f6iden vuokraus \u2013 Ihanteellinen puhdistamoille ja maatilalaitoksille - IGF Biogas\" \/>\n<meta property=\"og:description\" content=\"Tutustu IGF Biogasin 10 m\u00b3 kokoisten kaasus\u00e4ili\u00f6iden vuokrauspalveluun. T\u00e4ydellinen ratkaisu puhdistamoille ja maatilalaitoksille.\" \/>\n<meta property=\"og:url\" content=\"https:\/\/igfgas.se\/fi\/konsulttipalvelut\/vuokraus-kaasusailiot\/\" \/>\n<meta property=\"og:site_name\" content=\"IGF Biogas\" \/>\n<meta property=\"article:modified_time\" content=\"2025-09-09T13:06:22+00:00\" \/>\n<meta property=\"og:image\" content=\"https:\/\/igfgas.se\/wp-content\/uploads\/2024\/03\/hero_uthyrning_gaslager.jpg\" \/>\n\t<meta property=\"og:image:width\" content=\"1600\" \/>\n\t<meta property=\"og:image:height\" content=\"934\" \/>\n\t<meta property=\"og:image:type\" content=\"image\/jpeg\" \/>\n<meta name=\"twitter:card\" content=\"summary_large_image\" \/>\n<meta name=\"twitter:label1\" content=\"Est. reading time\" \/>\n\t<meta name=\"twitter:data1\" content=\"2 minuuttia\" \/>\n<script type=\"application\/ld+json\" class=\"yoast-schema-graph\">{\"@context\":\"https:\\\/\\\/schema.org\",\"@graph\":[{\"@type\":\"WebPage\",\"@id\":\"https:\\\/\\\/igfgas.se\\\/fi\\\/konsulttipalvelut\\\/vuokraus-kaasusailiot\\\/\",\"url\":\"https:\\\/\\\/igfgas.se\\\/fi\\\/konsulttipalvelut\\\/vuokraus-kaasusailiot\\\/\",\"name\":\"Kaasus\u00e4ili\u00f6iden vuokraus \u2013 Ihanteellinen puhdistamoille ja maatilalaitoksille - IGF Biogas\",\"isPartOf\":{\"@id\":\"https:\\\/\\\/igfgas.se\\\/fi\\\/#website\"},\"primaryImageOfPage\":{\"@id\":\"https:\\\/\\\/igfgas.se\\\/fi\\\/konsulttipalvelut\\\/vuokraus-kaasusailiot\\\/#primaryimage\"},\"image\":{\"@id\":\"https:\\\/\\\/igfgas.se\\\/fi\\\/konsulttipalvelut\\\/vuokraus-kaasusailiot\\\/#primaryimage\"},\"thumbnailUrl\":\"https:\\\/\\\/igfgas.se\\\/wp-content\\\/uploads\\\/2024\\\/03\\\/hero_uthyrning_gaslager.jpg\",\"datePublished\":\"2024-03-26T08:58:34+00:00\",\"dateModified\":\"2025-09-09T13:06:22+00:00\",\"description\":\"Tutustu IGF Biogasin 10 m\u00b3 kokoisten kaasus\u00e4ili\u00f6iden vuokrauspalveluun. T\u00e4ydellinen ratkaisu puhdistamoille ja maatilalaitoksille.\",\"breadcrumb\":{\"@id\":\"https:\\\/\\\/igfgas.se\\\/fi\\\/konsulttipalvelut\\\/vuokraus-kaasusailiot\\\/#breadcrumb\"},\"inLanguage\":\"fi\",\"potentialAction\":[{\"@type\":\"ReadAction\",\"target\":[\"https:\\\/\\\/igfgas.se\\\/fi\\\/konsulttipalvelut\\\/vuokraus-kaasusailiot\\\/\"]}]},{\"@type\":\"ImageObject\",\"inLanguage\":\"fi\",\"@id\":\"https:\\\/\\\/igfgas.se\\\/fi\\\/konsulttipalvelut\\\/vuokraus-kaasusailiot\\\/#primaryimage\",\"url\":\"https:\\\/\\\/igfgas.se\\\/wp-content\\\/uploads\\\/2024\\\/03\\\/hero_uthyrning_gaslager.jpg\",\"contentUrl\":\"https:\\\/\\\/igfgas.se\\\/wp-content\\\/uploads\\\/2024\\\/03\\\/hero_uthyrning_gaslager.jpg\",\"width\":1600,\"height\":934},{\"@type\":\"BreadcrumbList\",\"@id\":\"https:\\\/\\\/igfgas.se\\\/fi\\\/konsulttipalvelut\\\/vuokraus-kaasusailiot\\\/#breadcrumb\",\"itemListElement\":[{\"@type\":\"ListItem\",\"position\":1,\"name\":\"Hem\",\"item\":\"https:\\\/\\\/igfgas.se\\\/fi\\\/\"},{\"@type\":\"ListItem\",\"position\":2,\"name\":\"Huolto ja tuki\",\"item\":\"https:\\\/\\\/igfgas.se\\\/fi\\\/konsulttipalvelut\\\/\"},{\"@type\":\"ListItem\",\"position\":3,\"name\":\"Kaasus\u00e4ili\u00f6iden vuokraus \u2013 Ihanteellinen puhdistamoille ja maatilalaitoksille\"}]},{\"@type\":\"WebSite\",\"@id\":\"https:\\\/\\\/igfgas.se\\\/fi\\\/#website\",\"url\":\"https:\\\/\\\/igfgas.se\\\/fi\\\/\",\"name\":\"IGF Biogas\",\"description\":\"Ledande inom biogasteknik sedan 1930\",\"potentialAction\":[{\"@type\":\"SearchAction\",\"target\":{\"@type\":\"EntryPoint\",\"urlTemplate\":\"https:\\\/\\\/igfgas.se\\\/fi\\\/?s={search_term_string}\"},\"query-input\":{\"@type\":\"PropertyValueSpecification\",\"valueRequired\":true,\"valueName\":\"search_term_string\"}}],\"inLanguage\":\"fi\"}]}<\/script>\n<!-- \/ Yoast SEO plugin. -->","yoast_head_json":{"title":"Kaasus\u00e4ili\u00f6iden vuokraus \u2013 Ihanteellinen puhdistamoille ja maatilalaitoksille - IGF Biogas","description":"Tutustu IGF Biogasin 10 m\u00b3 kokoisten kaasus\u00e4ili\u00f6iden vuokrauspalveluun. T\u00e4ydellinen ratkaisu puhdistamoille ja maatilalaitoksille.","robots":{"index":"index","follow":"follow","max-snippet":"max-snippet:-1","max-image-preview":"max-image-preview:large","max-video-preview":"max-video-preview:-1"},"canonical":"https:\/\/igfgas.se\/fi\/konsulttipalvelut\/vuokraus-kaasusailiot\/","og_locale":"fi_FI","og_type":"article","og_title":"Kaasus\u00e4ili\u00f6iden vuokraus \u2013 Ihanteellinen puhdistamoille ja maatilalaitoksille - IGF Biogas","og_description":"Tutustu IGF Biogasin 10 m\u00b3 kokoisten kaasus\u00e4ili\u00f6iden vuokrauspalveluun. T\u00e4ydellinen ratkaisu puhdistamoille ja maatilalaitoksille.","og_url":"https:\/\/igfgas.se\/fi\/konsulttipalvelut\/vuokraus-kaasusailiot\/","og_site_name":"IGF Biogas","article_modified_time":"2025-09-09T13:06:22+00:00","og_image":[{"width":1600,"height":934,"url":"https:\/\/igfgas.se\/wp-content\/uploads\/2024\/03\/hero_uthyrning_gaslager.jpg","type":"image\/jpeg"}],"twitter_card":"summary_large_image","twitter_misc":{"Est. reading time":"2 minuuttia"},"schema":{"@context":"https:\/\/schema.org","@graph":[{"@type":"WebPage","@id":"https:\/\/igfgas.se\/fi\/konsulttipalvelut\/vuokraus-kaasusailiot\/","url":"https:\/\/igfgas.se\/fi\/konsulttipalvelut\/vuokraus-kaasusailiot\/","name":"Kaasus\u00e4ili\u00f6iden vuokraus \u2013 Ihanteellinen puhdistamoille ja maatilalaitoksille - IGF Biogas","isPartOf":{"@id":"https:\/\/igfgas.se\/fi\/#website"},"primaryImageOfPage":{"@id":"https:\/\/igfgas.se\/fi\/konsulttipalvelut\/vuokraus-kaasusailiot\/#primaryimage"},"image":{"@id":"https:\/\/igfgas.se\/fi\/konsulttipalvelut\/vuokraus-kaasusailiot\/#primaryimage"},"thumbnailUrl":"https:\/\/igfgas.se\/wp-content\/uploads\/2024\/03\/hero_uthyrning_gaslager.jpg","datePublished":"2024-03-26T08:58:34+00:00","dateModified":"2025-09-09T13:06:22+00:00","description":"Tutustu IGF Biogasin 10 m\u00b3 kokoisten kaasus\u00e4ili\u00f6iden vuokrauspalveluun. T\u00e4ydellinen ratkaisu puhdistamoille ja maatilalaitoksille.","breadcrumb":{"@id":"https:\/\/igfgas.se\/fi\/konsulttipalvelut\/vuokraus-kaasusailiot\/#breadcrumb"},"inLanguage":"fi","potentialAction":[{"@type":"ReadAction","target":["https:\/\/igfgas.se\/fi\/konsulttipalvelut\/vuokraus-kaasusailiot\/"]}]},{"@type":"ImageObject","inLanguage":"fi","@id":"https:\/\/igfgas.se\/fi\/konsulttipalvelut\/vuokraus-kaasusailiot\/#primaryimage","url":"https:\/\/igfgas.se\/wp-content\/uploads\/2024\/03\/hero_uthyrning_gaslager.jpg","contentUrl":"https:\/\/igfgas.se\/wp-content\/uploads\/2024\/03\/hero_uthyrning_gaslager.jpg","width":1600,"height":934},{"@type":"BreadcrumbList","@id":"https:\/\/igfgas.se\/fi\/konsulttipalvelut\/vuokraus-kaasusailiot\/#breadcrumb","itemListElement":[{"@type":"ListItem","position":1,"name":"Hem","item":"https:\/\/igfgas.se\/fi\/"},{"@type":"ListItem","position":2,"name":"Huolto ja tuki","item":"https:\/\/igfgas.se\/fi\/konsulttipalvelut\/"},{"@type":"ListItem","position":3,"name":"Kaasus\u00e4ili\u00f6iden vuokraus \u2013 Ihanteellinen puhdistamoille ja maatilalaitoksille"}]},{"@type":"WebSite","@id":"https:\/\/igfgas.se\/fi\/#website","url":"https:\/\/igfgas.se\/fi\/","name":"IGF Biogas","description":"Ledande inom biogasteknik sedan 1930","potentialAction":[{"@type":"SearchAction","target":{"@type":"EntryPoint","urlTemplate":"https:\/\/igfgas.se\/fi\/?s={search_term_string}"},"query-input":{"@type":"PropertyValueSpecification","valueRequired":true,"valueName":"search_term_string"}}],"inLanguage":"fi"}]}},"_links":{"self":[{"href":"https:\/\/igfgas.se\/fi\/wp-json\/wp\/v2\/pages\/3935","targetHints":{"allow":["GET"]}}],"collection":[{"href":"https:\/\/igfgas.se\/fi\/wp-json\/wp\/v2\/pages"}],"about":[{"href":"https:\/\/igfgas.se\/fi\/wp-json\/wp\/v2\/types\/page"}],"author":[{"embeddable":true,"href":"https:\/\/igfgas.se\/fi\/wp-json\/wp\/v2\/users\/7"}],"replies":[{"embeddable":true,"href":"https:\/\/igfgas.se\/fi\/wp-json\/wp\/v2\/comments?post=3935"}],"version-history":[{"count":0,"href":"https:\/\/igfgas.se\/fi\/wp-json\/wp\/v2\/pages\/3935\/revisions"}],"up":[{"embeddable":true,"href":"https:\/\/igfgas.se\/fi\/wp-json\/wp\/v2\/pages\/3930"}],"wp:featuredmedia":[{"embeddable":true,"href":"https:\/\/igfgas.se\/fi\/wp-json\/wp\/v2\/media\/3936"}],"wp:attachment":[{"href":"https:\/\/igfgas.se\/fi\/wp-json\/wp\/v2\/media?parent=3935"}],"curies":[{"name":"wp","href":"https:\/\/api.w.org\/{rel}","templated":true}]}}