{"id":3941,"date":"2022-01-23T15:19:11","date_gmt":"2022-01-23T14:19:11","guid":{"rendered":"https:\/\/igfgas1stg.wpenginepowered.com\/kontakta-oss\/"},"modified":"2026-02-27T08:27:03","modified_gmt":"2026-02-27T07:27:03","slug":"ota-yhteytta","status":"publish","type":"page","link":"https:\/\/igfgas.se\/fi\/ota-yhteytta\/","title":{"rendered":"Yhteystiedot ja suunnittelu: Biokaasulaitos"},"content":{"rendered":"<p>[et_pb_section fb_built=&#8221;1&#8243; module_class=&#8221;pa-custom-background-mask&#8221; _builder_version=&#8221;4.24.2&#8243; _module_preset=&#8221;default&#8221; background_image=&#8221;https:\/\/igfgas.se\/wp-content\/uploads\/2024\/03\/hero_produkter.jpg&#8221; background_enable_video_mp4=&#8221;off&#8221; background_enable_mask_style=&#8221;on&#8221; global_colors_info=&#8221;{}&#8221;][et_pb_row column_structure=&#8221;2_3,1_3&#8243; _builder_version=&#8221;4.24.2&#8243; _module_preset=&#8221;default&#8221; global_colors_info=&#8221;{}&#8221;][et_pb_column type=&#8221;2_3&#8243; _builder_version=&#8221;4.24.2&#8243; _module_preset=&#8221;default&#8221; global_colors_info=&#8221;{}&#8221;][et_pb_text _builder_version=&#8221;4.27.4&#8243; _module_preset=&#8221;default&#8221; background_layout=&#8221;dark&#8221; global_colors_info=&#8221;{}&#8221;]<\/p>\n<h1>Ota yhteytt\u00e4 ja aloita biokaasuprojektisi jo t\u00e4n\u00e4\u00e4n<\/h1>\n<p>[\/et_pb_text][\/et_pb_column][et_pb_column type=&#8221;1_3&#8243; _builder_version=&#8221;4.24.2&#8243; _module_preset=&#8221;default&#8221; z_index=&#8221;1&#8243; global_colors_info=&#8221;{}&#8221;][\/et_pb_column][\/et_pb_row][\/et_pb_section][et_pb_section fb_built=&#8221;1&#8243; _builder_version=&#8221;4.24.2&#8243; _module_preset=&#8221;default&#8221; global_colors_info=&#8221;{}&#8221;][et_pb_row column_structure=&#8221;1_2,1_2&#8243; _builder_version=&#8221;4.24.2&#8243; _module_preset=&#8221;default&#8221; global_colors_info=&#8221;{}&#8221;][et_pb_column type=&#8221;1_2&#8243; _builder_version=&#8221;4.24.2&#8243; _module_preset=&#8221;default&#8221; global_colors_info=&#8221;{}&#8221;][et_pb_text _builder_version=&#8221;4.27.5&#8243; _module_preset=&#8221;default&#8221; hover_enabled=&#8221;0&#8243; global_colors_info=&#8221;{}&#8221; sticky_enabled=&#8221;0&#8243;]<\/p>\n<h2>Yhteystiedot<\/h2>\n<p>Tervetuloa ottamaan yhteytt\u00e4 IGF Biogasiin saadaksesi henkil\u00f6kohtaista neuvontaa ja asiantuntemusta biokaasualueella. Tiimimme on valmiina vastaamaan kysymyksiinne ja ohjaamaan teit\u00e4 palveluidemme ja tuotteidemme parissa l\u00f6yt\u00e4m\u00e4\u00e4n juuri teille sopivan ratkaisun. Yhdess\u00e4 otamme askeleita kohti kest\u00e4v\u00e4\u00e4 tulevaisuutta biokaasun avulla.<\/p>\n<h4>Toimisto Link\u00f6pingiss\u00e4<\/h4>\n<p>IGF Biogas AB<br \/><a href=\"https:\/\/maps.app.goo.gl\/w4uz3xxSyM6SkSyUA\" target=\"_blank\" rel=\"noopener\">Attorpsgatan 19 B <br \/>582 73 Link\u00f6ping\u00a0<\/a><\/p>\n<p><a href=\"tel:+46139913210\">013-991 32 10<\/a><br \/><a href=\"mailto:info@igfgas.se\">info@igfgas.se<\/a><\/p>\n<p>[\/et_pb_text][\/et_pb_column][et_pb_column type=&#8221;1_2&#8243; _builder_version=&#8221;4.24.2&#8243; _module_preset=&#8221;default&#8221; global_colors_info=&#8221;{}&#8221;][et_pb_contact_form email=&#8221;victor@okidoki.se&#8221; custom_message=&#8221;Yhteydenottolomakkeen viesti||et_pb_line_break_holder||||et_pb_line_break_holder||Nimi: %%Name%%||et_pb_line_break_holder||S\u00e4hk\u00f6posti: %%Email%%||et_pb_line_break_holder||Puhelinnumero: %%Phone%%||et_pb_line_break_holder||Viesti:||et_pb_line_break_holder||%%Message%%&#8221; success_message=&#8221;Tack! Vi \u00e5terkommer s\u00e5 snart som m\u00f6jlgt.&#8221; submit_button_text=&#8221;L\u00e4het\u00e4&#8221; _builder_version=&#8221;4.27.4&#8243; _module_preset=&#8221;default&#8221; _unique_id=&#8221;1ab8d73d-1f57-4e4d-9b0e-f540efdfa76f&#8221; global_colors_info=&#8221;{}&#8221;][et_pb_contact_field field_id=&#8221;Name&#8221; field_title=&#8221;Nimi \/ Yritys&#8221; fullwidth_field=&#8221;on&#8221; _builder_version=&#8221;4.27.4&#8243; global_colors_info=&#8221;{}&#8221; button_text_size__hover_enabled=&#8221;off&#8221; button_one_text_size__hover_enabled=&#8221;off&#8221; button_two_text_size__hover_enabled=&#8221;off&#8221; button_text_color__hover_enabled=&#8221;off&#8221; button_one_text_color__hover_enabled=&#8221;off&#8221; button_two_text_color__hover_enabled=&#8221;off&#8221; button_border_width__hover_enabled=&#8221;off&#8221; button_one_border_width__hover_enabled=&#8221;off&#8221; button_two_border_width__hover_enabled=&#8221;off&#8221; button_border_color__hover_enabled=&#8221;off&#8221; button_one_border_color__hover_enabled=&#8221;off&#8221; button_two_border_color__hover_enabled=&#8221;off&#8221; button_border_radius__hover_enabled=&#8221;off&#8221; button_one_border_radius__hover_enabled=&#8221;off&#8221; button_two_border_radius__hover_enabled=&#8221;off&#8221; button_letter_spacing__hover_enabled=&#8221;off&#8221; button_one_letter_spacing__hover_enabled=&#8221;off&#8221; button_two_letter_spacing__hover_enabled=&#8221;off&#8221; button_bg_color__hover_enabled=&#8221;off&#8221; button_one_bg_color__hover_enabled=&#8221;off&#8221; button_two_bg_color__hover_enabled=&#8221;off&#8221;][\/et_pb_contact_field][et_pb_contact_field field_id=&#8221;Email&#8221; field_title=&#8221;S\u00e4hk\u00f6posti&#8221; field_type=&#8221;email&#8221; fullwidth_field=&#8221;on&#8221; _builder_version=&#8221;4.27.4&#8243; global_colors_info=&#8221;{}&#8221; button_text_size__hover_enabled=&#8221;off&#8221; button_one_text_size__hover_enabled=&#8221;off&#8221; button_two_text_size__hover_enabled=&#8221;off&#8221; button_text_color__hover_enabled=&#8221;off&#8221; button_one_text_color__hover_enabled=&#8221;off&#8221; button_two_text_color__hover_enabled=&#8221;off&#8221; button_border_width__hover_enabled=&#8221;off&#8221; button_one_border_width__hover_enabled=&#8221;off&#8221; button_two_border_width__hover_enabled=&#8221;off&#8221; button_border_color__hover_enabled=&#8221;off&#8221; button_one_border_color__hover_enabled=&#8221;off&#8221; button_two_border_color__hover_enabled=&#8221;off&#8221; button_border_radius__hover_enabled=&#8221;off&#8221; button_one_border_radius__hover_enabled=&#8221;off&#8221; button_two_border_radius__hover_enabled=&#8221;off&#8221; button_letter_spacing__hover_enabled=&#8221;off&#8221; button_one_letter_spacing__hover_enabled=&#8221;off&#8221; button_two_letter_spacing__hover_enabled=&#8221;off&#8221; button_bg_color__hover_enabled=&#8221;off&#8221; button_one_bg_color__hover_enabled=&#8221;off&#8221; button_two_bg_color__hover_enabled=&#8221;off&#8221;][\/et_pb_contact_field][et_pb_contact_field field_id=&#8221;Phone&#8221; field_title=&#8221;Puhelin&#8221; fullwidth_field=&#8221;on&#8221; _builder_version=&#8221;4.27.4&#8243; _module_preset=&#8221;default&#8221; global_colors_info=&#8221;{}&#8221;][\/et_pb_contact_field][et_pb_contact_field field_id=&#8221;Message&#8221; field_title=&#8221;Miten voimme auttaa sinua?&#8221; field_type=&#8221;text&#8221; fullwidth_field=&#8221;on&#8221; _builder_version=&#8221;4.27.4&#8243; global_colors_info=&#8221;{}&#8221; button_text_size__hover_enabled=&#8221;off&#8221; button_one_text_size__hover_enabled=&#8221;off&#8221; button_two_text_size__hover_enabled=&#8221;off&#8221; button_text_color__hover_enabled=&#8221;off&#8221; button_one_text_color__hover_enabled=&#8221;off&#8221; button_two_text_color__hover_enabled=&#8221;off&#8221; button_border_width__hover_enabled=&#8221;off&#8221; button_one_border_width__hover_enabled=&#8221;off&#8221; button_two_border_width__hover_enabled=&#8221;off&#8221; button_border_color__hover_enabled=&#8221;off&#8221; button_one_border_color__hover_enabled=&#8221;off&#8221; button_two_border_color__hover_enabled=&#8221;off&#8221; button_border_radius__hover_enabled=&#8221;off&#8221; button_one_border_radius__hover_enabled=&#8221;off&#8221; button_two_border_radius__hover_enabled=&#8221;off&#8221; button_letter_spacing__hover_enabled=&#8221;off&#8221; button_one_letter_spacing__hover_enabled=&#8221;off&#8221; button_two_letter_spacing__hover_enabled=&#8221;off&#8221; button_bg_color__hover_enabled=&#8221;off&#8221; button_one_bg_color__hover_enabled=&#8221;off&#8221; button_two_bg_color__hover_enabled=&#8221;off&#8221;][\/et_pb_contact_field][et_pb_contact_field field_id=&#8221;Integritetspoicy&#8221; field_title=&#8221; &#8221; field_type=&#8221;checkbox&#8221; checkbox_options=&#8221;%91{%22value%22:%22Hyv\u00e4ksyn tietosuojak\u00e4yt\u00e4nn\u00f6n ja suostun, ett\u00e4 minuun otetaan yhteytt\u00e4%22,%22checked%22:0,%22dragID%22:-1,%22link_url%22:%22%22,%22link_text%22:%22%22}%93&#8243; fullwidth_field=&#8221;on&#8221; _builder_version=&#8221;4.27.4&#8243; _module_preset=&#8221;default&#8221; global_colors_info=&#8221;{}&#8221;][\/et_pb_contact_field][\/et_pb_contact_form][\/et_pb_column][\/et_pb_row][\/et_pb_section]<\/p>\n","protected":false},"excerpt":{"rendered":"<p>Ota yhteytt\u00e4 ja aloita biokaasuprojektisi jo t\u00e4n\u00e4\u00e4nYhteystiedot Tervetuloa ottamaan yhteytt\u00e4 IGF Biogasiin saadaksesi henkil\u00f6kohtaista neuvontaa ja asiantuntemusta biokaasualueella. Tiimimme on valmiina vastaamaan kysymyksiinne ja ohjaamaan teit\u00e4 palveluidemme ja tuotteidemme parissa l\u00f6yt\u00e4m\u00e4\u00e4n juuri teille sopivan ratkaisun. Yhdess\u00e4 otamme askeleita kohti kest\u00e4v\u00e4\u00e4 tulevaisuutta biokaasun avulla. Toimisto Link\u00f6pingiss\u00e4 IGF Biogas ABAttorpsgatan 19 B 582 73 Link\u00f6ping\u00a0 013-991 32 [&hellip;]<\/p>\n","protected":false},"author":8,"featured_media":3942,"parent":0,"menu_order":0,"comment_status":"closed","ping_status":"closed","template":"","meta":{"_acf_changed":false,"_et_pb_use_builder":"on","_et_pb_old_content":"<section id=\"\" class=\"fw-main-row  \">\r\n\t<div class=\"fw-container\">\r\n\t\t<div class=\"fw-row\">\r\n\t<div class=\"fw-col-xs-12 fw-col-sm-6\">\r\n\t<h3 class=\"title-heading-left fusion-responsive-typography-calculated\" data-fontsize=\"14\" data-lineheight=\"21px\">KONTAKTINFORMATION<\/h3><h1 class=\"title-heading-left fusion-responsive-typography-calculated\" data-fontsize=\"39\" data-lineheight=\"46.8px\">IGF BIOGAS<\/h1><p><span style=\"font-weight: 400\">Om ni har fr\u00e5gor om v\u00e5ra produkter eller vill veta mer om biogasens alla f\u00f6rdelar, \u00e4r ni v\u00e4lkomna att kontakta oss. Vi hj\u00e4lper f\u00f6retag s\u00e5v\u00e4l som offentlig sektor att hitta b\u00e4sta l\u00f6sningen f\u00f6r gashantering.<\/span><\/p><p><strong><br \/>Kontor Link\u00f6ping<\/strong><br \/>IGF Biogas AB<br \/><a href=\"https:\/\/goo.gl\/maps\/YJYTj3L6YxccgHy98\" target=\"_blank\" rel=\"noopener\">Roxengatan 7<br \/>582 73 Link\u00f6ping<\/a><\/p><p><a href=\"tel:+4687422280\">08-742 22 80<\/a><br \/><a href=\"mailto:info@igfgas.se\">info@igfgas.se<\/a><\/p><\/div>\r\n<div class=\"fw-col-xs-12 fw-col-sm-6\">\r\n\t<div><div class='fluentform ff-default fluentform_wrapper_3 ffs_default_wrap'><fieldset style=\"border: none!important;margin: 0!important;padding: 0!important;background-color: transparent!important;box-shadow: none!important\">\r\n                    <legend class=\"ff_screen_reader_title\" style=\"margin: 0!important;padding: 0!important;height: 0!important;text-indent: -999999px;width: 0!important;overflow:hidden\">Kontaktformul\u00e4r<\/legend>        <span><\/span>\r\n        <div data-type=\"name-element\" data-name=\"names\" class=\" ff-field_container ff-name-field-wrapper\"><div class='ff-t-container'><div class='ff-t-cell '><div class='ff-el-group'><div class=\"ff-el-input--label ff-el-is-required asterisk-right\"><label for='ff_3_names_first_name_' aria-label=\"Namn\/F\u00f6retag\">Namn\/F\u00f6retag<\/label><\/div><div class='ff-el-input--content'><\/div><\/div><\/div><\/div><\/div><div class='ff-el-group'><div class=\"ff-el-input--label ff-el-is-required asterisk-right\"><label for='ff_3_email' aria-label=\"E-post\">E-post<\/label><\/div><div class='ff-el-input--content'><\/div><\/div><div class='ff-el-group'><div class=\"ff-el-input--label ff-el-is-required asterisk-right\"><label for='ff_3_phone' aria-label=\"Telefon\">Telefon<\/label><\/div><div class='ff-el-input--content'><\/div><\/div><div class='ff-el-group'><div class=\"ff-el-input--label ff-el-is-required asterisk-right\"><label for='ff_3_message' aria-label=\"Vad kan vi hj\u00e4lpa dig med? \">Vad kan vi hj\u00e4lpa dig med? <\/label><\/div><div class='ff-el-input--content'><textarea name=\"message\" id=\"ff_3_message\" class=\"ff-el-form-control\" rows=\"4\" cols=\"2\" data-name=\"message\"><\/textarea><\/div><\/div><div class='ff-el-group    ff-el-input--content'><div class='ff-el-form-check ff-el-tc'><label aria-label='terms & conditions' class='ff-el-form-check-label ff_tc_label' for=\"gdpr-agreement_bf6f16566150204c5bfb28910c63a0bc\"><span class='ff_tc_checkbox'><\/span> <div class='ff_t_c'>Jag godk\u00e4nner integritetspolicyn och att bli kontaktad<\/div><\/label><\/div><\/div><div class='ff-el-group ff-text-left ff_submit_btn_wrapper'><button type=\"submit\" class=\"ff-btn ff-btn-submit ff-btn-lg ff_btn_style wpf_has_custom_css\">Skicka formul\u00e4r<\/button><\/div><\/fieldset><div id='fluentform_3_errors' class='ff-errors-in-stack ff_form_instance_3_1 ff-form-loading_errors ff_form_instance_3_1_errors'><\/div><\/div>        \r\n        <\/div><\/div>\r\n<\/div>\r\n\r\n\t<\/div>\r\n<\/section>\r\n<section id=\"\" class=\"fw-main-row  \">\r\n\t<div class=\"fw-container\">\r\n\t\t<div class=\"fw-row\">\r\n\t<div class=\"fw-col-xs-12 fw-col-sm-4\">\r\n\t<\/div>\r\n<div class=\"fw-col-xs-12 fw-col-sm-8\">\r\n\t<\/div>\r\n<\/div>\r\n\r\n\t<\/div>\r\n<\/section>\r\n\r\n\r\n<!-- 8b12f7627dbad6e0c8da4b9a27b6c317 -->","_et_gb_content_width":"","inline_featured_image":false,"footnotes":""},"class_list":["post-3941","page","type-page","status-publish","has-post-thumbnail","hentry"],"acf":[],"yoast_head":"<!-- This site is optimized with the Yoast SEO plugin v27.3 - https:\/\/yoast.com\/product\/yoast-seo-wordpress\/ -->\n<title>Yhteystiedot ja suunnittelu: Biokaasulaitos - IGF Biogas<\/title>\n<meta name=\"description\" content=\"Ota yhteytt\u00e4 IGF Biogasiin kaasunk\u00e4sittely\u00e4 koskevissa kysymyksiss\u00e4 ja ratkaisuissa. Tuemme sek\u00e4 yrityksi\u00e4 ett\u00e4 julkista sektoria.\" \/>\n<meta name=\"robots\" content=\"index, follow, max-snippet:-1, max-image-preview:large, max-video-preview:-1\" \/>\n<link rel=\"canonical\" href=\"https:\/\/igfgas.se\/fi\/ota-yhteytta\/\" \/>\n<meta property=\"og:locale\" content=\"fi_FI\" \/>\n<meta property=\"og:type\" content=\"article\" \/>\n<meta property=\"og:title\" content=\"Yhteystiedot ja suunnittelu: Biokaasulaitos - IGF Biogas\" \/>\n<meta property=\"og:description\" content=\"Ota yhteytt\u00e4 IGF Biogasiin kaasunk\u00e4sittely\u00e4 koskevissa kysymyksiss\u00e4 ja ratkaisuissa. Tuemme sek\u00e4 yrityksi\u00e4 ett\u00e4 julkista sektoria.\" \/>\n<meta property=\"og:url\" content=\"https:\/\/igfgas.se\/fi\/ota-yhteytta\/\" \/>\n<meta property=\"og:site_name\" content=\"IGF Biogas\" \/>\n<meta property=\"article:modified_time\" content=\"2026-02-27T07:27:03+00:00\" \/>\n<meta property=\"og:image\" content=\"https:\/\/igfgas.se\/wp-content\/uploads\/2022\/01\/131095434_s-1.jpg\" \/>\n\t<meta property=\"og:image:width\" content=\"799\" \/>\n\t<meta property=\"og:image:height\" content=\"599\" \/>\n\t<meta property=\"og:image:type\" content=\"image\/jpeg\" \/>\n<meta name=\"twitter:card\" content=\"summary_large_image\" \/>\n<meta name=\"twitter:label1\" content=\"Est. reading time\" \/>\n\t<meta name=\"twitter:data1\" content=\"1 minuutti\" \/>\n<script type=\"application\/ld+json\" class=\"yoast-schema-graph\">{\"@context\":\"https:\\\/\\\/schema.org\",\"@graph\":[{\"@type\":\"WebPage\",\"@id\":\"https:\\\/\\\/igfgas.se\\\/fi\\\/ota-yhteytta\\\/\",\"url\":\"https:\\\/\\\/igfgas.se\\\/fi\\\/ota-yhteytta\\\/\",\"name\":\"Yhteystiedot ja suunnittelu: Biokaasulaitos - IGF Biogas\",\"isPartOf\":{\"@id\":\"https:\\\/\\\/igfgas.se\\\/fi\\\/#website\"},\"primaryImageOfPage\":{\"@id\":\"https:\\\/\\\/igfgas.se\\\/fi\\\/ota-yhteytta\\\/#primaryimage\"},\"image\":{\"@id\":\"https:\\\/\\\/igfgas.se\\\/fi\\\/ota-yhteytta\\\/#primaryimage\"},\"thumbnailUrl\":\"https:\\\/\\\/igfgas.se\\\/wp-content\\\/uploads\\\/2022\\\/01\\\/131095434_s-1.jpg\",\"datePublished\":\"2022-01-23T14:19:11+00:00\",\"dateModified\":\"2026-02-27T07:27:03+00:00\",\"description\":\"Ota yhteytt\u00e4 IGF Biogasiin kaasunk\u00e4sittely\u00e4 koskevissa kysymyksiss\u00e4 ja ratkaisuissa. Tuemme sek\u00e4 yrityksi\u00e4 ett\u00e4 julkista sektoria.\",\"breadcrumb\":{\"@id\":\"https:\\\/\\\/igfgas.se\\\/fi\\\/ota-yhteytta\\\/#breadcrumb\"},\"inLanguage\":\"fi\",\"potentialAction\":[{\"@type\":\"ReadAction\",\"target\":[\"https:\\\/\\\/igfgas.se\\\/fi\\\/ota-yhteytta\\\/\"]}]},{\"@type\":\"ImageObject\",\"inLanguage\":\"fi\",\"@id\":\"https:\\\/\\\/igfgas.se\\\/fi\\\/ota-yhteytta\\\/#primaryimage\",\"url\":\"https:\\\/\\\/igfgas.se\\\/wp-content\\\/uploads\\\/2022\\\/01\\\/131095434_s-1.jpg\",\"contentUrl\":\"https:\\\/\\\/igfgas.se\\\/wp-content\\\/uploads\\\/2022\\\/01\\\/131095434_s-1.jpg\",\"width\":799,\"height\":599,\"caption\":\"biogas production, biogas plant, bio power\"},{\"@type\":\"BreadcrumbList\",\"@id\":\"https:\\\/\\\/igfgas.se\\\/fi\\\/ota-yhteytta\\\/#breadcrumb\",\"itemListElement\":[{\"@type\":\"ListItem\",\"position\":1,\"name\":\"Hem\",\"item\":\"https:\\\/\\\/igfgas.se\\\/fi\\\/\"},{\"@type\":\"ListItem\",\"position\":2,\"name\":\"Yhteystiedot ja suunnittelu: Biokaasulaitos\"}]},{\"@type\":\"WebSite\",\"@id\":\"https:\\\/\\\/igfgas.se\\\/fi\\\/#website\",\"url\":\"https:\\\/\\\/igfgas.se\\\/fi\\\/\",\"name\":\"IGF Biogas\",\"description\":\"Ledande inom biogasteknik sedan 1930\",\"potentialAction\":[{\"@type\":\"SearchAction\",\"target\":{\"@type\":\"EntryPoint\",\"urlTemplate\":\"https:\\\/\\\/igfgas.se\\\/fi\\\/?s={search_term_string}\"},\"query-input\":{\"@type\":\"PropertyValueSpecification\",\"valueRequired\":true,\"valueName\":\"search_term_string\"}}],\"inLanguage\":\"fi\"}]}<\/script>\n<!-- \/ Yoast SEO plugin. -->","yoast_head_json":{"title":"Yhteystiedot ja suunnittelu: Biokaasulaitos - IGF Biogas","description":"Ota yhteytt\u00e4 IGF Biogasiin kaasunk\u00e4sittely\u00e4 koskevissa kysymyksiss\u00e4 ja ratkaisuissa. Tuemme sek\u00e4 yrityksi\u00e4 ett\u00e4 julkista sektoria.","robots":{"index":"index","follow":"follow","max-snippet":"max-snippet:-1","max-image-preview":"max-image-preview:large","max-video-preview":"max-video-preview:-1"},"canonical":"https:\/\/igfgas.se\/fi\/ota-yhteytta\/","og_locale":"fi_FI","og_type":"article","og_title":"Yhteystiedot ja suunnittelu: Biokaasulaitos - IGF Biogas","og_description":"Ota yhteytt\u00e4 IGF Biogasiin kaasunk\u00e4sittely\u00e4 koskevissa kysymyksiss\u00e4 ja ratkaisuissa. Tuemme sek\u00e4 yrityksi\u00e4 ett\u00e4 julkista sektoria.","og_url":"https:\/\/igfgas.se\/fi\/ota-yhteytta\/","og_site_name":"IGF Biogas","article_modified_time":"2026-02-27T07:27:03+00:00","og_image":[{"width":799,"height":599,"url":"https:\/\/igfgas.se\/wp-content\/uploads\/2022\/01\/131095434_s-1.jpg","type":"image\/jpeg"}],"twitter_card":"summary_large_image","twitter_misc":{"Est. reading time":"1 minuutti"},"schema":{"@context":"https:\/\/schema.org","@graph":[{"@type":"WebPage","@id":"https:\/\/igfgas.se\/fi\/ota-yhteytta\/","url":"https:\/\/igfgas.se\/fi\/ota-yhteytta\/","name":"Yhteystiedot ja suunnittelu: Biokaasulaitos - IGF Biogas","isPartOf":{"@id":"https:\/\/igfgas.se\/fi\/#website"},"primaryImageOfPage":{"@id":"https:\/\/igfgas.se\/fi\/ota-yhteytta\/#primaryimage"},"image":{"@id":"https:\/\/igfgas.se\/fi\/ota-yhteytta\/#primaryimage"},"thumbnailUrl":"https:\/\/igfgas.se\/wp-content\/uploads\/2022\/01\/131095434_s-1.jpg","datePublished":"2022-01-23T14:19:11+00:00","dateModified":"2026-02-27T07:27:03+00:00","description":"Ota yhteytt\u00e4 IGF Biogasiin kaasunk\u00e4sittely\u00e4 koskevissa kysymyksiss\u00e4 ja ratkaisuissa. Tuemme sek\u00e4 yrityksi\u00e4 ett\u00e4 julkista sektoria.","breadcrumb":{"@id":"https:\/\/igfgas.se\/fi\/ota-yhteytta\/#breadcrumb"},"inLanguage":"fi","potentialAction":[{"@type":"ReadAction","target":["https:\/\/igfgas.se\/fi\/ota-yhteytta\/"]}]},{"@type":"ImageObject","inLanguage":"fi","@id":"https:\/\/igfgas.se\/fi\/ota-yhteytta\/#primaryimage","url":"https:\/\/igfgas.se\/wp-content\/uploads\/2022\/01\/131095434_s-1.jpg","contentUrl":"https:\/\/igfgas.se\/wp-content\/uploads\/2022\/01\/131095434_s-1.jpg","width":799,"height":599,"caption":"biogas production, biogas plant, bio power"},{"@type":"BreadcrumbList","@id":"https:\/\/igfgas.se\/fi\/ota-yhteytta\/#breadcrumb","itemListElement":[{"@type":"ListItem","position":1,"name":"Hem","item":"https:\/\/igfgas.se\/fi\/"},{"@type":"ListItem","position":2,"name":"Yhteystiedot ja suunnittelu: Biokaasulaitos"}]},{"@type":"WebSite","@id":"https:\/\/igfgas.se\/fi\/#website","url":"https:\/\/igfgas.se\/fi\/","name":"IGF Biogas","description":"Ledande inom biogasteknik sedan 1930","potentialAction":[{"@type":"SearchAction","target":{"@type":"EntryPoint","urlTemplate":"https:\/\/igfgas.se\/fi\/?s={search_term_string}"},"query-input":{"@type":"PropertyValueSpecification","valueRequired":true,"valueName":"search_term_string"}}],"inLanguage":"fi"}]}},"_links":{"self":[{"href":"https:\/\/igfgas.se\/fi\/wp-json\/wp\/v2\/pages\/3941","targetHints":{"allow":["GET"]}}],"collection":[{"href":"https:\/\/igfgas.se\/fi\/wp-json\/wp\/v2\/pages"}],"about":[{"href":"https:\/\/igfgas.se\/fi\/wp-json\/wp\/v2\/types\/page"}],"author":[{"embeddable":true,"href":"https:\/\/igfgas.se\/fi\/wp-json\/wp\/v2\/users\/8"}],"replies":[{"embeddable":true,"href":"https:\/\/igfgas.se\/fi\/wp-json\/wp\/v2\/comments?post=3941"}],"version-history":[{"count":0,"href":"https:\/\/igfgas.se\/fi\/wp-json\/wp\/v2\/pages\/3941\/revisions"}],"wp:featuredmedia":[{"embeddable":true,"href":"https:\/\/igfgas.se\/fi\/wp-json\/wp\/v2\/media\/3942"}],"wp:attachment":[{"href":"https:\/\/igfgas.se\/fi\/wp-json\/wp\/v2\/media?parent=3941"}],"curies":[{"name":"wp","href":"https:\/\/api.w.org\/{rel}","templated":true}]}}